{"id":12575,"date":"2022-09-08T15:35:30","date_gmt":"2022-09-08T13:35:30","guid":{"rendered":"https:\/\/www.hybriden.se\/?page_id=12575"},"modified":"2024-10-15T20:18:26","modified_gmt":"2024-10-15T18:18:26","slug":"cba-vol-5455-was-it-a-car-or-a-cat-i-saw-digital-exhibition","status":"publish","type":"page","link":"https:\/\/www.hybriden.se\/en\/cba-vol-5455-was-it-a-car-or-a-cat-i-saw-digital-exhibition\/","title":{"rendered":"CBA vol 54|55 WAS IT A CAR OR A CAT I SAW &#8211; Digital Exhibition"},"content":{"rendered":"<div class=\"wpb-content-wrapper\"><p>[vc_row][vc_column][vc_empty_space height=&#8221;64px&#8221;][vc_empty_space height=&#8221;12px&#8221;][vc_empty_space height=&#8221;64px&#8221;][\/vc_column][\/vc_row][vc_row][vc_column width=&#8221;1\/3&#8243;][\/vc_column][vc_column width=&#8221;1\/3&#8243;][vc_column_text]<\/p>\n<p style=\"text-align: center;\"><em><strong>Disclaimer:<br \/>\n<\/strong><\/em>This exhibition wont work well without a mouse, the experience will be somewhat lost on phones, tablets and other devices without a mouse.<\/p>\n<p style=\"text-align: center;\">Please switch to a computer or any mouse-driven device or prepare to be disappointed \ud83d\ude42<\/p>\n<p>[\/vc_column_text][vc_empty_space height=&#8221;64px&#8221;][\/vc_column][vc_column width=&#8221;1\/3&#8243;][\/vc_column][\/vc_row][vc_row][vc_column width=&#8221;1\/2&#8243;][vc_column_text css=&#8221;&#8221;]<em><span class=\"oneComWebmail-font\"><span class=\"oneComWebmail-size\">Have you ever had to just stop what you\u2019re doing and go: \u201cWait, is this a dream?\u201d<br \/>\nWhen the unknown starts bleeding into reality and you are forced to question your sanity, if just a little bit.<br \/>\nYou know the sort of thing that happens in dreams that makes you sure it\u2019s just a dream? How do you cope when it happens in the waking world?<\/span><\/span><\/em><\/p>\n<p><small><strong>Artists:<\/strong> Kinga Dukaj [SE], Knut Larsson [SE], Oskar Aspman [SE], Radovan Popovi\u0107 [RS], Aleksandar Opa\u010di\u0107 [RS], Marcel Ruijters [NL], Saskia Gullstrand [SE], Aiden Kvarnstr\u00f6m [SE], Katie Handley [UK], Felipe Kolb Bernardes [BR\/DE\/SE], Susanne Johansson [SE], Korin(a) Hunjak [HR], Mattias Elftorp [SE], Ollie Severin [SE], Sid Church [CA], Henrik Rogowski [SE], David Lasky [US].\u00a0<\/small><\/p>\n<p><small>This exhibition is presented with support from <img decoding=\"async\" class=\"alignnone \" src=\"https:\/\/malmo.se\/images\/18.7e72b5fc1567efb9afab08f\/1491302594433\/Malmostad_logo_liggande_RGB_1000px_72dpi.jpg\" width=\"112\" height=\"32\" \/><\/small>[\/vc_column_text][\/vc_column][vc_column width=&#8221;1\/2&#8243;][vc_raw_html]JTIwJTIwJTIwJTIwJTIwJTIwJTIwJTIwJTIwJTNDcCUyMGFsaWduJTNEJTIyY2VudGVyJTIyJTNFJTIwJTNDYSUyMCUyMGhyZWYlM0QlMjJodHRwcyUzQSUyRiUyRmh5YnJpZGVuLnNlJTJGZXhoaWJpdGlvbiUyRndhc2l0YWNhcm9yYWNhdGlzYXclMjIlMjBhbHQlM0QlMjJlbnRlciUyMiUzRSUyMCUwQSUyMCUyMCUyMCUyMCUyMCUyMCUyMCUyMCUyMCUzQ2ltZyUyMHNyYyUzRCUyMmh0dHBzJTNBJTJGJTJGaHlicmlkZW4uc2UlMkZleGhpYml0aW9uJTJGd2FzaXRhY2Fyb3JhY2F0aXNhdyUyRmVudGVyYnRuLnBuZyUyMiUyMG9ubW91c2VvdmVyJTNEJTIydGhpcy5zcmMlM0QlMjdodHRwcyUzQSUyRiUyRmh5YnJpZGVuLnNlJTJGZXhoaWJpdGlvbiUyRndhc2l0YWNhcm9yYWNhdGlzYXclMkZlbnRlcmJ0bjIucG5nJTI3JTNCJTIyJTIwb25tb3VzZW91dCUzRCUyMnRoaXMuc3JjJTNEJTI3aHR0cHMlM0ElMkYlMkZoeWJyaWRlbi5zZSUyRmV4aGliaXRpb24lMkZ3YXNpdGFjYXJvcmFjYXRpc2F3JTJGZW50ZXJidG4ucG5nJTI3JTNCJTIyJTJGJTNFJTBBJTIwJTIwJTIwJTIwJTIwJTIwJTIwJTIwJTIwJTNDJTJGYSUzRSUzQyUyRnAlM0U=[\/vc_raw_html][\/vc_column][\/vc_row][vc_row][vc_column][vc_empty_space height=&#8221;64px&#8221;][vc_single_image image=&#8221;12619&#8243; img_size=&#8221;full&#8221; alignment=&#8221;center&#8221; onclick=&#8221;custom_link&#8221; img_link_target=&#8221;_blank&#8221; link=&#8221;https:\/\/www.hybriden.se\/product\/cba-vol-5455-9789187825286\/&#8221;][vc_empty_space height=&#8221;64px&#8221;][\/vc_column][\/vc_row][vc_row][vc_column][vc_empty_space][vc_empty_space][vc_empty_space][\/vc_column][\/vc_row]<\/p>\n<\/div>","protected":false},"excerpt":{"rendered":"<p>[vc_row][vc_column][vc_empty_space height=&#8221;64px&#8221;][vc_empty_space height=&#8221;12px&#8221;][vc_empty_space height=&#8221;64px&#8221;][\/vc_column][\/vc_row][vc_row][vc_column width=&#8221;1\/3&#8243;][\/vc_column][vc_column width=&#8221;1\/3&#8243;][vc_column_text] Disclaimer: This exhibition wont work well without a mouse, the experience will be somewhat lost on phones, tablets and other devices without a mouse. Please switch to a computer or any mouse-driven device or prepare to be disappointed \ud83d\ude42 [\/vc_column_text][vc_empty_space height=&#8221;64px&#8221;][\/vc_column][vc_column width=&#8221;1\/3&#8243;][\/vc_column][\/vc_row][vc_row][vc_column width=&#8221;1\/2&#8243;][vc_column_text css=&#8221;&#8221;]Have you ever had to just stop what you\u2019re doing and go: \u201cWait, is this a dream?\u201d When the unknown starts bleeding into reality and you&hellip;<\/p>\n","protected":false},"author":1,"featured_media":0,"parent":0,"menu_order":0,"comment_status":"closed","ping_status":"closed","template":"","meta":{"_acf_changed":false,"inline_featured_image":false,"footnotes":""},"class_list":["post-12575","page","type-page","status-publish","hentry"],"translation":{"provider":"WPGlobus","version":"3.0.2","language":"en","enabled_languages":["sv","en"],"languages":{"sv":{"title":true,"content":true,"excerpt":false},"en":{"title":false,"content":false,"excerpt":false}}},"acf":[],"yoast_head":"<!-- This site is optimized with the Yoast SEO Premium plugin v23.4 (Yoast SEO v27.4) - https:\/\/yoast.com\/product\/yoast-seo-premium-wordpress\/ -->\n<title>CBA vol 54|55 WAS IT A CAR OR A CAT I SAW - Digital Exhibition - Hybriden<\/title>\n<meta name=\"robots\" content=\"index, follow, max-snippet:-1, max-image-preview:large, max-video-preview:-1\" \/>\n<link rel=\"canonical\" href=\"https:\/\/www.hybriden.se\/cba-vol-5455-was-it-a-car-or-a-cat-i-saw-digital-exhibition\/\" \/>\n<meta property=\"og:locale\" content=\"en_US\" \/>\n<meta property=\"og:type\" content=\"article\" \/>\n<meta property=\"og:title\" content=\"CBA vol 54|55 WAS IT A CAR OR A CAT I SAW - Digital Exhibition - Hybriden\" \/>\n<meta property=\"og:url\" content=\"https:\/\/www.hybriden.se\/cba-vol-5455-was-it-a-car-or-a-cat-i-saw-digital-exhibition\/\" \/>\n<meta property=\"og:site_name\" content=\"Hybriden\" \/>\n<meta property=\"article:modified_time\" content=\"2024-10-15T18:18:26+00:00\" \/>\n<meta property=\"og:image\" content=\"https:\/\/malmo.se\/images\/18.7e72b5fc1567efb9afab08f\/1491302594433\/Malmostad_logo_liggande_RGB_1000px_72dpi.jpg\" \/>\n<meta name=\"twitter:label1\" content=\"Est. reading time\" \/>\n\t<meta name=\"twitter:data1\" content=\"2 minutes\" \/>\n<script type=\"application\/ld+json\" class=\"yoast-schema-graph\">{\"@context\":\"https:\\\/\\\/schema.org\",\"@graph\":[{\"@type\":\"WebPage\",\"@id\":\"https:\\\/\\\/www.hybriden.se\\\/cba-vol-5455-was-it-a-car-or-a-cat-i-saw-digital-exhibition\\\/\",\"url\":\"https:\\\/\\\/www.hybriden.se\\\/cba-vol-5455-was-it-a-car-or-a-cat-i-saw-digital-exhibition\\\/\",\"name\":\"CBA vol 54|55 WAS IT A CAR OR A CAT I SAW - Digital Exhibition - Hybriden\",\"isPartOf\":{\"@id\":\"https:\\\/\\\/www.hybriden.se\\\/#website\"},\"primaryImageOfPage\":{\"@id\":\"https:\\\/\\\/www.hybriden.se\\\/cba-vol-5455-was-it-a-car-or-a-cat-i-saw-digital-exhibition\\\/#primaryimage\"},\"image\":{\"@id\":\"https:\\\/\\\/www.hybriden.se\\\/cba-vol-5455-was-it-a-car-or-a-cat-i-saw-digital-exhibition\\\/#primaryimage\"},\"thumbnailUrl\":\"https:\\\/\\\/malmo.se\\\/images\\\/18.7e72b5fc1567efb9afab08f\\\/1491302594433\\\/Malmostad_logo_liggande_RGB_1000px_72dpi.jpg\",\"datePublished\":\"2022-09-08T13:35:30+00:00\",\"dateModified\":\"2024-10-15T18:18:26+00:00\",\"breadcrumb\":{\"@id\":\"https:\\\/\\\/www.hybriden.se\\\/cba-vol-5455-was-it-a-car-or-a-cat-i-saw-digital-exhibition\\\/#breadcrumb\"},\"inLanguage\":\"en-US\",\"potentialAction\":[{\"@type\":\"ReadAction\",\"target\":[\"https:\\\/\\\/www.hybriden.se\\\/cba-vol-5455-was-it-a-car-or-a-cat-i-saw-digital-exhibition\\\/\"]}]},{\"@type\":\"ImageObject\",\"inLanguage\":\"en-US\",\"@id\":\"https:\\\/\\\/www.hybriden.se\\\/cba-vol-5455-was-it-a-car-or-a-cat-i-saw-digital-exhibition\\\/#primaryimage\",\"url\":\"https:\\\/\\\/malmo.se\\\/images\\\/18.7e72b5fc1567efb9afab08f\\\/1491302594433\\\/Malmostad_logo_liggande_RGB_1000px_72dpi.jpg\",\"contentUrl\":\"https:\\\/\\\/malmo.se\\\/images\\\/18.7e72b5fc1567efb9afab08f\\\/1491302594433\\\/Malmostad_logo_liggande_RGB_1000px_72dpi.jpg\"},{\"@type\":\"BreadcrumbList\",\"@id\":\"https:\\\/\\\/www.hybriden.se\\\/cba-vol-5455-was-it-a-car-or-a-cat-i-saw-digital-exhibition\\\/#breadcrumb\",\"itemListElement\":[{\"@type\":\"ListItem\",\"position\":1,\"name\":\"Hem\",\"item\":\"https:\\\/\\\/www.hybriden.se\\\/\"},{\"@type\":\"ListItem\",\"position\":2,\"name\":\"CBA vol 54|55 WAS IT A CAR OR A CAT I SAW &#8211; Digital Exhibition\"}]},{\"@type\":\"WebSite\",\"@id\":\"https:\\\/\\\/www.hybriden.se\\\/#website\",\"url\":\"https:\\\/\\\/www.hybriden.se\\\/\",\"name\":\"HYBRIDEN - Comics, Prints and Exhibitions\",\"description\":\"Comics, Prints and Exhibitions\",\"publisher\":{\"@id\":\"https:\\\/\\\/www.hybriden.se\\\/#organization\"},\"potentialAction\":[{\"@type\":\"SearchAction\",\"target\":{\"@type\":\"EntryPoint\",\"urlTemplate\":\"https:\\\/\\\/www.hybriden.se\\\/?s={search_term_string}\"},\"query-input\":{\"@type\":\"PropertyValueSpecification\",\"valueRequired\":true,\"valueName\":\"search_term_string\"}}],\"inLanguage\":\"en-US\"},{\"@type\":\"Organization\",\"@id\":\"https:\\\/\\\/www.hybriden.se\\\/#organization\",\"name\":\"HYBRIDEN\",\"url\":\"https:\\\/\\\/www.hybriden.se\\\/\",\"logo\":{\"@type\":\"ImageObject\",\"inLanguage\":\"en-US\",\"@id\":\"https:\\\/\\\/www.hybriden.se\\\/#\\\/schema\\\/logo\\\/image\\\/\",\"url\":\"https:\\\/\\\/www.hybriden.se\\\/wp-content\\\/uploads\\\/2022\\\/12\\\/309882173_562567562537341_815360613267169378_n.jpg\",\"contentUrl\":\"https:\\\/\\\/www.hybriden.se\\\/wp-content\\\/uploads\\\/2022\\\/12\\\/309882173_562567562537341_815360613267169378_n.jpg\",\"width\":800,\"height\":800,\"caption\":\"HYBRIDEN\"},\"image\":{\"@id\":\"https:\\\/\\\/www.hybriden.se\\\/#\\\/schema\\\/logo\\\/image\\\/\"}}]}<\/script>\n<!-- \/ Yoast SEO Premium plugin. -->","yoast_head_json":{"title":"CBA vol 54|55 WAS IT A CAR OR A CAT I SAW - Digital Exhibition - Hybriden","robots":{"index":"index","follow":"follow","max-snippet":"max-snippet:-1","max-image-preview":"max-image-preview:large","max-video-preview":"max-video-preview:-1"},"canonical":"https:\/\/www.hybriden.se\/cba-vol-5455-was-it-a-car-or-a-cat-i-saw-digital-exhibition\/","og_locale":"en_US","og_type":"article","og_title":"CBA vol 54|55 WAS IT A CAR OR A CAT I SAW - Digital Exhibition - Hybriden","og_url":"https:\/\/www.hybriden.se\/cba-vol-5455-was-it-a-car-or-a-cat-i-saw-digital-exhibition\/","og_site_name":"Hybriden","article_modified_time":"2024-10-15T18:18:26+00:00","og_image":[{"url":"https:\/\/malmo.se\/images\/18.7e72b5fc1567efb9afab08f\/1491302594433\/Malmostad_logo_liggande_RGB_1000px_72dpi.jpg","type":"","width":"","height":""}],"twitter_misc":{"Est. reading time":"2 minutes"},"schema":{"@context":"https:\/\/schema.org","@graph":[{"@type":"WebPage","@id":"https:\/\/www.hybriden.se\/cba-vol-5455-was-it-a-car-or-a-cat-i-saw-digital-exhibition\/","url":"https:\/\/www.hybriden.se\/cba-vol-5455-was-it-a-car-or-a-cat-i-saw-digital-exhibition\/","name":"CBA vol 54|55 WAS IT A CAR OR A CAT I SAW - Digital Exhibition - Hybriden","isPartOf":{"@id":"https:\/\/www.hybriden.se\/#website"},"primaryImageOfPage":{"@id":"https:\/\/www.hybriden.se\/cba-vol-5455-was-it-a-car-or-a-cat-i-saw-digital-exhibition\/#primaryimage"},"image":{"@id":"https:\/\/www.hybriden.se\/cba-vol-5455-was-it-a-car-or-a-cat-i-saw-digital-exhibition\/#primaryimage"},"thumbnailUrl":"https:\/\/malmo.se\/images\/18.7e72b5fc1567efb9afab08f\/1491302594433\/Malmostad_logo_liggande_RGB_1000px_72dpi.jpg","datePublished":"2022-09-08T13:35:30+00:00","dateModified":"2024-10-15T18:18:26+00:00","breadcrumb":{"@id":"https:\/\/www.hybriden.se\/cba-vol-5455-was-it-a-car-or-a-cat-i-saw-digital-exhibition\/#breadcrumb"},"inLanguage":"en-US","potentialAction":[{"@type":"ReadAction","target":["https:\/\/www.hybriden.se\/cba-vol-5455-was-it-a-car-or-a-cat-i-saw-digital-exhibition\/"]}]},{"@type":"ImageObject","inLanguage":"en-US","@id":"https:\/\/www.hybriden.se\/cba-vol-5455-was-it-a-car-or-a-cat-i-saw-digital-exhibition\/#primaryimage","url":"https:\/\/malmo.se\/images\/18.7e72b5fc1567efb9afab08f\/1491302594433\/Malmostad_logo_liggande_RGB_1000px_72dpi.jpg","contentUrl":"https:\/\/malmo.se\/images\/18.7e72b5fc1567efb9afab08f\/1491302594433\/Malmostad_logo_liggande_RGB_1000px_72dpi.jpg"},{"@type":"BreadcrumbList","@id":"https:\/\/www.hybriden.se\/cba-vol-5455-was-it-a-car-or-a-cat-i-saw-digital-exhibition\/#breadcrumb","itemListElement":[{"@type":"ListItem","position":1,"name":"Hem","item":"https:\/\/www.hybriden.se\/"},{"@type":"ListItem","position":2,"name":"CBA vol 54|55 WAS IT A CAR OR A CAT I SAW &#8211; Digital Exhibition"}]},{"@type":"WebSite","@id":"https:\/\/www.hybriden.se\/#website","url":"https:\/\/www.hybriden.se\/","name":"HYBRIDEN - Comics, Prints and Exhibitions","description":"Comics, Prints and Exhibitions","publisher":{"@id":"https:\/\/www.hybriden.se\/#organization"},"potentialAction":[{"@type":"SearchAction","target":{"@type":"EntryPoint","urlTemplate":"https:\/\/www.hybriden.se\/?s={search_term_string}"},"query-input":{"@type":"PropertyValueSpecification","valueRequired":true,"valueName":"search_term_string"}}],"inLanguage":"en-US"},{"@type":"Organization","@id":"https:\/\/www.hybriden.se\/#organization","name":"HYBRIDEN","url":"https:\/\/www.hybriden.se\/","logo":{"@type":"ImageObject","inLanguage":"en-US","@id":"https:\/\/www.hybriden.se\/#\/schema\/logo\/image\/","url":"https:\/\/www.hybriden.se\/wp-content\/uploads\/2022\/12\/309882173_562567562537341_815360613267169378_n.jpg","contentUrl":"https:\/\/www.hybriden.se\/wp-content\/uploads\/2022\/12\/309882173_562567562537341_815360613267169378_n.jpg","width":800,"height":800,"caption":"HYBRIDEN"},"image":{"@id":"https:\/\/www.hybriden.se\/#\/schema\/logo\/image\/"}}]}},"_links":{"self":[{"href":"https:\/\/www.hybriden.se\/en\/wp-json\/wp\/v2\/pages\/12575","targetHints":{"allow":["GET"]}}],"collection":[{"href":"https:\/\/www.hybriden.se\/en\/wp-json\/wp\/v2\/pages"}],"about":[{"href":"https:\/\/www.hybriden.se\/en\/wp-json\/wp\/v2\/types\/page"}],"author":[{"embeddable":true,"href":"https:\/\/www.hybriden.se\/en\/wp-json\/wp\/v2\/users\/1"}],"replies":[{"embeddable":true,"href":"https:\/\/www.hybriden.se\/en\/wp-json\/wp\/v2\/comments?post=12575"}],"version-history":[{"count":36,"href":"https:\/\/www.hybriden.se\/en\/wp-json\/wp\/v2\/pages\/12575\/revisions"}],"predecessor-version":[{"id":13619,"href":"https:\/\/www.hybriden.se\/en\/wp-json\/wp\/v2\/pages\/12575\/revisions\/13619"}],"wp:attachment":[{"href":"https:\/\/www.hybriden.se\/en\/wp-json\/wp\/v2\/media?parent=12575"}],"curies":[{"name":"wp","href":"https:\/\/api.w.org\/{rel}","templated":true}]}}