{"id":6456,"date":"2019-03-12T16:43:17","date_gmt":"2019-03-12T15:43:17","guid":{"rendered":"https:\/\/www.hybriden.se\/?page_id=6456"},"modified":"2020-03-23T12:56:39","modified_gmt":"2020-03-23T11:56:39","slug":"faq","status":"publish","type":"page","link":"https:\/\/www.hybriden.se\/en\/faq\/","title":{"rendered":"F A Q"},"content":{"rendered":"<div class=\"wpb-content-wrapper\"><p>[vc_row][vc_column width=&#8221;1\/2&#8243;][mkdf_section_title title_text=&#8221;HYBRIDEN&#8221; text_color=&#8221;#f34a4a&#8221; text_size=&#8221;28&#8243;][vc_empty_space height=&#8221;12px&#8221;][vc_column_text]<strong>Kan en hyra studioplats hos er?<\/strong><br \/>\nJa! Kontakta oss p\u00e5 info(a)hybriden(.)se, eller fyll i formul\u00e4ret p\u00e5 v\u00e5r <a href=\"https:\/\/www.hybriden.se\/contact-us\/\">kontaktsida<\/a>, s\u00e5 \u00e5terkommer vi med information!<\/p>\n<p>Mer FAQ kommer s\u00e5 sm\u00e5ningom.[\/vc_column_text][\/vc_column][vc_column width=&#8221;1\/2&#8243;][mkdf_section_title title_text=&#8221;Fosfor&#8221; text_color=&#8221;#f34a4a&#8221; text_size=&#8221;28&#8243;][vc_empty_space height=&#8221;12px&#8221;][vc_column_text]<strong>P.G.A CORONA KOMMER VI NU SNABBARE L\u00c4GGA UPP FANZINES TILL F\u00d6RS\u00c4LJNING.<\/strong><\/p>\n<p><strong>Hur kan jag s\u00e4lja mina fanzines genom er?<\/strong><br \/>\nMaila oss p\u00e5 fosfor(a)hybriden(.)se s\u00e5 f\u00e5r du en l\u00e4nk till en sida med info och ett formul\u00e4r d\u00e4r du snabbt och enkelt kan skriva in alla zines, prints och stickers du vill s\u00e4lja genom oss. Vill du att de ska komma upp snabbare p\u00e5 hemsidan kan du skriva in m\u00e5tt och vikt och ladda upp bilder.<\/p>\n<p><strong>Varf\u00f6r ser jag inte mina fanzines p\u00e5 hemsidan fast jag l\u00e4mnat in dem?<br \/>\n<\/strong>Det tar ca 1 vecka f\u00f6r ett fanzine att dyka upp efter inl\u00e4mning till oss, om vi inte f\u00e5tt foton och information p\u00e5 f\u00f6rhand av er! Vi fotar, redigerar och l\u00e4gger upp fanzines i turordning. Vid h\u00f6gre tryck tar det lite l\u00e4ngre tid.<\/p>\n<p><strong>Trycker ni upp fanzines\/prints\/stickers?<\/strong><br \/>\nNej, det \u00e4r upp till serieskaparna att g\u00f6ra sj\u00e4lva, vi bara f\u00f6rmedlar.<\/p>\n<p><strong>Jag vill inte anv\u00e4nda mitt riktiga namn online&#8230;<br \/>\n<\/strong>Det beh\u00f6ver du inte! Pseudonym funkar lika bra i butiken!<\/p>\n<p><strong>N\u00e4r f\u00e5r jag betalt?<br \/>\n<\/strong>Vi betalar ut i efterhand, n\u00e5gra g\u00e5nger per \u00e5r. N\u00e5gra best\u00e4mda tider finns inte i nul\u00e4get. Vill du ha dina pengar utbetalda s\u00e5 kontakta oss.. Vi betalar inte ut pengar i f\u00f6rskott, s\u00e5 du beh\u00f6ver ha s\u00e5lt n\u00e5got via oss f\u00f6r att kunna f\u00e5 en utbetalning.<\/p>\n<p><strong>Hur marknadsf\u00f6r ni?<\/strong><br \/>\nVi marknadsf\u00f6r i den m\u00e5n vi kan via Facebook, Instagram, k\u00f6r kampanjer p\u00e5 Hybriden.se och i den fysiska butiken p\u00e5 Mitt M\u00f6llan i Malm\u00f6.<\/p>\n<p>Ibland k\u00f6r vi betalda kampanjer p\u00e5 Facebook och Instagram, men det h\u00e4nder s\u00e4llan.<\/p>\n<p>Eftersom Fosfor eller Hybriden inte \u00e4r vinstdrivande med en ideell basis s\u00e5 blir marknadsf\u00f6ringen mer lidande d\u00e5 vi oftast inte har en budget f\u00f6r reklam, d\u00e4rf\u00f6r \u00e4r det v\u00e4ldigt viktigt att alla som har produkter i Fosfor hj\u00e4lper till att sprida sidan s\u00e5 fler hittar till den.<\/p>\n<p>Det \u00e4r det enklaste och billigaste alternativet till marknadsf\u00f6ring i nul\u00e4get!<\/p>\n<p><strong>Varf\u00f6r dyker inte mina grejer upp i Facebookbutiken, eller p\u00e5 Instagram?<\/strong><br \/>\nFacebook f\u00f6rhandsgranskar alla produkter automatiskt och ofta hittas det saker som de tror bryter mot deras riktlinjer. Vi f\u00f6rs\u00f6ker alltid bestrida dessa automatiska beslut, men det finns inte mycket vi kan g\u00f6ra om de nekar.<br \/>\nVi delar profiler vi sj\u00e4lva hittat p\u00e5 Instagram, f\u00f6rmodligen har vi inte hittat din profil. Maila oss och meddela!<\/p>\n<p><strong>Kan ni ta med mina fanzines p\u00e5 festivaler och m\u00e4ssor?<\/strong><br \/>\nNej, tyv\u00e4rr. Festival- och m\u00e4ssf\u00f6rs\u00e4ljning \u00e4r fanzineskaparens egna ansvar. Vi kan endast s\u00e4lja via Hybridens f<span class=\"st\">ysiska butik och webshop<\/span>.<\/p>\n<p>Har ni fler fr\u00e5gor s\u00e5 maila oss p\u00e5 fosfor(a)hybriden(.)se[\/vc_column_text][\/vc_column][\/vc_row]<\/p>\n<\/div>","protected":false},"excerpt":{"rendered":"<p>[vc_row][vc_column width=&#8221;1\/2&#8243;][mkdf_section_title title_text=&#8221;HYBRIDEN&#8221; text_color=&#8221;#f34a4a&#8221; text_size=&#8221;28&#8243;][vc_empty_space height=&#8221;12px&#8221;][vc_column_text]Kan en hyra studioplats hos er? Ja! Kontakta oss p\u00e5 info(a)hybriden(.)se, eller fyll i formul\u00e4ret p\u00e5 v\u00e5r kontaktsida, s\u00e5 \u00e5terkommer vi med information! Mer FAQ kommer s\u00e5 sm\u00e5ningom.[\/vc_column_text][\/vc_column][vc_column width=&#8221;1\/2&#8243;][mkdf_section_title title_text=&#8221;Fosfor&#8221; text_color=&#8221;#f34a4a&#8221; text_size=&#8221;28&#8243;][vc_empty_space height=&#8221;12px&#8221;][vc_column_text]P.G.A CORONA KOMMER VI NU SNABBARE L\u00c4GGA UPP FANZINES TILL F\u00d6RS\u00c4LJNING. Hur kan jag s\u00e4lja mina fanzines genom er? Maila oss p\u00e5 fosfor(a)hybriden(.)se s\u00e5 f\u00e5r du en l\u00e4nk till en sida med info och ett formul\u00e4r d\u00e4r du&hellip;<\/p>\n","protected":false},"author":1,"featured_media":0,"parent":0,"menu_order":0,"comment_status":"closed","ping_status":"closed","template":"","meta":{"_acf_changed":false,"inline_featured_image":false,"footnotes":""},"class_list":["post-6456","page","type-page","status-publish","hentry"],"translation":{"provider":"WPGlobus","version":"3.0.2","language":"en","enabled_languages":["sv","en"],"languages":{"sv":{"title":true,"content":true,"excerpt":false},"en":{"title":false,"content":false,"excerpt":false}}},"acf":[],"yoast_head":"<!-- This site is optimized with the Yoast SEO Premium plugin v23.4 (Yoast SEO v27.4) - https:\/\/yoast.com\/product\/yoast-seo-premium-wordpress\/ -->\n<title>F A Q - Hybriden<\/title>\n<meta name=\"robots\" content=\"index, follow, max-snippet:-1, max-image-preview:large, max-video-preview:-1\" \/>\n<link rel=\"canonical\" href=\"https:\/\/www.hybriden.se\/faq\/\" \/>\n<meta property=\"og:locale\" content=\"en_US\" \/>\n<meta property=\"og:type\" content=\"article\" \/>\n<meta property=\"og:title\" content=\"F A Q - Hybriden\" \/>\n<meta property=\"og:url\" content=\"https:\/\/www.hybriden.se\/faq\/\" \/>\n<meta property=\"og:site_name\" content=\"Hybriden\" \/>\n<meta property=\"article:modified_time\" content=\"2020-03-23T11:56:39+00:00\" \/>\n<meta property=\"og:image\" content=\"https:\/\/www.hybriden.se\/wp-content\/uploads\/2022\/12\/309882173_562567562537341_815360613267169378_n.jpg\" \/>\n\t<meta property=\"og:image:width\" content=\"800\" \/>\n\t<meta property=\"og:image:height\" content=\"800\" \/>\n\t<meta property=\"og:image:type\" content=\"image\/jpeg\" \/>\n<meta name=\"twitter:label1\" content=\"Est. reading time\" \/>\n\t<meta name=\"twitter:data1\" content=\"3 minutes\" \/>\n<script type=\"application\/ld+json\" class=\"yoast-schema-graph\">{\"@context\":\"https:\\\/\\\/schema.org\",\"@graph\":[{\"@type\":\"WebPage\",\"@id\":\"https:\\\/\\\/www.hybriden.se\\\/faq\\\/\",\"url\":\"https:\\\/\\\/www.hybriden.se\\\/faq\\\/\",\"name\":\"F A Q - Hybriden\",\"isPartOf\":{\"@id\":\"https:\\\/\\\/www.hybriden.se\\\/#website\"},\"datePublished\":\"2019-03-12T15:43:17+00:00\",\"dateModified\":\"2020-03-23T11:56:39+00:00\",\"breadcrumb\":{\"@id\":\"https:\\\/\\\/www.hybriden.se\\\/faq\\\/#breadcrumb\"},\"inLanguage\":\"en-US\",\"potentialAction\":[{\"@type\":\"ReadAction\",\"target\":[\"https:\\\/\\\/www.hybriden.se\\\/faq\\\/\"]}]},{\"@type\":\"BreadcrumbList\",\"@id\":\"https:\\\/\\\/www.hybriden.se\\\/faq\\\/#breadcrumb\",\"itemListElement\":[{\"@type\":\"ListItem\",\"position\":1,\"name\":\"Hem\",\"item\":\"https:\\\/\\\/www.hybriden.se\\\/\"},{\"@type\":\"ListItem\",\"position\":2,\"name\":\"F A Q\"}]},{\"@type\":\"WebSite\",\"@id\":\"https:\\\/\\\/www.hybriden.se\\\/#website\",\"url\":\"https:\\\/\\\/www.hybriden.se\\\/\",\"name\":\"HYBRIDEN - Comics, Prints and Exhibitions\",\"description\":\"Comics, Prints and Exhibitions\",\"publisher\":{\"@id\":\"https:\\\/\\\/www.hybriden.se\\\/#organization\"},\"potentialAction\":[{\"@type\":\"SearchAction\",\"target\":{\"@type\":\"EntryPoint\",\"urlTemplate\":\"https:\\\/\\\/www.hybriden.se\\\/?s={search_term_string}\"},\"query-input\":{\"@type\":\"PropertyValueSpecification\",\"valueRequired\":true,\"valueName\":\"search_term_string\"}}],\"inLanguage\":\"en-US\"},{\"@type\":\"Organization\",\"@id\":\"https:\\\/\\\/www.hybriden.se\\\/#organization\",\"name\":\"HYBRIDEN\",\"url\":\"https:\\\/\\\/www.hybriden.se\\\/\",\"logo\":{\"@type\":\"ImageObject\",\"inLanguage\":\"en-US\",\"@id\":\"https:\\\/\\\/www.hybriden.se\\\/#\\\/schema\\\/logo\\\/image\\\/\",\"url\":\"https:\\\/\\\/www.hybriden.se\\\/wp-content\\\/uploads\\\/2022\\\/12\\\/309882173_562567562537341_815360613267169378_n.jpg\",\"contentUrl\":\"https:\\\/\\\/www.hybriden.se\\\/wp-content\\\/uploads\\\/2022\\\/12\\\/309882173_562567562537341_815360613267169378_n.jpg\",\"width\":800,\"height\":800,\"caption\":\"HYBRIDEN\"},\"image\":{\"@id\":\"https:\\\/\\\/www.hybriden.se\\\/#\\\/schema\\\/logo\\\/image\\\/\"}}]}<\/script>\n<!-- \/ Yoast SEO Premium plugin. -->","yoast_head_json":{"title":"F A Q - Hybriden","robots":{"index":"index","follow":"follow","max-snippet":"max-snippet:-1","max-image-preview":"max-image-preview:large","max-video-preview":"max-video-preview:-1"},"canonical":"https:\/\/www.hybriden.se\/faq\/","og_locale":"en_US","og_type":"article","og_title":"F A Q - Hybriden","og_url":"https:\/\/www.hybriden.se\/faq\/","og_site_name":"Hybriden","article_modified_time":"2020-03-23T11:56:39+00:00","og_image":[{"width":800,"height":800,"url":"https:\/\/www.hybriden.se\/wp-content\/uploads\/2022\/12\/309882173_562567562537341_815360613267169378_n.jpg","type":"image\/jpeg"}],"twitter_misc":{"Est. reading time":"3 minutes"},"schema":{"@context":"https:\/\/schema.org","@graph":[{"@type":"WebPage","@id":"https:\/\/www.hybriden.se\/faq\/","url":"https:\/\/www.hybriden.se\/faq\/","name":"F A Q - Hybriden","isPartOf":{"@id":"https:\/\/www.hybriden.se\/#website"},"datePublished":"2019-03-12T15:43:17+00:00","dateModified":"2020-03-23T11:56:39+00:00","breadcrumb":{"@id":"https:\/\/www.hybriden.se\/faq\/#breadcrumb"},"inLanguage":"en-US","potentialAction":[{"@type":"ReadAction","target":["https:\/\/www.hybriden.se\/faq\/"]}]},{"@type":"BreadcrumbList","@id":"https:\/\/www.hybriden.se\/faq\/#breadcrumb","itemListElement":[{"@type":"ListItem","position":1,"name":"Hem","item":"https:\/\/www.hybriden.se\/"},{"@type":"ListItem","position":2,"name":"F A Q"}]},{"@type":"WebSite","@id":"https:\/\/www.hybriden.se\/#website","url":"https:\/\/www.hybriden.se\/","name":"HYBRIDEN - Comics, Prints and Exhibitions","description":"Comics, Prints and Exhibitions","publisher":{"@id":"https:\/\/www.hybriden.se\/#organization"},"potentialAction":[{"@type":"SearchAction","target":{"@type":"EntryPoint","urlTemplate":"https:\/\/www.hybriden.se\/?s={search_term_string}"},"query-input":{"@type":"PropertyValueSpecification","valueRequired":true,"valueName":"search_term_string"}}],"inLanguage":"en-US"},{"@type":"Organization","@id":"https:\/\/www.hybriden.se\/#organization","name":"HYBRIDEN","url":"https:\/\/www.hybriden.se\/","logo":{"@type":"ImageObject","inLanguage":"en-US","@id":"https:\/\/www.hybriden.se\/#\/schema\/logo\/image\/","url":"https:\/\/www.hybriden.se\/wp-content\/uploads\/2022\/12\/309882173_562567562537341_815360613267169378_n.jpg","contentUrl":"https:\/\/www.hybriden.se\/wp-content\/uploads\/2022\/12\/309882173_562567562537341_815360613267169378_n.jpg","width":800,"height":800,"caption":"HYBRIDEN"},"image":{"@id":"https:\/\/www.hybriden.se\/#\/schema\/logo\/image\/"}}]}},"_links":{"self":[{"href":"https:\/\/www.hybriden.se\/en\/wp-json\/wp\/v2\/pages\/6456","targetHints":{"allow":["GET"]}}],"collection":[{"href":"https:\/\/www.hybriden.se\/en\/wp-json\/wp\/v2\/pages"}],"about":[{"href":"https:\/\/www.hybriden.se\/en\/wp-json\/wp\/v2\/types\/page"}],"author":[{"embeddable":true,"href":"https:\/\/www.hybriden.se\/en\/wp-json\/wp\/v2\/users\/1"}],"replies":[{"embeddable":true,"href":"https:\/\/www.hybriden.se\/en\/wp-json\/wp\/v2\/comments?post=6456"}],"version-history":[{"count":14,"href":"https:\/\/www.hybriden.se\/en\/wp-json\/wp\/v2\/pages\/6456\/revisions"}],"predecessor-version":[{"id":8069,"href":"https:\/\/www.hybriden.se\/en\/wp-json\/wp\/v2\/pages\/6456\/revisions\/8069"}],"wp:attachment":[{"href":"https:\/\/www.hybriden.se\/en\/wp-json\/wp\/v2\/media?parent=6456"}],"curies":[{"name":"wp","href":"https:\/\/api.w.org\/{rel}","templated":true}]}}