{"id":11470,"date":"2021-05-17T18:36:56","date_gmt":"2021-05-17T16:36:56","guid":{"rendered":"https:\/\/www.hybriden.se\/?post_type=product&#038;p=11470"},"modified":"2026-04-13T19:41:34","modified_gmt":"2026-04-13T17:41:34","slug":"cba-vol-52-9789187825262","status":"publish","type":"product","link":"https:\/\/www.hybriden.se\/en\/product\/cba-vol-52-9789187825262\/","title":{"rendered":"CBA vol 52"},"content":{"rendered":"<p><strong>CBA vol 52: BURNOUT<br \/>\n<\/strong><\/p>\n<p><em>From hospital staff to comic creators to basically any job in the gig economy. Anyone who doesn\u2019t have a steady income, or who is expected to do more work in less time than is reasonable, can feel it. This volume of CBA explores BURNOUT. Not so much stories of depressing social realism, but rather artistic expressions of that feeling, suggestions for solutions, wishful thinking and visual abreactions. Expressions of rage rather than apathy, insurrection rather than complicity. Something to read for strength in times of austerity.<\/em><\/p>\n<p><small><small><strong>Comics by:<\/strong> Steve Nyberg [SE], Mattias Elftorp [SE], Henna R\u00e4s\u00e4nen [FI], Iso Sling Lindh [SE], Tom Mortimer [UK], Radovan Popovi\u0107 [RS], Aleksandar Opa\u010di\u0107 [RS], Manuel Rodriguez Navarro [DE], Felipe Kolb Bernardes [BR\/DE], Korin(a) Hunjak [HR], Julia Nascimento [BR], Aiden Kvarnstr\u00f6m [SE]. <strong>Texts by:<\/strong> Kinga Dukaj [SE], anonymous [SE], Lisa Weibull [SE]. <strong>Illustrations by:<\/strong> Rasmus Gran [SE]. <strong>Cover &amp; main editor:<\/strong> Mattias Elftorp [SE].<br \/>\n<\/small><br \/>\n<\/small><\/p>\n","protected":false},"excerpt":{"rendered":"<p><strong>BURNOUT<br \/>\n<\/strong><\/p>\n<p><em>From hospital staff to comic creators to basically any job in the gig economy. Anyone who doesn\u2019t have a steady income, or who is expected to do more work in less time than is reasonable, can feel it. This volume of CBA explores BURNOUT. Not so much stories of depressing social realism, but rather artistic expressions of that feeling, suggestions for solutions, wishful thinking and visual abreactions. Expressions of rage rather than apathy, insurrection rather than complicity. Something to read for strength in times of austerity.<\/em><\/p>\n","protected":false},"featured_media":11548,"comment_status":"open","ping_status":"closed","template":"","meta":{"_acf_changed":false,"inline_featured_image":false},"product_brand":[],"product_cat":[429,422],"product_tag":[],"class_list":{"0":"post-11470","1":"product","2":"type-product","3":"status-publish","4":"has-post-thumbnail","6":"product_cat-cba-vol","7":"product_cat-cbk","8":"product_shipping_class-books","9":"pa_001_isbn-978-91-87825-26-2","10":"pa_005_language-english","11":"pa_007_comicartist-aiden-kvarnstrom","12":"pa_007_comicartist-aleksandar-opacic","13":"pa_007_comicartist-felipe-kolb-bernardes","14":"pa_007_comicartist-henna-rasanen","15":"pa_007_comicartist-iso-sling-lindh","16":"pa_007_comicartist-julia-nascimento","17":"pa_007_comicartist-korina-hunjak","18":"pa_007_comicartist-manuel-rodriguez-navarro","19":"pa_007_comicartist-mattias-elftorp","20":"pa_007_comicartist-radovan-popovic","21":"pa_007_comicartist-steve-nyberg","22":"pa_007_comicartist-tom-mortimer","23":"pa_008_authors-anonymous-writer","24":"pa_008_authors-kinga-dukaj","25":"pa_008_authors-lisa-weibull","26":"pa_010_illustrators-rasmus-gran","27":"pa_011_coverartist-mattias-elftorp","28":"pa_014_maineditor-mattias-elftorp","29":"pa_020_find-all-by-aiden-kvarnstrom","30":"pa_020_find-all-by-aleksandar-opacic","31":"pa_020_find-all-by-anonymous-writer","32":"pa_020_find-all-by-felipe-kolb-bernardes","33":"pa_020_find-all-by-henna-rasanen","34":"pa_020_find-all-by-iso-sling-lindh","35":"pa_020_find-all-by-julia-nascimento","36":"pa_020_find-all-by-kinga-dukaj","37":"pa_020_find-all-by-korina-hunjak-3","38":"pa_020_find-all-by-lisa-weibull","39":"pa_020_find-all-by-manuel-rodriguez-navarro","40":"pa_020_find-all-by-mattias-elftorp","41":"pa_020_find-all-by-radovan-popovic","42":"pa_020_find-all-by-rasmus-gran","43":"pa_020_find-all-by-steve-nyberg","44":"pa_020_find-all-by-tom-mortimer","46":"first","47":"instock","48":"shipping-taxable","49":"purchasable","50":"product-type-simple"},"translation":{"provider":"WPGlobus","version":"3.0.2","language":"en","enabled_languages":["sv","en"],"languages":{"sv":{"title":true,"content":true,"excerpt":true},"en":{"title":false,"content":false,"excerpt":false}}},"acf":[],"yoast_head":"<!-- This site is optimized with the Yoast SEO Premium plugin v23.4 (Yoast SEO v27.4) - https:\/\/yoast.com\/product\/yoast-seo-premium-wordpress\/ -->\n<title>CBA vol 52 - Hybriden<\/title>\n<meta name=\"robots\" content=\"index, follow, max-snippet:-1, max-image-preview:large, max-video-preview:-1\" \/>\n<link rel=\"canonical\" href=\"https:\/\/www.hybriden.se\/product\/cba-vol-52-9789187825262\/\" \/>\n<meta property=\"og:locale\" content=\"en_US\" \/>\n<meta property=\"og:type\" content=\"article\" \/>\n<meta property=\"og:title\" content=\"CBA vol 52 - Hybriden\" \/>\n<meta property=\"og:url\" content=\"https:\/\/www.hybriden.se\/product\/cba-vol-52-9789187825262\/\" \/>\n<meta property=\"og:site_name\" content=\"Hybriden\" \/>\n<meta property=\"article:modified_time\" content=\"2026-04-13T17:41:34+00:00\" \/>\n<meta property=\"og:image\" content=\"https:\/\/www.hybriden.se\/wp-content\/uploads\/2021\/05\/CBAvol52_2_791x1024.jpg\" \/>\n\t<meta property=\"og:image:width\" content=\"791\" \/>\n\t<meta property=\"og:image:height\" content=\"1024\" \/>\n\t<meta property=\"og:image:type\" content=\"image\/jpeg\" \/>\n<meta name=\"twitter:label1\" content=\"Est. reading time\" \/>\n\t<meta name=\"twitter:data1\" content=\"1 minute\" \/>\n<script type=\"application\/ld+json\" class=\"yoast-schema-graph\">{\"@context\":\"https:\\\/\\\/schema.org\",\"@graph\":[{\"@type\":\"WebPage\",\"@id\":\"https:\\\/\\\/www.hybriden.se\\\/product\\\/cba-vol-52-9789187825262\\\/\",\"url\":\"https:\\\/\\\/www.hybriden.se\\\/product\\\/cba-vol-52-9789187825262\\\/\",\"name\":\"CBA vol 52 - Hybriden\",\"isPartOf\":{\"@id\":\"https:\\\/\\\/www.hybriden.se\\\/#website\"},\"primaryImageOfPage\":{\"@id\":\"https:\\\/\\\/www.hybriden.se\\\/product\\\/cba-vol-52-9789187825262\\\/#primaryimage\"},\"image\":{\"@id\":\"https:\\\/\\\/www.hybriden.se\\\/product\\\/cba-vol-52-9789187825262\\\/#primaryimage\"},\"thumbnailUrl\":\"https:\\\/\\\/www.hybriden.se\\\/wp-content\\\/uploads\\\/2021\\\/05\\\/CBAvol52_2_791x1024.jpg\",\"datePublished\":\"2021-05-17T16:36:56+00:00\",\"dateModified\":\"2026-04-13T17:41:34+00:00\",\"breadcrumb\":{\"@id\":\"https:\\\/\\\/www.hybriden.se\\\/product\\\/cba-vol-52-9789187825262\\\/#breadcrumb\"},\"inLanguage\":\"en-US\",\"potentialAction\":[{\"@type\":\"ReadAction\",\"target\":[\"https:\\\/\\\/www.hybriden.se\\\/product\\\/cba-vol-52-9789187825262\\\/\"]}]},{\"@type\":\"ImageObject\",\"inLanguage\":\"en-US\",\"@id\":\"https:\\\/\\\/www.hybriden.se\\\/product\\\/cba-vol-52-9789187825262\\\/#primaryimage\",\"url\":\"https:\\\/\\\/www.hybriden.se\\\/wp-content\\\/uploads\\\/2021\\\/05\\\/CBAvol52_2_791x1024.jpg\",\"contentUrl\":\"https:\\\/\\\/www.hybriden.se\\\/wp-content\\\/uploads\\\/2021\\\/05\\\/CBAvol52_2_791x1024.jpg\",\"width\":791,\"height\":1024},{\"@type\":\"BreadcrumbList\",\"@id\":\"https:\\\/\\\/www.hybriden.se\\\/product\\\/cba-vol-52-9789187825262\\\/#breadcrumb\",\"itemListElement\":[{\"@type\":\"ListItem\",\"position\":1,\"name\":\"Hem\",\"item\":\"https:\\\/\\\/www.hybriden.se\\\/\"},{\"@type\":\"ListItem\",\"position\":2,\"name\":\"Shop\",\"item\":\"https:\\\/\\\/www.hybriden.se\\\/en\\\/shop\\\/\"},{\"@type\":\"ListItem\",\"position\":3,\"name\":\"CBA vol 52\"}]},{\"@type\":\"WebSite\",\"@id\":\"https:\\\/\\\/www.hybriden.se\\\/#website\",\"url\":\"https:\\\/\\\/www.hybriden.se\\\/\",\"name\":\"HYBRIDEN - Comics, Prints and Exhibitions\",\"description\":\"Comics, Prints and Exhibitions\",\"publisher\":{\"@id\":\"https:\\\/\\\/www.hybriden.se\\\/#organization\"},\"potentialAction\":[{\"@type\":\"SearchAction\",\"target\":{\"@type\":\"EntryPoint\",\"urlTemplate\":\"https:\\\/\\\/www.hybriden.se\\\/?s={search_term_string}\"},\"query-input\":{\"@type\":\"PropertyValueSpecification\",\"valueRequired\":true,\"valueName\":\"search_term_string\"}}],\"inLanguage\":\"en-US\"},{\"@type\":\"Organization\",\"@id\":\"https:\\\/\\\/www.hybriden.se\\\/#organization\",\"name\":\"HYBRIDEN\",\"url\":\"https:\\\/\\\/www.hybriden.se\\\/\",\"logo\":{\"@type\":\"ImageObject\",\"inLanguage\":\"en-US\",\"@id\":\"https:\\\/\\\/www.hybriden.se\\\/#\\\/schema\\\/logo\\\/image\\\/\",\"url\":\"https:\\\/\\\/www.hybriden.se\\\/wp-content\\\/uploads\\\/2022\\\/12\\\/309882173_562567562537341_815360613267169378_n.jpg\",\"contentUrl\":\"https:\\\/\\\/www.hybriden.se\\\/wp-content\\\/uploads\\\/2022\\\/12\\\/309882173_562567562537341_815360613267169378_n.jpg\",\"width\":800,\"height\":800,\"caption\":\"HYBRIDEN\"},\"image\":{\"@id\":\"https:\\\/\\\/www.hybriden.se\\\/#\\\/schema\\\/logo\\\/image\\\/\"}}]}<\/script>\n<!-- \/ Yoast SEO Premium plugin. -->","yoast_head_json":{"title":"CBA vol 52 - Hybriden","robots":{"index":"index","follow":"follow","max-snippet":"max-snippet:-1","max-image-preview":"max-image-preview:large","max-video-preview":"max-video-preview:-1"},"canonical":"https:\/\/www.hybriden.se\/product\/cba-vol-52-9789187825262\/","og_locale":"en_US","og_type":"article","og_title":"CBA vol 52 - Hybriden","og_url":"https:\/\/www.hybriden.se\/product\/cba-vol-52-9789187825262\/","og_site_name":"Hybriden","article_modified_time":"2026-04-13T17:41:34+00:00","og_image":[{"width":791,"height":1024,"url":"https:\/\/www.hybriden.se\/wp-content\/uploads\/2021\/05\/CBAvol52_2_791x1024.jpg","type":"image\/jpeg"}],"twitter_misc":{"Est. reading time":"1 minute"},"schema":{"@context":"https:\/\/schema.org","@graph":[{"@type":"WebPage","@id":"https:\/\/www.hybriden.se\/product\/cba-vol-52-9789187825262\/","url":"https:\/\/www.hybriden.se\/product\/cba-vol-52-9789187825262\/","name":"CBA vol 52 - Hybriden","isPartOf":{"@id":"https:\/\/www.hybriden.se\/#website"},"primaryImageOfPage":{"@id":"https:\/\/www.hybriden.se\/product\/cba-vol-52-9789187825262\/#primaryimage"},"image":{"@id":"https:\/\/www.hybriden.se\/product\/cba-vol-52-9789187825262\/#primaryimage"},"thumbnailUrl":"https:\/\/www.hybriden.se\/wp-content\/uploads\/2021\/05\/CBAvol52_2_791x1024.jpg","datePublished":"2021-05-17T16:36:56+00:00","dateModified":"2026-04-13T17:41:34+00:00","breadcrumb":{"@id":"https:\/\/www.hybriden.se\/product\/cba-vol-52-9789187825262\/#breadcrumb"},"inLanguage":"en-US","potentialAction":[{"@type":"ReadAction","target":["https:\/\/www.hybriden.se\/product\/cba-vol-52-9789187825262\/"]}]},{"@type":"ImageObject","inLanguage":"en-US","@id":"https:\/\/www.hybriden.se\/product\/cba-vol-52-9789187825262\/#primaryimage","url":"https:\/\/www.hybriden.se\/wp-content\/uploads\/2021\/05\/CBAvol52_2_791x1024.jpg","contentUrl":"https:\/\/www.hybriden.se\/wp-content\/uploads\/2021\/05\/CBAvol52_2_791x1024.jpg","width":791,"height":1024},{"@type":"BreadcrumbList","@id":"https:\/\/www.hybriden.se\/product\/cba-vol-52-9789187825262\/#breadcrumb","itemListElement":[{"@type":"ListItem","position":1,"name":"Hem","item":"https:\/\/www.hybriden.se\/"},{"@type":"ListItem","position":2,"name":"Shop","item":"https:\/\/www.hybriden.se\/en\/shop\/"},{"@type":"ListItem","position":3,"name":"CBA vol 52"}]},{"@type":"WebSite","@id":"https:\/\/www.hybriden.se\/#website","url":"https:\/\/www.hybriden.se\/","name":"HYBRIDEN - Comics, Prints and Exhibitions","description":"Comics, Prints and Exhibitions","publisher":{"@id":"https:\/\/www.hybriden.se\/#organization"},"potentialAction":[{"@type":"SearchAction","target":{"@type":"EntryPoint","urlTemplate":"https:\/\/www.hybriden.se\/?s={search_term_string}"},"query-input":{"@type":"PropertyValueSpecification","valueRequired":true,"valueName":"search_term_string"}}],"inLanguage":"en-US"},{"@type":"Organization","@id":"https:\/\/www.hybriden.se\/#organization","name":"HYBRIDEN","url":"https:\/\/www.hybriden.se\/","logo":{"@type":"ImageObject","inLanguage":"en-US","@id":"https:\/\/www.hybriden.se\/#\/schema\/logo\/image\/","url":"https:\/\/www.hybriden.se\/wp-content\/uploads\/2022\/12\/309882173_562567562537341_815360613267169378_n.jpg","contentUrl":"https:\/\/www.hybriden.se\/wp-content\/uploads\/2022\/12\/309882173_562567562537341_815360613267169378_n.jpg","width":800,"height":800,"caption":"HYBRIDEN"},"image":{"@id":"https:\/\/www.hybriden.se\/#\/schema\/logo\/image\/"}}]}},"_links":{"self":[{"href":"https:\/\/www.hybriden.se\/en\/wp-json\/wp\/v2\/product\/11470","targetHints":{"allow":["GET"]}}],"collection":[{"href":"https:\/\/www.hybriden.se\/en\/wp-json\/wp\/v2\/product"}],"about":[{"href":"https:\/\/www.hybriden.se\/en\/wp-json\/wp\/v2\/types\/product"}],"replies":[{"embeddable":true,"href":"https:\/\/www.hybriden.se\/en\/wp-json\/wp\/v2\/comments?post=11470"}],"wp:featuredmedia":[{"embeddable":true,"href":"https:\/\/www.hybriden.se\/en\/wp-json\/wp\/v2\/media\/11548"}],"wp:attachment":[{"href":"https:\/\/www.hybriden.se\/en\/wp-json\/wp\/v2\/media?parent=11470"}],"wp:term":[{"taxonomy":"product_brand","embeddable":true,"href":"https:\/\/www.hybriden.se\/en\/wp-json\/wp\/v2\/product_brand?post=11470"},{"taxonomy":"product_cat","embeddable":true,"href":"https:\/\/www.hybriden.se\/en\/wp-json\/wp\/v2\/product_cat?post=11470"},{"taxonomy":"product_tag","embeddable":true,"href":"https:\/\/www.hybriden.se\/en\/wp-json\/wp\/v2\/product_tag?post=11470"}],"curies":[{"name":"wp","href":"https:\/\/api.w.org\/{rel}","templated":true}]}}