{"id":12443,"date":"2022-05-09T12:32:46","date_gmt":"2022-05-09T10:32:46","guid":{"rendered":"https:\/\/www.hybriden.se\/?post_type=product&#038;p=12443"},"modified":"2026-04-13T19:41:35","modified_gmt":"2026-04-13T17:41:35","slug":"cba-vol-5455-9789187825286","status":"publish","type":"product","link":"https:\/\/www.hybriden.se\/en\/product\/cba-vol-5455-9789187825286\/","title":{"rendered":"CBA vol 54|55"},"content":{"rendered":"<p><strong>CBA vol 54|55: Was it a car or a cat i saW<\/strong><\/p>\n<p><em>Have you ever had to just stop what you\u2019re doing and go: \u201cWait, is this a dream?\u201d<\/em><br \/>\n<em>When the unknown starts bleeding into reality and you are forced to question your sanity, if just a little bit.<\/em><br \/>\n<em>You know the sort of thing that happens in dreams that makes you sure it\u2019s just a dream? How do you cope when it happens in the waking world?<\/em><\/p>\n<p><strong>Comics by:<\/strong> Kinga Dukaj [SE], Knut Larsson [SE], Oskar Aspman [SE], Radovan Popovi\u0107 [RS], Aleksandar Opa\u010di\u0107 [RS], Marcel Ruijters [NL], Saskia Gullstrand [SE], Aiden Kvarnstr\u00f6m [SE], Katie Handley [UK], Felipe Kolb Bernardes [BR\/DE\/SE], Susanne Johansson [SE], Korin(a) Hunjak [HR], Mattias Elftorp [SE], Ollie Severin [SE], Sid Church [CA], Henrik Rogowski [SE], David Lasky [US].<br \/>\n<strong>Texts &#038; illustrations:<\/strong> Kinga Dukaj [SE], Mattias Elftorp [SE].<br \/>\n<strong>Cover &#038; main editor:<\/strong> Kinga Dukaj [SE].<\/p>\n","protected":false},"excerpt":{"rendered":"<p><strong>CBA vol 54|55: Was it a car or a cat i saW<\/strong><\/p>\n<p><em>Have you ever had to just stop what you\u2019re doing and go: \u201cWait, is this a dream?\u201d<\/em><br \/>\n<em>When the unknown starts bleeding into reality and you are forced to question your sanity, if just a little bit.<\/em><br \/>\n<em>You know the sort of thing that happens in dreams that makes you sure it\u2019s just a dream? How do you cope when it happens in the waking world?<\/em><\/p>\n","protected":false},"featured_media":12446,"comment_status":"open","ping_status":"closed","template":"","meta":{"_acf_changed":false,"inline_featured_image":false},"product_brand":[],"product_cat":[429,422],"product_tag":[],"class_list":{"0":"post-12443","1":"product","2":"type-product","3":"status-publish","4":"has-post-thumbnail","6":"product_cat-cba-vol","7":"product_cat-cbk","8":"product_shipping_class-books","9":"pa_001_isbn-2309","10":"pa_005_language-english","11":"pa_007_comicartist-aiden-kvarnstrom","12":"pa_007_comicartist-aleksandar-opacic","13":"pa_007_comicartist-david-lasky","14":"pa_007_comicartist-felipe-kolb-bernardes","15":"pa_007_comicartist-henrik-rogowski","16":"pa_007_comicartist-katie-handley","17":"pa_007_comicartist-kinga-dukaj","18":"pa_007_comicartist-knut-larsson","19":"pa_007_comicartist-korina-hunjak","20":"pa_007_comicartist-marcel-ruijters","21":"pa_007_comicartist-mattias-elftorp","22":"pa_007_comicartist-ollie-severin","23":"pa_007_comicartist-oskar-aspman","24":"pa_007_comicartist-radovan-popovic","25":"pa_007_comicartist-saskia-gullstrand","26":"pa_007_comicartist-sid-church","27":"pa_007_comicartist-susanne-johansson","28":"pa_008_authors-kinga-dukaj","29":"pa_008_authors-mattias-elftorp","30":"pa_010_illustrators-kinga-dukaj","31":"pa_010_illustrators-mattias-elftorp","32":"pa_011_coverartist-kinga-dukaj","33":"pa_014_maineditor-kinga-dukaj","34":"pa_020_find-all-by-aiden-kvarnstrom","35":"pa_020_find-all-by-aleksandar-opacic","36":"pa_020_find-all-by-david-lasky","37":"pa_020_find-all-by-felipe-kolb-bernardes","38":"pa_020_find-all-by-henrik-rogowski","39":"pa_020_find-all-by-katie-handley","40":"pa_020_find-all-by-kinga-dukaj","41":"pa_020_find-all-by-knut-larsson","42":"pa_020_find-all-by-korina-hunjak-3","43":"pa_020_find-all-by-marcel-ruijters","44":"pa_020_find-all-by-mattias-elftorp","45":"pa_020_find-all-by-ollie-severin","46":"pa_020_find-all-by-oskar-aspman","47":"pa_020_find-all-by-radovan-popovic","48":"pa_020_find-all-by-saskia-gullstrand","49":"pa_020_find-all-by-sid-church","50":"pa_020_find-all-by-susanne-johansson","52":"first","53":"instock","54":"shipping-taxable","55":"purchasable","56":"product-type-simple"},"translation":{"provider":"WPGlobus","version":"3.0.2","language":"en","enabled_languages":["sv","en"],"languages":{"sv":{"title":true,"content":true,"excerpt":true},"en":{"title":false,"content":false,"excerpt":false}}},"acf":[],"yoast_head":"<!-- This site is optimized with the Yoast SEO Premium plugin v23.4 (Yoast SEO v27.4) - https:\/\/yoast.com\/product\/yoast-seo-premium-wordpress\/ -->\n<title>CBA vol 54|55 - Hybriden<\/title>\n<meta name=\"robots\" content=\"index, follow, max-snippet:-1, max-image-preview:large, max-video-preview:-1\" \/>\n<link rel=\"canonical\" href=\"https:\/\/www.hybriden.se\/product\/cba-vol-5455-9789187825286\/\" \/>\n<meta property=\"og:locale\" content=\"en_US\" \/>\n<meta property=\"og:type\" content=\"article\" \/>\n<meta property=\"og:title\" content=\"CBA vol 54|55 - Hybriden\" \/>\n<meta property=\"og:url\" content=\"https:\/\/www.hybriden.se\/product\/cba-vol-5455-9789187825286\/\" \/>\n<meta property=\"og:site_name\" content=\"Hybriden\" \/>\n<meta property=\"article:modified_time\" content=\"2026-04-13T17:41:35+00:00\" \/>\n<meta property=\"og:image\" content=\"https:\/\/www.hybriden.se\/wp-content\/uploads\/2022\/05\/CBAvol54-55-791x1024-1.jpg\" \/>\n\t<meta property=\"og:image:width\" content=\"791\" \/>\n\t<meta property=\"og:image:height\" content=\"1024\" \/>\n\t<meta property=\"og:image:type\" content=\"image\/jpeg\" \/>\n<meta name=\"twitter:label1\" content=\"Est. reading time\" \/>\n\t<meta name=\"twitter:data1\" content=\"1 minute\" \/>\n<script type=\"application\/ld+json\" class=\"yoast-schema-graph\">{\"@context\":\"https:\\\/\\\/schema.org\",\"@graph\":[{\"@type\":\"WebPage\",\"@id\":\"https:\\\/\\\/www.hybriden.se\\\/product\\\/cba-vol-5455-9789187825286\\\/\",\"url\":\"https:\\\/\\\/www.hybriden.se\\\/product\\\/cba-vol-5455-9789187825286\\\/\",\"name\":\"CBA vol 54|55 - Hybriden\",\"isPartOf\":{\"@id\":\"https:\\\/\\\/www.hybriden.se\\\/#website\"},\"primaryImageOfPage\":{\"@id\":\"https:\\\/\\\/www.hybriden.se\\\/product\\\/cba-vol-5455-9789187825286\\\/#primaryimage\"},\"image\":{\"@id\":\"https:\\\/\\\/www.hybriden.se\\\/product\\\/cba-vol-5455-9789187825286\\\/#primaryimage\"},\"thumbnailUrl\":\"https:\\\/\\\/www.hybriden.se\\\/wp-content\\\/uploads\\\/2022\\\/05\\\/CBAvol54-55-791x1024-1.jpg\",\"datePublished\":\"2022-05-09T10:32:46+00:00\",\"dateModified\":\"2026-04-13T17:41:35+00:00\",\"breadcrumb\":{\"@id\":\"https:\\\/\\\/www.hybriden.se\\\/product\\\/cba-vol-5455-9789187825286\\\/#breadcrumb\"},\"inLanguage\":\"en-US\",\"potentialAction\":[{\"@type\":\"ReadAction\",\"target\":[\"https:\\\/\\\/www.hybriden.se\\\/product\\\/cba-vol-5455-9789187825286\\\/\"]}]},{\"@type\":\"ImageObject\",\"inLanguage\":\"en-US\",\"@id\":\"https:\\\/\\\/www.hybriden.se\\\/product\\\/cba-vol-5455-9789187825286\\\/#primaryimage\",\"url\":\"https:\\\/\\\/www.hybriden.se\\\/wp-content\\\/uploads\\\/2022\\\/05\\\/CBAvol54-55-791x1024-1.jpg\",\"contentUrl\":\"https:\\\/\\\/www.hybriden.se\\\/wp-content\\\/uploads\\\/2022\\\/05\\\/CBAvol54-55-791x1024-1.jpg\",\"width\":791,\"height\":1024},{\"@type\":\"BreadcrumbList\",\"@id\":\"https:\\\/\\\/www.hybriden.se\\\/product\\\/cba-vol-5455-9789187825286\\\/#breadcrumb\",\"itemListElement\":[{\"@type\":\"ListItem\",\"position\":1,\"name\":\"Hem\",\"item\":\"https:\\\/\\\/www.hybriden.se\\\/\"},{\"@type\":\"ListItem\",\"position\":2,\"name\":\"Shop\",\"item\":\"https:\\\/\\\/www.hybriden.se\\\/en\\\/shop\\\/\"},{\"@type\":\"ListItem\",\"position\":3,\"name\":\"CBA vol 54|55\"}]},{\"@type\":\"WebSite\",\"@id\":\"https:\\\/\\\/www.hybriden.se\\\/#website\",\"url\":\"https:\\\/\\\/www.hybriden.se\\\/\",\"name\":\"HYBRIDEN - Comics, Prints and Exhibitions\",\"description\":\"Comics, Prints and Exhibitions\",\"publisher\":{\"@id\":\"https:\\\/\\\/www.hybriden.se\\\/#organization\"},\"potentialAction\":[{\"@type\":\"SearchAction\",\"target\":{\"@type\":\"EntryPoint\",\"urlTemplate\":\"https:\\\/\\\/www.hybriden.se\\\/?s={search_term_string}\"},\"query-input\":{\"@type\":\"PropertyValueSpecification\",\"valueRequired\":true,\"valueName\":\"search_term_string\"}}],\"inLanguage\":\"en-US\"},{\"@type\":\"Organization\",\"@id\":\"https:\\\/\\\/www.hybriden.se\\\/#organization\",\"name\":\"HYBRIDEN\",\"url\":\"https:\\\/\\\/www.hybriden.se\\\/\",\"logo\":{\"@type\":\"ImageObject\",\"inLanguage\":\"en-US\",\"@id\":\"https:\\\/\\\/www.hybriden.se\\\/#\\\/schema\\\/logo\\\/image\\\/\",\"url\":\"https:\\\/\\\/www.hybriden.se\\\/wp-content\\\/uploads\\\/2022\\\/12\\\/309882173_562567562537341_815360613267169378_n.jpg\",\"contentUrl\":\"https:\\\/\\\/www.hybriden.se\\\/wp-content\\\/uploads\\\/2022\\\/12\\\/309882173_562567562537341_815360613267169378_n.jpg\",\"width\":800,\"height\":800,\"caption\":\"HYBRIDEN\"},\"image\":{\"@id\":\"https:\\\/\\\/www.hybriden.se\\\/#\\\/schema\\\/logo\\\/image\\\/\"}}]}<\/script>\n<!-- \/ Yoast SEO Premium plugin. -->","yoast_head_json":{"title":"CBA vol 54|55 - Hybriden","robots":{"index":"index","follow":"follow","max-snippet":"max-snippet:-1","max-image-preview":"max-image-preview:large","max-video-preview":"max-video-preview:-1"},"canonical":"https:\/\/www.hybriden.se\/product\/cba-vol-5455-9789187825286\/","og_locale":"en_US","og_type":"article","og_title":"CBA vol 54|55 - Hybriden","og_url":"https:\/\/www.hybriden.se\/product\/cba-vol-5455-9789187825286\/","og_site_name":"Hybriden","article_modified_time":"2026-04-13T17:41:35+00:00","og_image":[{"width":791,"height":1024,"url":"https:\/\/www.hybriden.se\/wp-content\/uploads\/2022\/05\/CBAvol54-55-791x1024-1.jpg","type":"image\/jpeg"}],"twitter_misc":{"Est. reading time":"1 minute"},"schema":{"@context":"https:\/\/schema.org","@graph":[{"@type":"WebPage","@id":"https:\/\/www.hybriden.se\/product\/cba-vol-5455-9789187825286\/","url":"https:\/\/www.hybriden.se\/product\/cba-vol-5455-9789187825286\/","name":"CBA vol 54|55 - Hybriden","isPartOf":{"@id":"https:\/\/www.hybriden.se\/#website"},"primaryImageOfPage":{"@id":"https:\/\/www.hybriden.se\/product\/cba-vol-5455-9789187825286\/#primaryimage"},"image":{"@id":"https:\/\/www.hybriden.se\/product\/cba-vol-5455-9789187825286\/#primaryimage"},"thumbnailUrl":"https:\/\/www.hybriden.se\/wp-content\/uploads\/2022\/05\/CBAvol54-55-791x1024-1.jpg","datePublished":"2022-05-09T10:32:46+00:00","dateModified":"2026-04-13T17:41:35+00:00","breadcrumb":{"@id":"https:\/\/www.hybriden.se\/product\/cba-vol-5455-9789187825286\/#breadcrumb"},"inLanguage":"en-US","potentialAction":[{"@type":"ReadAction","target":["https:\/\/www.hybriden.se\/product\/cba-vol-5455-9789187825286\/"]}]},{"@type":"ImageObject","inLanguage":"en-US","@id":"https:\/\/www.hybriden.se\/product\/cba-vol-5455-9789187825286\/#primaryimage","url":"https:\/\/www.hybriden.se\/wp-content\/uploads\/2022\/05\/CBAvol54-55-791x1024-1.jpg","contentUrl":"https:\/\/www.hybriden.se\/wp-content\/uploads\/2022\/05\/CBAvol54-55-791x1024-1.jpg","width":791,"height":1024},{"@type":"BreadcrumbList","@id":"https:\/\/www.hybriden.se\/product\/cba-vol-5455-9789187825286\/#breadcrumb","itemListElement":[{"@type":"ListItem","position":1,"name":"Hem","item":"https:\/\/www.hybriden.se\/"},{"@type":"ListItem","position":2,"name":"Shop","item":"https:\/\/www.hybriden.se\/en\/shop\/"},{"@type":"ListItem","position":3,"name":"CBA vol 54|55"}]},{"@type":"WebSite","@id":"https:\/\/www.hybriden.se\/#website","url":"https:\/\/www.hybriden.se\/","name":"HYBRIDEN - Comics, Prints and Exhibitions","description":"Comics, Prints and Exhibitions","publisher":{"@id":"https:\/\/www.hybriden.se\/#organization"},"potentialAction":[{"@type":"SearchAction","target":{"@type":"EntryPoint","urlTemplate":"https:\/\/www.hybriden.se\/?s={search_term_string}"},"query-input":{"@type":"PropertyValueSpecification","valueRequired":true,"valueName":"search_term_string"}}],"inLanguage":"en-US"},{"@type":"Organization","@id":"https:\/\/www.hybriden.se\/#organization","name":"HYBRIDEN","url":"https:\/\/www.hybriden.se\/","logo":{"@type":"ImageObject","inLanguage":"en-US","@id":"https:\/\/www.hybriden.se\/#\/schema\/logo\/image\/","url":"https:\/\/www.hybriden.se\/wp-content\/uploads\/2022\/12\/309882173_562567562537341_815360613267169378_n.jpg","contentUrl":"https:\/\/www.hybriden.se\/wp-content\/uploads\/2022\/12\/309882173_562567562537341_815360613267169378_n.jpg","width":800,"height":800,"caption":"HYBRIDEN"},"image":{"@id":"https:\/\/www.hybriden.se\/#\/schema\/logo\/image\/"}}]}},"_links":{"self":[{"href":"https:\/\/www.hybriden.se\/en\/wp-json\/wp\/v2\/product\/12443","targetHints":{"allow":["GET"]}}],"collection":[{"href":"https:\/\/www.hybriden.se\/en\/wp-json\/wp\/v2\/product"}],"about":[{"href":"https:\/\/www.hybriden.se\/en\/wp-json\/wp\/v2\/types\/product"}],"replies":[{"embeddable":true,"href":"https:\/\/www.hybriden.se\/en\/wp-json\/wp\/v2\/comments?post=12443"}],"wp:featuredmedia":[{"embeddable":true,"href":"https:\/\/www.hybriden.se\/en\/wp-json\/wp\/v2\/media\/12446"}],"wp:attachment":[{"href":"https:\/\/www.hybriden.se\/en\/wp-json\/wp\/v2\/media?parent=12443"}],"wp:term":[{"taxonomy":"product_brand","embeddable":true,"href":"https:\/\/www.hybriden.se\/en\/wp-json\/wp\/v2\/product_brand?post=12443"},{"taxonomy":"product_cat","embeddable":true,"href":"https:\/\/www.hybriden.se\/en\/wp-json\/wp\/v2\/product_cat?post=12443"},{"taxonomy":"product_tag","embeddable":true,"href":"https:\/\/www.hybriden.se\/en\/wp-json\/wp\/v2\/product_tag?post=12443"}],"curies":[{"name":"wp","href":"https:\/\/api.w.org\/{rel}","templated":true}]}}