{"id":12614,"date":"2022-09-15T14:02:26","date_gmt":"2022-09-15T12:02:26","guid":{"rendered":"https:\/\/www.hybriden.se\/?post_type=product&#038;p=12614"},"modified":"2026-04-13T19:41:35","modified_gmt":"2026-04-13T17:41:35","slug":"cba-vol-58-9789187825309","status":"publish","type":"product","link":"https:\/\/www.hybriden.se\/en\/product\/cba-vol-58-9789187825309\/","title":{"rendered":"CBA vol 58"},"content":{"rendered":"<p><strong>CBA vol 58: Modern Glossolalia or the Erosion of Meaning<\/strong><\/p>\n<p><em>How do we talk when words that used to mean certain things have become so vague that they can be freely appropriated by anyone, for any purpose? And what\u2019s up with the currently so prevalent flirting with war, fascism and the dehumanization of anyone who doesn\u2019t fit into the unspoken and conveniently unspecified national identity?<br \/>\nObjective truth (if there ever was such a thing) and even language itself seems to be sacrificed on the altar of rhetoric and propaganda.<br \/>\nWhat are the consequences when you can string any random, misspelled words together and people will make their own connections and decide to aggressively either agree or disagree, wholeheartedly even though the sentence actually makes no sense?<\/em><\/p>\n<p><strong>Comics by:<\/strong> Tom Mortimer [UK], Daniela Filippin [IT], Jesper Hellvik [DK], Felipe Kolb Bernardes [BR\/DE\/SE], Radovan Popovi\u0107 [RS], Aleksandar Opa\u010di\u0107 [RS], Jelle Kindt [BE], Gareth A Hopkins [UK], Mattias Elftorp [SE], Jean Jacques Tachdjian [FR], Helga Gorshe [RU], Miguel Santos [AO\/PT], Leviathan [SE], Aiden Kvarnstr\u00f6m [SE].<br \/>\n<strong>Texts by:<\/strong> Ainur Elmgren [SE\/FI], Mattias Elftorp [SE].<br \/>\n<strong>Cover, illustrations &#038; main editor:<\/strong> Mattias Elftorp [SE].<\/p>\n","protected":false},"excerpt":{"rendered":"<p><strong>CBA vol 58: Modern Glossolalia or the Erosion of Meaning<\/strong><\/p>\n<p><em>How do we talk when words that used to mean certain things have become so vague that they can be freely appropriated by anyone, for any purpose? And what\u2019s up with the currently so prevalent flirting with war, fascism and the dehumanization of anyone who doesn\u2019t fit into the unspoken and conveniently unspecified national identity?<br \/>\nObjective truth (if there ever was such a thing) and even language itself seems to be sacrificed on the altar of rhetoric and propaganda.<br \/>\nWhat are the consequences when you can string any random, misspelled words together and people will make their own connections and decide to aggressively either agree or disagree, wholeheartedly even though the sentence actually makes no sense?<\/em><\/p>\n","protected":false},"featured_media":12615,"comment_status":"open","ping_status":"closed","template":"","meta":{"_acf_changed":false,"inline_featured_image":false},"product_brand":[],"product_cat":[428,429,422],"product_tag":[],"class_list":{"0":"post-12614","1":"product","2":"type-product","3":"status-publish","4":"has-post-thumbnail","6":"product_cat-anthologies","7":"product_cat-cba-vol","8":"product_cat-cbk","9":"product_shipping_class-books","10":"pa_001_isbn-978-91-87825-30-9","11":"pa_005_language-english","12":"pa_007_comicartist-aiden-kvarnstrom","13":"pa_007_comicartist-aleksandar-opacic","14":"pa_007_comicartist-daniela-filippin","15":"pa_007_comicartist-felipe-kolb-bernardes","16":"pa_007_comicartist-gareth-a-hopkins","17":"pa_007_comicartist-helga-gorshe","18":"pa_007_comicartist-jean-jacques-tachdjian","19":"pa_007_comicartist-jelle-kindt","20":"pa_007_comicartist-jesper-hellvik","21":"pa_007_comicartist-leviathan","22":"pa_007_comicartist-mattias-elftorp","23":"pa_007_comicartist-miguel-santos","24":"pa_007_comicartist-radovan-popovic","25":"pa_007_comicartist-tom-mortimer","26":"pa_008_authors-ainur-elmgren","27":"pa_008_authors-mattias-elftorp","28":"pa_010_illustrators-mattias-elftorp","29":"pa_011_coverartist-mattias-elftorp","30":"pa_014_maineditor-mattias-elftorp","31":"pa_020_find-all-by-aiden-kvarnstrom","32":"pa_020_find-all-by-ainur-elmgren","33":"pa_020_find-all-by-aleksandar-opacic","34":"pa_020_find-all-by-daniela-filippin","35":"pa_020_find-all-by-felipe-kolb-bernardes","36":"pa_020_find-all-by-gareth-a-hopkins","37":"pa_020_find-all-by-helga-gorshe","38":"pa_020_find-all-by-jean-jacques-tachdjian","39":"pa_020_find-all-by-jelle-kindt","40":"pa_020_find-all-by-jesper-hellvik","41":"pa_020_find-all-by-leviathan","42":"pa_020_find-all-by-mattias-elftorp","43":"pa_020_find-all-by-miguel-santos","44":"pa_020_find-all-by-radovan-popovic","45":"pa_020_find-all-by-tom-mortimer","47":"first","48":"instock","49":"shipping-taxable","50":"purchasable","51":"product-type-simple"},"translation":{"provider":"WPGlobus","version":"3.0.2","language":"en","enabled_languages":["sv","en"],"languages":{"sv":{"title":true,"content":true,"excerpt":true},"en":{"title":false,"content":false,"excerpt":false}}},"acf":[],"yoast_head":"<!-- This site is optimized with the Yoast SEO Premium plugin v23.4 (Yoast SEO v27.4) - https:\/\/yoast.com\/product\/yoast-seo-premium-wordpress\/ -->\n<title>CBA vol 58 - Hybriden<\/title>\n<meta name=\"robots\" content=\"index, follow, max-snippet:-1, max-image-preview:large, max-video-preview:-1\" \/>\n<link rel=\"canonical\" href=\"https:\/\/www.hybriden.se\/product\/cba-vol-58-9789187825309\/\" \/>\n<meta property=\"og:locale\" content=\"en_US\" \/>\n<meta property=\"og:type\" content=\"article\" \/>\n<meta property=\"og:title\" content=\"CBA vol 58 - Hybriden\" \/>\n<meta property=\"og:url\" content=\"https:\/\/www.hybriden.se\/product\/cba-vol-58-9789187825309\/\" \/>\n<meta property=\"og:site_name\" content=\"Hybriden\" \/>\n<meta property=\"article:modified_time\" content=\"2026-04-13T17:41:35+00:00\" \/>\n<meta property=\"og:image\" content=\"https:\/\/www.hybriden.se\/wp-content\/uploads\/2022\/09\/CBAvol58-791x1024-1.jpg\" \/>\n\t<meta property=\"og:image:width\" content=\"791\" \/>\n\t<meta property=\"og:image:height\" content=\"1024\" \/>\n\t<meta property=\"og:image:type\" content=\"image\/jpeg\" \/>\n<meta name=\"twitter:label1\" content=\"Est. reading time\" \/>\n\t<meta name=\"twitter:data1\" content=\"1 minute\" \/>\n<script type=\"application\/ld+json\" class=\"yoast-schema-graph\">{\"@context\":\"https:\\\/\\\/schema.org\",\"@graph\":[{\"@type\":\"WebPage\",\"@id\":\"https:\\\/\\\/www.hybriden.se\\\/product\\\/cba-vol-58-9789187825309\\\/\",\"url\":\"https:\\\/\\\/www.hybriden.se\\\/product\\\/cba-vol-58-9789187825309\\\/\",\"name\":\"CBA vol 58 - Hybriden\",\"isPartOf\":{\"@id\":\"https:\\\/\\\/www.hybriden.se\\\/#website\"},\"primaryImageOfPage\":{\"@id\":\"https:\\\/\\\/www.hybriden.se\\\/product\\\/cba-vol-58-9789187825309\\\/#primaryimage\"},\"image\":{\"@id\":\"https:\\\/\\\/www.hybriden.se\\\/product\\\/cba-vol-58-9789187825309\\\/#primaryimage\"},\"thumbnailUrl\":\"https:\\\/\\\/www.hybriden.se\\\/wp-content\\\/uploads\\\/2022\\\/09\\\/CBAvol58-791x1024-1.jpg\",\"datePublished\":\"2022-09-15T12:02:26+00:00\",\"dateModified\":\"2026-04-13T17:41:35+00:00\",\"breadcrumb\":{\"@id\":\"https:\\\/\\\/www.hybriden.se\\\/product\\\/cba-vol-58-9789187825309\\\/#breadcrumb\"},\"inLanguage\":\"en-US\",\"potentialAction\":[{\"@type\":\"ReadAction\",\"target\":[\"https:\\\/\\\/www.hybriden.se\\\/product\\\/cba-vol-58-9789187825309\\\/\"]}]},{\"@type\":\"ImageObject\",\"inLanguage\":\"en-US\",\"@id\":\"https:\\\/\\\/www.hybriden.se\\\/product\\\/cba-vol-58-9789187825309\\\/#primaryimage\",\"url\":\"https:\\\/\\\/www.hybriden.se\\\/wp-content\\\/uploads\\\/2022\\\/09\\\/CBAvol58-791x1024-1.jpg\",\"contentUrl\":\"https:\\\/\\\/www.hybriden.se\\\/wp-content\\\/uploads\\\/2022\\\/09\\\/CBAvol58-791x1024-1.jpg\",\"width\":791,\"height\":1024},{\"@type\":\"BreadcrumbList\",\"@id\":\"https:\\\/\\\/www.hybriden.se\\\/product\\\/cba-vol-58-9789187825309\\\/#breadcrumb\",\"itemListElement\":[{\"@type\":\"ListItem\",\"position\":1,\"name\":\"Hem\",\"item\":\"https:\\\/\\\/www.hybriden.se\\\/\"},{\"@type\":\"ListItem\",\"position\":2,\"name\":\"Shop\",\"item\":\"https:\\\/\\\/www.hybriden.se\\\/en\\\/shop\\\/\"},{\"@type\":\"ListItem\",\"position\":3,\"name\":\"CBA vol 58\"}]},{\"@type\":\"WebSite\",\"@id\":\"https:\\\/\\\/www.hybriden.se\\\/#website\",\"url\":\"https:\\\/\\\/www.hybriden.se\\\/\",\"name\":\"HYBRIDEN - Comics, Prints and Exhibitions\",\"description\":\"Comics, Prints and Exhibitions\",\"publisher\":{\"@id\":\"https:\\\/\\\/www.hybriden.se\\\/#organization\"},\"potentialAction\":[{\"@type\":\"SearchAction\",\"target\":{\"@type\":\"EntryPoint\",\"urlTemplate\":\"https:\\\/\\\/www.hybriden.se\\\/?s={search_term_string}\"},\"query-input\":{\"@type\":\"PropertyValueSpecification\",\"valueRequired\":true,\"valueName\":\"search_term_string\"}}],\"inLanguage\":\"en-US\"},{\"@type\":\"Organization\",\"@id\":\"https:\\\/\\\/www.hybriden.se\\\/#organization\",\"name\":\"HYBRIDEN\",\"url\":\"https:\\\/\\\/www.hybriden.se\\\/\",\"logo\":{\"@type\":\"ImageObject\",\"inLanguage\":\"en-US\",\"@id\":\"https:\\\/\\\/www.hybriden.se\\\/#\\\/schema\\\/logo\\\/image\\\/\",\"url\":\"https:\\\/\\\/www.hybriden.se\\\/wp-content\\\/uploads\\\/2022\\\/12\\\/309882173_562567562537341_815360613267169378_n.jpg\",\"contentUrl\":\"https:\\\/\\\/www.hybriden.se\\\/wp-content\\\/uploads\\\/2022\\\/12\\\/309882173_562567562537341_815360613267169378_n.jpg\",\"width\":800,\"height\":800,\"caption\":\"HYBRIDEN\"},\"image\":{\"@id\":\"https:\\\/\\\/www.hybriden.se\\\/#\\\/schema\\\/logo\\\/image\\\/\"}}]}<\/script>\n<!-- \/ Yoast SEO Premium plugin. -->","yoast_head_json":{"title":"CBA vol 58 - Hybriden","robots":{"index":"index","follow":"follow","max-snippet":"max-snippet:-1","max-image-preview":"max-image-preview:large","max-video-preview":"max-video-preview:-1"},"canonical":"https:\/\/www.hybriden.se\/product\/cba-vol-58-9789187825309\/","og_locale":"en_US","og_type":"article","og_title":"CBA vol 58 - Hybriden","og_url":"https:\/\/www.hybriden.se\/product\/cba-vol-58-9789187825309\/","og_site_name":"Hybriden","article_modified_time":"2026-04-13T17:41:35+00:00","og_image":[{"width":791,"height":1024,"url":"https:\/\/www.hybriden.se\/wp-content\/uploads\/2022\/09\/CBAvol58-791x1024-1.jpg","type":"image\/jpeg"}],"twitter_misc":{"Est. reading time":"1 minute"},"schema":{"@context":"https:\/\/schema.org","@graph":[{"@type":"WebPage","@id":"https:\/\/www.hybriden.se\/product\/cba-vol-58-9789187825309\/","url":"https:\/\/www.hybriden.se\/product\/cba-vol-58-9789187825309\/","name":"CBA vol 58 - Hybriden","isPartOf":{"@id":"https:\/\/www.hybriden.se\/#website"},"primaryImageOfPage":{"@id":"https:\/\/www.hybriden.se\/product\/cba-vol-58-9789187825309\/#primaryimage"},"image":{"@id":"https:\/\/www.hybriden.se\/product\/cba-vol-58-9789187825309\/#primaryimage"},"thumbnailUrl":"https:\/\/www.hybriden.se\/wp-content\/uploads\/2022\/09\/CBAvol58-791x1024-1.jpg","datePublished":"2022-09-15T12:02:26+00:00","dateModified":"2026-04-13T17:41:35+00:00","breadcrumb":{"@id":"https:\/\/www.hybriden.se\/product\/cba-vol-58-9789187825309\/#breadcrumb"},"inLanguage":"en-US","potentialAction":[{"@type":"ReadAction","target":["https:\/\/www.hybriden.se\/product\/cba-vol-58-9789187825309\/"]}]},{"@type":"ImageObject","inLanguage":"en-US","@id":"https:\/\/www.hybriden.se\/product\/cba-vol-58-9789187825309\/#primaryimage","url":"https:\/\/www.hybriden.se\/wp-content\/uploads\/2022\/09\/CBAvol58-791x1024-1.jpg","contentUrl":"https:\/\/www.hybriden.se\/wp-content\/uploads\/2022\/09\/CBAvol58-791x1024-1.jpg","width":791,"height":1024},{"@type":"BreadcrumbList","@id":"https:\/\/www.hybriden.se\/product\/cba-vol-58-9789187825309\/#breadcrumb","itemListElement":[{"@type":"ListItem","position":1,"name":"Hem","item":"https:\/\/www.hybriden.se\/"},{"@type":"ListItem","position":2,"name":"Shop","item":"https:\/\/www.hybriden.se\/en\/shop\/"},{"@type":"ListItem","position":3,"name":"CBA vol 58"}]},{"@type":"WebSite","@id":"https:\/\/www.hybriden.se\/#website","url":"https:\/\/www.hybriden.se\/","name":"HYBRIDEN - Comics, Prints and Exhibitions","description":"Comics, Prints and Exhibitions","publisher":{"@id":"https:\/\/www.hybriden.se\/#organization"},"potentialAction":[{"@type":"SearchAction","target":{"@type":"EntryPoint","urlTemplate":"https:\/\/www.hybriden.se\/?s={search_term_string}"},"query-input":{"@type":"PropertyValueSpecification","valueRequired":true,"valueName":"search_term_string"}}],"inLanguage":"en-US"},{"@type":"Organization","@id":"https:\/\/www.hybriden.se\/#organization","name":"HYBRIDEN","url":"https:\/\/www.hybriden.se\/","logo":{"@type":"ImageObject","inLanguage":"en-US","@id":"https:\/\/www.hybriden.se\/#\/schema\/logo\/image\/","url":"https:\/\/www.hybriden.se\/wp-content\/uploads\/2022\/12\/309882173_562567562537341_815360613267169378_n.jpg","contentUrl":"https:\/\/www.hybriden.se\/wp-content\/uploads\/2022\/12\/309882173_562567562537341_815360613267169378_n.jpg","width":800,"height":800,"caption":"HYBRIDEN"},"image":{"@id":"https:\/\/www.hybriden.se\/#\/schema\/logo\/image\/"}}]}},"_links":{"self":[{"href":"https:\/\/www.hybriden.se\/en\/wp-json\/wp\/v2\/product\/12614","targetHints":{"allow":["GET"]}}],"collection":[{"href":"https:\/\/www.hybriden.se\/en\/wp-json\/wp\/v2\/product"}],"about":[{"href":"https:\/\/www.hybriden.se\/en\/wp-json\/wp\/v2\/types\/product"}],"replies":[{"embeddable":true,"href":"https:\/\/www.hybriden.se\/en\/wp-json\/wp\/v2\/comments?post=12614"}],"wp:featuredmedia":[{"embeddable":true,"href":"https:\/\/www.hybriden.se\/en\/wp-json\/wp\/v2\/media\/12615"}],"wp:attachment":[{"href":"https:\/\/www.hybriden.se\/en\/wp-json\/wp\/v2\/media?parent=12614"}],"wp:term":[{"taxonomy":"product_brand","embeddable":true,"href":"https:\/\/www.hybriden.se\/en\/wp-json\/wp\/v2\/product_brand?post=12614"},{"taxonomy":"product_cat","embeddable":true,"href":"https:\/\/www.hybriden.se\/en\/wp-json\/wp\/v2\/product_cat?post=12614"},{"taxonomy":"product_tag","embeddable":true,"href":"https:\/\/www.hybriden.se\/en\/wp-json\/wp\/v2\/product_tag?post=12614"}],"curies":[{"name":"wp","href":"https:\/\/api.w.org\/{rel}","templated":true}]}}