{"id":12781,"date":"2022-12-26T16:06:08","date_gmt":"2022-12-26T15:06:08","guid":{"rendered":"https:\/\/www.hybriden.se\/?post_type=product&#038;p=12781"},"modified":"2026-04-13T19:41:36","modified_gmt":"2026-04-13T17:41:36","slug":"vardfallan-9789198492132","status":"publish","type":"product","link":"https:\/\/www.hybriden.se\/en\/product\/vardfallan-9789198492132\/","title":{"rendered":"V\u00e5rdf\u00e4llan"},"content":{"rendered":"<p>av <strong>Raquel Lozano<\/strong><\/p>\n<p><em>Alejandra vill egentligen wallraffa, men efter en tids uppeh\u00e5ll \u00e4r hon nu tillbaka som v\u00e5rdbitr\u00e4de inom hemtj\u00e4nsten. F\u00f6r att klara av sin vardag med duschar, bl\u00f6jbyten och l\u00e4ggningar varvar hon jobbet med en ny hobby, \u00e4ven om den kanske inte \u00e4r helt laglig.<\/em><\/p>\n<p><strong>V\u00e5rdf\u00e4llan<\/strong> \u00e4r Raquel Lozanos debutroman. Med Malm\u00f6 som bakgrund skildrar hon en ung arbetares vardag och hennes kamp f\u00f6r att \u00f6verleva ett allt kallare arbetsklimat.<\/p>\n","protected":false},"excerpt":{"rendered":"<p>av <strong>Raquel Lozano<\/strong><\/p>\n<p><em>Alejandra vill egentligen wallraffa, men efter en tids uppeh\u00e5ll \u00e4r hon nu tillbaka som v\u00e5rdbitr\u00e4de inom hemtj\u00e4nsten. F\u00f6r att klara av sin vardag med duschar, bl\u00f6jbyten och l\u00e4ggningar varvar hon jobbet med en ny hobby, \u00e4ven om den kanske inte \u00e4r helt laglig.<\/em><\/p>\n<p><strong>V\u00e5rdf\u00e4llan<\/strong> \u00e4r Raquel Lozanos debutroman. Med Malm\u00f6 som bakgrund skildrar hon en ung arbetares vardag och hennes kamp f\u00f6r att \u00f6verleva ett allt kallare arbetsklimat.<\/p>\n","protected":false},"featured_media":12777,"comment_status":"open","ping_status":"closed","template":"","meta":{"_acf_changed":false,"inline_featured_image":false},"product_brand":[],"product_cat":[1710,1709,425,2364,1712],"product_tag":[],"class_list":{"0":"post-12781","1":"product","2":"type-product","3":"status-publish","4":"has-post-thumbnail","6":"product_cat-relevant-subjects","7":"product_cat-text-books","8":"product_cat-tusen-serier","9":"product_cat-tusen-serier-roman-ej-serie","10":"product_cat-women-as-main-characters","11":"product_shipping_class-books","12":"pa_001_isbn-2365","13":"pa_005_language-swedish","14":"pa_008_authors-raquel-lozano","15":"pa_011_coverartist-mattias-elftorp","16":"pa_020_find-all-by-mattias-elftorp","17":"pa_020_find-all-by-raquel-lozano","19":"first","20":"instock","21":"shipping-taxable","22":"purchasable","23":"product-type-simple"},"translation":{"provider":"WPGlobus","version":"3.0.2","language":"en","enabled_languages":["sv","en"],"languages":{"sv":{"title":true,"content":true,"excerpt":true},"en":{"title":false,"content":false,"excerpt":false}}},"acf":[],"yoast_head":"<!-- This site is optimized with the Yoast SEO Premium plugin v23.4 (Yoast SEO v27.6) - https:\/\/yoast.com\/product\/yoast-seo-premium-wordpress\/ -->\n<title>V\u00e5rdf\u00e4llan - Hybriden<\/title>\n<meta name=\"robots\" content=\"index, follow, max-snippet:-1, max-image-preview:large, max-video-preview:-1\" \/>\n<link rel=\"canonical\" href=\"https:\/\/www.hybriden.se\/product\/vardfallan-9789198492132\/\" \/>\n<meta property=\"og:locale\" content=\"en_US\" \/>\n<meta property=\"og:type\" content=\"article\" \/>\n<meta property=\"og:title\" content=\"V\u00e5rdf\u00e4llan - Hybriden\" \/>\n<meta property=\"og:url\" content=\"https:\/\/www.hybriden.se\/product\/vardfallan-9789198492132\/\" \/>\n<meta property=\"og:site_name\" content=\"Hybriden\" \/>\n<meta property=\"article:modified_time\" content=\"2026-04-13T17:41:36+00:00\" \/>\n<meta property=\"og:image\" content=\"https:\/\/www.hybriden.se\/wp-content\/uploads\/2022\/12\/TS_vardfallan_791x1024.jpg\" \/>\n\t<meta property=\"og:image:width\" content=\"791\" \/>\n\t<meta property=\"og:image:height\" content=\"1024\" \/>\n\t<meta property=\"og:image:type\" content=\"image\/jpeg\" \/>\n<script type=\"application\/ld+json\" class=\"yoast-schema-graph\">{\"@context\":\"https:\\\/\\\/schema.org\",\"@graph\":[{\"@type\":\"WebPage\",\"@id\":\"https:\\\/\\\/www.hybriden.se\\\/product\\\/vardfallan-9789198492132\\\/\",\"url\":\"https:\\\/\\\/www.hybriden.se\\\/product\\\/vardfallan-9789198492132\\\/\",\"name\":\"V\u00e5rdf\u00e4llan - Hybriden\",\"isPartOf\":{\"@id\":\"https:\\\/\\\/www.hybriden.se\\\/#website\"},\"primaryImageOfPage\":{\"@id\":\"https:\\\/\\\/www.hybriden.se\\\/product\\\/vardfallan-9789198492132\\\/#primaryimage\"},\"image\":{\"@id\":\"https:\\\/\\\/www.hybriden.se\\\/product\\\/vardfallan-9789198492132\\\/#primaryimage\"},\"thumbnailUrl\":\"https:\\\/\\\/www.hybriden.se\\\/wp-content\\\/uploads\\\/2022\\\/12\\\/TS_vardfallan_791x1024.jpg\",\"datePublished\":\"2022-12-26T15:06:08+00:00\",\"dateModified\":\"2026-04-13T17:41:36+00:00\",\"breadcrumb\":{\"@id\":\"https:\\\/\\\/www.hybriden.se\\\/product\\\/vardfallan-9789198492132\\\/#breadcrumb\"},\"inLanguage\":\"en-US\",\"potentialAction\":[{\"@type\":\"ReadAction\",\"target\":[\"https:\\\/\\\/www.hybriden.se\\\/product\\\/vardfallan-9789198492132\\\/\"]}]},{\"@type\":\"ImageObject\",\"inLanguage\":\"en-US\",\"@id\":\"https:\\\/\\\/www.hybriden.se\\\/product\\\/vardfallan-9789198492132\\\/#primaryimage\",\"url\":\"https:\\\/\\\/www.hybriden.se\\\/wp-content\\\/uploads\\\/2022\\\/12\\\/TS_vardfallan_791x1024.jpg\",\"contentUrl\":\"https:\\\/\\\/www.hybriden.se\\\/wp-content\\\/uploads\\\/2022\\\/12\\\/TS_vardfallan_791x1024.jpg\",\"width\":791,\"height\":1024},{\"@type\":\"BreadcrumbList\",\"@id\":\"https:\\\/\\\/www.hybriden.se\\\/product\\\/vardfallan-9789198492132\\\/#breadcrumb\",\"itemListElement\":[{\"@type\":\"ListItem\",\"position\":1,\"name\":\"Hem\",\"item\":\"https:\\\/\\\/www.hybriden.se\\\/\"},{\"@type\":\"ListItem\",\"position\":2,\"name\":\"Shop\",\"item\":\"https:\\\/\\\/www.hybriden.se\\\/en\\\/shop\\\/\"},{\"@type\":\"ListItem\",\"position\":3,\"name\":\"V\u00e5rdf\u00e4llan\"}]},{\"@type\":\"WebSite\",\"@id\":\"https:\\\/\\\/www.hybriden.se\\\/#website\",\"url\":\"https:\\\/\\\/www.hybriden.se\\\/\",\"name\":\"HYBRIDEN - Comics, Prints and Exhibitions\",\"description\":\"Comics, Prints and Exhibitions\",\"publisher\":{\"@id\":\"https:\\\/\\\/www.hybriden.se\\\/#organization\"},\"potentialAction\":[{\"@type\":\"SearchAction\",\"target\":{\"@type\":\"EntryPoint\",\"urlTemplate\":\"https:\\\/\\\/www.hybriden.se\\\/?s={search_term_string}\"},\"query-input\":{\"@type\":\"PropertyValueSpecification\",\"valueRequired\":true,\"valueName\":\"search_term_string\"}}],\"inLanguage\":\"en-US\"},{\"@type\":\"Organization\",\"@id\":\"https:\\\/\\\/www.hybriden.se\\\/#organization\",\"name\":\"HYBRIDEN\",\"url\":\"https:\\\/\\\/www.hybriden.se\\\/\",\"logo\":{\"@type\":\"ImageObject\",\"inLanguage\":\"en-US\",\"@id\":\"https:\\\/\\\/www.hybriden.se\\\/#\\\/schema\\\/logo\\\/image\\\/\",\"url\":\"https:\\\/\\\/www.hybriden.se\\\/wp-content\\\/uploads\\\/2022\\\/12\\\/309882173_562567562537341_815360613267169378_n.jpg\",\"contentUrl\":\"https:\\\/\\\/www.hybriden.se\\\/wp-content\\\/uploads\\\/2022\\\/12\\\/309882173_562567562537341_815360613267169378_n.jpg\",\"width\":800,\"height\":800,\"caption\":\"HYBRIDEN\"},\"image\":{\"@id\":\"https:\\\/\\\/www.hybriden.se\\\/#\\\/schema\\\/logo\\\/image\\\/\"}}]}<\/script>\n<!-- \/ Yoast SEO Premium plugin. -->","yoast_head_json":{"title":"V\u00e5rdf\u00e4llan - Hybriden","robots":{"index":"index","follow":"follow","max-snippet":"max-snippet:-1","max-image-preview":"max-image-preview:large","max-video-preview":"max-video-preview:-1"},"canonical":"https:\/\/www.hybriden.se\/product\/vardfallan-9789198492132\/","og_locale":"en_US","og_type":"article","og_title":"V\u00e5rdf\u00e4llan - Hybriden","og_url":"https:\/\/www.hybriden.se\/product\/vardfallan-9789198492132\/","og_site_name":"Hybriden","article_modified_time":"2026-04-13T17:41:36+00:00","og_image":[{"width":791,"height":1024,"url":"https:\/\/www.hybriden.se\/wp-content\/uploads\/2022\/12\/TS_vardfallan_791x1024.jpg","type":"image\/jpeg"}],"schema":{"@context":"https:\/\/schema.org","@graph":[{"@type":"WebPage","@id":"https:\/\/www.hybriden.se\/product\/vardfallan-9789198492132\/","url":"https:\/\/www.hybriden.se\/product\/vardfallan-9789198492132\/","name":"V\u00e5rdf\u00e4llan - Hybriden","isPartOf":{"@id":"https:\/\/www.hybriden.se\/#website"},"primaryImageOfPage":{"@id":"https:\/\/www.hybriden.se\/product\/vardfallan-9789198492132\/#primaryimage"},"image":{"@id":"https:\/\/www.hybriden.se\/product\/vardfallan-9789198492132\/#primaryimage"},"thumbnailUrl":"https:\/\/www.hybriden.se\/wp-content\/uploads\/2022\/12\/TS_vardfallan_791x1024.jpg","datePublished":"2022-12-26T15:06:08+00:00","dateModified":"2026-04-13T17:41:36+00:00","breadcrumb":{"@id":"https:\/\/www.hybriden.se\/product\/vardfallan-9789198492132\/#breadcrumb"},"inLanguage":"en-US","potentialAction":[{"@type":"ReadAction","target":["https:\/\/www.hybriden.se\/product\/vardfallan-9789198492132\/"]}]},{"@type":"ImageObject","inLanguage":"en-US","@id":"https:\/\/www.hybriden.se\/product\/vardfallan-9789198492132\/#primaryimage","url":"https:\/\/www.hybriden.se\/wp-content\/uploads\/2022\/12\/TS_vardfallan_791x1024.jpg","contentUrl":"https:\/\/www.hybriden.se\/wp-content\/uploads\/2022\/12\/TS_vardfallan_791x1024.jpg","width":791,"height":1024},{"@type":"BreadcrumbList","@id":"https:\/\/www.hybriden.se\/product\/vardfallan-9789198492132\/#breadcrumb","itemListElement":[{"@type":"ListItem","position":1,"name":"Hem","item":"https:\/\/www.hybriden.se\/"},{"@type":"ListItem","position":2,"name":"Shop","item":"https:\/\/www.hybriden.se\/en\/shop\/"},{"@type":"ListItem","position":3,"name":"V\u00e5rdf\u00e4llan"}]},{"@type":"WebSite","@id":"https:\/\/www.hybriden.se\/#website","url":"https:\/\/www.hybriden.se\/","name":"HYBRIDEN - Comics, Prints and Exhibitions","description":"Comics, Prints and Exhibitions","publisher":{"@id":"https:\/\/www.hybriden.se\/#organization"},"potentialAction":[{"@type":"SearchAction","target":{"@type":"EntryPoint","urlTemplate":"https:\/\/www.hybriden.se\/?s={search_term_string}"},"query-input":{"@type":"PropertyValueSpecification","valueRequired":true,"valueName":"search_term_string"}}],"inLanguage":"en-US"},{"@type":"Organization","@id":"https:\/\/www.hybriden.se\/#organization","name":"HYBRIDEN","url":"https:\/\/www.hybriden.se\/","logo":{"@type":"ImageObject","inLanguage":"en-US","@id":"https:\/\/www.hybriden.se\/#\/schema\/logo\/image\/","url":"https:\/\/www.hybriden.se\/wp-content\/uploads\/2022\/12\/309882173_562567562537341_815360613267169378_n.jpg","contentUrl":"https:\/\/www.hybriden.se\/wp-content\/uploads\/2022\/12\/309882173_562567562537341_815360613267169378_n.jpg","width":800,"height":800,"caption":"HYBRIDEN"},"image":{"@id":"https:\/\/www.hybriden.se\/#\/schema\/logo\/image\/"}}]}},"_links":{"self":[{"href":"https:\/\/www.hybriden.se\/en\/wp-json\/wp\/v2\/product\/12781","targetHints":{"allow":["GET"]}}],"collection":[{"href":"https:\/\/www.hybriden.se\/en\/wp-json\/wp\/v2\/product"}],"about":[{"href":"https:\/\/www.hybriden.se\/en\/wp-json\/wp\/v2\/types\/product"}],"replies":[{"embeddable":true,"href":"https:\/\/www.hybriden.se\/en\/wp-json\/wp\/v2\/comments?post=12781"}],"wp:featuredmedia":[{"embeddable":true,"href":"https:\/\/www.hybriden.se\/en\/wp-json\/wp\/v2\/media\/12777"}],"wp:attachment":[{"href":"https:\/\/www.hybriden.se\/en\/wp-json\/wp\/v2\/media?parent=12781"}],"wp:term":[{"taxonomy":"product_brand","embeddable":true,"href":"https:\/\/www.hybriden.se\/en\/wp-json\/wp\/v2\/product_brand?post=12781"},{"taxonomy":"product_cat","embeddable":true,"href":"https:\/\/www.hybriden.se\/en\/wp-json\/wp\/v2\/product_cat?post=12781"},{"taxonomy":"product_tag","embeddable":true,"href":"https:\/\/www.hybriden.se\/en\/wp-json\/wp\/v2\/product_tag?post=12781"}],"curies":[{"name":"wp","href":"https:\/\/api.w.org\/{rel}","templated":true}]}}