{"id":1330,"date":"2013-09-14T00:12:33","date_gmt":"2013-09-13T23:12:33","guid":{"rendered":"http:\/\/cbkcomics.com\/?post_type=product&#038;p=1330"},"modified":"2026-04-13T19:36:15","modified_gmt":"2026-04-13T17:36:15","slug":"fem-papperslosa-kvinnors-historier-9789186667221","status":"publish","type":"product","link":"https:\/\/www.hybriden.se\/en\/product\/fem-papperslosa-kvinnors-historier-9789186667221\/","title":{"rendered":"Fem pappersl\u00f6sa kvinnors historier"},"content":{"rendered":"<p>Fem serier baserade p\u00e5 verkliga historier om fem kvinnor som bor eller har bott \u201cillegalt\u201d i Sverige. En kvinna som f\u00f6rfattaren tr\u00e4ffade p\u00e5 Kvinnojouren ber\u00e4ttar sin historia som \u201cimporthustru\u201d, en annan kvinna som hon tr\u00e4ffade i fackf\u00f6reningen ber\u00e4ttar historien om de kvinnliga pappersl\u00f6sa arbetarnas situation i Sverige, trafficking, n\u00e4tverk som utnyttjar kvinnor, etc. En annan historia handlar om en kvinna som f\u00e5tt avslag p\u00e5 sin asylans\u00f6kan. Hon ber\u00e4ttar om sin v\u00e4g till Sverige.<br \/>\nDetaljer i historierna har naturligtvis \u00e4ndrats f\u00f6r att skydda de inblandades integritet, d\u00e5 de enligt systemet lever illegalt.<\/p>\n","protected":false},"excerpt":{"rendered":"<p>Fem serier baserade p\u00e5 verkliga historier om fem kvinnor som bor eller har bott \u201cillegalt\u201d i Sverige. En kvinna som f\u00f6rfattaren tr\u00e4ffade p\u00e5 Kvinnojouren ber\u00e4ttar sin historia som \u201cimporthustru\u201d, en annan kvinna som hon tr\u00e4ffade i fackf\u00f6reningen ber\u00e4ttar historien om de kvinnliga pappersl\u00f6sa arbetarnas situation i Sverige, trafficking, n\u00e4tverk som utnyttjar kvinnor, etc. En annan historia handlar om en kvinna som f\u00e5tt avslag p\u00e5 sin asylans\u00f6kan. Hon ber\u00e4ttar om sin v\u00e4g till Sverige.<\/p>\n","protected":false},"featured_media":5415,"comment_status":"open","ping_status":"closed","template":"","meta":{"_acf_changed":false,"inline_featured_image":false},"product_brand":[],"product_cat":[1713,1711,1710,425,1712],"product_tag":[85],"class_list":{"0":"post-1330","1":"product","2":"type-product","3":"status-publish","4":"has-post-thumbnail","6":"product_cat-comics-journalism","7":"product_cat-graphic-novels","8":"product_cat-relevant-subjects","9":"product_cat-tusen-serier","10":"product_cat-women-as-main-characters","11":"product_tag-amalia-alvarez-se","12":"product_shipping_class-books","13":"pa_001_isbn-1004","14":"pa_005_language-english","15":"pa_005_language-spanish","16":"pa_005_language-svenska","17":"pa_007_comicartist-amalia-alvarez","18":"pa_020_find-all-by-amalia-alvarez","20":"first","21":"instock","22":"shipping-taxable","23":"purchasable","24":"product-type-simple"},"translation":{"provider":"WPGlobus","version":"3.0.2","language":"en","enabled_languages":["sv","en"],"languages":{"sv":{"title":true,"content":true,"excerpt":true},"en":{"title":false,"content":false,"excerpt":false}}},"acf":[],"yoast_head":"<!-- This site is optimized with the Yoast SEO Premium plugin v23.4 (Yoast SEO v27.4) - https:\/\/yoast.com\/product\/yoast-seo-premium-wordpress\/ -->\n<title>Fem pappersl\u00f6sa kvinnors historier - Hybriden<\/title>\n<meta name=\"robots\" content=\"index, follow, max-snippet:-1, max-image-preview:large, max-video-preview:-1\" \/>\n<link rel=\"canonical\" href=\"https:\/\/www.hybriden.se\/product\/fem-papperslosa-kvinnors-historier-9789186667221\/\" \/>\n<meta property=\"og:locale\" content=\"en_US\" \/>\n<meta property=\"og:type\" content=\"article\" \/>\n<meta property=\"og:title\" content=\"Fem pappersl\u00f6sa kvinnors historier - Hybriden\" \/>\n<meta property=\"og:url\" content=\"https:\/\/www.hybriden.se\/product\/fem-papperslosa-kvinnors-historier-9789186667221\/\" \/>\n<meta property=\"og:site_name\" content=\"Hybriden\" \/>\n<meta property=\"article:modified_time\" content=\"2026-04-13T17:36:15+00:00\" \/>\n<meta property=\"og:image\" content=\"https:\/\/www.hybriden.se\/wp-content\/uploads\/2004\/11\/TS_5pa_791x1024.jpg\" \/>\n\t<meta property=\"og:image:width\" content=\"791\" \/>\n\t<meta property=\"og:image:height\" content=\"1024\" \/>\n\t<meta property=\"og:image:type\" content=\"image\/jpeg\" \/>\n<meta name=\"twitter:label1\" content=\"Est. reading time\" \/>\n\t<meta name=\"twitter:data1\" content=\"1 minute\" \/>\n<script type=\"application\/ld+json\" class=\"yoast-schema-graph\">{\"@context\":\"https:\\\/\\\/schema.org\",\"@graph\":[{\"@type\":\"WebPage\",\"@id\":\"https:\\\/\\\/www.hybriden.se\\\/product\\\/fem-papperslosa-kvinnors-historier-9789186667221\\\/\",\"url\":\"https:\\\/\\\/www.hybriden.se\\\/product\\\/fem-papperslosa-kvinnors-historier-9789186667221\\\/\",\"name\":\"Fem pappersl\u00f6sa kvinnors historier - Hybriden\",\"isPartOf\":{\"@id\":\"https:\\\/\\\/www.hybriden.se\\\/#website\"},\"primaryImageOfPage\":{\"@id\":\"https:\\\/\\\/www.hybriden.se\\\/product\\\/fem-papperslosa-kvinnors-historier-9789186667221\\\/#primaryimage\"},\"image\":{\"@id\":\"https:\\\/\\\/www.hybriden.se\\\/product\\\/fem-papperslosa-kvinnors-historier-9789186667221\\\/#primaryimage\"},\"thumbnailUrl\":\"https:\\\/\\\/www.hybriden.se\\\/wp-content\\\/uploads\\\/2004\\\/11\\\/TS_5pa_791x1024.jpg\",\"datePublished\":\"2013-09-13T23:12:33+00:00\",\"dateModified\":\"2026-04-13T17:36:15+00:00\",\"breadcrumb\":{\"@id\":\"https:\\\/\\\/www.hybriden.se\\\/product\\\/fem-papperslosa-kvinnors-historier-9789186667221\\\/#breadcrumb\"},\"inLanguage\":\"en-US\",\"potentialAction\":[{\"@type\":\"ReadAction\",\"target\":[\"https:\\\/\\\/www.hybriden.se\\\/product\\\/fem-papperslosa-kvinnors-historier-9789186667221\\\/\"]}]},{\"@type\":\"ImageObject\",\"inLanguage\":\"en-US\",\"@id\":\"https:\\\/\\\/www.hybriden.se\\\/product\\\/fem-papperslosa-kvinnors-historier-9789186667221\\\/#primaryimage\",\"url\":\"https:\\\/\\\/www.hybriden.se\\\/wp-content\\\/uploads\\\/2004\\\/11\\\/TS_5pa_791x1024.jpg\",\"contentUrl\":\"https:\\\/\\\/www.hybriden.se\\\/wp-content\\\/uploads\\\/2004\\\/11\\\/TS_5pa_791x1024.jpg\",\"width\":791,\"height\":1024},{\"@type\":\"BreadcrumbList\",\"@id\":\"https:\\\/\\\/www.hybriden.se\\\/product\\\/fem-papperslosa-kvinnors-historier-9789186667221\\\/#breadcrumb\",\"itemListElement\":[{\"@type\":\"ListItem\",\"position\":1,\"name\":\"Hem\",\"item\":\"https:\\\/\\\/www.hybriden.se\\\/\"},{\"@type\":\"ListItem\",\"position\":2,\"name\":\"Shop\",\"item\":\"https:\\\/\\\/www.hybriden.se\\\/en\\\/shop\\\/\"},{\"@type\":\"ListItem\",\"position\":3,\"name\":\"Fem pappersl\u00f6sa kvinnors historier\"}]},{\"@type\":\"WebSite\",\"@id\":\"https:\\\/\\\/www.hybriden.se\\\/#website\",\"url\":\"https:\\\/\\\/www.hybriden.se\\\/\",\"name\":\"HYBRIDEN - Comics, Prints and Exhibitions\",\"description\":\"Comics, Prints and Exhibitions\",\"publisher\":{\"@id\":\"https:\\\/\\\/www.hybriden.se\\\/#organization\"},\"potentialAction\":[{\"@type\":\"SearchAction\",\"target\":{\"@type\":\"EntryPoint\",\"urlTemplate\":\"https:\\\/\\\/www.hybriden.se\\\/?s={search_term_string}\"},\"query-input\":{\"@type\":\"PropertyValueSpecification\",\"valueRequired\":true,\"valueName\":\"search_term_string\"}}],\"inLanguage\":\"en-US\"},{\"@type\":\"Organization\",\"@id\":\"https:\\\/\\\/www.hybriden.se\\\/#organization\",\"name\":\"HYBRIDEN\",\"url\":\"https:\\\/\\\/www.hybriden.se\\\/\",\"logo\":{\"@type\":\"ImageObject\",\"inLanguage\":\"en-US\",\"@id\":\"https:\\\/\\\/www.hybriden.se\\\/#\\\/schema\\\/logo\\\/image\\\/\",\"url\":\"https:\\\/\\\/www.hybriden.se\\\/wp-content\\\/uploads\\\/2022\\\/12\\\/309882173_562567562537341_815360613267169378_n.jpg\",\"contentUrl\":\"https:\\\/\\\/www.hybriden.se\\\/wp-content\\\/uploads\\\/2022\\\/12\\\/309882173_562567562537341_815360613267169378_n.jpg\",\"width\":800,\"height\":800,\"caption\":\"HYBRIDEN\"},\"image\":{\"@id\":\"https:\\\/\\\/www.hybriden.se\\\/#\\\/schema\\\/logo\\\/image\\\/\"}}]}<\/script>\n<!-- \/ Yoast SEO Premium plugin. -->","yoast_head_json":{"title":"Fem pappersl\u00f6sa kvinnors historier - Hybriden","robots":{"index":"index","follow":"follow","max-snippet":"max-snippet:-1","max-image-preview":"max-image-preview:large","max-video-preview":"max-video-preview:-1"},"canonical":"https:\/\/www.hybriden.se\/product\/fem-papperslosa-kvinnors-historier-9789186667221\/","og_locale":"en_US","og_type":"article","og_title":"Fem pappersl\u00f6sa kvinnors historier - Hybriden","og_url":"https:\/\/www.hybriden.se\/product\/fem-papperslosa-kvinnors-historier-9789186667221\/","og_site_name":"Hybriden","article_modified_time":"2026-04-13T17:36:15+00:00","og_image":[{"width":791,"height":1024,"url":"https:\/\/www.hybriden.se\/wp-content\/uploads\/2004\/11\/TS_5pa_791x1024.jpg","type":"image\/jpeg"}],"twitter_misc":{"Est. reading time":"1 minute"},"schema":{"@context":"https:\/\/schema.org","@graph":[{"@type":"WebPage","@id":"https:\/\/www.hybriden.se\/product\/fem-papperslosa-kvinnors-historier-9789186667221\/","url":"https:\/\/www.hybriden.se\/product\/fem-papperslosa-kvinnors-historier-9789186667221\/","name":"Fem pappersl\u00f6sa kvinnors historier - Hybriden","isPartOf":{"@id":"https:\/\/www.hybriden.se\/#website"},"primaryImageOfPage":{"@id":"https:\/\/www.hybriden.se\/product\/fem-papperslosa-kvinnors-historier-9789186667221\/#primaryimage"},"image":{"@id":"https:\/\/www.hybriden.se\/product\/fem-papperslosa-kvinnors-historier-9789186667221\/#primaryimage"},"thumbnailUrl":"https:\/\/www.hybriden.se\/wp-content\/uploads\/2004\/11\/TS_5pa_791x1024.jpg","datePublished":"2013-09-13T23:12:33+00:00","dateModified":"2026-04-13T17:36:15+00:00","breadcrumb":{"@id":"https:\/\/www.hybriden.se\/product\/fem-papperslosa-kvinnors-historier-9789186667221\/#breadcrumb"},"inLanguage":"en-US","potentialAction":[{"@type":"ReadAction","target":["https:\/\/www.hybriden.se\/product\/fem-papperslosa-kvinnors-historier-9789186667221\/"]}]},{"@type":"ImageObject","inLanguage":"en-US","@id":"https:\/\/www.hybriden.se\/product\/fem-papperslosa-kvinnors-historier-9789186667221\/#primaryimage","url":"https:\/\/www.hybriden.se\/wp-content\/uploads\/2004\/11\/TS_5pa_791x1024.jpg","contentUrl":"https:\/\/www.hybriden.se\/wp-content\/uploads\/2004\/11\/TS_5pa_791x1024.jpg","width":791,"height":1024},{"@type":"BreadcrumbList","@id":"https:\/\/www.hybriden.se\/product\/fem-papperslosa-kvinnors-historier-9789186667221\/#breadcrumb","itemListElement":[{"@type":"ListItem","position":1,"name":"Hem","item":"https:\/\/www.hybriden.se\/"},{"@type":"ListItem","position":2,"name":"Shop","item":"https:\/\/www.hybriden.se\/en\/shop\/"},{"@type":"ListItem","position":3,"name":"Fem pappersl\u00f6sa kvinnors historier"}]},{"@type":"WebSite","@id":"https:\/\/www.hybriden.se\/#website","url":"https:\/\/www.hybriden.se\/","name":"HYBRIDEN - Comics, Prints and Exhibitions","description":"Comics, Prints and Exhibitions","publisher":{"@id":"https:\/\/www.hybriden.se\/#organization"},"potentialAction":[{"@type":"SearchAction","target":{"@type":"EntryPoint","urlTemplate":"https:\/\/www.hybriden.se\/?s={search_term_string}"},"query-input":{"@type":"PropertyValueSpecification","valueRequired":true,"valueName":"search_term_string"}}],"inLanguage":"en-US"},{"@type":"Organization","@id":"https:\/\/www.hybriden.se\/#organization","name":"HYBRIDEN","url":"https:\/\/www.hybriden.se\/","logo":{"@type":"ImageObject","inLanguage":"en-US","@id":"https:\/\/www.hybriden.se\/#\/schema\/logo\/image\/","url":"https:\/\/www.hybriden.se\/wp-content\/uploads\/2022\/12\/309882173_562567562537341_815360613267169378_n.jpg","contentUrl":"https:\/\/www.hybriden.se\/wp-content\/uploads\/2022\/12\/309882173_562567562537341_815360613267169378_n.jpg","width":800,"height":800,"caption":"HYBRIDEN"},"image":{"@id":"https:\/\/www.hybriden.se\/#\/schema\/logo\/image\/"}}]}},"_links":{"self":[{"href":"https:\/\/www.hybriden.se\/en\/wp-json\/wp\/v2\/product\/1330","targetHints":{"allow":["GET"]}}],"collection":[{"href":"https:\/\/www.hybriden.se\/en\/wp-json\/wp\/v2\/product"}],"about":[{"href":"https:\/\/www.hybriden.se\/en\/wp-json\/wp\/v2\/types\/product"}],"replies":[{"embeddable":true,"href":"https:\/\/www.hybriden.se\/en\/wp-json\/wp\/v2\/comments?post=1330"}],"wp:featuredmedia":[{"embeddable":true,"href":"https:\/\/www.hybriden.se\/en\/wp-json\/wp\/v2\/media\/5415"}],"wp:attachment":[{"href":"https:\/\/www.hybriden.se\/en\/wp-json\/wp\/v2\/media?parent=1330"}],"wp:term":[{"taxonomy":"product_brand","embeddable":true,"href":"https:\/\/www.hybriden.se\/en\/wp-json\/wp\/v2\/product_brand?post=1330"},{"taxonomy":"product_cat","embeddable":true,"href":"https:\/\/www.hybriden.se\/en\/wp-json\/wp\/v2\/product_cat?post=1330"},{"taxonomy":"product_tag","embeddable":true,"href":"https:\/\/www.hybriden.se\/en\/wp-json\/wp\/v2\/product_tag?post=1330"}],"curies":[{"name":"wp","href":"https:\/\/api.w.org\/{rel}","templated":true}]}}