{"id":13313,"date":"2024-03-25T19:19:55","date_gmt":"2024-03-25T18:19:55","guid":{"rendered":"https:\/\/www.hybriden.se\/?post_type=product&#038;p=13313"},"modified":"2026-04-13T19:41:37","modified_gmt":"2026-04-13T17:41:37","slug":"cba-vol-6263-9789187825354","status":"publish","type":"product","link":"https:\/\/www.hybriden.se\/en\/product\/cba-vol-6263-9789187825354\/","title":{"rendered":"CBA vol 62|63"},"content":{"rendered":"<p><strong>Liminal Space<\/strong><\/p>\n<p><em>Liminal space, a concept that deconstructs the notion of fixed boundaries and absolute realities. It is a space that challenges the dualities of self and other, inside and outside, past and future. <\/em><em>A bridge to cross, a door to open. <\/em><em>A place to question and transcend.<br \/>\n<\/em><\/p>\n<p><em>Liminality has always been a part of humanity. Maybe not as a state of transition but rather as a state of constant becoming. It is a space that disrupts the linearity of time and questions the stability of identity. That area of blurred boundaries is very much an integral part of the creative process for us as humans and artists.<br \/>\nA realm of ambiguity. A pause in time, a shift in state. A realm of potentiality. Where form and meaning await.<br \/>\n<\/em><\/p>\n<p><em>Here (or in there) we can push the boundaries of the unexpected. With comics, the idea of the liminal space can be used to craft stories and narratives that exist between different realms of reality.<\/em><\/p>\n<p><strong>Comics by:<\/strong> <small>Svalan S\u00f6rblom [SE], Anamarija Kvas [HR], Tom Mortimer [UK], Miku Maria Gustavsson [SE], Edmund Mortimer [UK], Aiden Kvarnstr\u00f6m [SE], Saskia Gullstrand [SE], Kekube [PL], Tomxyz &amp; fishboneseater [PL], Adam Ko\u0142odziejski [PL], Mattias Elftorp [SE], Damir Stojnic-Ktonsky [RS], Zlatko Krstevski [MK], Oskar Aspman [SE]<\/small>.<br \/>\n<strong>Text, cover &amp; main editor:<\/strong> Oskar Aspman [SE].<\/p>\n","protected":false},"excerpt":{"rendered":"<p><strong>Liminal Space<\/strong><\/p>\n<p><em>Liminal space, a concept that deconstructs the notion of fixed boundaries and absolute realities. It is a space that challenges the dualities of self and other, inside and outside, past and future. <\/em><em>A bridge to cross, a door to open. <\/em><em>A place to question and transcend.<br \/>\n<\/em><\/p>\n<p><em>Liminality has always been a part of humanity. Maybe not as a state of transition but rather as a state of constant becoming. It is a space that disrupts the linearity of time and questions the stability of identity. That area of blurred boundaries is very much an integral part of the creative process for us as humans and artists.<br \/>\nA realm of ambiguity. A pause in time, a shift in state. A realm of potentiality. Where form and meaning await.<br \/>\n<\/em><\/p>\n<p><em>Here (or in there) we can push the boundaries of the unexpected. With comics, the idea of the liminal space can be used to craft stories and narratives that exist between different realms of reality.<\/em><\/p>\n<p><strong>Comics by:<\/strong> <small>Svalan S\u00f6rblom [SE], Anamarija Kvas [HR], Tom Mortimer [UK], Miku Maria Gustavsson [SE], Edmund Mortimer [UK], Aiden Kvarnstr\u00f6m [SE], Saskia Gullstrand [SE], Kekube [PL], Tomxyz &amp; fishboneseater [PL], Adam Ko\u0142odziejski [PL], Mattias Elftorp [SE], Damir Stojnic-Ktonsky [RS], Zlatko Krstevski [MK], Oskar Aspman [SE]<\/small>.<br \/>\n<strong>Text, cover &amp; main editor:<\/strong> Oskar Aspman [SE].<\/p>\n","protected":false},"featured_media":13317,"comment_status":"open","ping_status":"closed","template":"","meta":{"_acf_changed":false,"inline_featured_image":false},"product_brand":[],"product_cat":[428,429,422],"product_tag":[],"class_list":{"0":"post-13313","1":"product","2":"type-product","3":"status-publish","4":"has-post-thumbnail","6":"product_cat-anthologies","7":"product_cat-cba-vol","8":"product_cat-cbk","9":"product_shipping_class-books","10":"pa_001_isbn-978-91-87825-35-4","11":"pa_005_language-english","12":"pa_007_comicartist-adam-kolodziejski","13":"pa_007_comicartist-aiden-kvarnstrom","14":"pa_007_comicartist-anamarija-kvas","15":"pa_007_comicartist-damir-stojnic-von-ktonsky","16":"pa_007_comicartist-edmund-mortimer","17":"pa_007_comicartist-fishboneseater","18":"pa_007_comicartist-kekube","19":"pa_007_comicartist-mattias-elftorp","20":"pa_007_comicartist-miku-maria-gustavsson","21":"pa_007_comicartist-oskar-aspman","22":"pa_007_comicartist-saskia-gullstrand","23":"pa_007_comicartist-svalan-sorblom","24":"pa_007_comicartist-tom-mortimer","25":"pa_007_comicartist-tomxyz","26":"pa_007_comicartist-zlatko-krstevski","27":"pa_008_authors-oskar-aspman","28":"pa_010_illustrators-oskar-aspman","29":"pa_011_coverartist-oskar-aspman","30":"pa_014_maineditor-oskar-aspman","31":"pa_020_find-all-by-adam-kolodziejski","32":"pa_020_find-all-by-aiden-kvarnstrom","33":"pa_020_find-all-by-anamarija-kvas","34":"pa_020_find-all-by-damir-stojnic-von-ktonsky","35":"pa_020_find-all-by-edmund-mortimer","36":"pa_020_find-all-by-fishboneseater","37":"pa_020_find-all-by-kekube","38":"pa_020_find-all-by-mattias-elftorp","39":"pa_020_find-all-by-miku-maria-gustavsson","40":"pa_020_find-all-by-oskar-aspman","41":"pa_020_find-all-by-saskia-gullstrand","42":"pa_020_find-all-by-svalan-sorblom","43":"pa_020_find-all-by-tom-mortimer","44":"pa_020_find-all-by-tomxyz","45":"pa_020_find-all-by-zlatko-krstevski","47":"first","48":"instock","49":"shipping-taxable","50":"purchasable","51":"product-type-simple"},"translation":{"provider":"WPGlobus","version":"3.0.2","language":"en","enabled_languages":["sv","en"],"languages":{"sv":{"title":true,"content":true,"excerpt":true},"en":{"title":false,"content":false,"excerpt":false}}},"acf":[],"yoast_head":"<!-- This site is optimized with the Yoast SEO Premium plugin v23.4 (Yoast SEO v27.5) - https:\/\/yoast.com\/product\/yoast-seo-premium-wordpress\/ -->\n<title>CBA vol 62|63 - Hybriden<\/title>\n<meta name=\"robots\" content=\"index, follow, max-snippet:-1, max-image-preview:large, max-video-preview:-1\" \/>\n<link rel=\"canonical\" href=\"https:\/\/www.hybriden.se\/product\/cba-vol-6263-9789187825354\/\" \/>\n<meta property=\"og:locale\" content=\"en_US\" \/>\n<meta property=\"og:type\" content=\"article\" \/>\n<meta property=\"og:title\" content=\"CBA vol 62|63 - Hybriden\" \/>\n<meta property=\"og:url\" content=\"https:\/\/www.hybriden.se\/product\/cba-vol-6263-9789187825354\/\" \/>\n<meta property=\"og:site_name\" content=\"Hybriden\" \/>\n<meta property=\"article:modified_time\" content=\"2026-04-13T17:41:37+00:00\" \/>\n<meta property=\"og:image\" content=\"https:\/\/www.hybriden.se\/wp-content\/uploads\/2024\/03\/CBAvol6263-791x1024-1.png\" \/>\n\t<meta property=\"og:image:width\" content=\"791\" \/>\n\t<meta property=\"og:image:height\" content=\"1024\" \/>\n\t<meta property=\"og:image:type\" content=\"image\/png\" \/>\n<meta name=\"twitter:label1\" content=\"Est. reading time\" \/>\n\t<meta name=\"twitter:data1\" content=\"1 minute\" \/>\n<script type=\"application\/ld+json\" class=\"yoast-schema-graph\">{\"@context\":\"https:\\\/\\\/schema.org\",\"@graph\":[{\"@type\":\"WebPage\",\"@id\":\"https:\\\/\\\/www.hybriden.se\\\/product\\\/cba-vol-6263-9789187825354\\\/\",\"url\":\"https:\\\/\\\/www.hybriden.se\\\/product\\\/cba-vol-6263-9789187825354\\\/\",\"name\":\"CBA vol 62|63 - Hybriden\",\"isPartOf\":{\"@id\":\"https:\\\/\\\/www.hybriden.se\\\/#website\"},\"primaryImageOfPage\":{\"@id\":\"https:\\\/\\\/www.hybriden.se\\\/product\\\/cba-vol-6263-9789187825354\\\/#primaryimage\"},\"image\":{\"@id\":\"https:\\\/\\\/www.hybriden.se\\\/product\\\/cba-vol-6263-9789187825354\\\/#primaryimage\"},\"thumbnailUrl\":\"https:\\\/\\\/www.hybriden.se\\\/wp-content\\\/uploads\\\/2024\\\/03\\\/CBAvol6263-791x1024-1.png\",\"datePublished\":\"2024-03-25T18:19:55+00:00\",\"dateModified\":\"2026-04-13T17:41:37+00:00\",\"breadcrumb\":{\"@id\":\"https:\\\/\\\/www.hybriden.se\\\/product\\\/cba-vol-6263-9789187825354\\\/#breadcrumb\"},\"inLanguage\":\"en-US\",\"potentialAction\":[{\"@type\":\"ReadAction\",\"target\":[\"https:\\\/\\\/www.hybriden.se\\\/product\\\/cba-vol-6263-9789187825354\\\/\"]}]},{\"@type\":\"ImageObject\",\"inLanguage\":\"en-US\",\"@id\":\"https:\\\/\\\/www.hybriden.se\\\/product\\\/cba-vol-6263-9789187825354\\\/#primaryimage\",\"url\":\"https:\\\/\\\/www.hybriden.se\\\/wp-content\\\/uploads\\\/2024\\\/03\\\/CBAvol6263-791x1024-1.png\",\"contentUrl\":\"https:\\\/\\\/www.hybriden.se\\\/wp-content\\\/uploads\\\/2024\\\/03\\\/CBAvol6263-791x1024-1.png\",\"width\":791,\"height\":1024},{\"@type\":\"BreadcrumbList\",\"@id\":\"https:\\\/\\\/www.hybriden.se\\\/product\\\/cba-vol-6263-9789187825354\\\/#breadcrumb\",\"itemListElement\":[{\"@type\":\"ListItem\",\"position\":1,\"name\":\"Hem\",\"item\":\"https:\\\/\\\/www.hybriden.se\\\/\"},{\"@type\":\"ListItem\",\"position\":2,\"name\":\"Shop\",\"item\":\"https:\\\/\\\/www.hybriden.se\\\/en\\\/shop\\\/\"},{\"@type\":\"ListItem\",\"position\":3,\"name\":\"CBA vol 62|63\"}]},{\"@type\":\"WebSite\",\"@id\":\"https:\\\/\\\/www.hybriden.se\\\/#website\",\"url\":\"https:\\\/\\\/www.hybriden.se\\\/\",\"name\":\"HYBRIDEN - Comics, Prints and Exhibitions\",\"description\":\"Comics, Prints and Exhibitions\",\"publisher\":{\"@id\":\"https:\\\/\\\/www.hybriden.se\\\/#organization\"},\"potentialAction\":[{\"@type\":\"SearchAction\",\"target\":{\"@type\":\"EntryPoint\",\"urlTemplate\":\"https:\\\/\\\/www.hybriden.se\\\/?s={search_term_string}\"},\"query-input\":{\"@type\":\"PropertyValueSpecification\",\"valueRequired\":true,\"valueName\":\"search_term_string\"}}],\"inLanguage\":\"en-US\"},{\"@type\":\"Organization\",\"@id\":\"https:\\\/\\\/www.hybriden.se\\\/#organization\",\"name\":\"HYBRIDEN\",\"url\":\"https:\\\/\\\/www.hybriden.se\\\/\",\"logo\":{\"@type\":\"ImageObject\",\"inLanguage\":\"en-US\",\"@id\":\"https:\\\/\\\/www.hybriden.se\\\/#\\\/schema\\\/logo\\\/image\\\/\",\"url\":\"https:\\\/\\\/www.hybriden.se\\\/wp-content\\\/uploads\\\/2022\\\/12\\\/309882173_562567562537341_815360613267169378_n.jpg\",\"contentUrl\":\"https:\\\/\\\/www.hybriden.se\\\/wp-content\\\/uploads\\\/2022\\\/12\\\/309882173_562567562537341_815360613267169378_n.jpg\",\"width\":800,\"height\":800,\"caption\":\"HYBRIDEN\"},\"image\":{\"@id\":\"https:\\\/\\\/www.hybriden.se\\\/#\\\/schema\\\/logo\\\/image\\\/\"}}]}<\/script>\n<!-- \/ Yoast SEO Premium plugin. -->","yoast_head_json":{"title":"CBA vol 62|63 - Hybriden","robots":{"index":"index","follow":"follow","max-snippet":"max-snippet:-1","max-image-preview":"max-image-preview:large","max-video-preview":"max-video-preview:-1"},"canonical":"https:\/\/www.hybriden.se\/product\/cba-vol-6263-9789187825354\/","og_locale":"en_US","og_type":"article","og_title":"CBA vol 62|63 - Hybriden","og_url":"https:\/\/www.hybriden.se\/product\/cba-vol-6263-9789187825354\/","og_site_name":"Hybriden","article_modified_time":"2026-04-13T17:41:37+00:00","og_image":[{"width":791,"height":1024,"url":"https:\/\/www.hybriden.se\/wp-content\/uploads\/2024\/03\/CBAvol6263-791x1024-1.png","type":"image\/png"}],"twitter_misc":{"Est. reading time":"1 minute"},"schema":{"@context":"https:\/\/schema.org","@graph":[{"@type":"WebPage","@id":"https:\/\/www.hybriden.se\/product\/cba-vol-6263-9789187825354\/","url":"https:\/\/www.hybriden.se\/product\/cba-vol-6263-9789187825354\/","name":"CBA vol 62|63 - Hybriden","isPartOf":{"@id":"https:\/\/www.hybriden.se\/#website"},"primaryImageOfPage":{"@id":"https:\/\/www.hybriden.se\/product\/cba-vol-6263-9789187825354\/#primaryimage"},"image":{"@id":"https:\/\/www.hybriden.se\/product\/cba-vol-6263-9789187825354\/#primaryimage"},"thumbnailUrl":"https:\/\/www.hybriden.se\/wp-content\/uploads\/2024\/03\/CBAvol6263-791x1024-1.png","datePublished":"2024-03-25T18:19:55+00:00","dateModified":"2026-04-13T17:41:37+00:00","breadcrumb":{"@id":"https:\/\/www.hybriden.se\/product\/cba-vol-6263-9789187825354\/#breadcrumb"},"inLanguage":"en-US","potentialAction":[{"@type":"ReadAction","target":["https:\/\/www.hybriden.se\/product\/cba-vol-6263-9789187825354\/"]}]},{"@type":"ImageObject","inLanguage":"en-US","@id":"https:\/\/www.hybriden.se\/product\/cba-vol-6263-9789187825354\/#primaryimage","url":"https:\/\/www.hybriden.se\/wp-content\/uploads\/2024\/03\/CBAvol6263-791x1024-1.png","contentUrl":"https:\/\/www.hybriden.se\/wp-content\/uploads\/2024\/03\/CBAvol6263-791x1024-1.png","width":791,"height":1024},{"@type":"BreadcrumbList","@id":"https:\/\/www.hybriden.se\/product\/cba-vol-6263-9789187825354\/#breadcrumb","itemListElement":[{"@type":"ListItem","position":1,"name":"Hem","item":"https:\/\/www.hybriden.se\/"},{"@type":"ListItem","position":2,"name":"Shop","item":"https:\/\/www.hybriden.se\/en\/shop\/"},{"@type":"ListItem","position":3,"name":"CBA vol 62|63"}]},{"@type":"WebSite","@id":"https:\/\/www.hybriden.se\/#website","url":"https:\/\/www.hybriden.se\/","name":"HYBRIDEN - Comics, Prints and Exhibitions","description":"Comics, Prints and Exhibitions","publisher":{"@id":"https:\/\/www.hybriden.se\/#organization"},"potentialAction":[{"@type":"SearchAction","target":{"@type":"EntryPoint","urlTemplate":"https:\/\/www.hybriden.se\/?s={search_term_string}"},"query-input":{"@type":"PropertyValueSpecification","valueRequired":true,"valueName":"search_term_string"}}],"inLanguage":"en-US"},{"@type":"Organization","@id":"https:\/\/www.hybriden.se\/#organization","name":"HYBRIDEN","url":"https:\/\/www.hybriden.se\/","logo":{"@type":"ImageObject","inLanguage":"en-US","@id":"https:\/\/www.hybriden.se\/#\/schema\/logo\/image\/","url":"https:\/\/www.hybriden.se\/wp-content\/uploads\/2022\/12\/309882173_562567562537341_815360613267169378_n.jpg","contentUrl":"https:\/\/www.hybriden.se\/wp-content\/uploads\/2022\/12\/309882173_562567562537341_815360613267169378_n.jpg","width":800,"height":800,"caption":"HYBRIDEN"},"image":{"@id":"https:\/\/www.hybriden.se\/#\/schema\/logo\/image\/"}}]}},"_links":{"self":[{"href":"https:\/\/www.hybriden.se\/en\/wp-json\/wp\/v2\/product\/13313","targetHints":{"allow":["GET"]}}],"collection":[{"href":"https:\/\/www.hybriden.se\/en\/wp-json\/wp\/v2\/product"}],"about":[{"href":"https:\/\/www.hybriden.se\/en\/wp-json\/wp\/v2\/types\/product"}],"replies":[{"embeddable":true,"href":"https:\/\/www.hybriden.se\/en\/wp-json\/wp\/v2\/comments?post=13313"}],"wp:featuredmedia":[{"embeddable":true,"href":"https:\/\/www.hybriden.se\/en\/wp-json\/wp\/v2\/media\/13317"}],"wp:attachment":[{"href":"https:\/\/www.hybriden.se\/en\/wp-json\/wp\/v2\/media?parent=13313"}],"wp:term":[{"taxonomy":"product_brand","embeddable":true,"href":"https:\/\/www.hybriden.se\/en\/wp-json\/wp\/v2\/product_brand?post=13313"},{"taxonomy":"product_cat","embeddable":true,"href":"https:\/\/www.hybriden.se\/en\/wp-json\/wp\/v2\/product_cat?post=13313"},{"taxonomy":"product_tag","embeddable":true,"href":"https:\/\/www.hybriden.se\/en\/wp-json\/wp\/v2\/product_tag?post=13313"}],"curies":[{"name":"wp","href":"https:\/\/api.w.org\/{rel}","templated":true}]}}