{"id":1336,"date":"2014-05-20T21:07:22","date_gmt":"2014-05-20T19:07:22","guid":{"rendered":"http:\/\/cbkcomics.com\/?post_type=product&#038;p=1336"},"modified":"2026-04-13T19:36:16","modified_gmt":"2026-04-13T17:36:16","slug":"jag-min-pappa-zlatan-9789186667290","status":"publish","type":"product","link":"https:\/\/www.hybriden.se\/en\/product\/jag-min-pappa-zlatan-9789186667290\/","title":{"rendered":"Jag &#038; min Pappa &#038; Zlatan"},"content":{"rendered":"<p>Sara brukar spela fotboll med sina kompisar. N\u00e4r hon och hennes pappa blir tvungna att l\u00e4mna sitt land \u00e4r hon \u00f6verlycklig \u00f6ver att de ska flytta just till Roseng\u00e5rd i Malm\u00f6, staden d\u00e4r Zlatan bor. Hennes h\u00f6gsta \u00f6nskan \u00e4r att f\u00e5 se honom spela och kanske till och med tr\u00e4ffa honom.<br \/>\nMen allt \u00e4r inte helt bra. Kanske kommer de inte att f\u00e5 stanna. Och det \u00e4r n\u00e5gonting konstigt med det h\u00e4r nya landet d\u00e4r man m\u00e5ste b\u00e4ra en svenskmask f\u00f6r att d\u00f6lja att man \u00e4r \u201cannorlunda\u201d.<br \/>\nSka hennes dr\u00f6mmar g\u00e5 i uppfyllelse?<\/p>\n<p><strong>Spr\u00e5k:<\/strong> Svenska<br \/>\n<a href=\"http:\/\/hybriden.se\/product\/me-my-daddy-zlatan-9789186667283\/\">Click here for the english version!<\/a><\/p>\n","protected":false},"excerpt":{"rendered":"<p>Sara brukar spela fotboll med sina kompisar. N\u00e4r hon och hennes pappa blir tvungna att l\u00e4mna sitt land \u00e4r hon \u00f6verlycklig \u00f6ver att de ska flytta just till Roseng\u00e5rd i Malm\u00f6, staden d\u00e4r Zlatan bor. Hennes h\u00f6gsta \u00f6nskan \u00e4r att f\u00e5 se honom spela och kanske till och med tr\u00e4ffa honom.<br \/>\nMen allt \u00e4r inte helt bra. Kanske kommer de inte att f\u00e5 stanna. Och det \u00e4r n\u00e5gonting konstigt med det h\u00e4r nya landet d\u00e4r man m\u00e5ste b\u00e4ra en svenskmask f\u00f6r att d\u00f6lja att man \u00e4r \u201cannorlunda\u201d.<br \/>\nSka hennes dr\u00f6mmar g\u00e5 i uppfyllelse?<\/p>\n<p><strong>Spr\u00e5k:<\/strong> Svenska<br \/>\n<a href=\"http:\/\/hybriden.se\/product\/me-my-daddy-zlatan-9789186667283\/\">Click here for the english version!<\/a><\/p>\n","protected":false},"featured_media":5430,"comment_status":"open","ping_status":"closed","template":"","meta":{"_acf_changed":false,"inline_featured_image":false},"product_brand":[],"product_cat":[1717,1711,1710,425,1712,427],"product_tag":[293],"class_list":{"0":"post-1336","1":"product","2":"type-product","3":"status-publish","4":"has-post-thumbnail","6":"product_cat-childrens-comics","7":"product_cat-graphic-novels","8":"product_cat-relevant-subjects","9":"product_cat-tusen-serier","10":"product_cat-women-as-main-characters","11":"product_cat-wormgod","12":"product_tag-mattias-elftorp-se","13":"product_shipping_class-books","14":"pa_001_isbn-944","15":"pa_005_language-svenska","16":"pa_007_comicartist-mattias-elftorp","17":"pa_020_find-all-by-mattias-elftorp","19":"first","20":"instock","21":"shipping-taxable","22":"purchasable","23":"product-type-simple"},"translation":{"provider":"WPGlobus","version":"3.0.2","language":"en","enabled_languages":["sv","en"],"languages":{"sv":{"title":true,"content":true,"excerpt":true},"en":{"title":true,"content":true,"excerpt":true}}},"acf":[],"yoast_head":"<!-- This site is optimized with the Yoast SEO Premium plugin v23.4 (Yoast SEO v27.4) - https:\/\/yoast.com\/product\/yoast-seo-premium-wordpress\/ -->\n<title>Jag &amp; min Pappa &amp; Zlatan - Hybriden<\/title>\n<meta name=\"robots\" content=\"index, follow, max-snippet:-1, max-image-preview:large, max-video-preview:-1\" \/>\n<link rel=\"canonical\" href=\"https:\/\/www.hybriden.se\/product\/jag-min-pappa-zlatan-9789186667290\/\" \/>\n<meta property=\"og:locale\" content=\"en_US\" \/>\n<meta property=\"og:type\" content=\"article\" \/>\n<meta property=\"og:title\" content=\"Jag &amp; min Pappa &amp; Zlatan - Hybriden\" \/>\n<meta property=\"og:url\" content=\"https:\/\/www.hybriden.se\/product\/jag-min-pappa-zlatan-9789186667290\/\" \/>\n<meta property=\"og:site_name\" content=\"Hybriden\" \/>\n<meta property=\"article:modified_time\" content=\"2026-04-13T17:36:16+00:00\" \/>\n<meta property=\"og:image\" content=\"https:\/\/www.hybriden.se\/wp-content\/uploads\/2004\/11\/TS_zlatan_791x1024.jpg\" \/>\n\t<meta property=\"og:image:width\" content=\"791\" \/>\n\t<meta property=\"og:image:height\" content=\"1024\" \/>\n\t<meta property=\"og:image:type\" content=\"image\/jpeg\" \/>\n<meta name=\"twitter:label1\" content=\"Est. reading time\" \/>\n\t<meta name=\"twitter:data1\" content=\"2 minutes\" \/>\n<script type=\"application\/ld+json\" class=\"yoast-schema-graph\">{\"@context\":\"https:\\\/\\\/schema.org\",\"@graph\":[{\"@type\":\"WebPage\",\"@id\":\"https:\\\/\\\/www.hybriden.se\\\/product\\\/jag-min-pappa-zlatan-9789186667290\\\/\",\"url\":\"https:\\\/\\\/www.hybriden.se\\\/product\\\/jag-min-pappa-zlatan-9789186667290\\\/\",\"name\":\"Jag & min Pappa & Zlatan - Hybriden\",\"isPartOf\":{\"@id\":\"https:\\\/\\\/www.hybriden.se\\\/#website\"},\"primaryImageOfPage\":{\"@id\":\"https:\\\/\\\/www.hybriden.se\\\/product\\\/jag-min-pappa-zlatan-9789186667290\\\/#primaryimage\"},\"image\":{\"@id\":\"https:\\\/\\\/www.hybriden.se\\\/product\\\/jag-min-pappa-zlatan-9789186667290\\\/#primaryimage\"},\"thumbnailUrl\":\"https:\\\/\\\/www.hybriden.se\\\/wp-content\\\/uploads\\\/2004\\\/11\\\/TS_zlatan_791x1024.jpg\",\"datePublished\":\"2014-05-20T19:07:22+00:00\",\"dateModified\":\"2026-04-13T17:36:16+00:00\",\"breadcrumb\":{\"@id\":\"https:\\\/\\\/www.hybriden.se\\\/product\\\/jag-min-pappa-zlatan-9789186667290\\\/#breadcrumb\"},\"inLanguage\":\"en-US\",\"potentialAction\":[{\"@type\":\"ReadAction\",\"target\":[\"https:\\\/\\\/www.hybriden.se\\\/product\\\/jag-min-pappa-zlatan-9789186667290\\\/\"]}]},{\"@type\":\"ImageObject\",\"inLanguage\":\"en-US\",\"@id\":\"https:\\\/\\\/www.hybriden.se\\\/product\\\/jag-min-pappa-zlatan-9789186667290\\\/#primaryimage\",\"url\":\"https:\\\/\\\/www.hybriden.se\\\/wp-content\\\/uploads\\\/2004\\\/11\\\/TS_zlatan_791x1024.jpg\",\"contentUrl\":\"https:\\\/\\\/www.hybriden.se\\\/wp-content\\\/uploads\\\/2004\\\/11\\\/TS_zlatan_791x1024.jpg\",\"width\":791,\"height\":1024},{\"@type\":\"BreadcrumbList\",\"@id\":\"https:\\\/\\\/www.hybriden.se\\\/product\\\/jag-min-pappa-zlatan-9789186667290\\\/#breadcrumb\",\"itemListElement\":[{\"@type\":\"ListItem\",\"position\":1,\"name\":\"Hem\",\"item\":\"https:\\\/\\\/www.hybriden.se\\\/\"},{\"@type\":\"ListItem\",\"position\":2,\"name\":\"Shop\",\"item\":\"https:\\\/\\\/www.hybriden.se\\\/en\\\/shop\\\/\"},{\"@type\":\"ListItem\",\"position\":3,\"name\":\"Jag &#038; min Pappa &#038; Zlatan\"}]},{\"@type\":\"WebSite\",\"@id\":\"https:\\\/\\\/www.hybriden.se\\\/#website\",\"url\":\"https:\\\/\\\/www.hybriden.se\\\/\",\"name\":\"HYBRIDEN - Comics, Prints and Exhibitions\",\"description\":\"Comics, Prints and Exhibitions\",\"publisher\":{\"@id\":\"https:\\\/\\\/www.hybriden.se\\\/#organization\"},\"potentialAction\":[{\"@type\":\"SearchAction\",\"target\":{\"@type\":\"EntryPoint\",\"urlTemplate\":\"https:\\\/\\\/www.hybriden.se\\\/?s={search_term_string}\"},\"query-input\":{\"@type\":\"PropertyValueSpecification\",\"valueRequired\":true,\"valueName\":\"search_term_string\"}}],\"inLanguage\":\"en-US\"},{\"@type\":\"Organization\",\"@id\":\"https:\\\/\\\/www.hybriden.se\\\/#organization\",\"name\":\"HYBRIDEN\",\"url\":\"https:\\\/\\\/www.hybriden.se\\\/\",\"logo\":{\"@type\":\"ImageObject\",\"inLanguage\":\"en-US\",\"@id\":\"https:\\\/\\\/www.hybriden.se\\\/#\\\/schema\\\/logo\\\/image\\\/\",\"url\":\"https:\\\/\\\/www.hybriden.se\\\/wp-content\\\/uploads\\\/2022\\\/12\\\/309882173_562567562537341_815360613267169378_n.jpg\",\"contentUrl\":\"https:\\\/\\\/www.hybriden.se\\\/wp-content\\\/uploads\\\/2022\\\/12\\\/309882173_562567562537341_815360613267169378_n.jpg\",\"width\":800,\"height\":800,\"caption\":\"HYBRIDEN\"},\"image\":{\"@id\":\"https:\\\/\\\/www.hybriden.se\\\/#\\\/schema\\\/logo\\\/image\\\/\"}}]}<\/script>\n<!-- \/ Yoast SEO Premium plugin. -->","yoast_head_json":{"title":"Jag & min Pappa & Zlatan - Hybriden","robots":{"index":"index","follow":"follow","max-snippet":"max-snippet:-1","max-image-preview":"max-image-preview:large","max-video-preview":"max-video-preview:-1"},"canonical":"https:\/\/www.hybriden.se\/product\/jag-min-pappa-zlatan-9789186667290\/","og_locale":"en_US","og_type":"article","og_title":"Jag & min Pappa & Zlatan - Hybriden","og_url":"https:\/\/www.hybriden.se\/product\/jag-min-pappa-zlatan-9789186667290\/","og_site_name":"Hybriden","article_modified_time":"2026-04-13T17:36:16+00:00","og_image":[{"width":791,"height":1024,"url":"https:\/\/www.hybriden.se\/wp-content\/uploads\/2004\/11\/TS_zlatan_791x1024.jpg","type":"image\/jpeg"}],"twitter_misc":{"Est. reading time":"2 minutes"},"schema":{"@context":"https:\/\/schema.org","@graph":[{"@type":"WebPage","@id":"https:\/\/www.hybriden.se\/product\/jag-min-pappa-zlatan-9789186667290\/","url":"https:\/\/www.hybriden.se\/product\/jag-min-pappa-zlatan-9789186667290\/","name":"Jag & min Pappa & Zlatan - Hybriden","isPartOf":{"@id":"https:\/\/www.hybriden.se\/#website"},"primaryImageOfPage":{"@id":"https:\/\/www.hybriden.se\/product\/jag-min-pappa-zlatan-9789186667290\/#primaryimage"},"image":{"@id":"https:\/\/www.hybriden.se\/product\/jag-min-pappa-zlatan-9789186667290\/#primaryimage"},"thumbnailUrl":"https:\/\/www.hybriden.se\/wp-content\/uploads\/2004\/11\/TS_zlatan_791x1024.jpg","datePublished":"2014-05-20T19:07:22+00:00","dateModified":"2026-04-13T17:36:16+00:00","breadcrumb":{"@id":"https:\/\/www.hybriden.se\/product\/jag-min-pappa-zlatan-9789186667290\/#breadcrumb"},"inLanguage":"en-US","potentialAction":[{"@type":"ReadAction","target":["https:\/\/www.hybriden.se\/product\/jag-min-pappa-zlatan-9789186667290\/"]}]},{"@type":"ImageObject","inLanguage":"en-US","@id":"https:\/\/www.hybriden.se\/product\/jag-min-pappa-zlatan-9789186667290\/#primaryimage","url":"https:\/\/www.hybriden.se\/wp-content\/uploads\/2004\/11\/TS_zlatan_791x1024.jpg","contentUrl":"https:\/\/www.hybriden.se\/wp-content\/uploads\/2004\/11\/TS_zlatan_791x1024.jpg","width":791,"height":1024},{"@type":"BreadcrumbList","@id":"https:\/\/www.hybriden.se\/product\/jag-min-pappa-zlatan-9789186667290\/#breadcrumb","itemListElement":[{"@type":"ListItem","position":1,"name":"Hem","item":"https:\/\/www.hybriden.se\/"},{"@type":"ListItem","position":2,"name":"Shop","item":"https:\/\/www.hybriden.se\/en\/shop\/"},{"@type":"ListItem","position":3,"name":"Jag &#038; min Pappa &#038; Zlatan"}]},{"@type":"WebSite","@id":"https:\/\/www.hybriden.se\/#website","url":"https:\/\/www.hybriden.se\/","name":"HYBRIDEN - Comics, Prints and Exhibitions","description":"Comics, Prints and Exhibitions","publisher":{"@id":"https:\/\/www.hybriden.se\/#organization"},"potentialAction":[{"@type":"SearchAction","target":{"@type":"EntryPoint","urlTemplate":"https:\/\/www.hybriden.se\/?s={search_term_string}"},"query-input":{"@type":"PropertyValueSpecification","valueRequired":true,"valueName":"search_term_string"}}],"inLanguage":"en-US"},{"@type":"Organization","@id":"https:\/\/www.hybriden.se\/#organization","name":"HYBRIDEN","url":"https:\/\/www.hybriden.se\/","logo":{"@type":"ImageObject","inLanguage":"en-US","@id":"https:\/\/www.hybriden.se\/#\/schema\/logo\/image\/","url":"https:\/\/www.hybriden.se\/wp-content\/uploads\/2022\/12\/309882173_562567562537341_815360613267169378_n.jpg","contentUrl":"https:\/\/www.hybriden.se\/wp-content\/uploads\/2022\/12\/309882173_562567562537341_815360613267169378_n.jpg","width":800,"height":800,"caption":"HYBRIDEN"},"image":{"@id":"https:\/\/www.hybriden.se\/#\/schema\/logo\/image\/"}}]}},"_links":{"self":[{"href":"https:\/\/www.hybriden.se\/en\/wp-json\/wp\/v2\/product\/1336","targetHints":{"allow":["GET"]}}],"collection":[{"href":"https:\/\/www.hybriden.se\/en\/wp-json\/wp\/v2\/product"}],"about":[{"href":"https:\/\/www.hybriden.se\/en\/wp-json\/wp\/v2\/types\/product"}],"replies":[{"embeddable":true,"href":"https:\/\/www.hybriden.se\/en\/wp-json\/wp\/v2\/comments?post=1336"}],"wp:featuredmedia":[{"embeddable":true,"href":"https:\/\/www.hybriden.se\/en\/wp-json\/wp\/v2\/media\/5430"}],"wp:attachment":[{"href":"https:\/\/www.hybriden.se\/en\/wp-json\/wp\/v2\/media?parent=1336"}],"wp:term":[{"taxonomy":"product_brand","embeddable":true,"href":"https:\/\/www.hybriden.se\/en\/wp-json\/wp\/v2\/product_brand?post=1336"},{"taxonomy":"product_cat","embeddable":true,"href":"https:\/\/www.hybriden.se\/en\/wp-json\/wp\/v2\/product_cat?post=1336"},{"taxonomy":"product_tag","embeddable":true,"href":"https:\/\/www.hybriden.se\/en\/wp-json\/wp\/v2\/product_tag?post=1336"}],"curies":[{"name":"wp","href":"https:\/\/api.w.org\/{rel}","templated":true}]}}