{"id":1371,"date":"2010-03-15T18:02:41","date_gmt":"2010-03-15T17:02:41","guid":{"rendered":"http:\/\/cbkcomics.com\/?post_type=product&#038;p=1371"},"modified":"2026-04-13T19:36:11","modified_gmt":"2026-04-13T17:36:11","slug":"piracy-is-liberation-008-spiders-pt-2-9789197841818","status":"publish","type":"product","link":"https:\/\/www.hybriden.se\/en\/product\/piracy-is-liberation-008-spiders-pt-2-9789197841818\/","title":{"rendered":"Piracy is Liberation 008: Spiders pt 2"},"content":{"rendered":"<p>More Spiders! More adventures in the deeper reaches of the information sea! Also in this issue: A look into the halls of power (what does it take to become Master of the Week?)! Life on the street level (what&#8217;s life like when you don&#8217;t need to pay rent?)! Theological discussions (is it ok to kill a potential semi-god?)! Timetravel (can Technograph change the past?)! Will Purple survive beta-testing the Information Upgrade (and what might she wake up by doing it?)? Don&#8217;t miss the conclusion to the Spiders story!<\/p>\n<p>EXTRAS (not included in the collected edition):<br \/>\nGuest illustration by <strong>\u00c5sa Ekstr\u00f6m, Oskar Aspman, Max Sj\u00f6holm<\/strong><\/p>\n","protected":false},"excerpt":{"rendered":"<p>More Spiders! More adventures in the deeper reaches of the information sea! Also in this issue: A look into the halls of power (what does it take to become Master of the Week?)! Life on the street level (what&#8217;s life like when you don&#8217;t need to pay rent?)! Theological discussions (is it ok to kill a potential semi-god?)! Timetravel (can Technograph change the past?)! Will Purple survive beta-testing the Information Upgrade (and what might she wake up by doing it?)? Don&#8217;t miss the conclusion to the Spiders story!<\/p>\n","protected":false},"featured_media":5442,"comment_status":"open","ping_status":"closed","template":"","meta":{"_acf_changed":false,"inline_featured_image":false},"product_brand":[],"product_cat":[1708,427],"product_tag":[293,389],"class_list":{"0":"post-1371","1":"product","2":"type-product","3":"status-publish","4":"has-post-thumbnail","6":"product_cat-sci-fi","7":"product_cat-wormgod","8":"product_tag-mattias-elftorp-se","9":"product_tag-susanne-johansson-se","10":"product_shipping_class-books","11":"pa_001_isbn-845","12":"pa_001_series-piracy-is-liberation","13":"pa_005_language-english","14":"pa_007_comicartist-mattias-elftorp","15":"pa_011_coverartist-susanne-johansson","16":"pa_020_find-all-by-mattias-elftorp","18":"first","19":"instock","20":"shipping-taxable","21":"purchasable","22":"product-type-simple"},"translation":{"provider":"WPGlobus","version":"3.0.2","language":"en","enabled_languages":["sv","en"],"languages":{"sv":{"title":true,"content":true,"excerpt":true},"en":{"title":false,"content":false,"excerpt":false}}},"acf":[],"yoast_head":"<!-- This site is optimized with the Yoast SEO Premium plugin v23.4 (Yoast SEO v27.4) - https:\/\/yoast.com\/product\/yoast-seo-premium-wordpress\/ -->\n<title>Piracy is Liberation 008: Spiders pt 2 - Hybriden<\/title>\n<meta name=\"robots\" content=\"index, follow, max-snippet:-1, max-image-preview:large, max-video-preview:-1\" \/>\n<link rel=\"canonical\" href=\"https:\/\/www.hybriden.se\/product\/piracy-is-liberation-008-spiders-pt-2-9789197841818\/\" \/>\n<meta property=\"og:locale\" content=\"en_US\" \/>\n<meta property=\"og:type\" content=\"article\" \/>\n<meta property=\"og:title\" content=\"Piracy is Liberation 008: Spiders pt 2 - Hybriden\" \/>\n<meta property=\"og:url\" content=\"https:\/\/www.hybriden.se\/product\/piracy-is-liberation-008-spiders-pt-2-9789197841818\/\" \/>\n<meta property=\"og:site_name\" content=\"Hybriden\" \/>\n<meta property=\"article:modified_time\" content=\"2026-04-13T17:36:11+00:00\" \/>\n<meta property=\"og:image\" content=\"https:\/\/www.hybriden.se\/wp-content\/uploads\/2004\/11\/WG_p008_791x1024.jpg\" \/>\n\t<meta property=\"og:image:width\" content=\"791\" \/>\n\t<meta property=\"og:image:height\" content=\"1024\" \/>\n\t<meta property=\"og:image:type\" content=\"image\/jpeg\" \/>\n<meta name=\"twitter:label1\" content=\"Est. reading time\" \/>\n\t<meta name=\"twitter:data1\" content=\"1 minute\" \/>\n<script type=\"application\/ld+json\" class=\"yoast-schema-graph\">{\"@context\":\"https:\\\/\\\/schema.org\",\"@graph\":[{\"@type\":\"WebPage\",\"@id\":\"https:\\\/\\\/www.hybriden.se\\\/product\\\/piracy-is-liberation-008-spiders-pt-2-9789197841818\\\/\",\"url\":\"https:\\\/\\\/www.hybriden.se\\\/product\\\/piracy-is-liberation-008-spiders-pt-2-9789197841818\\\/\",\"name\":\"Piracy is Liberation 008: Spiders pt 2 - Hybriden\",\"isPartOf\":{\"@id\":\"https:\\\/\\\/www.hybriden.se\\\/#website\"},\"primaryImageOfPage\":{\"@id\":\"https:\\\/\\\/www.hybriden.se\\\/product\\\/piracy-is-liberation-008-spiders-pt-2-9789197841818\\\/#primaryimage\"},\"image\":{\"@id\":\"https:\\\/\\\/www.hybriden.se\\\/product\\\/piracy-is-liberation-008-spiders-pt-2-9789197841818\\\/#primaryimage\"},\"thumbnailUrl\":\"https:\\\/\\\/www.hybriden.se\\\/wp-content\\\/uploads\\\/2004\\\/11\\\/WG_p008_791x1024.jpg\",\"datePublished\":\"2010-03-15T17:02:41+00:00\",\"dateModified\":\"2026-04-13T17:36:11+00:00\",\"breadcrumb\":{\"@id\":\"https:\\\/\\\/www.hybriden.se\\\/product\\\/piracy-is-liberation-008-spiders-pt-2-9789197841818\\\/#breadcrumb\"},\"inLanguage\":\"en-US\",\"potentialAction\":[{\"@type\":\"ReadAction\",\"target\":[\"https:\\\/\\\/www.hybriden.se\\\/product\\\/piracy-is-liberation-008-spiders-pt-2-9789197841818\\\/\"]}]},{\"@type\":\"ImageObject\",\"inLanguage\":\"en-US\",\"@id\":\"https:\\\/\\\/www.hybriden.se\\\/product\\\/piracy-is-liberation-008-spiders-pt-2-9789197841818\\\/#primaryimage\",\"url\":\"https:\\\/\\\/www.hybriden.se\\\/wp-content\\\/uploads\\\/2004\\\/11\\\/WG_p008_791x1024.jpg\",\"contentUrl\":\"https:\\\/\\\/www.hybriden.se\\\/wp-content\\\/uploads\\\/2004\\\/11\\\/WG_p008_791x1024.jpg\",\"width\":791,\"height\":1024},{\"@type\":\"BreadcrumbList\",\"@id\":\"https:\\\/\\\/www.hybriden.se\\\/product\\\/piracy-is-liberation-008-spiders-pt-2-9789197841818\\\/#breadcrumb\",\"itemListElement\":[{\"@type\":\"ListItem\",\"position\":1,\"name\":\"Hem\",\"item\":\"https:\\\/\\\/www.hybriden.se\\\/\"},{\"@type\":\"ListItem\",\"position\":2,\"name\":\"Shop\",\"item\":\"https:\\\/\\\/www.hybriden.se\\\/en\\\/shop\\\/\"},{\"@type\":\"ListItem\",\"position\":3,\"name\":\"Piracy is Liberation 008: Spiders pt 2\"}]},{\"@type\":\"WebSite\",\"@id\":\"https:\\\/\\\/www.hybriden.se\\\/#website\",\"url\":\"https:\\\/\\\/www.hybriden.se\\\/\",\"name\":\"HYBRIDEN - Comics, Prints and Exhibitions\",\"description\":\"Comics, Prints and Exhibitions\",\"publisher\":{\"@id\":\"https:\\\/\\\/www.hybriden.se\\\/#organization\"},\"potentialAction\":[{\"@type\":\"SearchAction\",\"target\":{\"@type\":\"EntryPoint\",\"urlTemplate\":\"https:\\\/\\\/www.hybriden.se\\\/?s={search_term_string}\"},\"query-input\":{\"@type\":\"PropertyValueSpecification\",\"valueRequired\":true,\"valueName\":\"search_term_string\"}}],\"inLanguage\":\"en-US\"},{\"@type\":\"Organization\",\"@id\":\"https:\\\/\\\/www.hybriden.se\\\/#organization\",\"name\":\"HYBRIDEN\",\"url\":\"https:\\\/\\\/www.hybriden.se\\\/\",\"logo\":{\"@type\":\"ImageObject\",\"inLanguage\":\"en-US\",\"@id\":\"https:\\\/\\\/www.hybriden.se\\\/#\\\/schema\\\/logo\\\/image\\\/\",\"url\":\"https:\\\/\\\/www.hybriden.se\\\/wp-content\\\/uploads\\\/2022\\\/12\\\/309882173_562567562537341_815360613267169378_n.jpg\",\"contentUrl\":\"https:\\\/\\\/www.hybriden.se\\\/wp-content\\\/uploads\\\/2022\\\/12\\\/309882173_562567562537341_815360613267169378_n.jpg\",\"width\":800,\"height\":800,\"caption\":\"HYBRIDEN\"},\"image\":{\"@id\":\"https:\\\/\\\/www.hybriden.se\\\/#\\\/schema\\\/logo\\\/image\\\/\"}}]}<\/script>\n<!-- \/ Yoast SEO Premium plugin. -->","yoast_head_json":{"title":"Piracy is Liberation 008: Spiders pt 2 - Hybriden","robots":{"index":"index","follow":"follow","max-snippet":"max-snippet:-1","max-image-preview":"max-image-preview:large","max-video-preview":"max-video-preview:-1"},"canonical":"https:\/\/www.hybriden.se\/product\/piracy-is-liberation-008-spiders-pt-2-9789197841818\/","og_locale":"en_US","og_type":"article","og_title":"Piracy is Liberation 008: Spiders pt 2 - Hybriden","og_url":"https:\/\/www.hybriden.se\/product\/piracy-is-liberation-008-spiders-pt-2-9789197841818\/","og_site_name":"Hybriden","article_modified_time":"2026-04-13T17:36:11+00:00","og_image":[{"width":791,"height":1024,"url":"https:\/\/www.hybriden.se\/wp-content\/uploads\/2004\/11\/WG_p008_791x1024.jpg","type":"image\/jpeg"}],"twitter_misc":{"Est. reading time":"1 minute"},"schema":{"@context":"https:\/\/schema.org","@graph":[{"@type":"WebPage","@id":"https:\/\/www.hybriden.se\/product\/piracy-is-liberation-008-spiders-pt-2-9789197841818\/","url":"https:\/\/www.hybriden.se\/product\/piracy-is-liberation-008-spiders-pt-2-9789197841818\/","name":"Piracy is Liberation 008: Spiders pt 2 - Hybriden","isPartOf":{"@id":"https:\/\/www.hybriden.se\/#website"},"primaryImageOfPage":{"@id":"https:\/\/www.hybriden.se\/product\/piracy-is-liberation-008-spiders-pt-2-9789197841818\/#primaryimage"},"image":{"@id":"https:\/\/www.hybriden.se\/product\/piracy-is-liberation-008-spiders-pt-2-9789197841818\/#primaryimage"},"thumbnailUrl":"https:\/\/www.hybriden.se\/wp-content\/uploads\/2004\/11\/WG_p008_791x1024.jpg","datePublished":"2010-03-15T17:02:41+00:00","dateModified":"2026-04-13T17:36:11+00:00","breadcrumb":{"@id":"https:\/\/www.hybriden.se\/product\/piracy-is-liberation-008-spiders-pt-2-9789197841818\/#breadcrumb"},"inLanguage":"en-US","potentialAction":[{"@type":"ReadAction","target":["https:\/\/www.hybriden.se\/product\/piracy-is-liberation-008-spiders-pt-2-9789197841818\/"]}]},{"@type":"ImageObject","inLanguage":"en-US","@id":"https:\/\/www.hybriden.se\/product\/piracy-is-liberation-008-spiders-pt-2-9789197841818\/#primaryimage","url":"https:\/\/www.hybriden.se\/wp-content\/uploads\/2004\/11\/WG_p008_791x1024.jpg","contentUrl":"https:\/\/www.hybriden.se\/wp-content\/uploads\/2004\/11\/WG_p008_791x1024.jpg","width":791,"height":1024},{"@type":"BreadcrumbList","@id":"https:\/\/www.hybriden.se\/product\/piracy-is-liberation-008-spiders-pt-2-9789197841818\/#breadcrumb","itemListElement":[{"@type":"ListItem","position":1,"name":"Hem","item":"https:\/\/www.hybriden.se\/"},{"@type":"ListItem","position":2,"name":"Shop","item":"https:\/\/www.hybriden.se\/en\/shop\/"},{"@type":"ListItem","position":3,"name":"Piracy is Liberation 008: Spiders pt 2"}]},{"@type":"WebSite","@id":"https:\/\/www.hybriden.se\/#website","url":"https:\/\/www.hybriden.se\/","name":"HYBRIDEN - Comics, Prints and Exhibitions","description":"Comics, Prints and Exhibitions","publisher":{"@id":"https:\/\/www.hybriden.se\/#organization"},"potentialAction":[{"@type":"SearchAction","target":{"@type":"EntryPoint","urlTemplate":"https:\/\/www.hybriden.se\/?s={search_term_string}"},"query-input":{"@type":"PropertyValueSpecification","valueRequired":true,"valueName":"search_term_string"}}],"inLanguage":"en-US"},{"@type":"Organization","@id":"https:\/\/www.hybriden.se\/#organization","name":"HYBRIDEN","url":"https:\/\/www.hybriden.se\/","logo":{"@type":"ImageObject","inLanguage":"en-US","@id":"https:\/\/www.hybriden.se\/#\/schema\/logo\/image\/","url":"https:\/\/www.hybriden.se\/wp-content\/uploads\/2022\/12\/309882173_562567562537341_815360613267169378_n.jpg","contentUrl":"https:\/\/www.hybriden.se\/wp-content\/uploads\/2022\/12\/309882173_562567562537341_815360613267169378_n.jpg","width":800,"height":800,"caption":"HYBRIDEN"},"image":{"@id":"https:\/\/www.hybriden.se\/#\/schema\/logo\/image\/"}}]}},"_links":{"self":[{"href":"https:\/\/www.hybriden.se\/en\/wp-json\/wp\/v2\/product\/1371","targetHints":{"allow":["GET"]}}],"collection":[{"href":"https:\/\/www.hybriden.se\/en\/wp-json\/wp\/v2\/product"}],"about":[{"href":"https:\/\/www.hybriden.se\/en\/wp-json\/wp\/v2\/types\/product"}],"replies":[{"embeddable":true,"href":"https:\/\/www.hybriden.se\/en\/wp-json\/wp\/v2\/comments?post=1371"}],"wp:featuredmedia":[{"embeddable":true,"href":"https:\/\/www.hybriden.se\/en\/wp-json\/wp\/v2\/media\/5442"}],"wp:attachment":[{"href":"https:\/\/www.hybriden.se\/en\/wp-json\/wp\/v2\/media?parent=1371"}],"wp:term":[{"taxonomy":"product_brand","embeddable":true,"href":"https:\/\/www.hybriden.se\/en\/wp-json\/wp\/v2\/product_brand?post=1371"},{"taxonomy":"product_cat","embeddable":true,"href":"https:\/\/www.hybriden.se\/en\/wp-json\/wp\/v2\/product_cat?post=1371"},{"taxonomy":"product_tag","embeddable":true,"href":"https:\/\/www.hybriden.se\/en\/wp-json\/wp\/v2\/product_tag?post=1371"}],"curies":[{"name":"wp","href":"https:\/\/api.w.org\/{rel}","templated":true}]}}