{"id":14107,"date":"2025-05-20T15:22:40","date_gmt":"2025-05-20T13:22:40","guid":{"rendered":"https:\/\/www.hybriden.se\/?post_type=product&#038;p=14107"},"modified":"2026-04-13T19:34:29","modified_gmt":"2026-04-13T17:34:29","slug":"cba-vol-68-9789187825415","status":"publish","type":"product","link":"https:\/\/www.hybriden.se\/en\/product\/cba-vol-68-9789187825415\/","title":{"rendered":"CBA vol 68"},"content":{"rendered":"<p><strong>Stories from <del datetime=\"2025-05-20T13:22:43+00:00\">the Future<\/del> Space<\/strong><\/p>\n<p><em>No theme, just more stories. Let\u2019s all go to the stars! Or maybe the future, if there is such a thing? These are stories to take you away and to bring you back, possibly changed. You just have to try it! <\/em><em><br \/>\n<\/em><\/p>\n<p><small><strong>Comics by: <\/strong>Shko Askari [IQ\/SE], Felipe Kolb Bernardes [PT\/SE], Layal Safieddine [LB\/SE], Maja Perak [HR], Gareth A Hopkins [UK], Daniel Gizicki [PL], Grzegorz Pawlak [PL], Aiden Kvarnstr\u00f6m [SE], Josef Nor\u00e9n [SE], Predrag Stamenkovi\u0107 [RS], Korin(a) Hunjak [HR], Petra Lilla Marjai [HU], David Liljemark [SE], Jimmy Wallin [SE], Pavol Bratsk\u00fd [SK], Marcin Ba\u0142czewski [PL], Artur Biernacki [PL]. <strong>Cover, text &amp; illustrations by: <\/strong>Mattias Elftorp [SE]. <strong>Main editor: <\/strong>Mattias Elftorp [SE].<\/small><\/p>\n","protected":false},"excerpt":{"rendered":"<p><strong>Stories from <del datetime=\"2025-05-20T13:22:43+00:00\">the Future<\/del> Space<\/strong><\/p>\n<p><em>No theme, just more stories. Let\u2019s all go to the stars! Or maybe the future, if there is such a thing? These are stories to take you away and to bring you back, possibly changed. You just have to try it! <\/em><em><br \/>\n<\/em><\/p>\n<p><small><strong>Comics by: <\/strong>Shko Askari [IQ\/SE], Felipe Kolb Bernardes [PT\/SE], Layal Safieddine [LB\/SE], Maja Perak [HR], Gareth A Hopkins [UK], Daniel Gizicki [PL], Grzegorz Pawlak [PL], Aiden Kvarnstr\u00f6m [SE], Josef Nor\u00e9n [SE], Predrag Stamenkovi\u0107 [RS], Korin(a) Hunjak [HR], Petra Lilla Marjai [HU], David Liljemark [SE], Jimmy Wallin [SE], Pavol Bratsk\u00fd [SK], Marcin Ba\u0142czewski [PL], Artur Biernacki [PL]. <strong>Cover, text &amp; illustrations by: <\/strong>Mattias Elftorp [SE]. <strong>Main editor: <\/strong>Mattias Elftorp [SE].<\/small><\/p>\n","protected":false},"featured_media":14090,"comment_status":"open","ping_status":"closed","template":"","meta":{"_acf_changed":false,"inline_featured_image":false},"product_brand":[],"product_cat":[429,422],"product_tag":[],"class_list":{"0":"post-14107","1":"product","2":"type-product","3":"status-publish","4":"has-post-thumbnail","6":"product_cat-cba-vol","7":"product_cat-cbk","8":"product_shipping_class-books","9":"pa_001_isbn-978-91-87825-41-5","10":"pa_005_language-english","11":"pa_007_comicartist-aiden-kvarnstrom","12":"pa_007_comicartist-felipe-kolb-bernardes","13":"pa_007_comicartist-gareth-a-hopkins","14":"pa_007_comicartist-josef-noren","15":"pa_007_comicartist-korina-hunjak","16":"pa_007_comicartist-layal-safieddine","17":"pa_007_comicartist-maja-perak","18":"pa_007_comicartist-mattias-elftorp","19":"pa_007_comicartist-pavol-bratsky","20":"pa_007_comicartist-petra-lilla-marjai","21":"pa_007_comicartist-predrag-stamenkovic","22":"pa_007_comicartist-shko-askari","23":"pa_008_authors-daniel-gizicki","24":"pa_008_authors-david-liljemark","25":"pa_008_authors-fabijan-cerneka","26":"pa_008_authors-marcin-balczewski","27":"pa_009_artists-artur-biernacki","28":"pa_009_artists-grzegorz-pawlak","29":"pa_009_artists-jimmy-wallin","30":"pa_009_artists-korina-hunjak","31":"pa_010_illustrators-mattias-elftorp","32":"pa_011_coverartist-mattias-elftorp","33":"pa_014_maineditor-mattias-elftorp","34":"pa_020_find-all-by-aiden-kvarnstrom","35":"pa_020_find-all-by-artur-biernacki","36":"pa_020_find-all-by-daniel-gizicki","37":"pa_020_find-all-by-david-liljemark","38":"pa_020_find-all-by-felipe-kolb-bernardes","39":"pa_020_find-all-by-gareth-a-hopkins","40":"pa_020_find-all-by-grzegorz-pawlak","41":"pa_020_find-all-by-jimmy-wallin","42":"pa_020_find-all-by-josef-noren","43":"pa_020_find-all-by-korina-hunjak-3","44":"pa_020_find-all-by-layal-safieddine","45":"pa_020_find-all-by-maja-perak","46":"pa_020_find-all-by-marcin-balczewski","47":"pa_020_find-all-by-mattias-elftorp","48":"pa_020_find-all-by-pavol-bratsky","49":"pa_020_find-all-by-petra-lilla-marjai","50":"pa_020_find-all-by-predrag-stamenkovic","51":"pa_020_find-all-by-shko-askari","53":"first","54":"instock","55":"shipping-taxable","56":"purchasable","57":"product-type-simple"},"translation":{"provider":"WPGlobus","version":"3.0.2","language":"en","enabled_languages":["sv","en"],"languages":{"sv":{"title":true,"content":true,"excerpt":true},"en":{"title":false,"content":false,"excerpt":false}}},"acf":[],"yoast_head":"<!-- This site is optimized with the Yoast SEO Premium plugin v23.4 (Yoast SEO v27.4) - https:\/\/yoast.com\/product\/yoast-seo-premium-wordpress\/ -->\n<title>CBA vol 68 - Hybriden<\/title>\n<meta name=\"robots\" content=\"index, follow, max-snippet:-1, max-image-preview:large, max-video-preview:-1\" \/>\n<link rel=\"canonical\" href=\"https:\/\/www.hybriden.se\/product\/cba-vol-68-9789187825415\/\" \/>\n<meta property=\"og:locale\" content=\"en_US\" \/>\n<meta property=\"og:type\" content=\"article\" \/>\n<meta property=\"og:title\" content=\"CBA vol 68 - Hybriden\" \/>\n<meta property=\"og:url\" content=\"https:\/\/www.hybriden.se\/product\/cba-vol-68-9789187825415\/\" \/>\n<meta property=\"og:site_name\" content=\"Hybriden\" \/>\n<meta property=\"article:modified_time\" content=\"2026-04-13T17:34:29+00:00\" \/>\n<meta property=\"og:image\" content=\"https:\/\/www.hybriden.se\/wp-content\/uploads\/2025\/04\/CBAvol68-791x1024-1.png\" \/>\n\t<meta property=\"og:image:width\" content=\"791\" \/>\n\t<meta property=\"og:image:height\" content=\"1024\" \/>\n\t<meta property=\"og:image:type\" content=\"image\/png\" \/>\n<meta name=\"twitter:label1\" content=\"Est. reading time\" \/>\n\t<meta name=\"twitter:data1\" content=\"1 minute\" \/>\n<script type=\"application\/ld+json\" class=\"yoast-schema-graph\">{\"@context\":\"https:\\\/\\\/schema.org\",\"@graph\":[{\"@type\":\"WebPage\",\"@id\":\"https:\\\/\\\/www.hybriden.se\\\/product\\\/cba-vol-68-9789187825415\\\/\",\"url\":\"https:\\\/\\\/www.hybriden.se\\\/product\\\/cba-vol-68-9789187825415\\\/\",\"name\":\"CBA vol 68 - Hybriden\",\"isPartOf\":{\"@id\":\"https:\\\/\\\/www.hybriden.se\\\/#website\"},\"primaryImageOfPage\":{\"@id\":\"https:\\\/\\\/www.hybriden.se\\\/product\\\/cba-vol-68-9789187825415\\\/#primaryimage\"},\"image\":{\"@id\":\"https:\\\/\\\/www.hybriden.se\\\/product\\\/cba-vol-68-9789187825415\\\/#primaryimage\"},\"thumbnailUrl\":\"https:\\\/\\\/www.hybriden.se\\\/wp-content\\\/uploads\\\/2025\\\/04\\\/CBAvol68-791x1024-1.png\",\"datePublished\":\"2025-05-20T13:22:40+00:00\",\"dateModified\":\"2026-04-13T17:34:29+00:00\",\"breadcrumb\":{\"@id\":\"https:\\\/\\\/www.hybriden.se\\\/product\\\/cba-vol-68-9789187825415\\\/#breadcrumb\"},\"inLanguage\":\"en-US\",\"potentialAction\":[{\"@type\":\"ReadAction\",\"target\":[\"https:\\\/\\\/www.hybriden.se\\\/product\\\/cba-vol-68-9789187825415\\\/\"]}]},{\"@type\":\"ImageObject\",\"inLanguage\":\"en-US\",\"@id\":\"https:\\\/\\\/www.hybriden.se\\\/product\\\/cba-vol-68-9789187825415\\\/#primaryimage\",\"url\":\"https:\\\/\\\/www.hybriden.se\\\/wp-content\\\/uploads\\\/2025\\\/04\\\/CBAvol68-791x1024-1.png\",\"contentUrl\":\"https:\\\/\\\/www.hybriden.se\\\/wp-content\\\/uploads\\\/2025\\\/04\\\/CBAvol68-791x1024-1.png\",\"width\":791,\"height\":1024},{\"@type\":\"BreadcrumbList\",\"@id\":\"https:\\\/\\\/www.hybriden.se\\\/product\\\/cba-vol-68-9789187825415\\\/#breadcrumb\",\"itemListElement\":[{\"@type\":\"ListItem\",\"position\":1,\"name\":\"Hem\",\"item\":\"https:\\\/\\\/www.hybriden.se\\\/\"},{\"@type\":\"ListItem\",\"position\":2,\"name\":\"Shop\",\"item\":\"https:\\\/\\\/www.hybriden.se\\\/en\\\/shop\\\/\"},{\"@type\":\"ListItem\",\"position\":3,\"name\":\"CBA vol 68\"}]},{\"@type\":\"WebSite\",\"@id\":\"https:\\\/\\\/www.hybriden.se\\\/#website\",\"url\":\"https:\\\/\\\/www.hybriden.se\\\/\",\"name\":\"HYBRIDEN - Comics, Prints and Exhibitions\",\"description\":\"Comics, Prints and Exhibitions\",\"publisher\":{\"@id\":\"https:\\\/\\\/www.hybriden.se\\\/#organization\"},\"potentialAction\":[{\"@type\":\"SearchAction\",\"target\":{\"@type\":\"EntryPoint\",\"urlTemplate\":\"https:\\\/\\\/www.hybriden.se\\\/?s={search_term_string}\"},\"query-input\":{\"@type\":\"PropertyValueSpecification\",\"valueRequired\":true,\"valueName\":\"search_term_string\"}}],\"inLanguage\":\"en-US\"},{\"@type\":\"Organization\",\"@id\":\"https:\\\/\\\/www.hybriden.se\\\/#organization\",\"name\":\"HYBRIDEN\",\"url\":\"https:\\\/\\\/www.hybriden.se\\\/\",\"logo\":{\"@type\":\"ImageObject\",\"inLanguage\":\"en-US\",\"@id\":\"https:\\\/\\\/www.hybriden.se\\\/#\\\/schema\\\/logo\\\/image\\\/\",\"url\":\"https:\\\/\\\/www.hybriden.se\\\/wp-content\\\/uploads\\\/2022\\\/12\\\/309882173_562567562537341_815360613267169378_n.jpg\",\"contentUrl\":\"https:\\\/\\\/www.hybriden.se\\\/wp-content\\\/uploads\\\/2022\\\/12\\\/309882173_562567562537341_815360613267169378_n.jpg\",\"width\":800,\"height\":800,\"caption\":\"HYBRIDEN\"},\"image\":{\"@id\":\"https:\\\/\\\/www.hybriden.se\\\/#\\\/schema\\\/logo\\\/image\\\/\"}}]}<\/script>\n<!-- \/ Yoast SEO Premium plugin. -->","yoast_head_json":{"title":"CBA vol 68 - Hybriden","robots":{"index":"index","follow":"follow","max-snippet":"max-snippet:-1","max-image-preview":"max-image-preview:large","max-video-preview":"max-video-preview:-1"},"canonical":"https:\/\/www.hybriden.se\/product\/cba-vol-68-9789187825415\/","og_locale":"en_US","og_type":"article","og_title":"CBA vol 68 - Hybriden","og_url":"https:\/\/www.hybriden.se\/product\/cba-vol-68-9789187825415\/","og_site_name":"Hybriden","article_modified_time":"2026-04-13T17:34:29+00:00","og_image":[{"width":791,"height":1024,"url":"https:\/\/www.hybriden.se\/wp-content\/uploads\/2025\/04\/CBAvol68-791x1024-1.png","type":"image\/png"}],"twitter_misc":{"Est. reading time":"1 minute"},"schema":{"@context":"https:\/\/schema.org","@graph":[{"@type":"WebPage","@id":"https:\/\/www.hybriden.se\/product\/cba-vol-68-9789187825415\/","url":"https:\/\/www.hybriden.se\/product\/cba-vol-68-9789187825415\/","name":"CBA vol 68 - Hybriden","isPartOf":{"@id":"https:\/\/www.hybriden.se\/#website"},"primaryImageOfPage":{"@id":"https:\/\/www.hybriden.se\/product\/cba-vol-68-9789187825415\/#primaryimage"},"image":{"@id":"https:\/\/www.hybriden.se\/product\/cba-vol-68-9789187825415\/#primaryimage"},"thumbnailUrl":"https:\/\/www.hybriden.se\/wp-content\/uploads\/2025\/04\/CBAvol68-791x1024-1.png","datePublished":"2025-05-20T13:22:40+00:00","dateModified":"2026-04-13T17:34:29+00:00","breadcrumb":{"@id":"https:\/\/www.hybriden.se\/product\/cba-vol-68-9789187825415\/#breadcrumb"},"inLanguage":"en-US","potentialAction":[{"@type":"ReadAction","target":["https:\/\/www.hybriden.se\/product\/cba-vol-68-9789187825415\/"]}]},{"@type":"ImageObject","inLanguage":"en-US","@id":"https:\/\/www.hybriden.se\/product\/cba-vol-68-9789187825415\/#primaryimage","url":"https:\/\/www.hybriden.se\/wp-content\/uploads\/2025\/04\/CBAvol68-791x1024-1.png","contentUrl":"https:\/\/www.hybriden.se\/wp-content\/uploads\/2025\/04\/CBAvol68-791x1024-1.png","width":791,"height":1024},{"@type":"BreadcrumbList","@id":"https:\/\/www.hybriden.se\/product\/cba-vol-68-9789187825415\/#breadcrumb","itemListElement":[{"@type":"ListItem","position":1,"name":"Hem","item":"https:\/\/www.hybriden.se\/"},{"@type":"ListItem","position":2,"name":"Shop","item":"https:\/\/www.hybriden.se\/en\/shop\/"},{"@type":"ListItem","position":3,"name":"CBA vol 68"}]},{"@type":"WebSite","@id":"https:\/\/www.hybriden.se\/#website","url":"https:\/\/www.hybriden.se\/","name":"HYBRIDEN - Comics, Prints and Exhibitions","description":"Comics, Prints and Exhibitions","publisher":{"@id":"https:\/\/www.hybriden.se\/#organization"},"potentialAction":[{"@type":"SearchAction","target":{"@type":"EntryPoint","urlTemplate":"https:\/\/www.hybriden.se\/?s={search_term_string}"},"query-input":{"@type":"PropertyValueSpecification","valueRequired":true,"valueName":"search_term_string"}}],"inLanguage":"en-US"},{"@type":"Organization","@id":"https:\/\/www.hybriden.se\/#organization","name":"HYBRIDEN","url":"https:\/\/www.hybriden.se\/","logo":{"@type":"ImageObject","inLanguage":"en-US","@id":"https:\/\/www.hybriden.se\/#\/schema\/logo\/image\/","url":"https:\/\/www.hybriden.se\/wp-content\/uploads\/2022\/12\/309882173_562567562537341_815360613267169378_n.jpg","contentUrl":"https:\/\/www.hybriden.se\/wp-content\/uploads\/2022\/12\/309882173_562567562537341_815360613267169378_n.jpg","width":800,"height":800,"caption":"HYBRIDEN"},"image":{"@id":"https:\/\/www.hybriden.se\/#\/schema\/logo\/image\/"}}]}},"_links":{"self":[{"href":"https:\/\/www.hybriden.se\/en\/wp-json\/wp\/v2\/product\/14107","targetHints":{"allow":["GET"]}}],"collection":[{"href":"https:\/\/www.hybriden.se\/en\/wp-json\/wp\/v2\/product"}],"about":[{"href":"https:\/\/www.hybriden.se\/en\/wp-json\/wp\/v2\/types\/product"}],"replies":[{"embeddable":true,"href":"https:\/\/www.hybriden.se\/en\/wp-json\/wp\/v2\/comments?post=14107"}],"wp:featuredmedia":[{"embeddable":true,"href":"https:\/\/www.hybriden.se\/en\/wp-json\/wp\/v2\/media\/14090"}],"wp:attachment":[{"href":"https:\/\/www.hybriden.se\/en\/wp-json\/wp\/v2\/media?parent=14107"}],"wp:term":[{"taxonomy":"product_brand","embeddable":true,"href":"https:\/\/www.hybriden.se\/en\/wp-json\/wp\/v2\/product_brand?post=14107"},{"taxonomy":"product_cat","embeddable":true,"href":"https:\/\/www.hybriden.se\/en\/wp-json\/wp\/v2\/product_cat?post=14107"},{"taxonomy":"product_tag","embeddable":true,"href":"https:\/\/www.hybriden.se\/en\/wp-json\/wp\/v2\/product_tag?post=14107"}],"curies":[{"name":"wp","href":"https:\/\/api.w.org\/{rel}","templated":true}]}}