{"id":14259,"date":"2025-12-15T14:46:50","date_gmt":"2025-12-15T13:46:50","guid":{"rendered":"https:\/\/www.hybriden.se\/?post_type=product&#038;p=14259"},"modified":"2026-04-13T19:34:28","modified_gmt":"2026-04-13T17:34:28","slug":"kulturkanonen-2026","status":"publish","type":"product","link":"https:\/\/www.hybriden.se\/en\/product\/kulturkanonen-2026\/","title":{"rendered":"Kulturkanonen 2026"},"content":{"rendered":"<p><em>M\u00e5nga \u00e4r s\u00e4kert \u00f6verens om att den officiella svenska kulturkanon var ett on\u00f6digt projekt, ett f\u00f6rs\u00f6k att bygga en nationell identitet genom att lyfta upp ett antal verk och f\u00f6reteelser som skulle sammanfatta den svenska folksj\u00e4len. Efter att ha h\u00e5nat projektet (b\u00e5de dess syfte och urval) \u00f6ver en middag i Ystad, satte sig fyra illustrat\u00f6rer och valde ut 12 saker som ocks\u00e5 format Sverige men som inte direkt bidrar till nationell stolthet. Resultatet blev denna kalender f\u00f6r 2026. K\u00f6p den som julklapp till den som beh\u00f6ver p\u00e5minnas om hur landets historia ocks\u00e5 \u00e4r fylld av mindre smickrande element, eller den som vill gotta sig lite \u00e5t hur v\u00e4rdel\u00f6st det \u00e4r med nationalism. Fr\u00e5n skotten i \u00c5dalen till Vipeholmsexperimentet, Boforsaff\u00e4ren och Rasbiologiska Instotutet.<\/em><\/p>\n<p>Tryckt i tv\u00e5f\u00e4rgsriso f\u00f6r en grafisk upplevelse som varar hela \u00e5ret!<\/p>\n<p>Av Oskar Aspman, Jakob Dittmar, Mattias Elftorp, Caroline Ulvros.<br \/>\n&#8211;<br \/>\nPlease note that this is an illustrated calendar with Swedish texts.<\/p>\n","protected":false},"excerpt":{"rendered":"<p><em>M\u00e5nga \u00e4r s\u00e4kert \u00f6verens om att den officiella svenska kulturkanon var ett on\u00f6digt projekt, ett f\u00f6rs\u00f6k att bygga en nationell identitet genom att lyfta upp ett antal verk och f\u00f6reteelser som skulle sammanfatta den svenska folksj\u00e4len. Efter att ha h\u00e5nat projektet (b\u00e5de dess syfte och urval) \u00f6ver en middag i Ystad, satte sig fyra illustrat\u00f6rer och valde ut 12 saker som ocks\u00e5 format Sverige men som inte direkt bidrar till nationell stolthet. Resultatet blev denna kalender f\u00f6r 2026. K\u00f6p den som julklapp till den som beh\u00f6ver p\u00e5minnas om hur landets historia ocks\u00e5 \u00e4r fylld av mindre smickrande element, eller den som vill gotta sig lite \u00e5t hur v\u00e4rdel\u00f6st det \u00e4r med nationalism. Fr\u00e5n skotten i \u00c5dalen till Vipeholmsexperimentet, Boforsaff\u00e4ren och Rasbiologiska Instotutet.<\/em><\/p>\n<p>Tryckt i tv\u00e5f\u00e4rgsriso f\u00f6r en grafisk upplevelse som varar hela \u00e5ret!<\/p>\n<p>Av Oskar Aspman, Jakob Dittmar, Mattias Elftorp, Caroline Ulvros.<br \/>\n&#8211;<br \/>\nPlease note that this is an illustrated calendar with Swedish texts.<\/p>\n<p>&nbsp;<\/p>\n","protected":false},"featured_media":14260,"comment_status":"open","ping_status":"closed","template":"","meta":{"_acf_changed":false,"inline_featured_image":false},"product_brand":[],"product_cat":[422],"product_tag":[],"class_list":{"0":"post-14259","1":"product","2":"type-product","3":"status-publish","4":"has-post-thumbnail","6":"product_cat-cbk","7":"product_shipping_class-books","8":"pa_001_isbn-978-91-87825-46-0","9":"pa_005_language-svenska","10":"pa_010_illustrators-caroline-ulvros","11":"pa_010_illustrators-jakob-dittmar","12":"pa_010_illustrators-mattias-elftorp","13":"pa_010_illustrators-oskar-aspman","14":"pa_011_coverartist-oskar-aspman","15":"pa_020_find-all-by-caroline-ulvros","16":"pa_020_find-all-by-jakob-dittmar","17":"pa_020_find-all-by-mattias-elftorp","18":"pa_020_find-all-by-oskar-aspman","20":"first","21":"instock","22":"shipping-taxable","23":"purchasable","24":"product-type-simple"},"translation":{"provider":"WPGlobus","version":"3.0.2","language":"en","enabled_languages":["sv","en"],"languages":{"sv":{"title":true,"content":true,"excerpt":true},"en":{"title":false,"content":false,"excerpt":false}}},"acf":[],"yoast_head":"<!-- This site is optimized with the Yoast SEO Premium plugin v23.4 (Yoast SEO v27.6) - https:\/\/yoast.com\/product\/yoast-seo-premium-wordpress\/ -->\n<title>Kulturkanonen 2026 - Hybriden<\/title>\n<meta name=\"robots\" content=\"index, follow, max-snippet:-1, max-image-preview:large, max-video-preview:-1\" \/>\n<link rel=\"canonical\" href=\"https:\/\/www.hybriden.se\/product\/kulturkanonen-2026\/\" \/>\n<meta property=\"og:locale\" content=\"en_US\" \/>\n<meta property=\"og:type\" content=\"article\" \/>\n<meta property=\"og:title\" content=\"Kulturkanonen 2026 - Hybriden\" \/>\n<meta property=\"og:url\" content=\"https:\/\/www.hybriden.se\/product\/kulturkanonen-2026\/\" \/>\n<meta property=\"og:site_name\" content=\"Hybriden\" \/>\n<meta property=\"article:modified_time\" content=\"2026-04-13T17:34:28+00:00\" \/>\n<meta property=\"og:image\" content=\"https:\/\/www.hybriden.se\/wp-content\/uploads\/2025\/12\/CBK-kulturkanonen-791x1024-1.png\" \/>\n\t<meta property=\"og:image:width\" content=\"791\" \/>\n\t<meta property=\"og:image:height\" content=\"1024\" \/>\n\t<meta property=\"og:image:type\" content=\"image\/png\" \/>\n<meta name=\"twitter:label1\" content=\"Est. reading time\" \/>\n\t<meta name=\"twitter:data1\" content=\"1 minute\" \/>\n<script type=\"application\/ld+json\" class=\"yoast-schema-graph\">{\"@context\":\"https:\\\/\\\/schema.org\",\"@graph\":[{\"@type\":\"WebPage\",\"@id\":\"https:\\\/\\\/www.hybriden.se\\\/product\\\/kulturkanonen-2026\\\/\",\"url\":\"https:\\\/\\\/www.hybriden.se\\\/product\\\/kulturkanonen-2026\\\/\",\"name\":\"Kulturkanonen 2026 - Hybriden\",\"isPartOf\":{\"@id\":\"https:\\\/\\\/www.hybriden.se\\\/#website\"},\"primaryImageOfPage\":{\"@id\":\"https:\\\/\\\/www.hybriden.se\\\/product\\\/kulturkanonen-2026\\\/#primaryimage\"},\"image\":{\"@id\":\"https:\\\/\\\/www.hybriden.se\\\/product\\\/kulturkanonen-2026\\\/#primaryimage\"},\"thumbnailUrl\":\"https:\\\/\\\/www.hybriden.se\\\/wp-content\\\/uploads\\\/2025\\\/12\\\/CBK-kulturkanonen-791x1024-1.png\",\"datePublished\":\"2025-12-15T13:46:50+00:00\",\"dateModified\":\"2026-04-13T17:34:28+00:00\",\"breadcrumb\":{\"@id\":\"https:\\\/\\\/www.hybriden.se\\\/product\\\/kulturkanonen-2026\\\/#breadcrumb\"},\"inLanguage\":\"en-US\",\"potentialAction\":[{\"@type\":\"ReadAction\",\"target\":[\"https:\\\/\\\/www.hybriden.se\\\/product\\\/kulturkanonen-2026\\\/\"]}]},{\"@type\":\"ImageObject\",\"inLanguage\":\"en-US\",\"@id\":\"https:\\\/\\\/www.hybriden.se\\\/product\\\/kulturkanonen-2026\\\/#primaryimage\",\"url\":\"https:\\\/\\\/www.hybriden.se\\\/wp-content\\\/uploads\\\/2025\\\/12\\\/CBK-kulturkanonen-791x1024-1.png\",\"contentUrl\":\"https:\\\/\\\/www.hybriden.se\\\/wp-content\\\/uploads\\\/2025\\\/12\\\/CBK-kulturkanonen-791x1024-1.png\",\"width\":791,\"height\":1024},{\"@type\":\"BreadcrumbList\",\"@id\":\"https:\\\/\\\/www.hybriden.se\\\/product\\\/kulturkanonen-2026\\\/#breadcrumb\",\"itemListElement\":[{\"@type\":\"ListItem\",\"position\":1,\"name\":\"Hem\",\"item\":\"https:\\\/\\\/www.hybriden.se\\\/\"},{\"@type\":\"ListItem\",\"position\":2,\"name\":\"Shop\",\"item\":\"https:\\\/\\\/www.hybriden.se\\\/en\\\/shop\\\/\"},{\"@type\":\"ListItem\",\"position\":3,\"name\":\"Kulturkanonen 2026\"}]},{\"@type\":\"WebSite\",\"@id\":\"https:\\\/\\\/www.hybriden.se\\\/#website\",\"url\":\"https:\\\/\\\/www.hybriden.se\\\/\",\"name\":\"HYBRIDEN - Comics, Prints and Exhibitions\",\"description\":\"Comics, Prints and Exhibitions\",\"publisher\":{\"@id\":\"https:\\\/\\\/www.hybriden.se\\\/#organization\"},\"potentialAction\":[{\"@type\":\"SearchAction\",\"target\":{\"@type\":\"EntryPoint\",\"urlTemplate\":\"https:\\\/\\\/www.hybriden.se\\\/?s={search_term_string}\"},\"query-input\":{\"@type\":\"PropertyValueSpecification\",\"valueRequired\":true,\"valueName\":\"search_term_string\"}}],\"inLanguage\":\"en-US\"},{\"@type\":\"Organization\",\"@id\":\"https:\\\/\\\/www.hybriden.se\\\/#organization\",\"name\":\"HYBRIDEN\",\"url\":\"https:\\\/\\\/www.hybriden.se\\\/\",\"logo\":{\"@type\":\"ImageObject\",\"inLanguage\":\"en-US\",\"@id\":\"https:\\\/\\\/www.hybriden.se\\\/#\\\/schema\\\/logo\\\/image\\\/\",\"url\":\"https:\\\/\\\/www.hybriden.se\\\/wp-content\\\/uploads\\\/2022\\\/12\\\/309882173_562567562537341_815360613267169378_n.jpg\",\"contentUrl\":\"https:\\\/\\\/www.hybriden.se\\\/wp-content\\\/uploads\\\/2022\\\/12\\\/309882173_562567562537341_815360613267169378_n.jpg\",\"width\":800,\"height\":800,\"caption\":\"HYBRIDEN\"},\"image\":{\"@id\":\"https:\\\/\\\/www.hybriden.se\\\/#\\\/schema\\\/logo\\\/image\\\/\"}}]}<\/script>\n<!-- \/ Yoast SEO Premium plugin. -->","yoast_head_json":{"title":"Kulturkanonen 2026 - Hybriden","robots":{"index":"index","follow":"follow","max-snippet":"max-snippet:-1","max-image-preview":"max-image-preview:large","max-video-preview":"max-video-preview:-1"},"canonical":"https:\/\/www.hybriden.se\/product\/kulturkanonen-2026\/","og_locale":"en_US","og_type":"article","og_title":"Kulturkanonen 2026 - Hybriden","og_url":"https:\/\/www.hybriden.se\/product\/kulturkanonen-2026\/","og_site_name":"Hybriden","article_modified_time":"2026-04-13T17:34:28+00:00","og_image":[{"width":791,"height":1024,"url":"https:\/\/www.hybriden.se\/wp-content\/uploads\/2025\/12\/CBK-kulturkanonen-791x1024-1.png","type":"image\/png"}],"twitter_misc":{"Est. reading time":"1 minute"},"schema":{"@context":"https:\/\/schema.org","@graph":[{"@type":"WebPage","@id":"https:\/\/www.hybriden.se\/product\/kulturkanonen-2026\/","url":"https:\/\/www.hybriden.se\/product\/kulturkanonen-2026\/","name":"Kulturkanonen 2026 - Hybriden","isPartOf":{"@id":"https:\/\/www.hybriden.se\/#website"},"primaryImageOfPage":{"@id":"https:\/\/www.hybriden.se\/product\/kulturkanonen-2026\/#primaryimage"},"image":{"@id":"https:\/\/www.hybriden.se\/product\/kulturkanonen-2026\/#primaryimage"},"thumbnailUrl":"https:\/\/www.hybriden.se\/wp-content\/uploads\/2025\/12\/CBK-kulturkanonen-791x1024-1.png","datePublished":"2025-12-15T13:46:50+00:00","dateModified":"2026-04-13T17:34:28+00:00","breadcrumb":{"@id":"https:\/\/www.hybriden.se\/product\/kulturkanonen-2026\/#breadcrumb"},"inLanguage":"en-US","potentialAction":[{"@type":"ReadAction","target":["https:\/\/www.hybriden.se\/product\/kulturkanonen-2026\/"]}]},{"@type":"ImageObject","inLanguage":"en-US","@id":"https:\/\/www.hybriden.se\/product\/kulturkanonen-2026\/#primaryimage","url":"https:\/\/www.hybriden.se\/wp-content\/uploads\/2025\/12\/CBK-kulturkanonen-791x1024-1.png","contentUrl":"https:\/\/www.hybriden.se\/wp-content\/uploads\/2025\/12\/CBK-kulturkanonen-791x1024-1.png","width":791,"height":1024},{"@type":"BreadcrumbList","@id":"https:\/\/www.hybriden.se\/product\/kulturkanonen-2026\/#breadcrumb","itemListElement":[{"@type":"ListItem","position":1,"name":"Hem","item":"https:\/\/www.hybriden.se\/"},{"@type":"ListItem","position":2,"name":"Shop","item":"https:\/\/www.hybriden.se\/en\/shop\/"},{"@type":"ListItem","position":3,"name":"Kulturkanonen 2026"}]},{"@type":"WebSite","@id":"https:\/\/www.hybriden.se\/#website","url":"https:\/\/www.hybriden.se\/","name":"HYBRIDEN - Comics, Prints and Exhibitions","description":"Comics, Prints and Exhibitions","publisher":{"@id":"https:\/\/www.hybriden.se\/#organization"},"potentialAction":[{"@type":"SearchAction","target":{"@type":"EntryPoint","urlTemplate":"https:\/\/www.hybriden.se\/?s={search_term_string}"},"query-input":{"@type":"PropertyValueSpecification","valueRequired":true,"valueName":"search_term_string"}}],"inLanguage":"en-US"},{"@type":"Organization","@id":"https:\/\/www.hybriden.se\/#organization","name":"HYBRIDEN","url":"https:\/\/www.hybriden.se\/","logo":{"@type":"ImageObject","inLanguage":"en-US","@id":"https:\/\/www.hybriden.se\/#\/schema\/logo\/image\/","url":"https:\/\/www.hybriden.se\/wp-content\/uploads\/2022\/12\/309882173_562567562537341_815360613267169378_n.jpg","contentUrl":"https:\/\/www.hybriden.se\/wp-content\/uploads\/2022\/12\/309882173_562567562537341_815360613267169378_n.jpg","width":800,"height":800,"caption":"HYBRIDEN"},"image":{"@id":"https:\/\/www.hybriden.se\/#\/schema\/logo\/image\/"}}]}},"_links":{"self":[{"href":"https:\/\/www.hybriden.se\/en\/wp-json\/wp\/v2\/product\/14259","targetHints":{"allow":["GET"]}}],"collection":[{"href":"https:\/\/www.hybriden.se\/en\/wp-json\/wp\/v2\/product"}],"about":[{"href":"https:\/\/www.hybriden.se\/en\/wp-json\/wp\/v2\/types\/product"}],"replies":[{"embeddable":true,"href":"https:\/\/www.hybriden.se\/en\/wp-json\/wp\/v2\/comments?post=14259"}],"wp:featuredmedia":[{"embeddable":true,"href":"https:\/\/www.hybriden.se\/en\/wp-json\/wp\/v2\/media\/14260"}],"wp:attachment":[{"href":"https:\/\/www.hybriden.se\/en\/wp-json\/wp\/v2\/media?parent=14259"}],"wp:term":[{"taxonomy":"product_brand","embeddable":true,"href":"https:\/\/www.hybriden.se\/en\/wp-json\/wp\/v2\/product_brand?post=14259"},{"taxonomy":"product_cat","embeddable":true,"href":"https:\/\/www.hybriden.se\/en\/wp-json\/wp\/v2\/product_cat?post=14259"},{"taxonomy":"product_tag","embeddable":true,"href":"https:\/\/www.hybriden.se\/en\/wp-json\/wp\/v2\/product_tag?post=14259"}],"curies":[{"name":"wp","href":"https:\/\/api.w.org\/{rel}","templated":true}]}}