{"id":14421,"date":"2026-04-08T16:49:04","date_gmt":"2026-04-08T14:49:04","guid":{"rendered":"https:\/\/www.hybriden.se\/?post_type=product&#038;p=14421"},"modified":"2026-04-13T20:08:03","modified_gmt":"2026-04-13T18:08:03","slug":"cba-vol-73-9789187825477","status":"publish","type":"product","link":"https:\/\/www.hybriden.se\/en\/product\/cba-vol-73-9789187825477\/","title":{"rendered":"CBA vol 73"},"content":{"rendered":"<div class=\"wpb-content-wrapper\"><p>[vc_row][vc_column][vc_column_text css=&#8221;&#8221;]<strong>BUGS<\/strong><\/p>\n<p><em>One day, Gregor Samsa woke up and found himself transformed into an insect. Do you think that bugged him?<\/em><\/p>\n<p><em>Puns aside, insects are fascinating. Many people find them disgusting and associate them with filth and decay, but without them we wouldn\u2019t have anything to eat, considering they\u2019re also the main pollinators of our plants. How could we survive in a world with no bugs? Then again, fleas were quite significant in spreading the plague.<\/em><\/p>\n<p><em>Insects are hailed as the protein of the future and shunned as vectors of disease. They\u2019re pests, pets and objects of fear and fascination. But they aren\u2019t the only kind of bug out there. If you\u2019re sick, you\u2019ve caught a bug. If your computer program doesn\u2019t run as intended, it\u2019s due to a bug. If you experience a glitch in the matrix, there might be a bug in the very fabric of our reality. If something is bugging you, you can\u2019t stop thinking about it. And remember: shrimp are also bugs.<\/em><\/p>\n<p><small><strong>Comics by:<\/strong>\u00a0Aiden Kvarnstr\u00f6m [SE], The Chemical Jam [IT], Matteo Galasso [IT], Angela Schmold [CA], Monica Nielsen [SE], Sandra G [RS], Adri\u00e1n A. Astorgano [ES], Jon H\u00f6gman [SE], Susanne Johansson [SE], Vlad Gaast [PT], Jason Song Quinn [US], Mattias Elftorp [SE].<strong> Text &amp; illustration by: <\/strong>Mattias Elftorp [SE]. <strong>C<\/strong><strong>over &amp; main editor:<\/strong> Aiden Kvarnstr\u00f6m [SE].<\/small>[\/vc_column_text][\/vc_column][\/vc_row]<\/p>\n<\/div>","protected":false},"excerpt":{"rendered":"<p><strong>BUGS<\/strong><\/p>\n<p><em>One day, Gregor Samsa woke up and found himself transformed into an insect. Do you think that bugged him?<\/em><\/p>\n<p><em>Puns aside, insects are fascinating. Many people find them disgusting and associate them with filth and decay, but without them we wouldn\u2019t have anything to eat, considering they\u2019re also the main pollinators of our plants. How could we survive in a world with no bugs? Then again, fleas were quite significant in spreading the plague.<\/em><\/p>\n<p><em>Insects are hailed as the protein of the future and shunned as vectors of disease. They\u2019re pests, pets and objects of fear and fascination. But they aren\u2019t the only kind of bug out there. If you\u2019re sick, you\u2019ve caught a bug. If your computer program doesn\u2019t run as intended, it\u2019s due to a bug. If you experience a glitch in the matrix, there might be a bug in the very fabric of our reality. If something is bugging you, you can\u2019t stop thinking about it. And remember: shrimp are also bugs.<\/em><\/p>\n<p><small><strong>Comics by:<\/strong>\u00a0Aiden Kvarnstr\u00f6m [SE], The Chemical Jam [IT], Matteo Galasso [IT], Angela Schmold [CA], Monica Nielsen [SE], Sandra G [RS], Adri\u00e1n A. Astorgano [ES], Jon H\u00f6gman [SE], Susanne Johansson [SE], Vlad Gaast [PT], Jason Song Quinn [US], Mattias Elftorp [SE].<strong> Text &amp; illustration by: <\/strong>Mattias Elftorp [SE]. <strong>C<\/strong><strong>over &amp; main editor:<\/strong> Aiden Kvarnstr\u00f6m [SE].<\/small><\/p>\n","protected":false},"featured_media":14432,"comment_status":"open","ping_status":"closed","template":"","meta":{"_acf_changed":false,"inline_featured_image":false},"product_brand":[],"product_cat":[429,422],"product_tag":[],"class_list":{"0":"post-14421","1":"product","2":"type-product","3":"status-publish","4":"has-post-thumbnail","6":"product_cat-cba-vol","7":"product_cat-cbk","8":"product_shipping_class-books","9":"pa_001_isbn-978-91-87825-47-7","10":"pa_005_language-english","11":"pa_007_comicartist-adrian-a-astorgano","12":"pa_007_comicartist-aiden-kvarnstrom","13":"pa_007_comicartist-angela-schmold","14":"pa_007_comicartist-jason-song-quinn","15":"pa_007_comicartist-jon-hogman","16":"pa_007_comicartist-matteo-galasso","17":"pa_007_comicartist-mattias-elftorp","18":"pa_007_comicartist-monica-nielsen","19":"pa_007_comicartist-sandra-g","20":"pa_007_comicartist-susanne-johansson","21":"pa_007_comicartist-the-chemical-jam","22":"pa_007_comicartist-vlad-gaast","23":"pa_008_authors-mattias-elftorp","24":"pa_010_illustrators-mattias-elftorp","25":"pa_011_coverartist-aiden-kvarnstrom","26":"pa_014_maineditor-aiden-kvarnstrom","27":"pa_020_find-all-by-adrian-a-astorgano","28":"pa_020_find-all-by-aiden-kvarnstrom","29":"pa_020_find-all-by-angela-schmold","30":"pa_020_find-all-by-jason-song-quinn","31":"pa_020_find-all-by-jon-hogman","32":"pa_020_find-all-by-matteo-galasso","33":"pa_020_find-all-by-mattias-elftorp","34":"pa_020_find-all-by-monica-nielsen","35":"pa_020_find-all-by-sandra-g","36":"pa_020_find-all-by-susanne-johansson","37":"pa_020_find-all-by-the-chemical-jam","38":"pa_020_find-all-by-vlad-gaast","40":"first","41":"instock","42":"shipping-taxable","43":"purchasable","44":"product-type-simple"},"translation":{"provider":"WPGlobus","version":"3.0.2","language":"en","enabled_languages":["sv","en"],"languages":{"sv":{"title":true,"content":true,"excerpt":true},"en":{"title":false,"content":false,"excerpt":false}}},"acf":[],"yoast_head":"<!-- This site is optimized with the Yoast SEO Premium plugin v23.4 (Yoast SEO v27.4) - https:\/\/yoast.com\/product\/yoast-seo-premium-wordpress\/ -->\n<title>CBA vol 73 - Hybriden<\/title>\n<meta name=\"robots\" content=\"index, follow, max-snippet:-1, max-image-preview:large, max-video-preview:-1\" \/>\n<link rel=\"canonical\" href=\"https:\/\/www.hybriden.se\/en\/product\/cba-vol-73-9789187825477\/\" \/>\n<meta property=\"og:locale\" content=\"en_US\" \/>\n<meta property=\"og:type\" content=\"article\" \/>\n<meta property=\"og:title\" content=\"CBA vol 73 - Hybriden\" \/>\n<meta property=\"og:url\" content=\"https:\/\/www.hybriden.se\/en\/product\/cba-vol-73-9789187825477\/\" \/>\n<meta property=\"og:site_name\" content=\"Hybriden\" \/>\n<meta property=\"article:modified_time\" content=\"2026-04-13T18:08:03+00:00\" \/>\n<meta property=\"og:image\" content=\"https:\/\/www.hybriden.se\/wp-content\/uploads\/2026\/04\/CBAvol73-791x1024-1.jpg\" \/>\n\t<meta property=\"og:image:width\" content=\"791\" \/>\n\t<meta property=\"og:image:height\" content=\"1024\" \/>\n\t<meta property=\"og:image:type\" content=\"image\/jpeg\" \/>\n<meta name=\"twitter:label1\" content=\"Est. reading time\" \/>\n\t<meta name=\"twitter:data1\" content=\"1 minute\" \/>\n<script type=\"application\/ld+json\" class=\"yoast-schema-graph\">{\"@context\":\"https:\\\/\\\/schema.org\",\"@graph\":[{\"@type\":\"WebPage\",\"@id\":\"https:\\\/\\\/www.hybriden.se\\\/en\\\/product\\\/cba-vol-73-9789187825477\\\/\",\"url\":\"https:\\\/\\\/www.hybriden.se\\\/en\\\/product\\\/cba-vol-73-9789187825477\\\/\",\"name\":\"CBA vol 73 - Hybriden\",\"isPartOf\":{\"@id\":\"https:\\\/\\\/www.hybriden.se\\\/#website\"},\"primaryImageOfPage\":{\"@id\":\"https:\\\/\\\/www.hybriden.se\\\/en\\\/product\\\/cba-vol-73-9789187825477\\\/#primaryimage\"},\"image\":{\"@id\":\"https:\\\/\\\/www.hybriden.se\\\/en\\\/product\\\/cba-vol-73-9789187825477\\\/#primaryimage\"},\"thumbnailUrl\":\"https:\\\/\\\/www.hybriden.se\\\/wp-content\\\/uploads\\\/2026\\\/04\\\/CBAvol73-791x1024-1.jpg\",\"datePublished\":\"2026-04-08T14:49:04+00:00\",\"dateModified\":\"2026-04-13T18:08:03+00:00\",\"breadcrumb\":{\"@id\":\"https:\\\/\\\/www.hybriden.se\\\/en\\\/product\\\/cba-vol-73-9789187825477\\\/#breadcrumb\"},\"inLanguage\":\"en-US\",\"potentialAction\":[{\"@type\":\"ReadAction\",\"target\":[\"https:\\\/\\\/www.hybriden.se\\\/en\\\/product\\\/cba-vol-73-9789187825477\\\/\"]}]},{\"@type\":\"ImageObject\",\"inLanguage\":\"en-US\",\"@id\":\"https:\\\/\\\/www.hybriden.se\\\/en\\\/product\\\/cba-vol-73-9789187825477\\\/#primaryimage\",\"url\":\"https:\\\/\\\/www.hybriden.se\\\/wp-content\\\/uploads\\\/2026\\\/04\\\/CBAvol73-791x1024-1.jpg\",\"contentUrl\":\"https:\\\/\\\/www.hybriden.se\\\/wp-content\\\/uploads\\\/2026\\\/04\\\/CBAvol73-791x1024-1.jpg\",\"width\":791,\"height\":1024},{\"@type\":\"BreadcrumbList\",\"@id\":\"https:\\\/\\\/www.hybriden.se\\\/en\\\/product\\\/cba-vol-73-9789187825477\\\/#breadcrumb\",\"itemListElement\":[{\"@type\":\"ListItem\",\"position\":1,\"name\":\"Hem\",\"item\":\"https:\\\/\\\/www.hybriden.se\\\/\"},{\"@type\":\"ListItem\",\"position\":2,\"name\":\"Shop\",\"item\":\"https:\\\/\\\/www.hybriden.se\\\/en\\\/shop\\\/\"},{\"@type\":\"ListItem\",\"position\":3,\"name\":\"CBA vol 73\"}]},{\"@type\":\"WebSite\",\"@id\":\"https:\\\/\\\/www.hybriden.se\\\/#website\",\"url\":\"https:\\\/\\\/www.hybriden.se\\\/\",\"name\":\"HYBRIDEN - Comics, Prints and Exhibitions\",\"description\":\"Comics, Prints and Exhibitions\",\"publisher\":{\"@id\":\"https:\\\/\\\/www.hybriden.se\\\/#organization\"},\"potentialAction\":[{\"@type\":\"SearchAction\",\"target\":{\"@type\":\"EntryPoint\",\"urlTemplate\":\"https:\\\/\\\/www.hybriden.se\\\/?s={search_term_string}\"},\"query-input\":{\"@type\":\"PropertyValueSpecification\",\"valueRequired\":true,\"valueName\":\"search_term_string\"}}],\"inLanguage\":\"en-US\"},{\"@type\":\"Organization\",\"@id\":\"https:\\\/\\\/www.hybriden.se\\\/#organization\",\"name\":\"HYBRIDEN\",\"url\":\"https:\\\/\\\/www.hybriden.se\\\/\",\"logo\":{\"@type\":\"ImageObject\",\"inLanguage\":\"en-US\",\"@id\":\"https:\\\/\\\/www.hybriden.se\\\/#\\\/schema\\\/logo\\\/image\\\/\",\"url\":\"https:\\\/\\\/www.hybriden.se\\\/wp-content\\\/uploads\\\/2022\\\/12\\\/309882173_562567562537341_815360613267169378_n.jpg\",\"contentUrl\":\"https:\\\/\\\/www.hybriden.se\\\/wp-content\\\/uploads\\\/2022\\\/12\\\/309882173_562567562537341_815360613267169378_n.jpg\",\"width\":800,\"height\":800,\"caption\":\"HYBRIDEN\"},\"image\":{\"@id\":\"https:\\\/\\\/www.hybriden.se\\\/#\\\/schema\\\/logo\\\/image\\\/\"}}]}<\/script>\n<!-- \/ Yoast SEO Premium plugin. -->","yoast_head_json":{"title":"CBA vol 73 - Hybriden","robots":{"index":"index","follow":"follow","max-snippet":"max-snippet:-1","max-image-preview":"max-image-preview:large","max-video-preview":"max-video-preview:-1"},"canonical":"https:\/\/www.hybriden.se\/en\/product\/cba-vol-73-9789187825477\/","og_locale":"en_US","og_type":"article","og_title":"CBA vol 73 - Hybriden","og_url":"https:\/\/www.hybriden.se\/en\/product\/cba-vol-73-9789187825477\/","og_site_name":"Hybriden","article_modified_time":"2026-04-13T18:08:03+00:00","og_image":[{"width":791,"height":1024,"url":"https:\/\/www.hybriden.se\/wp-content\/uploads\/2026\/04\/CBAvol73-791x1024-1.jpg","type":"image\/jpeg"}],"twitter_misc":{"Est. reading time":"1 minute"},"schema":{"@context":"https:\/\/schema.org","@graph":[{"@type":"WebPage","@id":"https:\/\/www.hybriden.se\/en\/product\/cba-vol-73-9789187825477\/","url":"https:\/\/www.hybriden.se\/en\/product\/cba-vol-73-9789187825477\/","name":"CBA vol 73 - Hybriden","isPartOf":{"@id":"https:\/\/www.hybriden.se\/#website"},"primaryImageOfPage":{"@id":"https:\/\/www.hybriden.se\/en\/product\/cba-vol-73-9789187825477\/#primaryimage"},"image":{"@id":"https:\/\/www.hybriden.se\/en\/product\/cba-vol-73-9789187825477\/#primaryimage"},"thumbnailUrl":"https:\/\/www.hybriden.se\/wp-content\/uploads\/2026\/04\/CBAvol73-791x1024-1.jpg","datePublished":"2026-04-08T14:49:04+00:00","dateModified":"2026-04-13T18:08:03+00:00","breadcrumb":{"@id":"https:\/\/www.hybriden.se\/en\/product\/cba-vol-73-9789187825477\/#breadcrumb"},"inLanguage":"en-US","potentialAction":[{"@type":"ReadAction","target":["https:\/\/www.hybriden.se\/en\/product\/cba-vol-73-9789187825477\/"]}]},{"@type":"ImageObject","inLanguage":"en-US","@id":"https:\/\/www.hybriden.se\/en\/product\/cba-vol-73-9789187825477\/#primaryimage","url":"https:\/\/www.hybriden.se\/wp-content\/uploads\/2026\/04\/CBAvol73-791x1024-1.jpg","contentUrl":"https:\/\/www.hybriden.se\/wp-content\/uploads\/2026\/04\/CBAvol73-791x1024-1.jpg","width":791,"height":1024},{"@type":"BreadcrumbList","@id":"https:\/\/www.hybriden.se\/en\/product\/cba-vol-73-9789187825477\/#breadcrumb","itemListElement":[{"@type":"ListItem","position":1,"name":"Hem","item":"https:\/\/www.hybriden.se\/"},{"@type":"ListItem","position":2,"name":"Shop","item":"https:\/\/www.hybriden.se\/en\/shop\/"},{"@type":"ListItem","position":3,"name":"CBA vol 73"}]},{"@type":"WebSite","@id":"https:\/\/www.hybriden.se\/#website","url":"https:\/\/www.hybriden.se\/","name":"HYBRIDEN - Comics, Prints and Exhibitions","description":"Comics, Prints and Exhibitions","publisher":{"@id":"https:\/\/www.hybriden.se\/#organization"},"potentialAction":[{"@type":"SearchAction","target":{"@type":"EntryPoint","urlTemplate":"https:\/\/www.hybriden.se\/?s={search_term_string}"},"query-input":{"@type":"PropertyValueSpecification","valueRequired":true,"valueName":"search_term_string"}}],"inLanguage":"en-US"},{"@type":"Organization","@id":"https:\/\/www.hybriden.se\/#organization","name":"HYBRIDEN","url":"https:\/\/www.hybriden.se\/","logo":{"@type":"ImageObject","inLanguage":"en-US","@id":"https:\/\/www.hybriden.se\/#\/schema\/logo\/image\/","url":"https:\/\/www.hybriden.se\/wp-content\/uploads\/2022\/12\/309882173_562567562537341_815360613267169378_n.jpg","contentUrl":"https:\/\/www.hybriden.se\/wp-content\/uploads\/2022\/12\/309882173_562567562537341_815360613267169378_n.jpg","width":800,"height":800,"caption":"HYBRIDEN"},"image":{"@id":"https:\/\/www.hybriden.se\/#\/schema\/logo\/image\/"}}]}},"_links":{"self":[{"href":"https:\/\/www.hybriden.se\/en\/wp-json\/wp\/v2\/product\/14421","targetHints":{"allow":["GET"]}}],"collection":[{"href":"https:\/\/www.hybriden.se\/en\/wp-json\/wp\/v2\/product"}],"about":[{"href":"https:\/\/www.hybriden.se\/en\/wp-json\/wp\/v2\/types\/product"}],"replies":[{"embeddable":true,"href":"https:\/\/www.hybriden.se\/en\/wp-json\/wp\/v2\/comments?post=14421"}],"wp:featuredmedia":[{"embeddable":true,"href":"https:\/\/www.hybriden.se\/en\/wp-json\/wp\/v2\/media\/14432"}],"wp:attachment":[{"href":"https:\/\/www.hybriden.se\/en\/wp-json\/wp\/v2\/media?parent=14421"}],"wp:term":[{"taxonomy":"product_brand","embeddable":true,"href":"https:\/\/www.hybriden.se\/en\/wp-json\/wp\/v2\/product_brand?post=14421"},{"taxonomy":"product_cat","embeddable":true,"href":"https:\/\/www.hybriden.se\/en\/wp-json\/wp\/v2\/product_cat?post=14421"},{"taxonomy":"product_tag","embeddable":true,"href":"https:\/\/www.hybriden.se\/en\/wp-json\/wp\/v2\/product_tag?post=14421"}],"curies":[{"name":"wp","href":"https:\/\/api.w.org\/{rel}","templated":true}]}}