{"id":2010,"date":"2016-07-14T20:18:39","date_gmt":"2016-07-14T19:18:39","guid":{"rendered":"http:\/\/cbkcomics.com\/product\/cba-vol-34-9789187825095\/"},"modified":"2026-04-13T19:36:20","modified_gmt":"2026-04-13T17:36:20","slug":"cba-vol-34-9789187825095","status":"publish","type":"product","link":"https:\/\/www.hybriden.se\/en\/product\/cba-vol-34-9789187825095\/","title":{"rendered":"CBA vol 34"},"content":{"rendered":"<p><strong>C\u2019est Bon Anthology vol 34<\/strong><br \/>\n<strong>Re: Creation &amp; Idleness<\/strong><strong><br \/>\n<\/strong><br \/>\nIt\u2019s time to put on your leisure suit and get to work on whatever. Whatever you want. Whatever. Is it working? No! It\u2019s not working at all. Maybe it\u2019s a sci-fi utopia. Or is it a fantasy? It\u2019s all the time in the world. Odd moments are even. Time is money and everyone\u2019s a billionaire. Spare some time? Here: free time for everyone! High quality time! No work and all play.<br \/>\nPublished to coincide with the <strong>AltCom 2016: WORK festival<\/strong><br \/>\nArtists: Harukichi [JP],<br \/>\nJasmina Grudnik [SL],<br \/>\nPetra Lilla Marjai [HU],<br \/>\nJavier Trivi\u00f1o Murillo [ES],<br \/>\nAnna Krzton [PL],<br \/>\nAur\u00e9lien Leif [FR],<br \/>\n\u0160t\u011bp\u00e1nka Jislov\u00e1 [CZ],<br \/>\nMattias Elftorp [SE],<br \/>\nCover artist: Alexander Robyn [BE],<br \/>\nInterior illustrations &amp; main editor: Steve Nyberg [SE]<\/p>\n","protected":false},"excerpt":{"rendered":"<p>It\u2019s time to put on your leisure suit and get to work on whatever. Whatever you want. Whatever. Is it working? No! It\u2019s not working at all. Maybe it\u2019s a sci-fi utopia. Or is it a fantasy? It\u2019s all the time in the world. Odd moments are even. Time is money and everyone\u2019s a billionaire. Spare some time? Here: free time for everyone! High quality time! No work and all play.<br \/>\nPublished to coincide with the AltCom 2016: WORK festival<\/p>\n","protected":false},"featured_media":5408,"comment_status":"open","ping_status":"closed","template":"","meta":{"_acf_changed":false,"inline_featured_image":false},"product_brand":[],"product_cat":[428,429,422],"product_tag":[609,125],"class_list":{"0":"post-2010","1":"product","2":"type-product","3":"status-publish","4":"has-post-thumbnail","6":"product_cat-anthologies","7":"product_cat-cba-vol","8":"product_cat-cbk","9":"product_tag-cbavol34","10":"product_tag-cbk","11":"product_shipping_class-books","12":"pa_007_comicartist-anna-krzton","13":"pa_007_comicartist-aurelien-leif","14":"pa_007_comicartist-harukichi","15":"pa_007_comicartist-jasmina-grudnik","16":"pa_007_comicartist-javier-trivino-murillo","17":"pa_007_comicartist-mattias-elftorp","18":"pa_007_comicartist-petra-lilla-marjai","19":"pa_007_comicartist-stepanka-jislova","20":"pa_020_find-all-by-anna-krzton","21":"pa_020_find-all-by-aurelien-leif","22":"pa_020_find-all-by-harukichi","23":"pa_020_find-all-by-jasmina-grudnik","24":"pa_020_find-all-by-javier-trivino-murillo","25":"pa_020_find-all-by-mattias-elftorp","26":"pa_020_find-all-by-petra-lilla-marjai","27":"pa_020_find-all-by-stepanka-jislova","29":"first","30":"instock","31":"shipping-taxable","32":"purchasable","33":"product-type-simple"},"translation":{"provider":"WPGlobus","version":"3.0.2","language":"en","enabled_languages":["sv","en"],"languages":{"sv":{"title":true,"content":true,"excerpt":true},"en":{"title":false,"content":false,"excerpt":false}}},"acf":[],"yoast_head":"<!-- This site is optimized with the Yoast SEO Premium plugin v23.4 (Yoast SEO v27.4) - https:\/\/yoast.com\/product\/yoast-seo-premium-wordpress\/ -->\n<title>CBA vol 34 - Hybriden<\/title>\n<meta name=\"robots\" content=\"index, follow, max-snippet:-1, max-image-preview:large, max-video-preview:-1\" \/>\n<link rel=\"canonical\" href=\"https:\/\/www.hybriden.se\/product\/cba-vol-34-9789187825095\/\" \/>\n<meta property=\"og:locale\" content=\"en_US\" \/>\n<meta property=\"og:type\" content=\"article\" \/>\n<meta property=\"og:title\" content=\"CBA vol 34 - Hybriden\" \/>\n<meta property=\"og:url\" content=\"https:\/\/www.hybriden.se\/product\/cba-vol-34-9789187825095\/\" \/>\n<meta property=\"og:site_name\" content=\"Hybriden\" \/>\n<meta property=\"article:modified_time\" content=\"2026-04-13T17:36:20+00:00\" \/>\n<meta property=\"og:image\" content=\"https:\/\/www.hybriden.se\/wp-content\/uploads\/2004\/11\/CBAvol34_791x1024.jpg\" \/>\n\t<meta property=\"og:image:width\" content=\"791\" \/>\n\t<meta property=\"og:image:height\" content=\"1024\" \/>\n\t<meta property=\"og:image:type\" content=\"image\/jpeg\" \/>\n<meta name=\"twitter:label1\" content=\"Est. reading time\" \/>\n\t<meta name=\"twitter:data1\" content=\"1 minute\" \/>\n<script type=\"application\/ld+json\" class=\"yoast-schema-graph\">{\"@context\":\"https:\\\/\\\/schema.org\",\"@graph\":[{\"@type\":\"WebPage\",\"@id\":\"https:\\\/\\\/www.hybriden.se\\\/product\\\/cba-vol-34-9789187825095\\\/\",\"url\":\"https:\\\/\\\/www.hybriden.se\\\/product\\\/cba-vol-34-9789187825095\\\/\",\"name\":\"CBA vol 34 - Hybriden\",\"isPartOf\":{\"@id\":\"https:\\\/\\\/www.hybriden.se\\\/#website\"},\"primaryImageOfPage\":{\"@id\":\"https:\\\/\\\/www.hybriden.se\\\/product\\\/cba-vol-34-9789187825095\\\/#primaryimage\"},\"image\":{\"@id\":\"https:\\\/\\\/www.hybriden.se\\\/product\\\/cba-vol-34-9789187825095\\\/#primaryimage\"},\"thumbnailUrl\":\"https:\\\/\\\/www.hybriden.se\\\/wp-content\\\/uploads\\\/2004\\\/11\\\/CBAvol34_791x1024.jpg\",\"datePublished\":\"2016-07-14T19:18:39+00:00\",\"dateModified\":\"2026-04-13T17:36:20+00:00\",\"breadcrumb\":{\"@id\":\"https:\\\/\\\/www.hybriden.se\\\/product\\\/cba-vol-34-9789187825095\\\/#breadcrumb\"},\"inLanguage\":\"en-US\",\"potentialAction\":[{\"@type\":\"ReadAction\",\"target\":[\"https:\\\/\\\/www.hybriden.se\\\/product\\\/cba-vol-34-9789187825095\\\/\"]}]},{\"@type\":\"ImageObject\",\"inLanguage\":\"en-US\",\"@id\":\"https:\\\/\\\/www.hybriden.se\\\/product\\\/cba-vol-34-9789187825095\\\/#primaryimage\",\"url\":\"https:\\\/\\\/www.hybriden.se\\\/wp-content\\\/uploads\\\/2004\\\/11\\\/CBAvol34_791x1024.jpg\",\"contentUrl\":\"https:\\\/\\\/www.hybriden.se\\\/wp-content\\\/uploads\\\/2004\\\/11\\\/CBAvol34_791x1024.jpg\",\"width\":791,\"height\":1024},{\"@type\":\"BreadcrumbList\",\"@id\":\"https:\\\/\\\/www.hybriden.se\\\/product\\\/cba-vol-34-9789187825095\\\/#breadcrumb\",\"itemListElement\":[{\"@type\":\"ListItem\",\"position\":1,\"name\":\"Hem\",\"item\":\"https:\\\/\\\/www.hybriden.se\\\/\"},{\"@type\":\"ListItem\",\"position\":2,\"name\":\"Shop\",\"item\":\"https:\\\/\\\/www.hybriden.se\\\/en\\\/shop\\\/\"},{\"@type\":\"ListItem\",\"position\":3,\"name\":\"CBA vol 34\"}]},{\"@type\":\"WebSite\",\"@id\":\"https:\\\/\\\/www.hybriden.se\\\/#website\",\"url\":\"https:\\\/\\\/www.hybriden.se\\\/\",\"name\":\"HYBRIDEN - Comics, Prints and Exhibitions\",\"description\":\"Comics, Prints and Exhibitions\",\"publisher\":{\"@id\":\"https:\\\/\\\/www.hybriden.se\\\/#organization\"},\"potentialAction\":[{\"@type\":\"SearchAction\",\"target\":{\"@type\":\"EntryPoint\",\"urlTemplate\":\"https:\\\/\\\/www.hybriden.se\\\/?s={search_term_string}\"},\"query-input\":{\"@type\":\"PropertyValueSpecification\",\"valueRequired\":true,\"valueName\":\"search_term_string\"}}],\"inLanguage\":\"en-US\"},{\"@type\":\"Organization\",\"@id\":\"https:\\\/\\\/www.hybriden.se\\\/#organization\",\"name\":\"HYBRIDEN\",\"url\":\"https:\\\/\\\/www.hybriden.se\\\/\",\"logo\":{\"@type\":\"ImageObject\",\"inLanguage\":\"en-US\",\"@id\":\"https:\\\/\\\/www.hybriden.se\\\/#\\\/schema\\\/logo\\\/image\\\/\",\"url\":\"https:\\\/\\\/www.hybriden.se\\\/wp-content\\\/uploads\\\/2022\\\/12\\\/309882173_562567562537341_815360613267169378_n.jpg\",\"contentUrl\":\"https:\\\/\\\/www.hybriden.se\\\/wp-content\\\/uploads\\\/2022\\\/12\\\/309882173_562567562537341_815360613267169378_n.jpg\",\"width\":800,\"height\":800,\"caption\":\"HYBRIDEN\"},\"image\":{\"@id\":\"https:\\\/\\\/www.hybriden.se\\\/#\\\/schema\\\/logo\\\/image\\\/\"}}]}<\/script>\n<!-- \/ Yoast SEO Premium plugin. -->","yoast_head_json":{"title":"CBA vol 34 - Hybriden","robots":{"index":"index","follow":"follow","max-snippet":"max-snippet:-1","max-image-preview":"max-image-preview:large","max-video-preview":"max-video-preview:-1"},"canonical":"https:\/\/www.hybriden.se\/product\/cba-vol-34-9789187825095\/","og_locale":"en_US","og_type":"article","og_title":"CBA vol 34 - Hybriden","og_url":"https:\/\/www.hybriden.se\/product\/cba-vol-34-9789187825095\/","og_site_name":"Hybriden","article_modified_time":"2026-04-13T17:36:20+00:00","og_image":[{"width":791,"height":1024,"url":"https:\/\/www.hybriden.se\/wp-content\/uploads\/2004\/11\/CBAvol34_791x1024.jpg","type":"image\/jpeg"}],"twitter_misc":{"Est. reading time":"1 minute"},"schema":{"@context":"https:\/\/schema.org","@graph":[{"@type":"WebPage","@id":"https:\/\/www.hybriden.se\/product\/cba-vol-34-9789187825095\/","url":"https:\/\/www.hybriden.se\/product\/cba-vol-34-9789187825095\/","name":"CBA vol 34 - Hybriden","isPartOf":{"@id":"https:\/\/www.hybriden.se\/#website"},"primaryImageOfPage":{"@id":"https:\/\/www.hybriden.se\/product\/cba-vol-34-9789187825095\/#primaryimage"},"image":{"@id":"https:\/\/www.hybriden.se\/product\/cba-vol-34-9789187825095\/#primaryimage"},"thumbnailUrl":"https:\/\/www.hybriden.se\/wp-content\/uploads\/2004\/11\/CBAvol34_791x1024.jpg","datePublished":"2016-07-14T19:18:39+00:00","dateModified":"2026-04-13T17:36:20+00:00","breadcrumb":{"@id":"https:\/\/www.hybriden.se\/product\/cba-vol-34-9789187825095\/#breadcrumb"},"inLanguage":"en-US","potentialAction":[{"@type":"ReadAction","target":["https:\/\/www.hybriden.se\/product\/cba-vol-34-9789187825095\/"]}]},{"@type":"ImageObject","inLanguage":"en-US","@id":"https:\/\/www.hybriden.se\/product\/cba-vol-34-9789187825095\/#primaryimage","url":"https:\/\/www.hybriden.se\/wp-content\/uploads\/2004\/11\/CBAvol34_791x1024.jpg","contentUrl":"https:\/\/www.hybriden.se\/wp-content\/uploads\/2004\/11\/CBAvol34_791x1024.jpg","width":791,"height":1024},{"@type":"BreadcrumbList","@id":"https:\/\/www.hybriden.se\/product\/cba-vol-34-9789187825095\/#breadcrumb","itemListElement":[{"@type":"ListItem","position":1,"name":"Hem","item":"https:\/\/www.hybriden.se\/"},{"@type":"ListItem","position":2,"name":"Shop","item":"https:\/\/www.hybriden.se\/en\/shop\/"},{"@type":"ListItem","position":3,"name":"CBA vol 34"}]},{"@type":"WebSite","@id":"https:\/\/www.hybriden.se\/#website","url":"https:\/\/www.hybriden.se\/","name":"HYBRIDEN - Comics, Prints and Exhibitions","description":"Comics, Prints and Exhibitions","publisher":{"@id":"https:\/\/www.hybriden.se\/#organization"},"potentialAction":[{"@type":"SearchAction","target":{"@type":"EntryPoint","urlTemplate":"https:\/\/www.hybriden.se\/?s={search_term_string}"},"query-input":{"@type":"PropertyValueSpecification","valueRequired":true,"valueName":"search_term_string"}}],"inLanguage":"en-US"},{"@type":"Organization","@id":"https:\/\/www.hybriden.se\/#organization","name":"HYBRIDEN","url":"https:\/\/www.hybriden.se\/","logo":{"@type":"ImageObject","inLanguage":"en-US","@id":"https:\/\/www.hybriden.se\/#\/schema\/logo\/image\/","url":"https:\/\/www.hybriden.se\/wp-content\/uploads\/2022\/12\/309882173_562567562537341_815360613267169378_n.jpg","contentUrl":"https:\/\/www.hybriden.se\/wp-content\/uploads\/2022\/12\/309882173_562567562537341_815360613267169378_n.jpg","width":800,"height":800,"caption":"HYBRIDEN"},"image":{"@id":"https:\/\/www.hybriden.se\/#\/schema\/logo\/image\/"}}]}},"_links":{"self":[{"href":"https:\/\/www.hybriden.se\/en\/wp-json\/wp\/v2\/product\/2010","targetHints":{"allow":["GET"]}}],"collection":[{"href":"https:\/\/www.hybriden.se\/en\/wp-json\/wp\/v2\/product"}],"about":[{"href":"https:\/\/www.hybriden.se\/en\/wp-json\/wp\/v2\/types\/product"}],"replies":[{"embeddable":true,"href":"https:\/\/www.hybriden.se\/en\/wp-json\/wp\/v2\/comments?post=2010"}],"wp:featuredmedia":[{"embeddable":true,"href":"https:\/\/www.hybriden.se\/en\/wp-json\/wp\/v2\/media\/5408"}],"wp:attachment":[{"href":"https:\/\/www.hybriden.se\/en\/wp-json\/wp\/v2\/media?parent=2010"}],"wp:term":[{"taxonomy":"product_brand","embeddable":true,"href":"https:\/\/www.hybriden.se\/en\/wp-json\/wp\/v2\/product_brand?post=2010"},{"taxonomy":"product_cat","embeddable":true,"href":"https:\/\/www.hybriden.se\/en\/wp-json\/wp\/v2\/product_cat?post=2010"},{"taxonomy":"product_tag","embeddable":true,"href":"https:\/\/www.hybriden.se\/en\/wp-json\/wp\/v2\/product_tag?post=2010"}],"curies":[{"name":"wp","href":"https:\/\/api.w.org\/{rel}","templated":true}]}}