{"id":2206,"date":"2019-10-24T01:09:24","date_gmt":"2019-10-23T23:09:24","guid":{"rendered":"http:\/\/cbkcomics.com\/?post_type=product&#038;p=2206"},"modified":"2026-04-13T19:40:25","modified_gmt":"2026-04-13T17:40:25","slug":"berattelser-om-yunnan-9789198302967","status":"publish","type":"product","link":"https:\/\/www.hybriden.se\/en\/product\/berattelser-om-yunnan-9789198302967\/","title":{"rendered":"Ber\u00e4ttelser om Yunnan"},"content":{"rendered":"<p><em>I mitten av 1960-talet svepte kulturrevolutionen genom Kina och f\u00f6r\u00e4ndrade tillvaron f\u00f6r ett otal liv. En hel generation stadsf\u00f6dda ungdomar skickades till landsbygden f\u00f6r att ideologiskt omskolas genom fysiskt arbete under sina mest formativa \u00e5r.<\/em><\/p>\n<p>Emei Burell har skapat denna seriebok om sin mammas historia i kulturrevolutionens Kina. Det \u00e4r en vindlande ber\u00e4ttelse om hur en ton\u00e5rsflicka fr\u00e5n Beijing lyckades bli en av de ytterst f\u00e5 kvinnor som fick ansvaret att k\u00f6ra lastbil h\u00f6gt uppe i bergen i s\u00f6dra Kinas gummiplantage.<\/p>\n","protected":false},"excerpt":{"rendered":"<p>I mitten av 1960-talet svepte kulturrevolutionen genom Kina och f\u00f6r\u00e4ndrade tillvaron f\u00f6r ett otal liv. En hel generation stadsf\u00f6dda ungdomar skickades till landsbygden f\u00f6r att ideologiskt omskolas genom fysiskt arbete under sina mest formativa \u00e5r.<\/p>\n","protected":false},"featured_media":5429,"comment_status":"open","ping_status":"closed","template":"","meta":{"_acf_changed":false,"inline_featured_image":false},"product_brand":[],"product_cat":[1713,1711,425,1712],"product_tag":[164],"class_list":{"0":"post-2206","1":"product","2":"type-product","3":"status-publish","4":"has-post-thumbnail","6":"product_cat-comics-journalism","7":"product_cat-graphic-novels","8":"product_cat-tusen-serier","9":"product_cat-women-as-main-characters","10":"product_tag-emei-burell-se","11":"product_shipping_class-books","12":"pa_001_isbn-688","13":"pa_005_language-swedish","14":"pa_007_comicartist-emei-burell","15":"pa_020_find-all-by-emei-burell","17":"first","18":"instock","19":"shipping-taxable","20":"purchasable","21":"product-type-simple"},"translation":{"provider":"WPGlobus","version":"3.0.2","language":"en","enabled_languages":["sv","en"],"languages":{"sv":{"title":true,"content":true,"excerpt":true},"en":{"title":false,"content":false,"excerpt":false}}},"acf":[],"yoast_head":"<!-- This site is optimized with the Yoast SEO Premium plugin v23.4 (Yoast SEO v27.4) - https:\/\/yoast.com\/product\/yoast-seo-premium-wordpress\/ -->\n<title>Ber\u00e4ttelser om Yunnan - Hybriden<\/title>\n<meta name=\"robots\" content=\"index, follow, max-snippet:-1, max-image-preview:large, max-video-preview:-1\" \/>\n<link rel=\"canonical\" href=\"https:\/\/www.hybriden.se\/product\/berattelser-om-yunnan-9789198302967\/\" \/>\n<meta property=\"og:locale\" content=\"en_US\" \/>\n<meta property=\"og:type\" content=\"article\" \/>\n<meta property=\"og:title\" content=\"Ber\u00e4ttelser om Yunnan - Hybriden\" \/>\n<meta property=\"og:url\" content=\"https:\/\/www.hybriden.se\/product\/berattelser-om-yunnan-9789198302967\/\" \/>\n<meta property=\"og:site_name\" content=\"Hybriden\" \/>\n<meta property=\"article:modified_time\" content=\"2026-04-13T17:40:25+00:00\" \/>\n<meta property=\"og:image\" content=\"https:\/\/www.hybriden.se\/wp-content\/uploads\/2004\/11\/TS_Yunnan_791x1024.jpg\" \/>\n\t<meta property=\"og:image:width\" content=\"791\" \/>\n\t<meta property=\"og:image:height\" content=\"1024\" \/>\n\t<meta property=\"og:image:type\" content=\"image\/jpeg\" \/>\n<script type=\"application\/ld+json\" class=\"yoast-schema-graph\">{\"@context\":\"https:\\\/\\\/schema.org\",\"@graph\":[{\"@type\":\"WebPage\",\"@id\":\"https:\\\/\\\/www.hybriden.se\\\/product\\\/berattelser-om-yunnan-9789198302967\\\/\",\"url\":\"https:\\\/\\\/www.hybriden.se\\\/product\\\/berattelser-om-yunnan-9789198302967\\\/\",\"name\":\"Ber\u00e4ttelser om Yunnan - Hybriden\",\"isPartOf\":{\"@id\":\"https:\\\/\\\/www.hybriden.se\\\/#website\"},\"primaryImageOfPage\":{\"@id\":\"https:\\\/\\\/www.hybriden.se\\\/product\\\/berattelser-om-yunnan-9789198302967\\\/#primaryimage\"},\"image\":{\"@id\":\"https:\\\/\\\/www.hybriden.se\\\/product\\\/berattelser-om-yunnan-9789198302967\\\/#primaryimage\"},\"thumbnailUrl\":\"https:\\\/\\\/www.hybriden.se\\\/wp-content\\\/uploads\\\/2004\\\/11\\\/TS_Yunnan_791x1024.jpg\",\"datePublished\":\"2019-10-23T23:09:24+00:00\",\"dateModified\":\"2026-04-13T17:40:25+00:00\",\"breadcrumb\":{\"@id\":\"https:\\\/\\\/www.hybriden.se\\\/product\\\/berattelser-om-yunnan-9789198302967\\\/#breadcrumb\"},\"inLanguage\":\"en-US\",\"potentialAction\":[{\"@type\":\"ReadAction\",\"target\":[\"https:\\\/\\\/www.hybriden.se\\\/product\\\/berattelser-om-yunnan-9789198302967\\\/\"]}]},{\"@type\":\"ImageObject\",\"inLanguage\":\"en-US\",\"@id\":\"https:\\\/\\\/www.hybriden.se\\\/product\\\/berattelser-om-yunnan-9789198302967\\\/#primaryimage\",\"url\":\"https:\\\/\\\/www.hybriden.se\\\/wp-content\\\/uploads\\\/2004\\\/11\\\/TS_Yunnan_791x1024.jpg\",\"contentUrl\":\"https:\\\/\\\/www.hybriden.se\\\/wp-content\\\/uploads\\\/2004\\\/11\\\/TS_Yunnan_791x1024.jpg\",\"width\":791,\"height\":1024},{\"@type\":\"BreadcrumbList\",\"@id\":\"https:\\\/\\\/www.hybriden.se\\\/product\\\/berattelser-om-yunnan-9789198302967\\\/#breadcrumb\",\"itemListElement\":[{\"@type\":\"ListItem\",\"position\":1,\"name\":\"Hem\",\"item\":\"https:\\\/\\\/www.hybriden.se\\\/\"},{\"@type\":\"ListItem\",\"position\":2,\"name\":\"Shop\",\"item\":\"https:\\\/\\\/www.hybriden.se\\\/en\\\/shop\\\/\"},{\"@type\":\"ListItem\",\"position\":3,\"name\":\"Ber\u00e4ttelser om Yunnan\"}]},{\"@type\":\"WebSite\",\"@id\":\"https:\\\/\\\/www.hybriden.se\\\/#website\",\"url\":\"https:\\\/\\\/www.hybriden.se\\\/\",\"name\":\"HYBRIDEN - Comics, Prints and Exhibitions\",\"description\":\"Comics, Prints and Exhibitions\",\"publisher\":{\"@id\":\"https:\\\/\\\/www.hybriden.se\\\/#organization\"},\"potentialAction\":[{\"@type\":\"SearchAction\",\"target\":{\"@type\":\"EntryPoint\",\"urlTemplate\":\"https:\\\/\\\/www.hybriden.se\\\/?s={search_term_string}\"},\"query-input\":{\"@type\":\"PropertyValueSpecification\",\"valueRequired\":true,\"valueName\":\"search_term_string\"}}],\"inLanguage\":\"en-US\"},{\"@type\":\"Organization\",\"@id\":\"https:\\\/\\\/www.hybriden.se\\\/#organization\",\"name\":\"HYBRIDEN\",\"url\":\"https:\\\/\\\/www.hybriden.se\\\/\",\"logo\":{\"@type\":\"ImageObject\",\"inLanguage\":\"en-US\",\"@id\":\"https:\\\/\\\/www.hybriden.se\\\/#\\\/schema\\\/logo\\\/image\\\/\",\"url\":\"https:\\\/\\\/www.hybriden.se\\\/wp-content\\\/uploads\\\/2022\\\/12\\\/309882173_562567562537341_815360613267169378_n.jpg\",\"contentUrl\":\"https:\\\/\\\/www.hybriden.se\\\/wp-content\\\/uploads\\\/2022\\\/12\\\/309882173_562567562537341_815360613267169378_n.jpg\",\"width\":800,\"height\":800,\"caption\":\"HYBRIDEN\"},\"image\":{\"@id\":\"https:\\\/\\\/www.hybriden.se\\\/#\\\/schema\\\/logo\\\/image\\\/\"}}]}<\/script>\n<!-- \/ Yoast SEO Premium plugin. -->","yoast_head_json":{"title":"Ber\u00e4ttelser om Yunnan - Hybriden","robots":{"index":"index","follow":"follow","max-snippet":"max-snippet:-1","max-image-preview":"max-image-preview:large","max-video-preview":"max-video-preview:-1"},"canonical":"https:\/\/www.hybriden.se\/product\/berattelser-om-yunnan-9789198302967\/","og_locale":"en_US","og_type":"article","og_title":"Ber\u00e4ttelser om Yunnan - Hybriden","og_url":"https:\/\/www.hybriden.se\/product\/berattelser-om-yunnan-9789198302967\/","og_site_name":"Hybriden","article_modified_time":"2026-04-13T17:40:25+00:00","og_image":[{"width":791,"height":1024,"url":"https:\/\/www.hybriden.se\/wp-content\/uploads\/2004\/11\/TS_Yunnan_791x1024.jpg","type":"image\/jpeg"}],"schema":{"@context":"https:\/\/schema.org","@graph":[{"@type":"WebPage","@id":"https:\/\/www.hybriden.se\/product\/berattelser-om-yunnan-9789198302967\/","url":"https:\/\/www.hybriden.se\/product\/berattelser-om-yunnan-9789198302967\/","name":"Ber\u00e4ttelser om Yunnan - Hybriden","isPartOf":{"@id":"https:\/\/www.hybriden.se\/#website"},"primaryImageOfPage":{"@id":"https:\/\/www.hybriden.se\/product\/berattelser-om-yunnan-9789198302967\/#primaryimage"},"image":{"@id":"https:\/\/www.hybriden.se\/product\/berattelser-om-yunnan-9789198302967\/#primaryimage"},"thumbnailUrl":"https:\/\/www.hybriden.se\/wp-content\/uploads\/2004\/11\/TS_Yunnan_791x1024.jpg","datePublished":"2019-10-23T23:09:24+00:00","dateModified":"2026-04-13T17:40:25+00:00","breadcrumb":{"@id":"https:\/\/www.hybriden.se\/product\/berattelser-om-yunnan-9789198302967\/#breadcrumb"},"inLanguage":"en-US","potentialAction":[{"@type":"ReadAction","target":["https:\/\/www.hybriden.se\/product\/berattelser-om-yunnan-9789198302967\/"]}]},{"@type":"ImageObject","inLanguage":"en-US","@id":"https:\/\/www.hybriden.se\/product\/berattelser-om-yunnan-9789198302967\/#primaryimage","url":"https:\/\/www.hybriden.se\/wp-content\/uploads\/2004\/11\/TS_Yunnan_791x1024.jpg","contentUrl":"https:\/\/www.hybriden.se\/wp-content\/uploads\/2004\/11\/TS_Yunnan_791x1024.jpg","width":791,"height":1024},{"@type":"BreadcrumbList","@id":"https:\/\/www.hybriden.se\/product\/berattelser-om-yunnan-9789198302967\/#breadcrumb","itemListElement":[{"@type":"ListItem","position":1,"name":"Hem","item":"https:\/\/www.hybriden.se\/"},{"@type":"ListItem","position":2,"name":"Shop","item":"https:\/\/www.hybriden.se\/en\/shop\/"},{"@type":"ListItem","position":3,"name":"Ber\u00e4ttelser om Yunnan"}]},{"@type":"WebSite","@id":"https:\/\/www.hybriden.se\/#website","url":"https:\/\/www.hybriden.se\/","name":"HYBRIDEN - Comics, Prints and Exhibitions","description":"Comics, Prints and Exhibitions","publisher":{"@id":"https:\/\/www.hybriden.se\/#organization"},"potentialAction":[{"@type":"SearchAction","target":{"@type":"EntryPoint","urlTemplate":"https:\/\/www.hybriden.se\/?s={search_term_string}"},"query-input":{"@type":"PropertyValueSpecification","valueRequired":true,"valueName":"search_term_string"}}],"inLanguage":"en-US"},{"@type":"Organization","@id":"https:\/\/www.hybriden.se\/#organization","name":"HYBRIDEN","url":"https:\/\/www.hybriden.se\/","logo":{"@type":"ImageObject","inLanguage":"en-US","@id":"https:\/\/www.hybriden.se\/#\/schema\/logo\/image\/","url":"https:\/\/www.hybriden.se\/wp-content\/uploads\/2022\/12\/309882173_562567562537341_815360613267169378_n.jpg","contentUrl":"https:\/\/www.hybriden.se\/wp-content\/uploads\/2022\/12\/309882173_562567562537341_815360613267169378_n.jpg","width":800,"height":800,"caption":"HYBRIDEN"},"image":{"@id":"https:\/\/www.hybriden.se\/#\/schema\/logo\/image\/"}}]}},"_links":{"self":[{"href":"https:\/\/www.hybriden.se\/en\/wp-json\/wp\/v2\/product\/2206","targetHints":{"allow":["GET"]}}],"collection":[{"href":"https:\/\/www.hybriden.se\/en\/wp-json\/wp\/v2\/product"}],"about":[{"href":"https:\/\/www.hybriden.se\/en\/wp-json\/wp\/v2\/types\/product"}],"replies":[{"embeddable":true,"href":"https:\/\/www.hybriden.se\/en\/wp-json\/wp\/v2\/comments?post=2206"}],"wp:featuredmedia":[{"embeddable":true,"href":"https:\/\/www.hybriden.se\/en\/wp-json\/wp\/v2\/media\/5429"}],"wp:attachment":[{"href":"https:\/\/www.hybriden.se\/en\/wp-json\/wp\/v2\/media?parent=2206"}],"wp:term":[{"taxonomy":"product_brand","embeddable":true,"href":"https:\/\/www.hybriden.se\/en\/wp-json\/wp\/v2\/product_brand?post=2206"},{"taxonomy":"product_cat","embeddable":true,"href":"https:\/\/www.hybriden.se\/en\/wp-json\/wp\/v2\/product_cat?post=2206"},{"taxonomy":"product_tag","embeddable":true,"href":"https:\/\/www.hybriden.se\/en\/wp-json\/wp\/v2\/product_tag?post=2206"}],"curies":[{"name":"wp","href":"https:\/\/api.w.org\/{rel}","templated":true}]}}