{"id":2369,"date":"2018-04-18T22:32:30","date_gmt":"2018-04-18T20:32:30","guid":{"rendered":"https:\/\/hybriden.se\/?post_type=product&#038;p=2369"},"modified":"2026-04-13T19:36:21","modified_gmt":"2026-04-13T17:36:21","slug":"home-made-comics-14","status":"publish","type":"product","link":"https:\/\/www.hybriden.se\/en\/product\/home-made-comics-14\/","title":{"rendered":"HOME MADE COMICS #14"},"content":{"rendered":"<p>Sj\u00e4lvbiografi, science fiction, skr\u00e4ck, h\u00e4mnd, politik, k\u00e4rlek, terror, polismord, \u00e5ngest, matlagning, skottlossning, elaka sm\u00e5kryp samt snusk och trams.<\/p>\n<p>Home Made Comics #14 inneh\u00e5ller tecknade serier av Ola Forssblad, Jens Heimdahl, Ulf \u00d6sterstr\u00f6m, Staffan Melin, David Liljemark, Linus Sj\u00f6blom, Mongot i skogen, Alf Ragnar Yngve, Mats Jonsson, Per Myrhill, Janetta Nyberg, Magnus Andersson, Erik Uppenberg, Dag Olsson, Espen Sogn, \u00c5sa Grennvall, Tomas Zackarias Westberg, Tomas Antila, Christian R\u00f6nnberg och Mats Hanberger fr\u00e5n 1980\u20132013.<\/p>\n","protected":false},"excerpt":{"rendered":"<p>Sj\u00e4lvbiografi, science fiction, skr\u00e4ck, h\u00e4mnd, politik, k\u00e4rlek, terror, polismord, \u00e5ngest, matlagning, skottlossning, elaka sm\u00e5kryp samt snusk och trams.<\/p>\n","protected":false},"featured_media":5585,"comment_status":"open","ping_status":"closed","template":"","meta":{"_acf_changed":false,"inline_featured_image":false},"product_brand":[],"product_cat":[423,1937],"product_tag":[74,103,130,139,149,171,172,215,221,259,264,284,285,308,320,330,370,401,402,405],"class_list":{"0":"post-2369","1":"product","2":"type-product","3":"status-publish","4":"has-post-thumbnail","6":"product_cat-fosfor","7":"product_cat-fosfor-fanzines","8":"product_tag-alf-ragnar-yngve","9":"product_tag-asa-grennvall","10":"product_tag-christian-ronnberg","11":"product_tag-dag-olsson","12":"product_tag-david-liljemark","13":"product_tag-erik-uppenberg","14":"product_tag-espen-sogn","15":"product_tag-janetta-nyberg","16":"product_tag-jens-heimdahl","17":"product_tag-linus-sjoblom","18":"product_tag-magnus-andersson","19":"product_tag-mats-hanberger","20":"product_tag-mats-jonsson","21":"product_tag-mongot-i-skogen","22":"product_tag-ola-forssblad","23":"product_tag-per-myrhill","24":"product_tag-staffan-melin","25":"product_tag-tomas-antila","26":"product_tag-tomas-zackarias-westberg","27":"product_tag-ulf-osterstrom","28":"product_shipping_class-books","29":"pa_020_find-all-by-alf-ragnar-yngve","30":"pa_020_find-all-by-asa-grennvall","31":"pa_020_find-all-by-christian-ronnberg","32":"pa_020_find-all-by-dag-olsson","33":"pa_020_find-all-by-david-liljemark","34":"pa_020_find-all-by-erik-uppenberg","35":"pa_020_find-all-by-espen-sogn","36":"pa_020_find-all-by-janetta-nyberg","37":"pa_020_find-all-by-jens-heimdahl","38":"pa_020_find-all-by-linus-sjoblom","39":"pa_020_find-all-by-magnus-andersson","40":"pa_020_find-all-by-mats-hanberger","41":"pa_020_find-all-by-mats-jonsson","42":"pa_020_find-all-by-ola-forssblad","43":"pa_020_find-all-by-per-myrhill","44":"pa_020_find-all-by-staffan-melin","45":"pa_020_find-all-by-tomas-antila","46":"pa_020_find-all-by-tomas-zackarias-westberg","47":"pa_020_find-all-by-ulf-osterstrom","49":"first","50":"instock","51":"shipping-taxable","52":"purchasable","53":"product-type-simple"},"translation":{"provider":"WPGlobus","version":"3.0.2","language":"en","enabled_languages":["sv","en"],"languages":{"sv":{"title":true,"content":true,"excerpt":true},"en":{"title":false,"content":false,"excerpt":false}}},"acf":[],"yoast_head":"<!-- This site is optimized with the Yoast SEO Premium plugin v23.4 (Yoast SEO v27.6) - https:\/\/yoast.com\/product\/yoast-seo-premium-wordpress\/ -->\n<title>HOME MADE COMICS #14 - Hybriden<\/title>\n<meta name=\"robots\" content=\"index, follow, max-snippet:-1, max-image-preview:large, max-video-preview:-1\" \/>\n<link rel=\"canonical\" href=\"https:\/\/www.hybriden.se\/product\/home-made-comics-14\/\" \/>\n<meta property=\"og:locale\" content=\"en_US\" \/>\n<meta property=\"og:type\" content=\"article\" \/>\n<meta property=\"og:title\" content=\"HOME MADE COMICS #14 - Hybriden\" \/>\n<meta property=\"og:url\" content=\"https:\/\/www.hybriden.se\/product\/home-made-comics-14\/\" \/>\n<meta property=\"og:site_name\" content=\"Hybriden\" \/>\n<meta property=\"article:modified_time\" content=\"2026-04-13T17:36:21+00:00\" \/>\n<meta property=\"og:image\" content=\"https:\/\/www.hybriden.se\/wp-content\/uploads\/2018\/04\/F_HMC14_791x1024.jpg\" \/>\n\t<meta property=\"og:image:width\" content=\"791\" \/>\n\t<meta property=\"og:image:height\" content=\"1024\" \/>\n\t<meta property=\"og:image:type\" content=\"image\/jpeg\" \/>\n<script type=\"application\/ld+json\" class=\"yoast-schema-graph\">{\"@context\":\"https:\\\/\\\/schema.org\",\"@graph\":[{\"@type\":\"WebPage\",\"@id\":\"https:\\\/\\\/www.hybriden.se\\\/product\\\/home-made-comics-14\\\/\",\"url\":\"https:\\\/\\\/www.hybriden.se\\\/product\\\/home-made-comics-14\\\/\",\"name\":\"HOME MADE COMICS #14 - Hybriden\",\"isPartOf\":{\"@id\":\"https:\\\/\\\/www.hybriden.se\\\/#website\"},\"primaryImageOfPage\":{\"@id\":\"https:\\\/\\\/www.hybriden.se\\\/product\\\/home-made-comics-14\\\/#primaryimage\"},\"image\":{\"@id\":\"https:\\\/\\\/www.hybriden.se\\\/product\\\/home-made-comics-14\\\/#primaryimage\"},\"thumbnailUrl\":\"https:\\\/\\\/www.hybriden.se\\\/wp-content\\\/uploads\\\/2018\\\/04\\\/F_HMC14_791x1024.jpg\",\"datePublished\":\"2018-04-18T20:32:30+00:00\",\"dateModified\":\"2026-04-13T17:36:21+00:00\",\"breadcrumb\":{\"@id\":\"https:\\\/\\\/www.hybriden.se\\\/product\\\/home-made-comics-14\\\/#breadcrumb\"},\"inLanguage\":\"en-US\",\"potentialAction\":[{\"@type\":\"ReadAction\",\"target\":[\"https:\\\/\\\/www.hybriden.se\\\/product\\\/home-made-comics-14\\\/\"]}]},{\"@type\":\"ImageObject\",\"inLanguage\":\"en-US\",\"@id\":\"https:\\\/\\\/www.hybriden.se\\\/product\\\/home-made-comics-14\\\/#primaryimage\",\"url\":\"https:\\\/\\\/www.hybriden.se\\\/wp-content\\\/uploads\\\/2018\\\/04\\\/F_HMC14_791x1024.jpg\",\"contentUrl\":\"https:\\\/\\\/www.hybriden.se\\\/wp-content\\\/uploads\\\/2018\\\/04\\\/F_HMC14_791x1024.jpg\",\"width\":791,\"height\":1024},{\"@type\":\"BreadcrumbList\",\"@id\":\"https:\\\/\\\/www.hybriden.se\\\/product\\\/home-made-comics-14\\\/#breadcrumb\",\"itemListElement\":[{\"@type\":\"ListItem\",\"position\":1,\"name\":\"Hem\",\"item\":\"https:\\\/\\\/www.hybriden.se\\\/\"},{\"@type\":\"ListItem\",\"position\":2,\"name\":\"Shop\",\"item\":\"https:\\\/\\\/www.hybriden.se\\\/en\\\/shop\\\/\"},{\"@type\":\"ListItem\",\"position\":3,\"name\":\"HOME MADE COMICS #14\"}]},{\"@type\":\"WebSite\",\"@id\":\"https:\\\/\\\/www.hybriden.se\\\/#website\",\"url\":\"https:\\\/\\\/www.hybriden.se\\\/\",\"name\":\"HYBRIDEN - Comics, Prints and Exhibitions\",\"description\":\"Comics, Prints and Exhibitions\",\"publisher\":{\"@id\":\"https:\\\/\\\/www.hybriden.se\\\/#organization\"},\"potentialAction\":[{\"@type\":\"SearchAction\",\"target\":{\"@type\":\"EntryPoint\",\"urlTemplate\":\"https:\\\/\\\/www.hybriden.se\\\/?s={search_term_string}\"},\"query-input\":{\"@type\":\"PropertyValueSpecification\",\"valueRequired\":true,\"valueName\":\"search_term_string\"}}],\"inLanguage\":\"en-US\"},{\"@type\":\"Organization\",\"@id\":\"https:\\\/\\\/www.hybriden.se\\\/#organization\",\"name\":\"HYBRIDEN\",\"url\":\"https:\\\/\\\/www.hybriden.se\\\/\",\"logo\":{\"@type\":\"ImageObject\",\"inLanguage\":\"en-US\",\"@id\":\"https:\\\/\\\/www.hybriden.se\\\/#\\\/schema\\\/logo\\\/image\\\/\",\"url\":\"https:\\\/\\\/www.hybriden.se\\\/wp-content\\\/uploads\\\/2022\\\/12\\\/309882173_562567562537341_815360613267169378_n.jpg\",\"contentUrl\":\"https:\\\/\\\/www.hybriden.se\\\/wp-content\\\/uploads\\\/2022\\\/12\\\/309882173_562567562537341_815360613267169378_n.jpg\",\"width\":800,\"height\":800,\"caption\":\"HYBRIDEN\"},\"image\":{\"@id\":\"https:\\\/\\\/www.hybriden.se\\\/#\\\/schema\\\/logo\\\/image\\\/\"}}]}<\/script>\n<!-- \/ Yoast SEO Premium plugin. -->","yoast_head_json":{"title":"HOME MADE COMICS #14 - Hybriden","robots":{"index":"index","follow":"follow","max-snippet":"max-snippet:-1","max-image-preview":"max-image-preview:large","max-video-preview":"max-video-preview:-1"},"canonical":"https:\/\/www.hybriden.se\/product\/home-made-comics-14\/","og_locale":"en_US","og_type":"article","og_title":"HOME MADE COMICS #14 - Hybriden","og_url":"https:\/\/www.hybriden.se\/product\/home-made-comics-14\/","og_site_name":"Hybriden","article_modified_time":"2026-04-13T17:36:21+00:00","og_image":[{"width":791,"height":1024,"url":"https:\/\/www.hybriden.se\/wp-content\/uploads\/2018\/04\/F_HMC14_791x1024.jpg","type":"image\/jpeg"}],"schema":{"@context":"https:\/\/schema.org","@graph":[{"@type":"WebPage","@id":"https:\/\/www.hybriden.se\/product\/home-made-comics-14\/","url":"https:\/\/www.hybriden.se\/product\/home-made-comics-14\/","name":"HOME MADE COMICS #14 - Hybriden","isPartOf":{"@id":"https:\/\/www.hybriden.se\/#website"},"primaryImageOfPage":{"@id":"https:\/\/www.hybriden.se\/product\/home-made-comics-14\/#primaryimage"},"image":{"@id":"https:\/\/www.hybriden.se\/product\/home-made-comics-14\/#primaryimage"},"thumbnailUrl":"https:\/\/www.hybriden.se\/wp-content\/uploads\/2018\/04\/F_HMC14_791x1024.jpg","datePublished":"2018-04-18T20:32:30+00:00","dateModified":"2026-04-13T17:36:21+00:00","breadcrumb":{"@id":"https:\/\/www.hybriden.se\/product\/home-made-comics-14\/#breadcrumb"},"inLanguage":"en-US","potentialAction":[{"@type":"ReadAction","target":["https:\/\/www.hybriden.se\/product\/home-made-comics-14\/"]}]},{"@type":"ImageObject","inLanguage":"en-US","@id":"https:\/\/www.hybriden.se\/product\/home-made-comics-14\/#primaryimage","url":"https:\/\/www.hybriden.se\/wp-content\/uploads\/2018\/04\/F_HMC14_791x1024.jpg","contentUrl":"https:\/\/www.hybriden.se\/wp-content\/uploads\/2018\/04\/F_HMC14_791x1024.jpg","width":791,"height":1024},{"@type":"BreadcrumbList","@id":"https:\/\/www.hybriden.se\/product\/home-made-comics-14\/#breadcrumb","itemListElement":[{"@type":"ListItem","position":1,"name":"Hem","item":"https:\/\/www.hybriden.se\/"},{"@type":"ListItem","position":2,"name":"Shop","item":"https:\/\/www.hybriden.se\/en\/shop\/"},{"@type":"ListItem","position":3,"name":"HOME MADE COMICS #14"}]},{"@type":"WebSite","@id":"https:\/\/www.hybriden.se\/#website","url":"https:\/\/www.hybriden.se\/","name":"HYBRIDEN - Comics, Prints and Exhibitions","description":"Comics, Prints and Exhibitions","publisher":{"@id":"https:\/\/www.hybriden.se\/#organization"},"potentialAction":[{"@type":"SearchAction","target":{"@type":"EntryPoint","urlTemplate":"https:\/\/www.hybriden.se\/?s={search_term_string}"},"query-input":{"@type":"PropertyValueSpecification","valueRequired":true,"valueName":"search_term_string"}}],"inLanguage":"en-US"},{"@type":"Organization","@id":"https:\/\/www.hybriden.se\/#organization","name":"HYBRIDEN","url":"https:\/\/www.hybriden.se\/","logo":{"@type":"ImageObject","inLanguage":"en-US","@id":"https:\/\/www.hybriden.se\/#\/schema\/logo\/image\/","url":"https:\/\/www.hybriden.se\/wp-content\/uploads\/2022\/12\/309882173_562567562537341_815360613267169378_n.jpg","contentUrl":"https:\/\/www.hybriden.se\/wp-content\/uploads\/2022\/12\/309882173_562567562537341_815360613267169378_n.jpg","width":800,"height":800,"caption":"HYBRIDEN"},"image":{"@id":"https:\/\/www.hybriden.se\/#\/schema\/logo\/image\/"}}]}},"_links":{"self":[{"href":"https:\/\/www.hybriden.se\/en\/wp-json\/wp\/v2\/product\/2369","targetHints":{"allow":["GET"]}}],"collection":[{"href":"https:\/\/www.hybriden.se\/en\/wp-json\/wp\/v2\/product"}],"about":[{"href":"https:\/\/www.hybriden.se\/en\/wp-json\/wp\/v2\/types\/product"}],"replies":[{"embeddable":true,"href":"https:\/\/www.hybriden.se\/en\/wp-json\/wp\/v2\/comments?post=2369"}],"wp:featuredmedia":[{"embeddable":true,"href":"https:\/\/www.hybriden.se\/en\/wp-json\/wp\/v2\/media\/5585"}],"wp:attachment":[{"href":"https:\/\/www.hybriden.se\/en\/wp-json\/wp\/v2\/media?parent=2369"}],"wp:term":[{"taxonomy":"product_brand","embeddable":true,"href":"https:\/\/www.hybriden.se\/en\/wp-json\/wp\/v2\/product_brand?post=2369"},{"taxonomy":"product_cat","embeddable":true,"href":"https:\/\/www.hybriden.se\/en\/wp-json\/wp\/v2\/product_cat?post=2369"},{"taxonomy":"product_tag","embeddable":true,"href":"https:\/\/www.hybriden.se\/en\/wp-json\/wp\/v2\/product_tag?post=2369"}],"curies":[{"name":"wp","href":"https:\/\/api.w.org\/{rel}","templated":true}]}}