{"id":2371,"date":"2019-02-18T22:39:52","date_gmt":"2019-02-18T21:39:52","guid":{"rendered":"https:\/\/hybriden.se\/?post_type=product&#038;p=2371"},"modified":"2026-04-13T19:38:21","modified_gmt":"2026-04-13T17:38:21","slug":"home-made-comics-15","status":"publish","type":"product","link":"https:\/\/www.hybriden.se\/en\/product\/home-made-comics-15\/","title":{"rendered":"HOME MADE COMICS #15"},"content":{"rendered":"<p>Sj\u00e4lvbiografi, science fiction, manga, konst, strippar, religion, humor, skr\u00e4ck, politik, f\u00e5glar, k\u00e4rlek, demoner, \u00e5ngest, \u00e5sikter, snusk, dumheter, superhj\u00e4ltar, enrutingar och trams.<br \/>\nHome Made Comics #15\u00a0inneh\u00e5ller tecknade serier av\u00a0Ola Forssblad, Per Myrhill, Nicolas Kri\u017ean, Ulf \u00d6sterstr\u00f6m, David Liljemark, Tomas Antila, Bj\u00f6rn Gardner, Magnus Lenneskog, Johan Wanloo, Kristofer Ahlfeldt, Frida Malmgren, Elise Rosberg, Marcus Ivarsson, Staffan Melin, Petter Sj\u00f6lund, Sanna Borell, Jan Hoff, Robin Larsson, Anders Karlsson, Mikael Grahn, Idiomdrottning, Richard Andersson, Dag Olsson, Christoffer Hjalmarsson, Daniel Tjernberg, Fia Lien, Tomas Zackarias Westberg, Jojo Falk, Ulrika Balla, Daniel Ahlgren, Stef Gaines, Ray Husac, Yvette Gustafsson, Johannes Aggro Torstensson, Janetta Nyberg, Jan Kustf\u00e4lt, Carl Marcus Sj\u00f6berg, Allan Lennerstad och Robert Pettersson.<\/p>\n","protected":false},"excerpt":{"rendered":"<p>Sj\u00e4lvbiografi, science fiction, manga, konst, strippar, religion, humor, skr\u00e4ck, politik, f\u00e5glar, k\u00e4rlek, demoner, \u00e5ngest, \u00e5sikter, snusk, dumheter, superhj\u00e4ltar, enrutingar och trams.<br \/>\nHome Made Comics #15\u00a0inneh\u00e5ller tecknade serier av\u00a0Ola Forssblad, Per Myrhill, Nicolas Kri\u017ean, Ulf \u00d6sterstr\u00f6m, David Liljemark, Tomas Antila, Bj\u00f6rn Gardner, Magnus Lenneskog, Johan Wanloo, Kristofer Ahlfeldt, Frida Malmgren, Elise Rosberg, Marcus Ivarsson, Staffan Melin, Petter Sj\u00f6lund, Sanna Borell, Jan Hoff, Robin Larsson, Anders Karlsson, Mikael Grahn, Idiomdrottning, Richard Andersson, Dag Olsson, Christoffer Hjalmarsson, Daniel Tjernberg, Fia Lien, Tomas Zackarias Westberg, Jojo Falk, Ulrika Balla, Daniel Ahlgren, Stef Gaines, Ray Husac, Yvette Gustafsson, Johannes Aggro Torstensson, Janetta Nyberg, Jan Kustf\u00e4lt, Carl Marcus Sj\u00f6berg, Allan Lennerstad och Robert Pettersson.<\/p>\n","protected":false},"featured_media":5834,"comment_status":"open","ping_status":"closed","template":"","meta":{"_acf_changed":false,"inline_featured_image":false},"product_brand":[],"product_cat":[423,1937],"product_tag":[],"class_list":{"0":"post-2371","1":"product","2":"type-product","3":"status-publish","4":"has-post-thumbnail","6":"product_cat-fosfor","7":"product_cat-fosfor-fanzines","8":"product_shipping_class-books","9":"pa_007_comicartist-ola-forssblad","10":"pa_007_comicartist-per-myrhill","11":"pa_020_find-all-by-allan-lennerstad","12":"pa_020_find-all-by-anders-karlsson","13":"pa_020_find-all-by-bjorn-gardner","14":"pa_020_find-all-by-carl-marcus-sjoberg","15":"pa_020_find-all-by-christoffer-hjalmarsson","16":"pa_020_find-all-by-dag-olsson","17":"pa_020_find-all-by-daniel-ahlgren","18":"pa_020_find-all-by-daniel-tjernberg","19":"pa_020_find-all-by-david-liljemark","20":"pa_020_find-all-by-elise-rosberg","21":"pa_020_find-all-by-fia-lien","22":"pa_020_find-all-by-frida-malmgren","23":"pa_020_find-all-by-idiomdrottning","24":"pa_020_find-all-by-jan-hoff","25":"pa_020_find-all-by-jan-kustfalt","26":"pa_020_find-all-by-janetta-nyberg","27":"pa_020_find-all-by-johan-wanloo","28":"pa_020_find-all-by-johannes-aggro-torstensson","29":"pa_020_find-all-by-jojo-falk","30":"pa_020_find-all-by-kristofer-ahlfeldt","31":"pa_020_find-all-by-magnus-lenneskog","32":"pa_020_find-all-by-marcus-ivarsson","33":"pa_020_find-all-by-mikael-grahn","34":"pa_020_find-all-by-nicolas-krizan","35":"pa_020_find-all-by-ola-forssblad","36":"pa_020_find-all-by-per-myrhill","37":"pa_020_find-all-by-petter-sjolund","38":"pa_020_find-all-by-ray-husac","39":"pa_020_find-all-by-richard-andersson","40":"pa_020_find-all-by-robert-pettersson","41":"pa_020_find-all-by-robin-larsson","42":"pa_020_find-all-by-sanna-borell","43":"pa_020_find-all-by-staffan-melin","44":"pa_020_find-all-by-stef-gaines","45":"pa_020_find-all-by-tomas-antila","46":"pa_020_find-all-by-tomas-zackarias-westberg","47":"pa_020_find-all-by-ulf-osterstrom","48":"pa_020_find-all-by-ulrika-balla","49":"pa_020_find-all-by-yvette-gustafsson","51":"first","52":"instock","53":"shipping-taxable","54":"purchasable","55":"product-type-simple"},"translation":{"provider":"WPGlobus","version":"3.0.2","language":"en","enabled_languages":["sv","en"],"languages":{"sv":{"title":true,"content":true,"excerpt":true},"en":{"title":false,"content":false,"excerpt":false}}},"acf":[],"yoast_head":"<!-- This site is optimized with the Yoast SEO Premium plugin v23.4 (Yoast SEO v27.4) - https:\/\/yoast.com\/product\/yoast-seo-premium-wordpress\/ -->\n<title>HOME MADE COMICS #15 - Hybriden<\/title>\n<meta name=\"robots\" content=\"index, follow, max-snippet:-1, max-image-preview:large, max-video-preview:-1\" \/>\n<link rel=\"canonical\" href=\"https:\/\/www.hybriden.se\/product\/home-made-comics-15\/\" \/>\n<meta property=\"og:locale\" content=\"en_US\" \/>\n<meta property=\"og:type\" content=\"article\" \/>\n<meta property=\"og:title\" content=\"HOME MADE COMICS #15 - Hybriden\" \/>\n<meta property=\"og:url\" content=\"https:\/\/www.hybriden.se\/product\/home-made-comics-15\/\" \/>\n<meta property=\"og:site_name\" content=\"Hybriden\" \/>\n<meta property=\"article:modified_time\" content=\"2026-04-13T17:38:21+00:00\" \/>\n<meta property=\"og:image\" content=\"https:\/\/www.hybriden.se\/wp-content\/uploads\/2018\/04\/F_HMC15_791x1024.jpg\" \/>\n\t<meta property=\"og:image:width\" content=\"791\" \/>\n\t<meta property=\"og:image:height\" content=\"1024\" \/>\n\t<meta property=\"og:image:type\" content=\"image\/jpeg\" \/>\n<meta name=\"twitter:label1\" content=\"Est. reading time\" \/>\n\t<meta name=\"twitter:data1\" content=\"1 minute\" \/>\n<script type=\"application\/ld+json\" class=\"yoast-schema-graph\">{\"@context\":\"https:\\\/\\\/schema.org\",\"@graph\":[{\"@type\":\"WebPage\",\"@id\":\"https:\\\/\\\/www.hybriden.se\\\/product\\\/home-made-comics-15\\\/\",\"url\":\"https:\\\/\\\/www.hybriden.se\\\/product\\\/home-made-comics-15\\\/\",\"name\":\"HOME MADE COMICS #15 - Hybriden\",\"isPartOf\":{\"@id\":\"https:\\\/\\\/www.hybriden.se\\\/#website\"},\"primaryImageOfPage\":{\"@id\":\"https:\\\/\\\/www.hybriden.se\\\/product\\\/home-made-comics-15\\\/#primaryimage\"},\"image\":{\"@id\":\"https:\\\/\\\/www.hybriden.se\\\/product\\\/home-made-comics-15\\\/#primaryimage\"},\"thumbnailUrl\":\"https:\\\/\\\/www.hybriden.se\\\/wp-content\\\/uploads\\\/2018\\\/04\\\/F_HMC15_791x1024.jpg\",\"datePublished\":\"2019-02-18T21:39:52+00:00\",\"dateModified\":\"2026-04-13T17:38:21+00:00\",\"breadcrumb\":{\"@id\":\"https:\\\/\\\/www.hybriden.se\\\/product\\\/home-made-comics-15\\\/#breadcrumb\"},\"inLanguage\":\"en-US\",\"potentialAction\":[{\"@type\":\"ReadAction\",\"target\":[\"https:\\\/\\\/www.hybriden.se\\\/product\\\/home-made-comics-15\\\/\"]}]},{\"@type\":\"ImageObject\",\"inLanguage\":\"en-US\",\"@id\":\"https:\\\/\\\/www.hybriden.se\\\/product\\\/home-made-comics-15\\\/#primaryimage\",\"url\":\"https:\\\/\\\/www.hybriden.se\\\/wp-content\\\/uploads\\\/2018\\\/04\\\/F_HMC15_791x1024.jpg\",\"contentUrl\":\"https:\\\/\\\/www.hybriden.se\\\/wp-content\\\/uploads\\\/2018\\\/04\\\/F_HMC15_791x1024.jpg\",\"width\":791,\"height\":1024},{\"@type\":\"BreadcrumbList\",\"@id\":\"https:\\\/\\\/www.hybriden.se\\\/product\\\/home-made-comics-15\\\/#breadcrumb\",\"itemListElement\":[{\"@type\":\"ListItem\",\"position\":1,\"name\":\"Hem\",\"item\":\"https:\\\/\\\/www.hybriden.se\\\/\"},{\"@type\":\"ListItem\",\"position\":2,\"name\":\"Shop\",\"item\":\"https:\\\/\\\/www.hybriden.se\\\/en\\\/shop\\\/\"},{\"@type\":\"ListItem\",\"position\":3,\"name\":\"HOME MADE COMICS #15\"}]},{\"@type\":\"WebSite\",\"@id\":\"https:\\\/\\\/www.hybriden.se\\\/#website\",\"url\":\"https:\\\/\\\/www.hybriden.se\\\/\",\"name\":\"HYBRIDEN - Comics, Prints and Exhibitions\",\"description\":\"Comics, Prints and Exhibitions\",\"publisher\":{\"@id\":\"https:\\\/\\\/www.hybriden.se\\\/#organization\"},\"potentialAction\":[{\"@type\":\"SearchAction\",\"target\":{\"@type\":\"EntryPoint\",\"urlTemplate\":\"https:\\\/\\\/www.hybriden.se\\\/?s={search_term_string}\"},\"query-input\":{\"@type\":\"PropertyValueSpecification\",\"valueRequired\":true,\"valueName\":\"search_term_string\"}}],\"inLanguage\":\"en-US\"},{\"@type\":\"Organization\",\"@id\":\"https:\\\/\\\/www.hybriden.se\\\/#organization\",\"name\":\"HYBRIDEN\",\"url\":\"https:\\\/\\\/www.hybriden.se\\\/\",\"logo\":{\"@type\":\"ImageObject\",\"inLanguage\":\"en-US\",\"@id\":\"https:\\\/\\\/www.hybriden.se\\\/#\\\/schema\\\/logo\\\/image\\\/\",\"url\":\"https:\\\/\\\/www.hybriden.se\\\/wp-content\\\/uploads\\\/2022\\\/12\\\/309882173_562567562537341_815360613267169378_n.jpg\",\"contentUrl\":\"https:\\\/\\\/www.hybriden.se\\\/wp-content\\\/uploads\\\/2022\\\/12\\\/309882173_562567562537341_815360613267169378_n.jpg\",\"width\":800,\"height\":800,\"caption\":\"HYBRIDEN\"},\"image\":{\"@id\":\"https:\\\/\\\/www.hybriden.se\\\/#\\\/schema\\\/logo\\\/image\\\/\"}}]}<\/script>\n<!-- \/ Yoast SEO Premium plugin. -->","yoast_head_json":{"title":"HOME MADE COMICS #15 - Hybriden","robots":{"index":"index","follow":"follow","max-snippet":"max-snippet:-1","max-image-preview":"max-image-preview:large","max-video-preview":"max-video-preview:-1"},"canonical":"https:\/\/www.hybriden.se\/product\/home-made-comics-15\/","og_locale":"en_US","og_type":"article","og_title":"HOME MADE COMICS #15 - Hybriden","og_url":"https:\/\/www.hybriden.se\/product\/home-made-comics-15\/","og_site_name":"Hybriden","article_modified_time":"2026-04-13T17:38:21+00:00","og_image":[{"width":791,"height":1024,"url":"https:\/\/www.hybriden.se\/wp-content\/uploads\/2018\/04\/F_HMC15_791x1024.jpg","type":"image\/jpeg"}],"twitter_misc":{"Est. reading time":"1 minute"},"schema":{"@context":"https:\/\/schema.org","@graph":[{"@type":"WebPage","@id":"https:\/\/www.hybriden.se\/product\/home-made-comics-15\/","url":"https:\/\/www.hybriden.se\/product\/home-made-comics-15\/","name":"HOME MADE COMICS #15 - Hybriden","isPartOf":{"@id":"https:\/\/www.hybriden.se\/#website"},"primaryImageOfPage":{"@id":"https:\/\/www.hybriden.se\/product\/home-made-comics-15\/#primaryimage"},"image":{"@id":"https:\/\/www.hybriden.se\/product\/home-made-comics-15\/#primaryimage"},"thumbnailUrl":"https:\/\/www.hybriden.se\/wp-content\/uploads\/2018\/04\/F_HMC15_791x1024.jpg","datePublished":"2019-02-18T21:39:52+00:00","dateModified":"2026-04-13T17:38:21+00:00","breadcrumb":{"@id":"https:\/\/www.hybriden.se\/product\/home-made-comics-15\/#breadcrumb"},"inLanguage":"en-US","potentialAction":[{"@type":"ReadAction","target":["https:\/\/www.hybriden.se\/product\/home-made-comics-15\/"]}]},{"@type":"ImageObject","inLanguage":"en-US","@id":"https:\/\/www.hybriden.se\/product\/home-made-comics-15\/#primaryimage","url":"https:\/\/www.hybriden.se\/wp-content\/uploads\/2018\/04\/F_HMC15_791x1024.jpg","contentUrl":"https:\/\/www.hybriden.se\/wp-content\/uploads\/2018\/04\/F_HMC15_791x1024.jpg","width":791,"height":1024},{"@type":"BreadcrumbList","@id":"https:\/\/www.hybriden.se\/product\/home-made-comics-15\/#breadcrumb","itemListElement":[{"@type":"ListItem","position":1,"name":"Hem","item":"https:\/\/www.hybriden.se\/"},{"@type":"ListItem","position":2,"name":"Shop","item":"https:\/\/www.hybriden.se\/en\/shop\/"},{"@type":"ListItem","position":3,"name":"HOME MADE COMICS #15"}]},{"@type":"WebSite","@id":"https:\/\/www.hybriden.se\/#website","url":"https:\/\/www.hybriden.se\/","name":"HYBRIDEN - Comics, Prints and Exhibitions","description":"Comics, Prints and Exhibitions","publisher":{"@id":"https:\/\/www.hybriden.se\/#organization"},"potentialAction":[{"@type":"SearchAction","target":{"@type":"EntryPoint","urlTemplate":"https:\/\/www.hybriden.se\/?s={search_term_string}"},"query-input":{"@type":"PropertyValueSpecification","valueRequired":true,"valueName":"search_term_string"}}],"inLanguage":"en-US"},{"@type":"Organization","@id":"https:\/\/www.hybriden.se\/#organization","name":"HYBRIDEN","url":"https:\/\/www.hybriden.se\/","logo":{"@type":"ImageObject","inLanguage":"en-US","@id":"https:\/\/www.hybriden.se\/#\/schema\/logo\/image\/","url":"https:\/\/www.hybriden.se\/wp-content\/uploads\/2022\/12\/309882173_562567562537341_815360613267169378_n.jpg","contentUrl":"https:\/\/www.hybriden.se\/wp-content\/uploads\/2022\/12\/309882173_562567562537341_815360613267169378_n.jpg","width":800,"height":800,"caption":"HYBRIDEN"},"image":{"@id":"https:\/\/www.hybriden.se\/#\/schema\/logo\/image\/"}}]}},"_links":{"self":[{"href":"https:\/\/www.hybriden.se\/en\/wp-json\/wp\/v2\/product\/2371","targetHints":{"allow":["GET"]}}],"collection":[{"href":"https:\/\/www.hybriden.se\/en\/wp-json\/wp\/v2\/product"}],"about":[{"href":"https:\/\/www.hybriden.se\/en\/wp-json\/wp\/v2\/types\/product"}],"replies":[{"embeddable":true,"href":"https:\/\/www.hybriden.se\/en\/wp-json\/wp\/v2\/comments?post=2371"}],"wp:featuredmedia":[{"embeddable":true,"href":"https:\/\/www.hybriden.se\/en\/wp-json\/wp\/v2\/media\/5834"}],"wp:attachment":[{"href":"https:\/\/www.hybriden.se\/en\/wp-json\/wp\/v2\/media?parent=2371"}],"wp:term":[{"taxonomy":"product_brand","embeddable":true,"href":"https:\/\/www.hybriden.se\/en\/wp-json\/wp\/v2\/product_brand?post=2371"},{"taxonomy":"product_cat","embeddable":true,"href":"https:\/\/www.hybriden.se\/en\/wp-json\/wp\/v2\/product_cat?post=2371"},{"taxonomy":"product_tag","embeddable":true,"href":"https:\/\/www.hybriden.se\/en\/wp-json\/wp\/v2\/product_tag?post=2371"}],"curies":[{"name":"wp","href":"https:\/\/api.w.org\/{rel}","templated":true}]}}