{"id":2426,"date":"2018-07-24T20:53:21","date_gmt":"2018-07-24T18:53:21","guid":{"rendered":"https:\/\/hybriden.se\/?post_type=product&#038;p=2426"},"modified":"2026-04-13T19:36:21","modified_gmt":"2026-04-13T17:36:21","slug":"efter-laget-i-limhamn","status":"publish","type":"product","link":"https:\/\/www.hybriden.se\/en\/product\/efter-laget-i-limhamn\/","title":{"rendered":"Efter l\u00e4get i Limhamn"},"content":{"rendered":"<p>Under h\u00f6sten 2015 gjorde Ritualen ett fanzine med dagboksserier om demonstrationen i Limhamn mot Svenskarnas Parti i augusti. Fanzinet blev sedan en utst\u00e4llning d\u00e4r bes\u00f6karna bj\u00f6ds in att bidra med sina egna serier, texter och bilder till detta fanzine.<\/p>\n","protected":false},"excerpt":{"rendered":"<p>Under h\u00f6sten 2015 gjorde Ritualen ett fanzine med dagboksserier om demonstrationen i Limhamn mot Svenskarnas Parti i augusti. Fanzinet blev sedan en utst\u00e4llning d\u00e4r bes\u00f6karna bj\u00f6ds in att bidra med sina egna serier, texter och bilder till detta fanzine.<\/p>\n","protected":false},"featured_media":5854,"comment_status":"open","ping_status":"closed","template":"","meta":{"_acf_changed":false,"inline_featured_image":false},"product_brand":[],"product_cat":[423],"product_tag":[],"class_list":{"0":"post-2426","1":"product","2":"type-product","3":"status-publish","4":"has-post-thumbnail","6":"product_cat-fosfor","7":"product_shipping_class-books","8":"pa_005_language-svenska","9":"pa_011_coverartist-steve-nyberg","10":"pa_020_find-all-by-ritualen","12":"first","13":"outofstock","14":"shipping-taxable","15":"purchasable","16":"product-type-simple"},"translation":{"provider":"WPGlobus","version":"3.0.2","language":"en","enabled_languages":["sv","en"],"languages":{"sv":{"title":true,"content":true,"excerpt":true},"en":{"title":false,"content":false,"excerpt":false}}},"acf":[],"yoast_head":"<!-- This site is optimized with the Yoast SEO Premium plugin v23.4 (Yoast SEO v27.4) - https:\/\/yoast.com\/product\/yoast-seo-premium-wordpress\/ -->\n<title>Efter l\u00e4get i Limhamn - Hybriden<\/title>\n<meta name=\"robots\" content=\"index, follow, max-snippet:-1, max-image-preview:large, max-video-preview:-1\" \/>\n<link rel=\"canonical\" href=\"https:\/\/www.hybriden.se\/product\/efter-laget-i-limhamn\/\" \/>\n<meta property=\"og:locale\" content=\"en_US\" \/>\n<meta property=\"og:type\" content=\"article\" \/>\n<meta property=\"og:title\" content=\"Efter l\u00e4get i Limhamn - Hybriden\" \/>\n<meta property=\"og:url\" content=\"https:\/\/www.hybriden.se\/product\/efter-laget-i-limhamn\/\" \/>\n<meta property=\"og:site_name\" content=\"Hybriden\" \/>\n<meta property=\"article:modified_time\" content=\"2026-04-13T17:36:21+00:00\" \/>\n<meta property=\"og:image\" content=\"https:\/\/www.hybriden.se\/wp-content\/uploads\/2018\/07\/F_ritualen-efterlaget_791x1024.jpg\" \/>\n\t<meta property=\"og:image:width\" content=\"791\" \/>\n\t<meta property=\"og:image:height\" content=\"1024\" \/>\n\t<meta property=\"og:image:type\" content=\"image\/jpeg\" \/>\n<script type=\"application\/ld+json\" class=\"yoast-schema-graph\">{\"@context\":\"https:\\\/\\\/schema.org\",\"@graph\":[{\"@type\":\"WebPage\",\"@id\":\"https:\\\/\\\/www.hybriden.se\\\/product\\\/efter-laget-i-limhamn\\\/\",\"url\":\"https:\\\/\\\/www.hybriden.se\\\/product\\\/efter-laget-i-limhamn\\\/\",\"name\":\"Efter l\u00e4get i Limhamn - Hybriden\",\"isPartOf\":{\"@id\":\"https:\\\/\\\/www.hybriden.se\\\/#website\"},\"primaryImageOfPage\":{\"@id\":\"https:\\\/\\\/www.hybriden.se\\\/product\\\/efter-laget-i-limhamn\\\/#primaryimage\"},\"image\":{\"@id\":\"https:\\\/\\\/www.hybriden.se\\\/product\\\/efter-laget-i-limhamn\\\/#primaryimage\"},\"thumbnailUrl\":\"https:\\\/\\\/www.hybriden.se\\\/wp-content\\\/uploads\\\/2018\\\/07\\\/F_ritualen-efterlaget_791x1024.jpg\",\"datePublished\":\"2018-07-24T18:53:21+00:00\",\"dateModified\":\"2026-04-13T17:36:21+00:00\",\"breadcrumb\":{\"@id\":\"https:\\\/\\\/www.hybriden.se\\\/product\\\/efter-laget-i-limhamn\\\/#breadcrumb\"},\"inLanguage\":\"en-US\",\"potentialAction\":[{\"@type\":\"ReadAction\",\"target\":[\"https:\\\/\\\/www.hybriden.se\\\/product\\\/efter-laget-i-limhamn\\\/\"]}]},{\"@type\":\"ImageObject\",\"inLanguage\":\"en-US\",\"@id\":\"https:\\\/\\\/www.hybriden.se\\\/product\\\/efter-laget-i-limhamn\\\/#primaryimage\",\"url\":\"https:\\\/\\\/www.hybriden.se\\\/wp-content\\\/uploads\\\/2018\\\/07\\\/F_ritualen-efterlaget_791x1024.jpg\",\"contentUrl\":\"https:\\\/\\\/www.hybriden.se\\\/wp-content\\\/uploads\\\/2018\\\/07\\\/F_ritualen-efterlaget_791x1024.jpg\",\"width\":791,\"height\":1024},{\"@type\":\"BreadcrumbList\",\"@id\":\"https:\\\/\\\/www.hybriden.se\\\/product\\\/efter-laget-i-limhamn\\\/#breadcrumb\",\"itemListElement\":[{\"@type\":\"ListItem\",\"position\":1,\"name\":\"Hem\",\"item\":\"https:\\\/\\\/www.hybriden.se\\\/\"},{\"@type\":\"ListItem\",\"position\":2,\"name\":\"Shop\",\"item\":\"https:\\\/\\\/www.hybriden.se\\\/en\\\/shop\\\/\"},{\"@type\":\"ListItem\",\"position\":3,\"name\":\"Efter l\u00e4get i Limhamn\"}]},{\"@type\":\"WebSite\",\"@id\":\"https:\\\/\\\/www.hybriden.se\\\/#website\",\"url\":\"https:\\\/\\\/www.hybriden.se\\\/\",\"name\":\"HYBRIDEN - Comics, Prints and Exhibitions\",\"description\":\"Comics, Prints and Exhibitions\",\"publisher\":{\"@id\":\"https:\\\/\\\/www.hybriden.se\\\/#organization\"},\"potentialAction\":[{\"@type\":\"SearchAction\",\"target\":{\"@type\":\"EntryPoint\",\"urlTemplate\":\"https:\\\/\\\/www.hybriden.se\\\/?s={search_term_string}\"},\"query-input\":{\"@type\":\"PropertyValueSpecification\",\"valueRequired\":true,\"valueName\":\"search_term_string\"}}],\"inLanguage\":\"en-US\"},{\"@type\":\"Organization\",\"@id\":\"https:\\\/\\\/www.hybriden.se\\\/#organization\",\"name\":\"HYBRIDEN\",\"url\":\"https:\\\/\\\/www.hybriden.se\\\/\",\"logo\":{\"@type\":\"ImageObject\",\"inLanguage\":\"en-US\",\"@id\":\"https:\\\/\\\/www.hybriden.se\\\/#\\\/schema\\\/logo\\\/image\\\/\",\"url\":\"https:\\\/\\\/www.hybriden.se\\\/wp-content\\\/uploads\\\/2022\\\/12\\\/309882173_562567562537341_815360613267169378_n.jpg\",\"contentUrl\":\"https:\\\/\\\/www.hybriden.se\\\/wp-content\\\/uploads\\\/2022\\\/12\\\/309882173_562567562537341_815360613267169378_n.jpg\",\"width\":800,\"height\":800,\"caption\":\"HYBRIDEN\"},\"image\":{\"@id\":\"https:\\\/\\\/www.hybriden.se\\\/#\\\/schema\\\/logo\\\/image\\\/\"}}]}<\/script>\n<!-- \/ Yoast SEO Premium plugin. -->","yoast_head_json":{"title":"Efter l\u00e4get i Limhamn - Hybriden","robots":{"index":"index","follow":"follow","max-snippet":"max-snippet:-1","max-image-preview":"max-image-preview:large","max-video-preview":"max-video-preview:-1"},"canonical":"https:\/\/www.hybriden.se\/product\/efter-laget-i-limhamn\/","og_locale":"en_US","og_type":"article","og_title":"Efter l\u00e4get i Limhamn - Hybriden","og_url":"https:\/\/www.hybriden.se\/product\/efter-laget-i-limhamn\/","og_site_name":"Hybriden","article_modified_time":"2026-04-13T17:36:21+00:00","og_image":[{"width":791,"height":1024,"url":"https:\/\/www.hybriden.se\/wp-content\/uploads\/2018\/07\/F_ritualen-efterlaget_791x1024.jpg","type":"image\/jpeg"}],"schema":{"@context":"https:\/\/schema.org","@graph":[{"@type":"WebPage","@id":"https:\/\/www.hybriden.se\/product\/efter-laget-i-limhamn\/","url":"https:\/\/www.hybriden.se\/product\/efter-laget-i-limhamn\/","name":"Efter l\u00e4get i Limhamn - Hybriden","isPartOf":{"@id":"https:\/\/www.hybriden.se\/#website"},"primaryImageOfPage":{"@id":"https:\/\/www.hybriden.se\/product\/efter-laget-i-limhamn\/#primaryimage"},"image":{"@id":"https:\/\/www.hybriden.se\/product\/efter-laget-i-limhamn\/#primaryimage"},"thumbnailUrl":"https:\/\/www.hybriden.se\/wp-content\/uploads\/2018\/07\/F_ritualen-efterlaget_791x1024.jpg","datePublished":"2018-07-24T18:53:21+00:00","dateModified":"2026-04-13T17:36:21+00:00","breadcrumb":{"@id":"https:\/\/www.hybriden.se\/product\/efter-laget-i-limhamn\/#breadcrumb"},"inLanguage":"en-US","potentialAction":[{"@type":"ReadAction","target":["https:\/\/www.hybriden.se\/product\/efter-laget-i-limhamn\/"]}]},{"@type":"ImageObject","inLanguage":"en-US","@id":"https:\/\/www.hybriden.se\/product\/efter-laget-i-limhamn\/#primaryimage","url":"https:\/\/www.hybriden.se\/wp-content\/uploads\/2018\/07\/F_ritualen-efterlaget_791x1024.jpg","contentUrl":"https:\/\/www.hybriden.se\/wp-content\/uploads\/2018\/07\/F_ritualen-efterlaget_791x1024.jpg","width":791,"height":1024},{"@type":"BreadcrumbList","@id":"https:\/\/www.hybriden.se\/product\/efter-laget-i-limhamn\/#breadcrumb","itemListElement":[{"@type":"ListItem","position":1,"name":"Hem","item":"https:\/\/www.hybriden.se\/"},{"@type":"ListItem","position":2,"name":"Shop","item":"https:\/\/www.hybriden.se\/en\/shop\/"},{"@type":"ListItem","position":3,"name":"Efter l\u00e4get i Limhamn"}]},{"@type":"WebSite","@id":"https:\/\/www.hybriden.se\/#website","url":"https:\/\/www.hybriden.se\/","name":"HYBRIDEN - Comics, Prints and Exhibitions","description":"Comics, Prints and Exhibitions","publisher":{"@id":"https:\/\/www.hybriden.se\/#organization"},"potentialAction":[{"@type":"SearchAction","target":{"@type":"EntryPoint","urlTemplate":"https:\/\/www.hybriden.se\/?s={search_term_string}"},"query-input":{"@type":"PropertyValueSpecification","valueRequired":true,"valueName":"search_term_string"}}],"inLanguage":"en-US"},{"@type":"Organization","@id":"https:\/\/www.hybriden.se\/#organization","name":"HYBRIDEN","url":"https:\/\/www.hybriden.se\/","logo":{"@type":"ImageObject","inLanguage":"en-US","@id":"https:\/\/www.hybriden.se\/#\/schema\/logo\/image\/","url":"https:\/\/www.hybriden.se\/wp-content\/uploads\/2022\/12\/309882173_562567562537341_815360613267169378_n.jpg","contentUrl":"https:\/\/www.hybriden.se\/wp-content\/uploads\/2022\/12\/309882173_562567562537341_815360613267169378_n.jpg","width":800,"height":800,"caption":"HYBRIDEN"},"image":{"@id":"https:\/\/www.hybriden.se\/#\/schema\/logo\/image\/"}}]}},"_links":{"self":[{"href":"https:\/\/www.hybriden.se\/en\/wp-json\/wp\/v2\/product\/2426","targetHints":{"allow":["GET"]}}],"collection":[{"href":"https:\/\/www.hybriden.se\/en\/wp-json\/wp\/v2\/product"}],"about":[{"href":"https:\/\/www.hybriden.se\/en\/wp-json\/wp\/v2\/types\/product"}],"replies":[{"embeddable":true,"href":"https:\/\/www.hybriden.se\/en\/wp-json\/wp\/v2\/comments?post=2426"}],"wp:featuredmedia":[{"embeddable":true,"href":"https:\/\/www.hybriden.se\/en\/wp-json\/wp\/v2\/media\/5854"}],"wp:attachment":[{"href":"https:\/\/www.hybriden.se\/en\/wp-json\/wp\/v2\/media?parent=2426"}],"wp:term":[{"taxonomy":"product_brand","embeddable":true,"href":"https:\/\/www.hybriden.se\/en\/wp-json\/wp\/v2\/product_brand?post=2426"},{"taxonomy":"product_cat","embeddable":true,"href":"https:\/\/www.hybriden.se\/en\/wp-json\/wp\/v2\/product_cat?post=2426"},{"taxonomy":"product_tag","embeddable":true,"href":"https:\/\/www.hybriden.se\/en\/wp-json\/wp\/v2\/product_tag?post=2426"}],"curies":[{"name":"wp","href":"https:\/\/api.w.org\/{rel}","templated":true}]}}