{"id":5908,"date":"2019-02-21T16:48:10","date_gmt":"2019-02-21T15:48:10","guid":{"rendered":"https:\/\/www.hybriden.se\/?post_type=product&#038;p=5908"},"modified":"2026-04-13T19:38:22","modified_gmt":"2026-04-13T17:38:22","slug":"home-made-comics-16","status":"publish","type":"product","link":"https:\/\/www.hybriden.se\/en\/product\/home-made-comics-16\/","title":{"rendered":"Home Made Comics #16"},"content":{"rendered":"<p><strong>Home Made Comics #16<\/strong>\u00a0inneh\u00e5ller tecknade serier av Ola Forssblad, Per Myrhill, Tomas Antila, Nicolas Kri\u017ean, Kristofer Ahlfeldt, Andreas Qassim, Joel Abrahamsson, Staffan Melin, Ellen Greider, Daniel Ahlgren, P-G Lidstr\u00f6m, Elektra Linton, Jan Hoff, Daniel Tjernberg, Rasmus Edling, Felix Altr\u00e9us, Christoffer Hjalmarsson, Mikael Hammar\u00adberg, Max Gustafson, Jan Kustf\u00e4lt, Janne Karlsson, Jenny Hannula, Johan Wickberg, Carl Marcus Sj\u00f6berg, Adrian Malmgren, David Liljemark, Cadial, Ray Husac, Yvette Gustafsson, Malin Granroth, Henrik Rogowski, Stefan Rothmaier, Frida Malmgren, Marcus Ivars\u00ad\u00adson, Carl Arag\u00f3n, Alicia Pena, Nathalie Tjernberg, Karin Hjalmarsson, Kelly Sallinen, Salla Vartiainen, Ulf \u00d6sterstr\u00f6m, Johannes Aggro Torstensson, Johanna Gustafsson, Rolf H Reimers, Stef Gaines, Tomas Zackarias Westberg och Fia Lien.<\/p>\n","protected":false},"excerpt":{"rendered":"<p><strong>Home Made Comics #16<\/strong>\u00a0\u00e4r f\u00f6r dig som gillar utl\u00e4mnande sj\u00e4lvbio, magisk \u00adfantasy, \u00e5ngest-manga, gulliga barnserier, knorr-p\u00e5-slutet-skr\u00e4ck, politiskt plakat\u00adviftande, humor\u00adstrippar, superhj\u00e4lte\u00addekonstruktion, riddar\u00e4ventyr, mordisk frukt, antropomorft gr\u00f6nt, rymd\u00adaction, sk\u00f6n konst, f\u00e5gelmis\u00e4r\u00adpoesi och det allra \u00e4dlaste trams.<\/p>\n","protected":false},"featured_media":5913,"comment_status":"open","ping_status":"closed","template":"","meta":{"_acf_changed":false,"inline_featured_image":false},"product_brand":[],"product_cat":[423,1937],"product_tag":[],"class_list":{"0":"post-5908","1":"product","2":"type-product","3":"status-publish","4":"has-post-thumbnail","6":"product_cat-fosfor","7":"product_cat-fosfor-fanzines","8":"product_shipping_class-books","9":"pa_001_isbn-1040","10":"pa_005_language-mest-svenska-viss-engelska","11":"pa_007_comicartist-nicolas-krizan","12":"pa_007_comicartist-adrian-malmgren","13":"pa_007_comicartist-alicia-pena","14":"pa_007_comicartist-andreas-qassim","15":"pa_007_comicartist-cadial","16":"pa_007_comicartist-carl-aragon","17":"pa_007_comicartist-carl-marcus-sjoberg","18":"pa_007_comicartist-christoffer-hjalmarsson","19":"pa_007_comicartist-daniel-ahlgren","20":"pa_007_comicartist-daniel-tjernberg","21":"pa_007_comicartist-elektra-linton","22":"pa_007_comicartist-ellen-greider","23":"pa_007_comicartist-felix-altreus","24":"pa_007_comicartist-fia-lien","25":"pa_007_comicartist-frida-malmgren","26":"pa_007_comicartist-henrik-rogowski","27":"pa_007_comicartist-jan-hoff","28":"pa_007_comicartist-jan-kustfalt","29":"pa_007_comicartist-janne-karlsson","30":"pa_007_comicartist-jenny-hannula","31":"pa_007_comicartist-joel-abrahamsson","32":"pa_007_comicartist-johan-wickberg","33":"pa_007_comicartist-johanna-gustafsson","34":"pa_007_comicartist-johannes-aggro-torstensson","35":"pa_007_comicartist-karin-hjalmarsson","36":"pa_007_comicartist-kelly-sallinen","37":"pa_007_comicartist-kristofer-ahlfeldt","38":"pa_007_comicartist-malin-granroth","39":"pa_007_comicartist-marcus-ivarsson","40":"pa_007_comicartist-max-gustafson","41":"pa_007_comicartist-mikael-hammarberg","42":"pa_007_comicartist-nathalie-tjernberg","43":"pa_007_comicartist-ola-forssblad","44":"pa_007_comicartist-p-g-lidstrom","45":"pa_007_comicartist-per-myrhill","46":"pa_007_comicartist-rasmus-edling","47":"pa_007_comicartist-ray-husac","48":"pa_007_comicartist-rolf-h-reimers","49":"pa_007_comicartist-salla-vartiainen","50":"pa_007_comicartist-staffan-melin","51":"pa_007_comicartist-stef-gaines","52":"pa_007_comicartist-stefan-rothmaier","53":"pa_007_comicartist-tomas-antila","54":"pa_007_comicartist-tomas-zackarias-westberg","55":"pa_007_comicartist-ulf-osterstrom","56":"pa_007_comicartist-yvette-gustafsson","57":"pa_020_find-all-by-adrian-malmgren","58":"pa_020_find-all-by-alicia-pena","59":"pa_020_find-all-by-andreas-qassim","60":"pa_020_find-all-by-cadial","61":"pa_020_find-all-by-carl-aragon","62":"pa_020_find-all-by-carl-marcus-sjoberg","63":"pa_020_find-all-by-christoffer-hjalmarsson","64":"pa_020_find-all-by-daniel-ahlgren","65":"pa_020_find-all-by-daniel-tjernberg","66":"pa_020_find-all-by-david-liljemark","67":"pa_020_find-all-by-elektra-linton","68":"pa_020_find-all-by-ellen-greider","69":"pa_020_find-all-by-felix-altreus","70":"pa_020_find-all-by-fia-lien","71":"pa_020_find-all-by-frida-malmgren","72":"pa_020_find-all-by-henrik-rogowski","73":"pa_020_find-all-by-jan-hoff","74":"pa_020_find-all-by-jan-kustfalt","75":"pa_020_find-all-by-janne-karlsson","76":"pa_020_find-all-by-jenny-hannula","77":"pa_020_find-all-by-joel-abrahamsson","78":"pa_020_find-all-by-johan-wickberg","79":"pa_020_find-all-by-johanna-gustafsson","80":"pa_020_find-all-by-johannes-aggro-torstensson","81":"pa_020_find-all-by-karin-hjalmarsson","82":"pa_020_find-all-by-kelly-sallinen","83":"pa_020_find-all-by-kristofer-ahlfeldt","84":"pa_020_find-all-by-malin-granroth","85":"pa_020_find-all-by-marcus-ivarsson","86":"pa_020_find-all-by-max-gustafson","87":"pa_020_find-all-by-mikael-hammarberg","88":"pa_020_find-all-by-nathalie-tjernberg","89":"pa_020_find-all-by-nicolas-krizan","90":"pa_020_find-all-by-ola-forssblad","91":"pa_020_find-all-by-p-g-lidstrom","92":"pa_020_find-all-by-per-myrhill","93":"pa_020_find-all-by-rasmus-edling","94":"pa_020_find-all-by-ray-husac","95":"pa_020_find-all-by-rolf-h-reimers","96":"pa_020_find-all-by-salla-vartiainen","97":"pa_020_find-all-by-staffan-melin","98":"pa_020_find-all-by-stef-gaines","99":"pa_020_find-all-by-stefan-rothmaier","100":"pa_020_find-all-by-tomas-antila","101":"pa_020_find-all-by-tomas-zackarias-westberg","102":"pa_020_find-all-by-ulf-osterstrom","103":"pa_020_find-all-by-yvette-gustafsson","105":"first","106":"instock","107":"shipping-taxable","108":"purchasable","109":"product-type-simple"},"translation":{"provider":"WPGlobus","version":"3.0.2","language":"en","enabled_languages":["sv","en"],"languages":{"sv":{"title":true,"content":true,"excerpt":true},"en":{"title":false,"content":false,"excerpt":false}}},"acf":[],"yoast_head":"<!-- This site is optimized with the Yoast SEO Premium plugin v23.4 (Yoast SEO v27.4) - https:\/\/yoast.com\/product\/yoast-seo-premium-wordpress\/ -->\n<title>Home Made Comics #16 - Hybriden<\/title>\n<meta name=\"robots\" content=\"index, follow, max-snippet:-1, max-image-preview:large, max-video-preview:-1\" \/>\n<link rel=\"canonical\" href=\"https:\/\/www.hybriden.se\/product\/home-made-comics-16\/\" \/>\n<meta property=\"og:locale\" content=\"en_US\" \/>\n<meta property=\"og:type\" content=\"article\" \/>\n<meta property=\"og:title\" content=\"Home Made Comics #16 - Hybriden\" \/>\n<meta property=\"og:url\" content=\"https:\/\/www.hybriden.se\/product\/home-made-comics-16\/\" \/>\n<meta property=\"og:site_name\" content=\"Hybriden\" \/>\n<meta property=\"article:modified_time\" content=\"2026-04-13T17:38:22+00:00\" \/>\n<meta property=\"og:image\" content=\"https:\/\/www.hybriden.se\/wp-content\/uploads\/2019\/02\/F_HMC16_791x1024.jpg\" \/>\n\t<meta property=\"og:image:width\" content=\"791\" \/>\n\t<meta property=\"og:image:height\" content=\"1024\" \/>\n\t<meta property=\"og:image:type\" content=\"image\/jpeg\" \/>\n<meta name=\"twitter:label1\" content=\"Est. reading time\" \/>\n\t<meta name=\"twitter:data1\" content=\"1 minute\" \/>\n<script type=\"application\/ld+json\" class=\"yoast-schema-graph\">{\"@context\":\"https:\\\/\\\/schema.org\",\"@graph\":[{\"@type\":\"WebPage\",\"@id\":\"https:\\\/\\\/www.hybriden.se\\\/product\\\/home-made-comics-16\\\/\",\"url\":\"https:\\\/\\\/www.hybriden.se\\\/product\\\/home-made-comics-16\\\/\",\"name\":\"Home Made Comics #16 - Hybriden\",\"isPartOf\":{\"@id\":\"https:\\\/\\\/www.hybriden.se\\\/#website\"},\"primaryImageOfPage\":{\"@id\":\"https:\\\/\\\/www.hybriden.se\\\/product\\\/home-made-comics-16\\\/#primaryimage\"},\"image\":{\"@id\":\"https:\\\/\\\/www.hybriden.se\\\/product\\\/home-made-comics-16\\\/#primaryimage\"},\"thumbnailUrl\":\"https:\\\/\\\/www.hybriden.se\\\/wp-content\\\/uploads\\\/2019\\\/02\\\/F_HMC16_791x1024.jpg\",\"datePublished\":\"2019-02-21T15:48:10+00:00\",\"dateModified\":\"2026-04-13T17:38:22+00:00\",\"breadcrumb\":{\"@id\":\"https:\\\/\\\/www.hybriden.se\\\/product\\\/home-made-comics-16\\\/#breadcrumb\"},\"inLanguage\":\"en-US\",\"potentialAction\":[{\"@type\":\"ReadAction\",\"target\":[\"https:\\\/\\\/www.hybriden.se\\\/product\\\/home-made-comics-16\\\/\"]}]},{\"@type\":\"ImageObject\",\"inLanguage\":\"en-US\",\"@id\":\"https:\\\/\\\/www.hybriden.se\\\/product\\\/home-made-comics-16\\\/#primaryimage\",\"url\":\"https:\\\/\\\/www.hybriden.se\\\/wp-content\\\/uploads\\\/2019\\\/02\\\/F_HMC16_791x1024.jpg\",\"contentUrl\":\"https:\\\/\\\/www.hybriden.se\\\/wp-content\\\/uploads\\\/2019\\\/02\\\/F_HMC16_791x1024.jpg\",\"width\":791,\"height\":1024},{\"@type\":\"BreadcrumbList\",\"@id\":\"https:\\\/\\\/www.hybriden.se\\\/product\\\/home-made-comics-16\\\/#breadcrumb\",\"itemListElement\":[{\"@type\":\"ListItem\",\"position\":1,\"name\":\"Hem\",\"item\":\"https:\\\/\\\/www.hybriden.se\\\/\"},{\"@type\":\"ListItem\",\"position\":2,\"name\":\"Shop\",\"item\":\"https:\\\/\\\/www.hybriden.se\\\/en\\\/shop\\\/\"},{\"@type\":\"ListItem\",\"position\":3,\"name\":\"Home Made Comics #16\"}]},{\"@type\":\"WebSite\",\"@id\":\"https:\\\/\\\/www.hybriden.se\\\/#website\",\"url\":\"https:\\\/\\\/www.hybriden.se\\\/\",\"name\":\"HYBRIDEN - Comics, Prints and Exhibitions\",\"description\":\"Comics, Prints and Exhibitions\",\"publisher\":{\"@id\":\"https:\\\/\\\/www.hybriden.se\\\/#organization\"},\"potentialAction\":[{\"@type\":\"SearchAction\",\"target\":{\"@type\":\"EntryPoint\",\"urlTemplate\":\"https:\\\/\\\/www.hybriden.se\\\/?s={search_term_string}\"},\"query-input\":{\"@type\":\"PropertyValueSpecification\",\"valueRequired\":true,\"valueName\":\"search_term_string\"}}],\"inLanguage\":\"en-US\"},{\"@type\":\"Organization\",\"@id\":\"https:\\\/\\\/www.hybriden.se\\\/#organization\",\"name\":\"HYBRIDEN\",\"url\":\"https:\\\/\\\/www.hybriden.se\\\/\",\"logo\":{\"@type\":\"ImageObject\",\"inLanguage\":\"en-US\",\"@id\":\"https:\\\/\\\/www.hybriden.se\\\/#\\\/schema\\\/logo\\\/image\\\/\",\"url\":\"https:\\\/\\\/www.hybriden.se\\\/wp-content\\\/uploads\\\/2022\\\/12\\\/309882173_562567562537341_815360613267169378_n.jpg\",\"contentUrl\":\"https:\\\/\\\/www.hybriden.se\\\/wp-content\\\/uploads\\\/2022\\\/12\\\/309882173_562567562537341_815360613267169378_n.jpg\",\"width\":800,\"height\":800,\"caption\":\"HYBRIDEN\"},\"image\":{\"@id\":\"https:\\\/\\\/www.hybriden.se\\\/#\\\/schema\\\/logo\\\/image\\\/\"}}]}<\/script>\n<!-- \/ Yoast SEO Premium plugin. -->","yoast_head_json":{"title":"Home Made Comics #16 - Hybriden","robots":{"index":"index","follow":"follow","max-snippet":"max-snippet:-1","max-image-preview":"max-image-preview:large","max-video-preview":"max-video-preview:-1"},"canonical":"https:\/\/www.hybriden.se\/product\/home-made-comics-16\/","og_locale":"en_US","og_type":"article","og_title":"Home Made Comics #16 - Hybriden","og_url":"https:\/\/www.hybriden.se\/product\/home-made-comics-16\/","og_site_name":"Hybriden","article_modified_time":"2026-04-13T17:38:22+00:00","og_image":[{"width":791,"height":1024,"url":"https:\/\/www.hybriden.se\/wp-content\/uploads\/2019\/02\/F_HMC16_791x1024.jpg","type":"image\/jpeg"}],"twitter_misc":{"Est. reading time":"1 minute"},"schema":{"@context":"https:\/\/schema.org","@graph":[{"@type":"WebPage","@id":"https:\/\/www.hybriden.se\/product\/home-made-comics-16\/","url":"https:\/\/www.hybriden.se\/product\/home-made-comics-16\/","name":"Home Made Comics #16 - Hybriden","isPartOf":{"@id":"https:\/\/www.hybriden.se\/#website"},"primaryImageOfPage":{"@id":"https:\/\/www.hybriden.se\/product\/home-made-comics-16\/#primaryimage"},"image":{"@id":"https:\/\/www.hybriden.se\/product\/home-made-comics-16\/#primaryimage"},"thumbnailUrl":"https:\/\/www.hybriden.se\/wp-content\/uploads\/2019\/02\/F_HMC16_791x1024.jpg","datePublished":"2019-02-21T15:48:10+00:00","dateModified":"2026-04-13T17:38:22+00:00","breadcrumb":{"@id":"https:\/\/www.hybriden.se\/product\/home-made-comics-16\/#breadcrumb"},"inLanguage":"en-US","potentialAction":[{"@type":"ReadAction","target":["https:\/\/www.hybriden.se\/product\/home-made-comics-16\/"]}]},{"@type":"ImageObject","inLanguage":"en-US","@id":"https:\/\/www.hybriden.se\/product\/home-made-comics-16\/#primaryimage","url":"https:\/\/www.hybriden.se\/wp-content\/uploads\/2019\/02\/F_HMC16_791x1024.jpg","contentUrl":"https:\/\/www.hybriden.se\/wp-content\/uploads\/2019\/02\/F_HMC16_791x1024.jpg","width":791,"height":1024},{"@type":"BreadcrumbList","@id":"https:\/\/www.hybriden.se\/product\/home-made-comics-16\/#breadcrumb","itemListElement":[{"@type":"ListItem","position":1,"name":"Hem","item":"https:\/\/www.hybriden.se\/"},{"@type":"ListItem","position":2,"name":"Shop","item":"https:\/\/www.hybriden.se\/en\/shop\/"},{"@type":"ListItem","position":3,"name":"Home Made Comics #16"}]},{"@type":"WebSite","@id":"https:\/\/www.hybriden.se\/#website","url":"https:\/\/www.hybriden.se\/","name":"HYBRIDEN - Comics, Prints and Exhibitions","description":"Comics, Prints and Exhibitions","publisher":{"@id":"https:\/\/www.hybriden.se\/#organization"},"potentialAction":[{"@type":"SearchAction","target":{"@type":"EntryPoint","urlTemplate":"https:\/\/www.hybriden.se\/?s={search_term_string}"},"query-input":{"@type":"PropertyValueSpecification","valueRequired":true,"valueName":"search_term_string"}}],"inLanguage":"en-US"},{"@type":"Organization","@id":"https:\/\/www.hybriden.se\/#organization","name":"HYBRIDEN","url":"https:\/\/www.hybriden.se\/","logo":{"@type":"ImageObject","inLanguage":"en-US","@id":"https:\/\/www.hybriden.se\/#\/schema\/logo\/image\/","url":"https:\/\/www.hybriden.se\/wp-content\/uploads\/2022\/12\/309882173_562567562537341_815360613267169378_n.jpg","contentUrl":"https:\/\/www.hybriden.se\/wp-content\/uploads\/2022\/12\/309882173_562567562537341_815360613267169378_n.jpg","width":800,"height":800,"caption":"HYBRIDEN"},"image":{"@id":"https:\/\/www.hybriden.se\/#\/schema\/logo\/image\/"}}]}},"_links":{"self":[{"href":"https:\/\/www.hybriden.se\/en\/wp-json\/wp\/v2\/product\/5908","targetHints":{"allow":["GET"]}}],"collection":[{"href":"https:\/\/www.hybriden.se\/en\/wp-json\/wp\/v2\/product"}],"about":[{"href":"https:\/\/www.hybriden.se\/en\/wp-json\/wp\/v2\/types\/product"}],"replies":[{"embeddable":true,"href":"https:\/\/www.hybriden.se\/en\/wp-json\/wp\/v2\/comments?post=5908"}],"wp:featuredmedia":[{"embeddable":true,"href":"https:\/\/www.hybriden.se\/en\/wp-json\/wp\/v2\/media\/5913"}],"wp:attachment":[{"href":"https:\/\/www.hybriden.se\/en\/wp-json\/wp\/v2\/media?parent=5908"}],"wp:term":[{"taxonomy":"product_brand","embeddable":true,"href":"https:\/\/www.hybriden.se\/en\/wp-json\/wp\/v2\/product_brand?post=5908"},{"taxonomy":"product_cat","embeddable":true,"href":"https:\/\/www.hybriden.se\/en\/wp-json\/wp\/v2\/product_cat?post=5908"},{"taxonomy":"product_tag","embeddable":true,"href":"https:\/\/www.hybriden.se\/en\/wp-json\/wp\/v2\/product_tag?post=5908"}],"curies":[{"name":"wp","href":"https:\/\/api.w.org\/{rel}","templated":true}]}}