{"id":6326,"date":"2019-02-23T11:01:03","date_gmt":"2019-02-23T10:01:03","guid":{"rendered":"https:\/\/www.hybriden.se\/?post_type=product&#038;p=6326"},"modified":"2026-04-13T19:38:23","modified_gmt":"2026-04-13T17:38:23","slug":"home-made-comics-17","status":"publish","type":"product","link":"https:\/\/www.hybriden.se\/en\/product\/home-made-comics-17\/","title":{"rendered":"Home Made Comics #17"},"content":{"rendered":"<p><strong>Home Made Comics #17<\/strong>\u00a0\u00a0inneh\u00e5ller tecknade serier av Ola Forssblad, Per Myrhill, Abbe Granberg, Nicolas Kri\u017ean, Karin Hjalmarsson, Magic Frigren, Johan Wanloo, Jan Hoff, Sofia E Karlsson, Johanna Larsson Pinedo, Axel Pettersson, Andreas Qassim, Malin Granroth, Daniel Tjernberg, Nathalie Tjernberg, Jonatan Ros\u00e9n, Lars Hallgren, Henrik Zacco, Sebastian Ericson, Jan Kustf\u00e4lt, Hugo Viscovi, Filip Viscovi, Henrik Rogowski, Stef Gaines, Aila Stefansdotter-Franck, Stefan Johansson, Bengt Elm\u00e9n, Cajsa Nordlund, Tomas Zackarias Westberg, Tilda Bergsten, Fredrik Hardenborg, Andreas Otterberg, Cadial, Amalie G\u00f6tz, Eddie Karlsson, Stefan Rothmaier, Siri Lo Lidbeck, Jet Sv\u00e4rd, Jimmy Olsson, Chris Loneberg, Olivia Severin, Anna Lundgren Wid\u00e9n, Olivia Skoglund, Ellen Lundberg, Stella K\u00e4llgren, Allan Lennerstad, Alma Th\u00f6rn, Johan Larsson, Elektra Linton, Emelie Johansson, Stefan Petrini, Ray Husac, Jenny Hannula, Ulf \u00c5str\u00f6m, Yvette Gustafsson, Elias L\u00f6fgren, Joakim Hjortenklev, P-G Lidstr\u00f6m, Kristofer Ahlfeldt, Viktor J\u00e4derlund, Timmy Zill\u00e9n, Steve Nyberg, David Liljemark, Mikael Hammar\u00ad\u00ad\u00adberg, Johannes Aggro Torstensson, Daniel Ahlgren och Simon G\u00e4rdenfors.<\/p>\n","protected":false},"excerpt":{"rendered":"<p><strong>Home Made Comics #17<\/strong>\u00a0\u00e4r f\u00f6r dig som gillar humor, sj\u00e4lvbio, p\u00e5hitt, \u00e4ventyr och mat.\u00a0R\u00f6kande grisapor, religion, f\u00e5ngstgropar, \u00adbiljettkontroller, psykisk oh\u00e4lsa, poliser som \u00e4r kokosn\u00f6tter, relationer, minnesf\u00f6rluster, f\u00f6rgr\u00e4mda djur, soppor, knark, korsriddare, assistans, arbetsliv, blommor, b\u00e4r, speglar och klassiska monster.<\/p>\n","protected":false},"featured_media":6327,"comment_status":"open","ping_status":"closed","template":"","meta":{"_acf_changed":false,"inline_featured_image":false},"product_brand":[],"product_cat":[423,1937],"product_tag":[],"class_list":{"0":"post-6326","1":"product","2":"type-product","3":"status-publish","4":"has-post-thumbnail","6":"product_cat-fosfor","7":"product_cat-fosfor-fanzines","8":"product_shipping_class-books","9":"pa_001_isbn-1140","10":"pa_005_language-mest-svenska-viss-engelska","11":"pa_007_comicartist-nicolas-krizan","12":"pa_007_comicartist-abbe-granberg","13":"pa_007_comicartist-aila-stefansdotter-franck","14":"pa_007_comicartist-allan-lennerstad","15":"pa_007_comicartist-alma-thorn","16":"pa_007_comicartist-amalie-gotz","17":"pa_007_comicartist-andreas-otterberg","18":"pa_007_comicartist-andreas-qassim","19":"pa_007_comicartist-anna-lundgren-widen","20":"pa_007_comicartist-axel-pettersson","21":"pa_007_comicartist-bengt-elmen","22":"pa_007_comicartist-cadial","23":"pa_007_comicartist-cajsa-nordlund","24":"pa_007_comicartist-chris-loneberg","25":"pa_007_comicartist-daniel-ahlgren","26":"pa_007_comicartist-daniel-tjernberg","27":"pa_007_comicartist-david-liljemark","28":"pa_007_comicartist-eddie-karlsson","29":"pa_007_comicartist-elektra-linton","30":"pa_007_comicartist-elias-lofgren","31":"pa_007_comicartist-ellen-lundberg","32":"pa_007_comicartist-emelie-johansson","33":"pa_007_comicartist-filip-viscovi","34":"pa_007_comicartist-fredrik-hardenborg","35":"pa_007_comicartist-henrik-rogowski","36":"pa_007_comicartist-henrik-zacco","37":"pa_007_comicartist-hugo-viscovi","38":"pa_007_comicartist-jan-hoff","39":"pa_007_comicartist-jan-kustfalt","40":"pa_007_comicartist-jenny-hannula","41":"pa_007_comicartist-jet-svard","42":"pa_007_comicartist-jimmy-olsson","43":"pa_007_comicartist-joakim-hjortenklev","44":"pa_007_comicartist-johan-larsson","45":"pa_007_comicartist-johan-wanloo","46":"pa_007_comicartist-johanna-larsson-pinedo","47":"pa_007_comicartist-johannes-aggro-torstensson","48":"pa_007_comicartist-jonatan-rosen","49":"pa_007_comicartist-karin-hjalmarsson","50":"pa_007_comicartist-kristofer-ahlfeldt","51":"pa_007_comicartist-lars-hallgren","52":"pa_007_comicartist-magic-frigren","53":"pa_007_comicartist-malin-granroth","54":"pa_007_comicartist-mikael-hammarberg","55":"pa_007_comicartist-nathalie-tjernberg","56":"pa_007_comicartist-ola-forssblad","57":"pa_007_comicartist-olivia-severin","58":"pa_007_comicartist-olivia-skoglund","59":"pa_007_comicartist-p-g-lidstrom","60":"pa_007_comicartist-per-myrhill","61":"pa_007_comicartist-ray-husac","62":"pa_007_comicartist-sebastian-ericson","63":"pa_007_comicartist-simon-gardenfors","64":"pa_007_comicartist-siri-lo-lidbeck","65":"pa_007_comicartist-sofia-e-karlsson","66":"pa_007_comicartist-stef-gaines","67":"pa_007_comicartist-stefan-johansson","68":"pa_007_comicartist-stefan-petrini","69":"pa_007_comicartist-stefan-rothmaier","70":"pa_007_comicartist-stella-kallgren","71":"pa_007_comicartist-steve-nyberg","72":"pa_007_comicartist-tilda-bergsten","73":"pa_007_comicartist-timmy-zillen","74":"pa_007_comicartist-tomas-zackarias-westberg","75":"pa_007_comicartist-ulf-astrom","76":"pa_007_comicartist-viktor-jaderlund","77":"pa_007_comicartist-yvette-gustafsson","78":"pa_020_find-all-by-abbe-granberg","79":"pa_020_find-all-by-aila-stefansdotter-franck","80":"pa_020_find-all-by-allan-lennerstad","81":"pa_020_find-all-by-alma-thorn","82":"pa_020_find-all-by-amalie-gotz","83":"pa_020_find-all-by-andreas-otterberg","84":"pa_020_find-all-by-andreas-qassim","85":"pa_020_find-all-by-anna-lundgren-widen","86":"pa_020_find-all-by-axel-pettersson","87":"pa_020_find-all-by-bengt-elmen","88":"pa_020_find-all-by-cadial","89":"pa_020_find-all-by-cajsa-nordlund","90":"pa_020_find-all-by-chris-loneberg","91":"pa_020_find-all-by-daniel-ahlgren","92":"pa_020_find-all-by-daniel-tjernberg","93":"pa_020_find-all-by-david-liljemark","94":"pa_020_find-all-by-eddie-karlsson","95":"pa_020_find-all-by-elektra-linton","96":"pa_020_find-all-by-elias-lofgren","97":"pa_020_find-all-by-ellen-lundberg","98":"pa_020_find-all-by-emelie-johansson","99":"pa_020_find-all-by-filip-viscovi","100":"pa_020_find-all-by-fredrik-hardenborg","101":"pa_020_find-all-by-henrik-rogowski","102":"pa_020_find-all-by-henrik-zacco","103":"pa_020_find-all-by-hugo-viscovi","104":"pa_020_find-all-by-jan-hoff","105":"pa_020_find-all-by-jan-kustfalt","106":"pa_020_find-all-by-jenny-hannula","107":"pa_020_find-all-by-jet-svard","108":"pa_020_find-all-by-jimmy-olsson","109":"pa_020_find-all-by-joakim-hjortenklev","110":"pa_020_find-all-by-johan-larsson","111":"pa_020_find-all-by-johan-wanloo","112":"pa_020_find-all-by-johanna-larsson-pinedo","113":"pa_020_find-all-by-johannes-aggro-torstensson","114":"pa_020_find-all-by-jonatan-rosen","115":"pa_020_find-all-by-karin-hjalmarsson","116":"pa_020_find-all-by-kristofer-ahlfeldt","117":"pa_020_find-all-by-lars-hallgren","118":"pa_020_find-all-by-magic-frigren","119":"pa_020_find-all-by-malin-granroth","120":"pa_020_find-all-by-mikael-hammarberg","121":"pa_020_find-all-by-nathalie-tjernberg","122":"pa_020_find-all-by-nicolas-krizan","123":"pa_020_find-all-by-ola-forssblad","124":"pa_020_find-all-by-olivia-severin","125":"pa_020_find-all-by-olivia-skoglund","126":"pa_020_find-all-by-p-g-lidstrom","127":"pa_020_find-all-by-per-myrhill","128":"pa_020_find-all-by-ray-husac","129":"pa_020_find-all-by-sebastian-ericson","130":"pa_020_find-all-by-simon-gardenfors","131":"pa_020_find-all-by-siri-lo-lidbeck","132":"pa_020_find-all-by-sofia-e-karlsson","133":"pa_020_find-all-by-stef-gaines","134":"pa_020_find-all-by-stefan-johansson","135":"pa_020_find-all-by-stefan-petrini","136":"pa_020_find-all-by-stefan-rothmaier","137":"pa_020_find-all-by-stella-kallgren","138":"pa_020_find-all-by-steve-nyberg","139":"pa_020_find-all-by-tilda-bergsten","140":"pa_020_find-all-by-timmy-zillen","141":"pa_020_find-all-by-tomas-zackarias-westberg","142":"pa_020_find-all-by-ulf-astrom","143":"pa_020_find-all-by-viktor-jaderlund","144":"pa_020_find-all-by-yvette-gustafsson","146":"first","147":"instock","148":"shipping-taxable","149":"purchasable","150":"product-type-simple"},"translation":{"provider":"WPGlobus","version":"3.0.2","language":"en","enabled_languages":["sv","en"],"languages":{"sv":{"title":true,"content":true,"excerpt":true},"en":{"title":false,"content":false,"excerpt":false}}},"acf":[],"yoast_head":"<!-- This site is optimized with the Yoast SEO Premium plugin v23.4 (Yoast SEO v27.4) - https:\/\/yoast.com\/product\/yoast-seo-premium-wordpress\/ -->\n<title>Home Made Comics #17 - Hybriden<\/title>\n<meta name=\"robots\" content=\"index, follow, max-snippet:-1, max-image-preview:large, max-video-preview:-1\" \/>\n<link rel=\"canonical\" href=\"https:\/\/www.hybriden.se\/product\/home-made-comics-17\/\" \/>\n<meta property=\"og:locale\" content=\"en_US\" \/>\n<meta property=\"og:type\" content=\"article\" \/>\n<meta property=\"og:title\" content=\"Home Made Comics #17 - Hybriden\" \/>\n<meta property=\"og:url\" content=\"https:\/\/www.hybriden.se\/product\/home-made-comics-17\/\" \/>\n<meta property=\"og:site_name\" content=\"Hybriden\" \/>\n<meta property=\"article:modified_time\" content=\"2026-04-13T17:38:23+00:00\" \/>\n<meta property=\"og:image\" content=\"https:\/\/www.hybriden.se\/wp-content\/uploads\/2019\/03\/F_HMC17_791x1024.jpg\" \/>\n\t<meta property=\"og:image:width\" content=\"791\" \/>\n\t<meta property=\"og:image:height\" content=\"1024\" \/>\n\t<meta property=\"og:image:type\" content=\"image\/jpeg\" \/>\n<meta name=\"twitter:label1\" content=\"Est. reading time\" \/>\n\t<meta name=\"twitter:data1\" content=\"1 minute\" \/>\n<script type=\"application\/ld+json\" class=\"yoast-schema-graph\">{\"@context\":\"https:\\\/\\\/schema.org\",\"@graph\":[{\"@type\":\"WebPage\",\"@id\":\"https:\\\/\\\/www.hybriden.se\\\/product\\\/home-made-comics-17\\\/\",\"url\":\"https:\\\/\\\/www.hybriden.se\\\/product\\\/home-made-comics-17\\\/\",\"name\":\"Home Made Comics #17 - Hybriden\",\"isPartOf\":{\"@id\":\"https:\\\/\\\/www.hybriden.se\\\/#website\"},\"primaryImageOfPage\":{\"@id\":\"https:\\\/\\\/www.hybriden.se\\\/product\\\/home-made-comics-17\\\/#primaryimage\"},\"image\":{\"@id\":\"https:\\\/\\\/www.hybriden.se\\\/product\\\/home-made-comics-17\\\/#primaryimage\"},\"thumbnailUrl\":\"https:\\\/\\\/www.hybriden.se\\\/wp-content\\\/uploads\\\/2019\\\/03\\\/F_HMC17_791x1024.jpg\",\"datePublished\":\"2019-02-23T10:01:03+00:00\",\"dateModified\":\"2026-04-13T17:38:23+00:00\",\"breadcrumb\":{\"@id\":\"https:\\\/\\\/www.hybriden.se\\\/product\\\/home-made-comics-17\\\/#breadcrumb\"},\"inLanguage\":\"en-US\",\"potentialAction\":[{\"@type\":\"ReadAction\",\"target\":[\"https:\\\/\\\/www.hybriden.se\\\/product\\\/home-made-comics-17\\\/\"]}]},{\"@type\":\"ImageObject\",\"inLanguage\":\"en-US\",\"@id\":\"https:\\\/\\\/www.hybriden.se\\\/product\\\/home-made-comics-17\\\/#primaryimage\",\"url\":\"https:\\\/\\\/www.hybriden.se\\\/wp-content\\\/uploads\\\/2019\\\/03\\\/F_HMC17_791x1024.jpg\",\"contentUrl\":\"https:\\\/\\\/www.hybriden.se\\\/wp-content\\\/uploads\\\/2019\\\/03\\\/F_HMC17_791x1024.jpg\",\"width\":791,\"height\":1024},{\"@type\":\"BreadcrumbList\",\"@id\":\"https:\\\/\\\/www.hybriden.se\\\/product\\\/home-made-comics-17\\\/#breadcrumb\",\"itemListElement\":[{\"@type\":\"ListItem\",\"position\":1,\"name\":\"Hem\",\"item\":\"https:\\\/\\\/www.hybriden.se\\\/\"},{\"@type\":\"ListItem\",\"position\":2,\"name\":\"Shop\",\"item\":\"https:\\\/\\\/www.hybriden.se\\\/en\\\/shop\\\/\"},{\"@type\":\"ListItem\",\"position\":3,\"name\":\"Home Made Comics #17\"}]},{\"@type\":\"WebSite\",\"@id\":\"https:\\\/\\\/www.hybriden.se\\\/#website\",\"url\":\"https:\\\/\\\/www.hybriden.se\\\/\",\"name\":\"HYBRIDEN - Comics, Prints and Exhibitions\",\"description\":\"Comics, Prints and Exhibitions\",\"publisher\":{\"@id\":\"https:\\\/\\\/www.hybriden.se\\\/#organization\"},\"potentialAction\":[{\"@type\":\"SearchAction\",\"target\":{\"@type\":\"EntryPoint\",\"urlTemplate\":\"https:\\\/\\\/www.hybriden.se\\\/?s={search_term_string}\"},\"query-input\":{\"@type\":\"PropertyValueSpecification\",\"valueRequired\":true,\"valueName\":\"search_term_string\"}}],\"inLanguage\":\"en-US\"},{\"@type\":\"Organization\",\"@id\":\"https:\\\/\\\/www.hybriden.se\\\/#organization\",\"name\":\"HYBRIDEN\",\"url\":\"https:\\\/\\\/www.hybriden.se\\\/\",\"logo\":{\"@type\":\"ImageObject\",\"inLanguage\":\"en-US\",\"@id\":\"https:\\\/\\\/www.hybriden.se\\\/#\\\/schema\\\/logo\\\/image\\\/\",\"url\":\"https:\\\/\\\/www.hybriden.se\\\/wp-content\\\/uploads\\\/2022\\\/12\\\/309882173_562567562537341_815360613267169378_n.jpg\",\"contentUrl\":\"https:\\\/\\\/www.hybriden.se\\\/wp-content\\\/uploads\\\/2022\\\/12\\\/309882173_562567562537341_815360613267169378_n.jpg\",\"width\":800,\"height\":800,\"caption\":\"HYBRIDEN\"},\"image\":{\"@id\":\"https:\\\/\\\/www.hybriden.se\\\/#\\\/schema\\\/logo\\\/image\\\/\"}}]}<\/script>\n<!-- \/ Yoast SEO Premium plugin. -->","yoast_head_json":{"title":"Home Made Comics #17 - Hybriden","robots":{"index":"index","follow":"follow","max-snippet":"max-snippet:-1","max-image-preview":"max-image-preview:large","max-video-preview":"max-video-preview:-1"},"canonical":"https:\/\/www.hybriden.se\/product\/home-made-comics-17\/","og_locale":"en_US","og_type":"article","og_title":"Home Made Comics #17 - Hybriden","og_url":"https:\/\/www.hybriden.se\/product\/home-made-comics-17\/","og_site_name":"Hybriden","article_modified_time":"2026-04-13T17:38:23+00:00","og_image":[{"width":791,"height":1024,"url":"https:\/\/www.hybriden.se\/wp-content\/uploads\/2019\/03\/F_HMC17_791x1024.jpg","type":"image\/jpeg"}],"twitter_misc":{"Est. reading time":"1 minute"},"schema":{"@context":"https:\/\/schema.org","@graph":[{"@type":"WebPage","@id":"https:\/\/www.hybriden.se\/product\/home-made-comics-17\/","url":"https:\/\/www.hybriden.se\/product\/home-made-comics-17\/","name":"Home Made Comics #17 - Hybriden","isPartOf":{"@id":"https:\/\/www.hybriden.se\/#website"},"primaryImageOfPage":{"@id":"https:\/\/www.hybriden.se\/product\/home-made-comics-17\/#primaryimage"},"image":{"@id":"https:\/\/www.hybriden.se\/product\/home-made-comics-17\/#primaryimage"},"thumbnailUrl":"https:\/\/www.hybriden.se\/wp-content\/uploads\/2019\/03\/F_HMC17_791x1024.jpg","datePublished":"2019-02-23T10:01:03+00:00","dateModified":"2026-04-13T17:38:23+00:00","breadcrumb":{"@id":"https:\/\/www.hybriden.se\/product\/home-made-comics-17\/#breadcrumb"},"inLanguage":"en-US","potentialAction":[{"@type":"ReadAction","target":["https:\/\/www.hybriden.se\/product\/home-made-comics-17\/"]}]},{"@type":"ImageObject","inLanguage":"en-US","@id":"https:\/\/www.hybriden.se\/product\/home-made-comics-17\/#primaryimage","url":"https:\/\/www.hybriden.se\/wp-content\/uploads\/2019\/03\/F_HMC17_791x1024.jpg","contentUrl":"https:\/\/www.hybriden.se\/wp-content\/uploads\/2019\/03\/F_HMC17_791x1024.jpg","width":791,"height":1024},{"@type":"BreadcrumbList","@id":"https:\/\/www.hybriden.se\/product\/home-made-comics-17\/#breadcrumb","itemListElement":[{"@type":"ListItem","position":1,"name":"Hem","item":"https:\/\/www.hybriden.se\/"},{"@type":"ListItem","position":2,"name":"Shop","item":"https:\/\/www.hybriden.se\/en\/shop\/"},{"@type":"ListItem","position":3,"name":"Home Made Comics #17"}]},{"@type":"WebSite","@id":"https:\/\/www.hybriden.se\/#website","url":"https:\/\/www.hybriden.se\/","name":"HYBRIDEN - Comics, Prints and Exhibitions","description":"Comics, Prints and Exhibitions","publisher":{"@id":"https:\/\/www.hybriden.se\/#organization"},"potentialAction":[{"@type":"SearchAction","target":{"@type":"EntryPoint","urlTemplate":"https:\/\/www.hybriden.se\/?s={search_term_string}"},"query-input":{"@type":"PropertyValueSpecification","valueRequired":true,"valueName":"search_term_string"}}],"inLanguage":"en-US"},{"@type":"Organization","@id":"https:\/\/www.hybriden.se\/#organization","name":"HYBRIDEN","url":"https:\/\/www.hybriden.se\/","logo":{"@type":"ImageObject","inLanguage":"en-US","@id":"https:\/\/www.hybriden.se\/#\/schema\/logo\/image\/","url":"https:\/\/www.hybriden.se\/wp-content\/uploads\/2022\/12\/309882173_562567562537341_815360613267169378_n.jpg","contentUrl":"https:\/\/www.hybriden.se\/wp-content\/uploads\/2022\/12\/309882173_562567562537341_815360613267169378_n.jpg","width":800,"height":800,"caption":"HYBRIDEN"},"image":{"@id":"https:\/\/www.hybriden.se\/#\/schema\/logo\/image\/"}}]}},"_links":{"self":[{"href":"https:\/\/www.hybriden.se\/en\/wp-json\/wp\/v2\/product\/6326","targetHints":{"allow":["GET"]}}],"collection":[{"href":"https:\/\/www.hybriden.se\/en\/wp-json\/wp\/v2\/product"}],"about":[{"href":"https:\/\/www.hybriden.se\/en\/wp-json\/wp\/v2\/types\/product"}],"replies":[{"embeddable":true,"href":"https:\/\/www.hybriden.se\/en\/wp-json\/wp\/v2\/comments?post=6326"}],"wp:featuredmedia":[{"embeddable":true,"href":"https:\/\/www.hybriden.se\/en\/wp-json\/wp\/v2\/media\/6327"}],"wp:attachment":[{"href":"https:\/\/www.hybriden.se\/en\/wp-json\/wp\/v2\/media?parent=6326"}],"wp:term":[{"taxonomy":"product_brand","embeddable":true,"href":"https:\/\/www.hybriden.se\/en\/wp-json\/wp\/v2\/product_brand?post=6326"},{"taxonomy":"product_cat","embeddable":true,"href":"https:\/\/www.hybriden.se\/en\/wp-json\/wp\/v2\/product_cat?post=6326"},{"taxonomy":"product_tag","embeddable":true,"href":"https:\/\/www.hybriden.se\/en\/wp-json\/wp\/v2\/product_tag?post=6326"}],"curies":[{"name":"wp","href":"https:\/\/api.w.org\/{rel}","templated":true}]}}