{"id":6761,"date":"2019-03-23T18:32:29","date_gmt":"2019-03-23T17:32:29","guid":{"rendered":"https:\/\/www.hybriden.se\/?post_type=product&#038;p=6761"},"modified":"2026-04-13T19:38:25","modified_gmt":"2026-04-13T17:38:25","slug":"stodfanzine-for-natverket-for-romers-rattigheter","status":"publish","type":"product","link":"https:\/\/www.hybriden.se\/en\/product\/stodfanzine-for-natverket-for-romers-rattigheter\/","title":{"rendered":"St\u00f6dfanzine f\u00f6r n\u00e4tverket f\u00f6r romers r\u00e4ttigheter"},"content":{"rendered":"<p>St\u00f6dfanzine f\u00f6r n\u00e4tverket f\u00f6r romers r\u00e4ttigheter<\/p>\n<p>Medverkande:<br \/>\nStina Hjelm<br \/>\nAnn Lindstr\u00f6m<br \/>\nJosefine Forsberg<br \/>\nWilliam \u00d6dman<br \/>\nMalin Skogberg<br \/>\nSigrid Rudnert<br \/>\nMarie Tillman<br \/>\nPernilla Gullberg<br \/>\nSara Lindholm<br \/>\nLeon Stekla<br \/>\nRakel Dehn Stammer<\/p>\n","protected":false},"excerpt":{"rendered":"<p>Medverkande:<br \/>\nStina Hjelm<br \/>\nAnn Lindstr\u00f6m<br \/>\nJosefine Forsberg<br \/>\nWilliam \u00d6dman<br \/>\nMalin Skogberg<br \/>\nSigrid Rudnert<br \/>\nMarie Tillman<br \/>\nPernilla Gullberg<br \/>\nSara Lindholm<br \/>\nLeon Stekla<br \/>\nRakel Dehn Stammer<\/p>\n","protected":false},"featured_media":6762,"comment_status":"open","ping_status":"closed","template":"","meta":{"_acf_changed":false,"inline_featured_image":false},"product_brand":[],"product_cat":[423],"product_tag":[],"class_list":{"0":"post-6761","1":"product","2":"type-product","3":"status-publish","4":"has-post-thumbnail","6":"product_cat-fosfor","7":"product_shipping_class-books","8":"pa_005_language-svenska","9":"pa_007_comicartist-ann-lindstrom","10":"pa_007_comicartist-josefine-forsberg","11":"pa_007_comicartist-leon-stekla","12":"pa_007_comicartist-malin-skogberg","13":"pa_007_comicartist-marie-tillman","14":"pa_007_comicartist-pernilla-gullberg","15":"pa_007_comicartist-rakel-stammer","16":"pa_007_comicartist-sara-lindholm","17":"pa_007_comicartist-sigrid-rudnert","18":"pa_007_comicartist-stina-hjelm","19":"pa_007_comicartist-william-odman","20":"pa_011_coverartist-william-odman","21":"pa_020_find-all-by-ann-lindstrom","22":"pa_020_find-all-by-josefine-forsberg","23":"pa_020_find-all-by-leon-stekla","24":"pa_020_find-all-by-malin-skogberg","25":"pa_020_find-all-by-marie-tillman","26":"pa_020_find-all-by-pernilla-gullberg","27":"pa_020_find-all-by-rakel-dehn-stammer","28":"pa_020_find-all-by-sara-lindholm","29":"pa_020_find-all-by-sigrid-rudnert","30":"pa_020_find-all-by-stina-hjelm","31":"pa_020_find-all-by-william-odman","33":"first","34":"instock","35":"shipping-taxable","36":"purchasable","37":"product-type-simple"},"translation":{"provider":"WPGlobus","version":"3.0.2","language":"en","enabled_languages":["sv","en"],"languages":{"sv":{"title":true,"content":true,"excerpt":true},"en":{"title":false,"content":false,"excerpt":false}}},"acf":[],"yoast_head":"<!-- This site is optimized with the Yoast SEO Premium plugin v23.4 (Yoast SEO v27.4) - https:\/\/yoast.com\/product\/yoast-seo-premium-wordpress\/ -->\n<title>St\u00f6dfanzine f\u00f6r n\u00e4tverket f\u00f6r romers r\u00e4ttigheter - Hybriden<\/title>\n<meta name=\"robots\" content=\"index, follow, max-snippet:-1, max-image-preview:large, max-video-preview:-1\" \/>\n<link rel=\"canonical\" href=\"https:\/\/www.hybriden.se\/product\/stodfanzine-for-natverket-for-romers-rattigheter\/\" \/>\n<meta property=\"og:locale\" content=\"en_US\" \/>\n<meta property=\"og:type\" content=\"article\" \/>\n<meta property=\"og:title\" content=\"St\u00f6dfanzine f\u00f6r n\u00e4tverket f\u00f6r romers r\u00e4ttigheter - Hybriden\" \/>\n<meta property=\"og:url\" content=\"https:\/\/www.hybriden.se\/product\/stodfanzine-for-natverket-for-romers-rattigheter\/\" \/>\n<meta property=\"og:site_name\" content=\"Hybriden\" \/>\n<meta property=\"article:modified_time\" content=\"2026-04-13T17:38:25+00:00\" \/>\n<meta property=\"og:image\" content=\"https:\/\/www.hybriden.se\/wp-content\/uploads\/2019\/05\/F_stodfanzine_791x1024.jpg\" \/>\n\t<meta property=\"og:image:width\" content=\"791\" \/>\n\t<meta property=\"og:image:height\" content=\"1024\" \/>\n\t<meta property=\"og:image:type\" content=\"image\/jpeg\" \/>\n<script type=\"application\/ld+json\" class=\"yoast-schema-graph\">{\"@context\":\"https:\\\/\\\/schema.org\",\"@graph\":[{\"@type\":\"WebPage\",\"@id\":\"https:\\\/\\\/www.hybriden.se\\\/product\\\/stodfanzine-for-natverket-for-romers-rattigheter\\\/\",\"url\":\"https:\\\/\\\/www.hybriden.se\\\/product\\\/stodfanzine-for-natverket-for-romers-rattigheter\\\/\",\"name\":\"St\u00f6dfanzine f\u00f6r n\u00e4tverket f\u00f6r romers r\u00e4ttigheter - Hybriden\",\"isPartOf\":{\"@id\":\"https:\\\/\\\/www.hybriden.se\\\/#website\"},\"primaryImageOfPage\":{\"@id\":\"https:\\\/\\\/www.hybriden.se\\\/product\\\/stodfanzine-for-natverket-for-romers-rattigheter\\\/#primaryimage\"},\"image\":{\"@id\":\"https:\\\/\\\/www.hybriden.se\\\/product\\\/stodfanzine-for-natverket-for-romers-rattigheter\\\/#primaryimage\"},\"thumbnailUrl\":\"https:\\\/\\\/www.hybriden.se\\\/wp-content\\\/uploads\\\/2019\\\/05\\\/F_stodfanzine_791x1024.jpg\",\"datePublished\":\"2019-03-23T17:32:29+00:00\",\"dateModified\":\"2026-04-13T17:38:25+00:00\",\"breadcrumb\":{\"@id\":\"https:\\\/\\\/www.hybriden.se\\\/product\\\/stodfanzine-for-natverket-for-romers-rattigheter\\\/#breadcrumb\"},\"inLanguage\":\"en-US\",\"potentialAction\":[{\"@type\":\"ReadAction\",\"target\":[\"https:\\\/\\\/www.hybriden.se\\\/product\\\/stodfanzine-for-natverket-for-romers-rattigheter\\\/\"]}]},{\"@type\":\"ImageObject\",\"inLanguage\":\"en-US\",\"@id\":\"https:\\\/\\\/www.hybriden.se\\\/product\\\/stodfanzine-for-natverket-for-romers-rattigheter\\\/#primaryimage\",\"url\":\"https:\\\/\\\/www.hybriden.se\\\/wp-content\\\/uploads\\\/2019\\\/05\\\/F_stodfanzine_791x1024.jpg\",\"contentUrl\":\"https:\\\/\\\/www.hybriden.se\\\/wp-content\\\/uploads\\\/2019\\\/05\\\/F_stodfanzine_791x1024.jpg\",\"width\":791,\"height\":1024},{\"@type\":\"BreadcrumbList\",\"@id\":\"https:\\\/\\\/www.hybriden.se\\\/product\\\/stodfanzine-for-natverket-for-romers-rattigheter\\\/#breadcrumb\",\"itemListElement\":[{\"@type\":\"ListItem\",\"position\":1,\"name\":\"Hem\",\"item\":\"https:\\\/\\\/www.hybriden.se\\\/\"},{\"@type\":\"ListItem\",\"position\":2,\"name\":\"Shop\",\"item\":\"https:\\\/\\\/www.hybriden.se\\\/en\\\/shop\\\/\"},{\"@type\":\"ListItem\",\"position\":3,\"name\":\"St\u00f6dfanzine f\u00f6r n\u00e4tverket f\u00f6r romers r\u00e4ttigheter\"}]},{\"@type\":\"WebSite\",\"@id\":\"https:\\\/\\\/www.hybriden.se\\\/#website\",\"url\":\"https:\\\/\\\/www.hybriden.se\\\/\",\"name\":\"HYBRIDEN - Comics, Prints and Exhibitions\",\"description\":\"Comics, Prints and Exhibitions\",\"publisher\":{\"@id\":\"https:\\\/\\\/www.hybriden.se\\\/#organization\"},\"potentialAction\":[{\"@type\":\"SearchAction\",\"target\":{\"@type\":\"EntryPoint\",\"urlTemplate\":\"https:\\\/\\\/www.hybriden.se\\\/?s={search_term_string}\"},\"query-input\":{\"@type\":\"PropertyValueSpecification\",\"valueRequired\":true,\"valueName\":\"search_term_string\"}}],\"inLanguage\":\"en-US\"},{\"@type\":\"Organization\",\"@id\":\"https:\\\/\\\/www.hybriden.se\\\/#organization\",\"name\":\"HYBRIDEN\",\"url\":\"https:\\\/\\\/www.hybriden.se\\\/\",\"logo\":{\"@type\":\"ImageObject\",\"inLanguage\":\"en-US\",\"@id\":\"https:\\\/\\\/www.hybriden.se\\\/#\\\/schema\\\/logo\\\/image\\\/\",\"url\":\"https:\\\/\\\/www.hybriden.se\\\/wp-content\\\/uploads\\\/2022\\\/12\\\/309882173_562567562537341_815360613267169378_n.jpg\",\"contentUrl\":\"https:\\\/\\\/www.hybriden.se\\\/wp-content\\\/uploads\\\/2022\\\/12\\\/309882173_562567562537341_815360613267169378_n.jpg\",\"width\":800,\"height\":800,\"caption\":\"HYBRIDEN\"},\"image\":{\"@id\":\"https:\\\/\\\/www.hybriden.se\\\/#\\\/schema\\\/logo\\\/image\\\/\"}}]}<\/script>\n<!-- \/ Yoast SEO Premium plugin. -->","yoast_head_json":{"title":"St\u00f6dfanzine f\u00f6r n\u00e4tverket f\u00f6r romers r\u00e4ttigheter - Hybriden","robots":{"index":"index","follow":"follow","max-snippet":"max-snippet:-1","max-image-preview":"max-image-preview:large","max-video-preview":"max-video-preview:-1"},"canonical":"https:\/\/www.hybriden.se\/product\/stodfanzine-for-natverket-for-romers-rattigheter\/","og_locale":"en_US","og_type":"article","og_title":"St\u00f6dfanzine f\u00f6r n\u00e4tverket f\u00f6r romers r\u00e4ttigheter - Hybriden","og_url":"https:\/\/www.hybriden.se\/product\/stodfanzine-for-natverket-for-romers-rattigheter\/","og_site_name":"Hybriden","article_modified_time":"2026-04-13T17:38:25+00:00","og_image":[{"width":791,"height":1024,"url":"https:\/\/www.hybriden.se\/wp-content\/uploads\/2019\/05\/F_stodfanzine_791x1024.jpg","type":"image\/jpeg"}],"schema":{"@context":"https:\/\/schema.org","@graph":[{"@type":"WebPage","@id":"https:\/\/www.hybriden.se\/product\/stodfanzine-for-natverket-for-romers-rattigheter\/","url":"https:\/\/www.hybriden.se\/product\/stodfanzine-for-natverket-for-romers-rattigheter\/","name":"St\u00f6dfanzine f\u00f6r n\u00e4tverket f\u00f6r romers r\u00e4ttigheter - Hybriden","isPartOf":{"@id":"https:\/\/www.hybriden.se\/#website"},"primaryImageOfPage":{"@id":"https:\/\/www.hybriden.se\/product\/stodfanzine-for-natverket-for-romers-rattigheter\/#primaryimage"},"image":{"@id":"https:\/\/www.hybriden.se\/product\/stodfanzine-for-natverket-for-romers-rattigheter\/#primaryimage"},"thumbnailUrl":"https:\/\/www.hybriden.se\/wp-content\/uploads\/2019\/05\/F_stodfanzine_791x1024.jpg","datePublished":"2019-03-23T17:32:29+00:00","dateModified":"2026-04-13T17:38:25+00:00","breadcrumb":{"@id":"https:\/\/www.hybriden.se\/product\/stodfanzine-for-natverket-for-romers-rattigheter\/#breadcrumb"},"inLanguage":"en-US","potentialAction":[{"@type":"ReadAction","target":["https:\/\/www.hybriden.se\/product\/stodfanzine-for-natverket-for-romers-rattigheter\/"]}]},{"@type":"ImageObject","inLanguage":"en-US","@id":"https:\/\/www.hybriden.se\/product\/stodfanzine-for-natverket-for-romers-rattigheter\/#primaryimage","url":"https:\/\/www.hybriden.se\/wp-content\/uploads\/2019\/05\/F_stodfanzine_791x1024.jpg","contentUrl":"https:\/\/www.hybriden.se\/wp-content\/uploads\/2019\/05\/F_stodfanzine_791x1024.jpg","width":791,"height":1024},{"@type":"BreadcrumbList","@id":"https:\/\/www.hybriden.se\/product\/stodfanzine-for-natverket-for-romers-rattigheter\/#breadcrumb","itemListElement":[{"@type":"ListItem","position":1,"name":"Hem","item":"https:\/\/www.hybriden.se\/"},{"@type":"ListItem","position":2,"name":"Shop","item":"https:\/\/www.hybriden.se\/en\/shop\/"},{"@type":"ListItem","position":3,"name":"St\u00f6dfanzine f\u00f6r n\u00e4tverket f\u00f6r romers r\u00e4ttigheter"}]},{"@type":"WebSite","@id":"https:\/\/www.hybriden.se\/#website","url":"https:\/\/www.hybriden.se\/","name":"HYBRIDEN - Comics, Prints and Exhibitions","description":"Comics, Prints and Exhibitions","publisher":{"@id":"https:\/\/www.hybriden.se\/#organization"},"potentialAction":[{"@type":"SearchAction","target":{"@type":"EntryPoint","urlTemplate":"https:\/\/www.hybriden.se\/?s={search_term_string}"},"query-input":{"@type":"PropertyValueSpecification","valueRequired":true,"valueName":"search_term_string"}}],"inLanguage":"en-US"},{"@type":"Organization","@id":"https:\/\/www.hybriden.se\/#organization","name":"HYBRIDEN","url":"https:\/\/www.hybriden.se\/","logo":{"@type":"ImageObject","inLanguage":"en-US","@id":"https:\/\/www.hybriden.se\/#\/schema\/logo\/image\/","url":"https:\/\/www.hybriden.se\/wp-content\/uploads\/2022\/12\/309882173_562567562537341_815360613267169378_n.jpg","contentUrl":"https:\/\/www.hybriden.se\/wp-content\/uploads\/2022\/12\/309882173_562567562537341_815360613267169378_n.jpg","width":800,"height":800,"caption":"HYBRIDEN"},"image":{"@id":"https:\/\/www.hybriden.se\/#\/schema\/logo\/image\/"}}]}},"_links":{"self":[{"href":"https:\/\/www.hybriden.se\/en\/wp-json\/wp\/v2\/product\/6761","targetHints":{"allow":["GET"]}}],"collection":[{"href":"https:\/\/www.hybriden.se\/en\/wp-json\/wp\/v2\/product"}],"about":[{"href":"https:\/\/www.hybriden.se\/en\/wp-json\/wp\/v2\/types\/product"}],"replies":[{"embeddable":true,"href":"https:\/\/www.hybriden.se\/en\/wp-json\/wp\/v2\/comments?post=6761"}],"wp:featuredmedia":[{"embeddable":true,"href":"https:\/\/www.hybriden.se\/en\/wp-json\/wp\/v2\/media\/6762"}],"wp:attachment":[{"href":"https:\/\/www.hybriden.se\/en\/wp-json\/wp\/v2\/media?parent=6761"}],"wp:term":[{"taxonomy":"product_brand","embeddable":true,"href":"https:\/\/www.hybriden.se\/en\/wp-json\/wp\/v2\/product_brand?post=6761"},{"taxonomy":"product_cat","embeddable":true,"href":"https:\/\/www.hybriden.se\/en\/wp-json\/wp\/v2\/product_cat?post=6761"},{"taxonomy":"product_tag","embeddable":true,"href":"https:\/\/www.hybriden.se\/en\/wp-json\/wp\/v2\/product_tag?post=6761"}],"curies":[{"name":"wp","href":"https:\/\/api.w.org\/{rel}","templated":true}]}}