{"id":9133,"date":"2020-05-15T03:05:22","date_gmt":"2020-05-15T01:05:22","guid":{"rendered":"https:\/\/www.hybriden.se\/?post_type=product&#038;p=9133"},"modified":"2026-04-13T19:41:29","modified_gmt":"2026-04-13T17:41:29","slug":"going-chrono-volym-4","status":"publish","type":"product","link":"https:\/\/www.hybriden.se\/en\/product\/going-chrono-volym-4\/","title":{"rendered":"Going Chrono, Volym 4"},"content":{"rendered":"<p>Going Chrono, Volym 4 av Elin Alskog<\/p>\n<p>Del fyra av bokserien Going Chrono. Inneh\u00e5ller kapitel 19-24. Chrono och de andra h\u00e4starna m\u00e5ste k\u00e4mpa och g\u00f6ra sitt yttersta f\u00f6r att besegra m\u00e4nniskorna och r\u00e4dda sina tillf\u00e5ngatagna kamrater. Tv\u00e5 tamh\u00e4star fr\u00e5n staden vill ocks\u00e5 f\u00f6lja med p\u00e5 vildh\u00e4starnas resa, men g\u00e5r de nya verkligen att lita p\u00e5? Och kanske \u00e4r m\u00e4nniskan Tibertius inte s\u00e5 l\u00e4tt att bli av med\u2026 Going Chrono \u00e4r en ber\u00e4ttelse med humor, drama, action och &#8220;slice of life&#8221;. Laminerad pocket.<\/p>\n","protected":false},"excerpt":{"rendered":"<p>av Elin Alskog<\/p>\n<p>Del fyra av bokserien Going Chrono. Inneh\u00e5ller kapitel 19-24. Chrono och de andra h\u00e4starna m\u00e5ste k\u00e4mpa och g\u00f6ra sitt yttersta f\u00f6r att besegra m\u00e4nniskorna och r\u00e4dda sina tillf\u00e5ngatagna kamrater. Tv\u00e5 tamh\u00e4star fr\u00e5n staden vill ocks\u00e5 f\u00f6lja med p\u00e5 vildh\u00e4starnas resa, men g\u00e5r de nya verkligen att lita p\u00e5? Och kanske \u00e4r m\u00e4nniskan Tibertius inte s\u00e5 l\u00e4tt att bli av med\u2026 Going Chrono \u00e4r en ber\u00e4ttelse med humor, drama, action och &#8220;slice of life&#8221;. Laminerad pocket.<\/p>\n","protected":false},"featured_media":9267,"comment_status":"open","ping_status":"closed","template":"","meta":{"_acf_changed":false,"inline_featured_image":false},"product_brand":[],"product_cat":[423,1937],"product_tag":[],"class_list":{"0":"post-9133","1":"product","2":"type-product","3":"status-publish","4":"has-post-thumbnail","6":"product_cat-fosfor","7":"product_cat-fosfor-fanzines","8":"product_shipping_class-books","9":"pa_005_language-svenska","10":"pa_007_comicartist-elin-alskog","11":"pa_020_find-all-by-elin-alskog","13":"first","14":"instock","15":"shipping-taxable","16":"purchasable","17":"product-type-simple"},"translation":{"provider":"WPGlobus","version":"3.0.2","language":"en","enabled_languages":["sv","en"],"languages":{"sv":{"title":true,"content":true,"excerpt":true},"en":{"title":false,"content":false,"excerpt":false}}},"acf":[],"yoast_head":"<!-- This site is optimized with the Yoast SEO Premium plugin v23.4 (Yoast SEO v27.4) - https:\/\/yoast.com\/product\/yoast-seo-premium-wordpress\/ -->\n<title>Going Chrono, Volym 4 - Hybriden<\/title>\n<meta name=\"robots\" content=\"index, follow, max-snippet:-1, max-image-preview:large, max-video-preview:-1\" \/>\n<link rel=\"canonical\" href=\"https:\/\/www.hybriden.se\/product\/going-chrono-volym-4\/\" \/>\n<meta property=\"og:locale\" content=\"en_US\" \/>\n<meta property=\"og:type\" content=\"article\" \/>\n<meta property=\"og:title\" content=\"Going Chrono, Volym 4 - Hybriden\" \/>\n<meta property=\"og:url\" content=\"https:\/\/www.hybriden.se\/product\/going-chrono-volym-4\/\" \/>\n<meta property=\"og:site_name\" content=\"Hybriden\" \/>\n<meta property=\"article:modified_time\" content=\"2026-04-13T17:41:29+00:00\" \/>\n<meta property=\"og:image\" content=\"https:\/\/www.hybriden.se\/wp-content\/uploads\/2020\/05\/F_goingchrono4_791x1024.jpg\" \/>\n\t<meta property=\"og:image:width\" content=\"791\" \/>\n\t<meta property=\"og:image:height\" content=\"1024\" \/>\n\t<meta property=\"og:image:type\" content=\"image\/jpeg\" \/>\n<script type=\"application\/ld+json\" class=\"yoast-schema-graph\">{\"@context\":\"https:\\\/\\\/schema.org\",\"@graph\":[{\"@type\":\"WebPage\",\"@id\":\"https:\\\/\\\/www.hybriden.se\\\/product\\\/going-chrono-volym-4\\\/\",\"url\":\"https:\\\/\\\/www.hybriden.se\\\/product\\\/going-chrono-volym-4\\\/\",\"name\":\"Going Chrono, Volym 4 - Hybriden\",\"isPartOf\":{\"@id\":\"https:\\\/\\\/www.hybriden.se\\\/#website\"},\"primaryImageOfPage\":{\"@id\":\"https:\\\/\\\/www.hybriden.se\\\/product\\\/going-chrono-volym-4\\\/#primaryimage\"},\"image\":{\"@id\":\"https:\\\/\\\/www.hybriden.se\\\/product\\\/going-chrono-volym-4\\\/#primaryimage\"},\"thumbnailUrl\":\"https:\\\/\\\/www.hybriden.se\\\/wp-content\\\/uploads\\\/2020\\\/05\\\/F_goingchrono4_791x1024.jpg\",\"datePublished\":\"2020-05-15T01:05:22+00:00\",\"dateModified\":\"2026-04-13T17:41:29+00:00\",\"breadcrumb\":{\"@id\":\"https:\\\/\\\/www.hybriden.se\\\/product\\\/going-chrono-volym-4\\\/#breadcrumb\"},\"inLanguage\":\"en-US\",\"potentialAction\":[{\"@type\":\"ReadAction\",\"target\":[\"https:\\\/\\\/www.hybriden.se\\\/product\\\/going-chrono-volym-4\\\/\"]}]},{\"@type\":\"ImageObject\",\"inLanguage\":\"en-US\",\"@id\":\"https:\\\/\\\/www.hybriden.se\\\/product\\\/going-chrono-volym-4\\\/#primaryimage\",\"url\":\"https:\\\/\\\/www.hybriden.se\\\/wp-content\\\/uploads\\\/2020\\\/05\\\/F_goingchrono4_791x1024.jpg\",\"contentUrl\":\"https:\\\/\\\/www.hybriden.se\\\/wp-content\\\/uploads\\\/2020\\\/05\\\/F_goingchrono4_791x1024.jpg\",\"width\":791,\"height\":1024},{\"@type\":\"BreadcrumbList\",\"@id\":\"https:\\\/\\\/www.hybriden.se\\\/product\\\/going-chrono-volym-4\\\/#breadcrumb\",\"itemListElement\":[{\"@type\":\"ListItem\",\"position\":1,\"name\":\"Hem\",\"item\":\"https:\\\/\\\/www.hybriden.se\\\/\"},{\"@type\":\"ListItem\",\"position\":2,\"name\":\"Shop\",\"item\":\"https:\\\/\\\/www.hybriden.se\\\/en\\\/shop\\\/\"},{\"@type\":\"ListItem\",\"position\":3,\"name\":\"Going Chrono, Volym 4\"}]},{\"@type\":\"WebSite\",\"@id\":\"https:\\\/\\\/www.hybriden.se\\\/#website\",\"url\":\"https:\\\/\\\/www.hybriden.se\\\/\",\"name\":\"HYBRIDEN - Comics, Prints and Exhibitions\",\"description\":\"Comics, Prints and Exhibitions\",\"publisher\":{\"@id\":\"https:\\\/\\\/www.hybriden.se\\\/#organization\"},\"potentialAction\":[{\"@type\":\"SearchAction\",\"target\":{\"@type\":\"EntryPoint\",\"urlTemplate\":\"https:\\\/\\\/www.hybriden.se\\\/?s={search_term_string}\"},\"query-input\":{\"@type\":\"PropertyValueSpecification\",\"valueRequired\":true,\"valueName\":\"search_term_string\"}}],\"inLanguage\":\"en-US\"},{\"@type\":\"Organization\",\"@id\":\"https:\\\/\\\/www.hybriden.se\\\/#organization\",\"name\":\"HYBRIDEN\",\"url\":\"https:\\\/\\\/www.hybriden.se\\\/\",\"logo\":{\"@type\":\"ImageObject\",\"inLanguage\":\"en-US\",\"@id\":\"https:\\\/\\\/www.hybriden.se\\\/#\\\/schema\\\/logo\\\/image\\\/\",\"url\":\"https:\\\/\\\/www.hybriden.se\\\/wp-content\\\/uploads\\\/2022\\\/12\\\/309882173_562567562537341_815360613267169378_n.jpg\",\"contentUrl\":\"https:\\\/\\\/www.hybriden.se\\\/wp-content\\\/uploads\\\/2022\\\/12\\\/309882173_562567562537341_815360613267169378_n.jpg\",\"width\":800,\"height\":800,\"caption\":\"HYBRIDEN\"},\"image\":{\"@id\":\"https:\\\/\\\/www.hybriden.se\\\/#\\\/schema\\\/logo\\\/image\\\/\"}}]}<\/script>\n<!-- \/ Yoast SEO Premium plugin. -->","yoast_head_json":{"title":"Going Chrono, Volym 4 - Hybriden","robots":{"index":"index","follow":"follow","max-snippet":"max-snippet:-1","max-image-preview":"max-image-preview:large","max-video-preview":"max-video-preview:-1"},"canonical":"https:\/\/www.hybriden.se\/product\/going-chrono-volym-4\/","og_locale":"en_US","og_type":"article","og_title":"Going Chrono, Volym 4 - Hybriden","og_url":"https:\/\/www.hybriden.se\/product\/going-chrono-volym-4\/","og_site_name":"Hybriden","article_modified_time":"2026-04-13T17:41:29+00:00","og_image":[{"width":791,"height":1024,"url":"https:\/\/www.hybriden.se\/wp-content\/uploads\/2020\/05\/F_goingchrono4_791x1024.jpg","type":"image\/jpeg"}],"schema":{"@context":"https:\/\/schema.org","@graph":[{"@type":"WebPage","@id":"https:\/\/www.hybriden.se\/product\/going-chrono-volym-4\/","url":"https:\/\/www.hybriden.se\/product\/going-chrono-volym-4\/","name":"Going Chrono, Volym 4 - Hybriden","isPartOf":{"@id":"https:\/\/www.hybriden.se\/#website"},"primaryImageOfPage":{"@id":"https:\/\/www.hybriden.se\/product\/going-chrono-volym-4\/#primaryimage"},"image":{"@id":"https:\/\/www.hybriden.se\/product\/going-chrono-volym-4\/#primaryimage"},"thumbnailUrl":"https:\/\/www.hybriden.se\/wp-content\/uploads\/2020\/05\/F_goingchrono4_791x1024.jpg","datePublished":"2020-05-15T01:05:22+00:00","dateModified":"2026-04-13T17:41:29+00:00","breadcrumb":{"@id":"https:\/\/www.hybriden.se\/product\/going-chrono-volym-4\/#breadcrumb"},"inLanguage":"en-US","potentialAction":[{"@type":"ReadAction","target":["https:\/\/www.hybriden.se\/product\/going-chrono-volym-4\/"]}]},{"@type":"ImageObject","inLanguage":"en-US","@id":"https:\/\/www.hybriden.se\/product\/going-chrono-volym-4\/#primaryimage","url":"https:\/\/www.hybriden.se\/wp-content\/uploads\/2020\/05\/F_goingchrono4_791x1024.jpg","contentUrl":"https:\/\/www.hybriden.se\/wp-content\/uploads\/2020\/05\/F_goingchrono4_791x1024.jpg","width":791,"height":1024},{"@type":"BreadcrumbList","@id":"https:\/\/www.hybriden.se\/product\/going-chrono-volym-4\/#breadcrumb","itemListElement":[{"@type":"ListItem","position":1,"name":"Hem","item":"https:\/\/www.hybriden.se\/"},{"@type":"ListItem","position":2,"name":"Shop","item":"https:\/\/www.hybriden.se\/en\/shop\/"},{"@type":"ListItem","position":3,"name":"Going Chrono, Volym 4"}]},{"@type":"WebSite","@id":"https:\/\/www.hybriden.se\/#website","url":"https:\/\/www.hybriden.se\/","name":"HYBRIDEN - Comics, Prints and Exhibitions","description":"Comics, Prints and Exhibitions","publisher":{"@id":"https:\/\/www.hybriden.se\/#organization"},"potentialAction":[{"@type":"SearchAction","target":{"@type":"EntryPoint","urlTemplate":"https:\/\/www.hybriden.se\/?s={search_term_string}"},"query-input":{"@type":"PropertyValueSpecification","valueRequired":true,"valueName":"search_term_string"}}],"inLanguage":"en-US"},{"@type":"Organization","@id":"https:\/\/www.hybriden.se\/#organization","name":"HYBRIDEN","url":"https:\/\/www.hybriden.se\/","logo":{"@type":"ImageObject","inLanguage":"en-US","@id":"https:\/\/www.hybriden.se\/#\/schema\/logo\/image\/","url":"https:\/\/www.hybriden.se\/wp-content\/uploads\/2022\/12\/309882173_562567562537341_815360613267169378_n.jpg","contentUrl":"https:\/\/www.hybriden.se\/wp-content\/uploads\/2022\/12\/309882173_562567562537341_815360613267169378_n.jpg","width":800,"height":800,"caption":"HYBRIDEN"},"image":{"@id":"https:\/\/www.hybriden.se\/#\/schema\/logo\/image\/"}}]}},"_links":{"self":[{"href":"https:\/\/www.hybriden.se\/en\/wp-json\/wp\/v2\/product\/9133","targetHints":{"allow":["GET"]}}],"collection":[{"href":"https:\/\/www.hybriden.se\/en\/wp-json\/wp\/v2\/product"}],"about":[{"href":"https:\/\/www.hybriden.se\/en\/wp-json\/wp\/v2\/types\/product"}],"replies":[{"embeddable":true,"href":"https:\/\/www.hybriden.se\/en\/wp-json\/wp\/v2\/comments?post=9133"}],"wp:featuredmedia":[{"embeddable":true,"href":"https:\/\/www.hybriden.se\/en\/wp-json\/wp\/v2\/media\/9267"}],"wp:attachment":[{"href":"https:\/\/www.hybriden.se\/en\/wp-json\/wp\/v2\/media?parent=9133"}],"wp:term":[{"taxonomy":"product_brand","embeddable":true,"href":"https:\/\/www.hybriden.se\/en\/wp-json\/wp\/v2\/product_brand?post=9133"},{"taxonomy":"product_cat","embeddable":true,"href":"https:\/\/www.hybriden.se\/en\/wp-json\/wp\/v2\/product_cat?post=9133"},{"taxonomy":"product_tag","embeddable":true,"href":"https:\/\/www.hybriden.se\/en\/wp-json\/wp\/v2\/product_tag?post=9133"}],"curies":[{"name":"wp","href":"https:\/\/api.w.org\/{rel}","templated":true}]}}