{"id":9252,"date":"2020-05-15T03:05:14","date_gmt":"2020-05-15T01:05:14","guid":{"rendered":"https:\/\/www.hybriden.se\/?post_type=product&#038;p=9252"},"modified":"2026-04-13T19:41:27","modified_gmt":"2026-04-13T17:41:27","slug":"home-made-comics-18","status":"publish","type":"product","link":"https:\/\/www.hybriden.se\/en\/product\/home-made-comics-18\/","title":{"rendered":"Home Made Comics #18"},"content":{"rendered":"<p><strong>Home Made Comics #18<\/strong> \u00e4r f\u00f6r dig som gillar k\u00e4nslosamma liftare, ordvitsande kaffekannor, synkroniserade sj\u00e4lvm\u00f6rdare, rymdresande kaniner, \u00e4tande m\u00e4nniskor, k\u00e4rlekst\u00f6rstande monster, mysteriel\u00f6sande lodjur, dimensionshoppande transpersoner, avkl\u00e4dda \u00f6dlor, h\u00e4mndlystna brallisar, apd\u00e5liga styvf\u00e4der, hoppfulla astronauter, tuggummirosa demoner, krigiska b\u00f6cker, korkade katter och besvikna mutanter.<\/p>\n<p>Home Made Comics #18 inneh\u00e5ller tecknade serier av Ola Forssblad, David Liljemark, Per Myrhill, Jimmy Wallin, Nicolas Kri\u017ean, Johannes Aggro Torstensson, Joakim Gunnarsson, Johanna Kristiansson, M\u00e5rten Melin, Staffan Melin, Julia K\u00e4llgren, Stefan Johansson, Jan Hoff, Cadial, Karin Hjalmarsson, Daniel Ahlgren, Christoffer Hjalmarsson, ReYa, Josefine \u00c5hrman, P-G Lidstr\u00f6m, Einar Petersen, Per Hedman, Henrik Rogowski, Ray Husac, Anthony \u00c5slund, Ellen Lundberg, Eddie Karlsson, Joakim Hjortenklev, Lars Hallgren, Jennifer Carzties, Mikael Hammarberg, Cajsa Nordlund, Tomas Antila, Adrian Malmgren, Olivia Skoglund och Jenny Hannula.<\/p>\n","protected":false},"excerpt":{"rendered":"<p><strong>Home Made Comics #18<\/strong> \u00e4r f\u00f6r dig som gillar k\u00e4nslosamma liftare, ordvitsande kaffekannor, synkroniserade sj\u00e4lvm\u00f6rdare, rymdresande kaniner, \u00e4tande m\u00e4nniskor, k\u00e4rlekst\u00f6rstande monster, mysteriel\u00f6sande lodjur, dimensionshoppande transpersoner, avkl\u00e4dda \u00f6dlor, h\u00e4mndlystna brallisar, apd\u00e5liga styvf\u00e4der, hoppfulla astronauter, tuggummirosa demoner, krigiska b\u00f6cker, korkade katter och besvikna mutanter.<\/p>\n","protected":false},"featured_media":9268,"comment_status":"open","ping_status":"closed","template":"","meta":{"_acf_changed":false,"inline_featured_image":false},"product_brand":[],"product_cat":[423,1937],"product_tag":[],"class_list":{"0":"post-9252","1":"product","2":"type-product","3":"status-publish","4":"has-post-thumbnail","6":"product_cat-fosfor","7":"product_cat-fosfor-fanzines","8":"product_shipping_class-books","9":"pa_001_isbn-978-91-981245-4-5","10":"pa_005_language-svenska","11":"pa_007_comicartist-nicolas-krizan","12":"pa_007_comicartist-adrian-malmgren","13":"pa_007_comicartist-anthony-aslund","14":"pa_007_comicartist-cadial","15":"pa_007_comicartist-cajsa-nordlund","16":"pa_007_comicartist-christoffer-hjalmarsson","17":"pa_007_comicartist-daniel-ahlgren","18":"pa_007_comicartist-david-liljemark","19":"pa_007_comicartist-eddie-karlsson","20":"pa_007_comicartist-einar-petersen","21":"pa_007_comicartist-ellen-lundberg","22":"pa_007_comicartist-henrik-rogowski","23":"pa_007_comicartist-jan-hoff","24":"pa_007_comicartist-jennifer-carzties","25":"pa_007_comicartist-jenny-hannula","26":"pa_007_comicartist-jimmy-wallin","27":"pa_007_comicartist-joakim-gunnarsson","28":"pa_007_comicartist-joakim-hjortenklev","29":"pa_007_comicartist-johanna-kristiansson","30":"pa_007_comicartist-johannes-aggro-torstensson","31":"pa_007_comicartist-josefine-ahrman","32":"pa_007_comicartist-julia-kallgren","33":"pa_007_comicartist-karin-hjalmarsson","34":"pa_007_comicartist-lars-hallgren","35":"pa_007_comicartist-marten-melin","36":"pa_007_comicartist-mikael-hammarberg","37":"pa_007_comicartist-ola-forssblad","38":"pa_007_comicartist-olivia-skoglund","39":"pa_007_comicartist-p-g-lidstrom","40":"pa_007_comicartist-per-hedman","41":"pa_007_comicartist-per-myrhill","42":"pa_007_comicartist-ray-husac","43":"pa_007_comicartist-reya","44":"pa_007_comicartist-staffan-melin","45":"pa_007_comicartist-stefan-johansson","46":"pa_007_comicartist-tomas-antila","47":"pa_020_find-all-by-adrian-malmgren","48":"pa_020_find-all-by-anthony-aslund","49":"pa_020_find-all-by-cadial","50":"pa_020_find-all-by-cajsa-nordlund","51":"pa_020_find-all-by-christoffer-hjalmarsson","52":"pa_020_find-all-by-daniel-ahlgren","53":"pa_020_find-all-by-david-liljemark","54":"pa_020_find-all-by-eddie-karlsson","55":"pa_020_find-all-by-einar-petersen","56":"pa_020_find-all-by-ellen-lundberg","57":"pa_020_find-all-by-henrik-rogowski","58":"pa_020_find-all-by-jan-hoff","59":"pa_020_find-all-by-jennifer-carzties","60":"pa_020_find-all-by-jenny-hannula","61":"pa_020_find-all-by-jimmy-wallin","62":"pa_020_find-all-by-joakim-gunnarsson","63":"pa_020_find-all-by-joakim-hjortenklev","64":"pa_020_find-all-by-johanna-kristiansson","65":"pa_020_find-all-by-johannes-aggro-torstensson","66":"pa_020_find-all-by-josefine-ahrman","67":"pa_020_find-all-by-julia-kallgren","68":"pa_020_find-all-by-karin-hjalmarsson","69":"pa_020_find-all-by-lars-hallgren","70":"pa_020_find-all-by-marten-melin","71":"pa_020_find-all-by-mikael-hammarberg","72":"pa_020_find-all-by-nicolas-krizan","73":"pa_020_find-all-by-ola-forssblad","74":"pa_020_find-all-by-olivia-skoglund","75":"pa_020_find-all-by-p-g-lidstrom","76":"pa_020_find-all-by-per-hedman","77":"pa_020_find-all-by-per-myrhill","78":"pa_020_find-all-by-ray-husac","79":"pa_020_find-all-by-reya","80":"pa_020_find-all-by-staffan-melin","81":"pa_020_find-all-by-stefan-johansson","82":"pa_020_find-all-by-tomas-antila","84":"first","85":"instock","86":"shipping-taxable","87":"purchasable","88":"product-type-simple"},"translation":{"provider":"WPGlobus","version":"3.0.2","language":"en","enabled_languages":["sv","en"],"languages":{"sv":{"title":true,"content":true,"excerpt":true},"en":{"title":false,"content":false,"excerpt":false}}},"acf":[],"yoast_head":"<!-- This site is optimized with the Yoast SEO Premium plugin v23.4 (Yoast SEO v27.4) - https:\/\/yoast.com\/product\/yoast-seo-premium-wordpress\/ -->\n<title>Home Made Comics #18 - Hybriden<\/title>\n<meta name=\"robots\" content=\"index, follow, max-snippet:-1, max-image-preview:large, max-video-preview:-1\" \/>\n<link rel=\"canonical\" href=\"https:\/\/www.hybriden.se\/product\/home-made-comics-18\/\" \/>\n<meta property=\"og:locale\" content=\"en_US\" \/>\n<meta property=\"og:type\" content=\"article\" \/>\n<meta property=\"og:title\" content=\"Home Made Comics #18 - Hybriden\" \/>\n<meta property=\"og:url\" content=\"https:\/\/www.hybriden.se\/product\/home-made-comics-18\/\" \/>\n<meta property=\"og:site_name\" content=\"Hybriden\" \/>\n<meta property=\"article:modified_time\" content=\"2026-04-13T17:41:27+00:00\" \/>\n<meta property=\"og:image\" content=\"https:\/\/www.hybriden.se\/wp-content\/uploads\/2020\/05\/F_hmc18_791x1024.jpg\" \/>\n\t<meta property=\"og:image:width\" content=\"791\" \/>\n\t<meta property=\"og:image:height\" content=\"1024\" \/>\n\t<meta property=\"og:image:type\" content=\"image\/jpeg\" \/>\n<meta name=\"twitter:label1\" content=\"Est. reading time\" \/>\n\t<meta name=\"twitter:data1\" content=\"1 minute\" \/>\n<script type=\"application\/ld+json\" class=\"yoast-schema-graph\">{\"@context\":\"https:\\\/\\\/schema.org\",\"@graph\":[{\"@type\":\"WebPage\",\"@id\":\"https:\\\/\\\/www.hybriden.se\\\/product\\\/home-made-comics-18\\\/\",\"url\":\"https:\\\/\\\/www.hybriden.se\\\/product\\\/home-made-comics-18\\\/\",\"name\":\"Home Made Comics #18 - Hybriden\",\"isPartOf\":{\"@id\":\"https:\\\/\\\/www.hybriden.se\\\/#website\"},\"primaryImageOfPage\":{\"@id\":\"https:\\\/\\\/www.hybriden.se\\\/product\\\/home-made-comics-18\\\/#primaryimage\"},\"image\":{\"@id\":\"https:\\\/\\\/www.hybriden.se\\\/product\\\/home-made-comics-18\\\/#primaryimage\"},\"thumbnailUrl\":\"https:\\\/\\\/www.hybriden.se\\\/wp-content\\\/uploads\\\/2020\\\/05\\\/F_hmc18_791x1024.jpg\",\"datePublished\":\"2020-05-15T01:05:14+00:00\",\"dateModified\":\"2026-04-13T17:41:27+00:00\",\"breadcrumb\":{\"@id\":\"https:\\\/\\\/www.hybriden.se\\\/product\\\/home-made-comics-18\\\/#breadcrumb\"},\"inLanguage\":\"en-US\",\"potentialAction\":[{\"@type\":\"ReadAction\",\"target\":[\"https:\\\/\\\/www.hybriden.se\\\/product\\\/home-made-comics-18\\\/\"]}]},{\"@type\":\"ImageObject\",\"inLanguage\":\"en-US\",\"@id\":\"https:\\\/\\\/www.hybriden.se\\\/product\\\/home-made-comics-18\\\/#primaryimage\",\"url\":\"https:\\\/\\\/www.hybriden.se\\\/wp-content\\\/uploads\\\/2020\\\/05\\\/F_hmc18_791x1024.jpg\",\"contentUrl\":\"https:\\\/\\\/www.hybriden.se\\\/wp-content\\\/uploads\\\/2020\\\/05\\\/F_hmc18_791x1024.jpg\",\"width\":791,\"height\":1024},{\"@type\":\"BreadcrumbList\",\"@id\":\"https:\\\/\\\/www.hybriden.se\\\/product\\\/home-made-comics-18\\\/#breadcrumb\",\"itemListElement\":[{\"@type\":\"ListItem\",\"position\":1,\"name\":\"Hem\",\"item\":\"https:\\\/\\\/www.hybriden.se\\\/\"},{\"@type\":\"ListItem\",\"position\":2,\"name\":\"Shop\",\"item\":\"https:\\\/\\\/www.hybriden.se\\\/en\\\/shop\\\/\"},{\"@type\":\"ListItem\",\"position\":3,\"name\":\"Home Made Comics #18\"}]},{\"@type\":\"WebSite\",\"@id\":\"https:\\\/\\\/www.hybriden.se\\\/#website\",\"url\":\"https:\\\/\\\/www.hybriden.se\\\/\",\"name\":\"HYBRIDEN - Comics, Prints and Exhibitions\",\"description\":\"Comics, Prints and Exhibitions\",\"publisher\":{\"@id\":\"https:\\\/\\\/www.hybriden.se\\\/#organization\"},\"potentialAction\":[{\"@type\":\"SearchAction\",\"target\":{\"@type\":\"EntryPoint\",\"urlTemplate\":\"https:\\\/\\\/www.hybriden.se\\\/?s={search_term_string}\"},\"query-input\":{\"@type\":\"PropertyValueSpecification\",\"valueRequired\":true,\"valueName\":\"search_term_string\"}}],\"inLanguage\":\"en-US\"},{\"@type\":\"Organization\",\"@id\":\"https:\\\/\\\/www.hybriden.se\\\/#organization\",\"name\":\"HYBRIDEN\",\"url\":\"https:\\\/\\\/www.hybriden.se\\\/\",\"logo\":{\"@type\":\"ImageObject\",\"inLanguage\":\"en-US\",\"@id\":\"https:\\\/\\\/www.hybriden.se\\\/#\\\/schema\\\/logo\\\/image\\\/\",\"url\":\"https:\\\/\\\/www.hybriden.se\\\/wp-content\\\/uploads\\\/2022\\\/12\\\/309882173_562567562537341_815360613267169378_n.jpg\",\"contentUrl\":\"https:\\\/\\\/www.hybriden.se\\\/wp-content\\\/uploads\\\/2022\\\/12\\\/309882173_562567562537341_815360613267169378_n.jpg\",\"width\":800,\"height\":800,\"caption\":\"HYBRIDEN\"},\"image\":{\"@id\":\"https:\\\/\\\/www.hybriden.se\\\/#\\\/schema\\\/logo\\\/image\\\/\"}}]}<\/script>\n<!-- \/ Yoast SEO Premium plugin. -->","yoast_head_json":{"title":"Home Made Comics #18 - Hybriden","robots":{"index":"index","follow":"follow","max-snippet":"max-snippet:-1","max-image-preview":"max-image-preview:large","max-video-preview":"max-video-preview:-1"},"canonical":"https:\/\/www.hybriden.se\/product\/home-made-comics-18\/","og_locale":"en_US","og_type":"article","og_title":"Home Made Comics #18 - Hybriden","og_url":"https:\/\/www.hybriden.se\/product\/home-made-comics-18\/","og_site_name":"Hybriden","article_modified_time":"2026-04-13T17:41:27+00:00","og_image":[{"width":791,"height":1024,"url":"https:\/\/www.hybriden.se\/wp-content\/uploads\/2020\/05\/F_hmc18_791x1024.jpg","type":"image\/jpeg"}],"twitter_misc":{"Est. reading time":"1 minute"},"schema":{"@context":"https:\/\/schema.org","@graph":[{"@type":"WebPage","@id":"https:\/\/www.hybriden.se\/product\/home-made-comics-18\/","url":"https:\/\/www.hybriden.se\/product\/home-made-comics-18\/","name":"Home Made Comics #18 - Hybriden","isPartOf":{"@id":"https:\/\/www.hybriden.se\/#website"},"primaryImageOfPage":{"@id":"https:\/\/www.hybriden.se\/product\/home-made-comics-18\/#primaryimage"},"image":{"@id":"https:\/\/www.hybriden.se\/product\/home-made-comics-18\/#primaryimage"},"thumbnailUrl":"https:\/\/www.hybriden.se\/wp-content\/uploads\/2020\/05\/F_hmc18_791x1024.jpg","datePublished":"2020-05-15T01:05:14+00:00","dateModified":"2026-04-13T17:41:27+00:00","breadcrumb":{"@id":"https:\/\/www.hybriden.se\/product\/home-made-comics-18\/#breadcrumb"},"inLanguage":"en-US","potentialAction":[{"@type":"ReadAction","target":["https:\/\/www.hybriden.se\/product\/home-made-comics-18\/"]}]},{"@type":"ImageObject","inLanguage":"en-US","@id":"https:\/\/www.hybriden.se\/product\/home-made-comics-18\/#primaryimage","url":"https:\/\/www.hybriden.se\/wp-content\/uploads\/2020\/05\/F_hmc18_791x1024.jpg","contentUrl":"https:\/\/www.hybriden.se\/wp-content\/uploads\/2020\/05\/F_hmc18_791x1024.jpg","width":791,"height":1024},{"@type":"BreadcrumbList","@id":"https:\/\/www.hybriden.se\/product\/home-made-comics-18\/#breadcrumb","itemListElement":[{"@type":"ListItem","position":1,"name":"Hem","item":"https:\/\/www.hybriden.se\/"},{"@type":"ListItem","position":2,"name":"Shop","item":"https:\/\/www.hybriden.se\/en\/shop\/"},{"@type":"ListItem","position":3,"name":"Home Made Comics #18"}]},{"@type":"WebSite","@id":"https:\/\/www.hybriden.se\/#website","url":"https:\/\/www.hybriden.se\/","name":"HYBRIDEN - Comics, Prints and Exhibitions","description":"Comics, Prints and Exhibitions","publisher":{"@id":"https:\/\/www.hybriden.se\/#organization"},"potentialAction":[{"@type":"SearchAction","target":{"@type":"EntryPoint","urlTemplate":"https:\/\/www.hybriden.se\/?s={search_term_string}"},"query-input":{"@type":"PropertyValueSpecification","valueRequired":true,"valueName":"search_term_string"}}],"inLanguage":"en-US"},{"@type":"Organization","@id":"https:\/\/www.hybriden.se\/#organization","name":"HYBRIDEN","url":"https:\/\/www.hybriden.se\/","logo":{"@type":"ImageObject","inLanguage":"en-US","@id":"https:\/\/www.hybriden.se\/#\/schema\/logo\/image\/","url":"https:\/\/www.hybriden.se\/wp-content\/uploads\/2022\/12\/309882173_562567562537341_815360613267169378_n.jpg","contentUrl":"https:\/\/www.hybriden.se\/wp-content\/uploads\/2022\/12\/309882173_562567562537341_815360613267169378_n.jpg","width":800,"height":800,"caption":"HYBRIDEN"},"image":{"@id":"https:\/\/www.hybriden.se\/#\/schema\/logo\/image\/"}}]}},"_links":{"self":[{"href":"https:\/\/www.hybriden.se\/en\/wp-json\/wp\/v2\/product\/9252","targetHints":{"allow":["GET"]}}],"collection":[{"href":"https:\/\/www.hybriden.se\/en\/wp-json\/wp\/v2\/product"}],"about":[{"href":"https:\/\/www.hybriden.se\/en\/wp-json\/wp\/v2\/types\/product"}],"replies":[{"embeddable":true,"href":"https:\/\/www.hybriden.se\/en\/wp-json\/wp\/v2\/comments?post=9252"}],"wp:featuredmedia":[{"embeddable":true,"href":"https:\/\/www.hybriden.se\/en\/wp-json\/wp\/v2\/media\/9268"}],"wp:attachment":[{"href":"https:\/\/www.hybriden.se\/en\/wp-json\/wp\/v2\/media?parent=9252"}],"wp:term":[{"taxonomy":"product_brand","embeddable":true,"href":"https:\/\/www.hybriden.se\/en\/wp-json\/wp\/v2\/product_brand?post=9252"},{"taxonomy":"product_cat","embeddable":true,"href":"https:\/\/www.hybriden.se\/en\/wp-json\/wp\/v2\/product_cat?post=9252"},{"taxonomy":"product_tag","embeddable":true,"href":"https:\/\/www.hybriden.se\/en\/wp-json\/wp\/v2\/product_tag?post=9252"}],"curies":[{"name":"wp","href":"https:\/\/api.w.org\/{rel}","templated":true}]}}