{"id":971,"date":"2007-12-04T23:18:20","date_gmt":"2007-12-04T22:18:20","guid":{"rendered":"http:\/\/cestbonkultur.com\/?post_type=product&#038;p=971"},"modified":"2026-04-13T19:36:09","modified_gmt":"2026-04-13T17:36:09","slug":"cba-vol-4-9789197652841","status":"publish","type":"product","link":"https:\/\/www.hybriden.se\/en\/product\/cba-vol-4-9789197652841\/","title":{"rendered":"CBA vol 4"},"content":{"rendered":"<p>Always top quality art comics. Always refined (and complete) stories.<br \/>\nIn this issue: David Mack, Rutu Modan, Chiu Kwong Man, Jamil Mani, Amanda V\u00e4h\u00e4m\u00e4ki and more, including a text piece on Wimmen&#8217;s Comix by Trina Robbins. This comics anthology continues to push the boundaries of what can be done in the art form!<\/p>\n<p>Mattias Elftorp [SE]<br \/>\nAmanda V\u00e4h\u00e4m\u00e4ki [FI]<br \/>\nChiu Kwong Man [UK]<br \/>\nDavid Mack [US]<br \/>\nRutu Modan [IL]<br \/>\nAndrea Echorn [IT]<br \/>\nJamil Mani [SE]<br \/>\nCover: Junko Mizuno [JP]<br \/>\nInterior illustration: Susanne Johansson [SE]<br \/>\nText: Trina Robbins [US]<\/p>\n","protected":false},"excerpt":{"rendered":"<p>Always top quality art comics. Always refined (and complete) stories. In this issue: David Mack, Rutu Modan, Chiu Kwong Man, Jamil Mani, Amanda V\u00e4h\u00e4m\u00e4ki and more, including a text piece on Wimmen&#8217;s Comix by Trina Robbins. This comics anthology continues to push the boundaries of what can be done in the art form!<\/p>\n","protected":false},"featured_media":5379,"comment_status":"open","ping_status":"closed","template":"","meta":{"_acf_changed":false,"inline_featured_image":false},"product_brand":[],"product_cat":[428,429,422],"product_tag":[87,90,128,150,211,238,293,350,389,403],"class_list":{"0":"post-971","1":"product","2":"type-product","3":"status-publish","4":"has-post-thumbnail","6":"product_cat-anthologies","7":"product_cat-cba-vol","8":"product_cat-cbk","9":"product_tag-amanda-vahamaki-fi","10":"product_tag-andrea-echorn-it","11":"product_tag-chiu-kwong-man-uk","12":"product_tag-david-mack-us","13":"product_tag-jamil-mani-se","14":"product_tag-junko-mizuno-jp","15":"product_tag-mattias-elftorp-se","16":"product_tag-rutu-modan-il","17":"product_tag-susanne-johansson-se","18":"product_tag-trina-robbins-us","19":"product_shipping_class-books","20":"pa_001_isbn-753","21":"pa_005_language-english","22":"pa_007_comicartist-amanda-vahamaki","23":"pa_007_comicartist-andrea-echorn","24":"pa_007_comicartist-chiu-kwong-man","25":"pa_007_comicartist-david-mack","26":"pa_007_comicartist-jamil-mani","27":"pa_007_comicartist-mattias-elftorp","28":"pa_007_comicartist-rutu-modan","29":"pa_008_authors-trina-robbins","30":"pa_010_illustrators-susanne-johansson","31":"pa_011_coverartist-junko-mizuno","32":"pa_020_find-all-by-amanda-vahamaki","33":"pa_020_find-all-by-andrea-echorn","34":"pa_020_find-all-by-chiu-kwong-man","35":"pa_020_find-all-by-david-mack","36":"pa_020_find-all-by-jamil-mani","37":"pa_020_find-all-by-junko-mizuno","38":"pa_020_find-all-by-mattias-elftorp","39":"pa_020_find-all-by-rutu-modan","40":"pa_020_find-all-by-susanne-johansson","41":"pa_020_find-all-by-trina-robbins","43":"first","44":"outofstock","45":"shipping-taxable","46":"purchasable","47":"product-type-simple"},"translation":{"provider":"WPGlobus","version":"3.0.2","language":"en","enabled_languages":["sv","en"],"languages":{"sv":{"title":true,"content":true,"excerpt":true},"en":{"title":false,"content":false,"excerpt":false}}},"acf":[],"yoast_head":"<!-- This site is optimized with the Yoast SEO Premium plugin v23.4 (Yoast SEO v27.5) - https:\/\/yoast.com\/product\/yoast-seo-premium-wordpress\/ -->\n<title>CBA vol 4 - Hybriden<\/title>\n<meta name=\"robots\" content=\"index, follow, max-snippet:-1, max-image-preview:large, max-video-preview:-1\" \/>\n<link rel=\"canonical\" href=\"https:\/\/www.hybriden.se\/product\/cba-vol-4-9789197652841\/\" \/>\n<meta property=\"og:locale\" content=\"en_US\" \/>\n<meta property=\"og:type\" content=\"article\" \/>\n<meta property=\"og:title\" content=\"CBA vol 4 - Hybriden\" \/>\n<meta property=\"og:url\" content=\"https:\/\/www.hybriden.se\/product\/cba-vol-4-9789197652841\/\" \/>\n<meta property=\"og:site_name\" content=\"Hybriden\" \/>\n<meta property=\"article:modified_time\" content=\"2026-04-13T17:36:09+00:00\" \/>\n<meta property=\"og:image\" content=\"https:\/\/www.hybriden.se\/wp-content\/uploads\/2004\/11\/CBAvol4_791x1024.jpg\" \/>\n\t<meta property=\"og:image:width\" content=\"791\" \/>\n\t<meta property=\"og:image:height\" content=\"1024\" \/>\n\t<meta property=\"og:image:type\" content=\"image\/jpeg\" \/>\n<script type=\"application\/ld+json\" class=\"yoast-schema-graph\">{\"@context\":\"https:\\\/\\\/schema.org\",\"@graph\":[{\"@type\":\"WebPage\",\"@id\":\"https:\\\/\\\/www.hybriden.se\\\/product\\\/cba-vol-4-9789197652841\\\/\",\"url\":\"https:\\\/\\\/www.hybriden.se\\\/product\\\/cba-vol-4-9789197652841\\\/\",\"name\":\"CBA vol 4 - Hybriden\",\"isPartOf\":{\"@id\":\"https:\\\/\\\/www.hybriden.se\\\/#website\"},\"primaryImageOfPage\":{\"@id\":\"https:\\\/\\\/www.hybriden.se\\\/product\\\/cba-vol-4-9789197652841\\\/#primaryimage\"},\"image\":{\"@id\":\"https:\\\/\\\/www.hybriden.se\\\/product\\\/cba-vol-4-9789197652841\\\/#primaryimage\"},\"thumbnailUrl\":\"https:\\\/\\\/www.hybriden.se\\\/wp-content\\\/uploads\\\/2004\\\/11\\\/CBAvol4_791x1024.jpg\",\"datePublished\":\"2007-12-04T22:18:20+00:00\",\"dateModified\":\"2026-04-13T17:36:09+00:00\",\"breadcrumb\":{\"@id\":\"https:\\\/\\\/www.hybriden.se\\\/product\\\/cba-vol-4-9789197652841\\\/#breadcrumb\"},\"inLanguage\":\"en-US\",\"potentialAction\":[{\"@type\":\"ReadAction\",\"target\":[\"https:\\\/\\\/www.hybriden.se\\\/product\\\/cba-vol-4-9789197652841\\\/\"]}]},{\"@type\":\"ImageObject\",\"inLanguage\":\"en-US\",\"@id\":\"https:\\\/\\\/www.hybriden.se\\\/product\\\/cba-vol-4-9789197652841\\\/#primaryimage\",\"url\":\"https:\\\/\\\/www.hybriden.se\\\/wp-content\\\/uploads\\\/2004\\\/11\\\/CBAvol4_791x1024.jpg\",\"contentUrl\":\"https:\\\/\\\/www.hybriden.se\\\/wp-content\\\/uploads\\\/2004\\\/11\\\/CBAvol4_791x1024.jpg\",\"width\":791,\"height\":1024},{\"@type\":\"BreadcrumbList\",\"@id\":\"https:\\\/\\\/www.hybriden.se\\\/product\\\/cba-vol-4-9789197652841\\\/#breadcrumb\",\"itemListElement\":[{\"@type\":\"ListItem\",\"position\":1,\"name\":\"Hem\",\"item\":\"https:\\\/\\\/www.hybriden.se\\\/\"},{\"@type\":\"ListItem\",\"position\":2,\"name\":\"Shop\",\"item\":\"https:\\\/\\\/www.hybriden.se\\\/en\\\/shop\\\/\"},{\"@type\":\"ListItem\",\"position\":3,\"name\":\"CBA vol 4\"}]},{\"@type\":\"WebSite\",\"@id\":\"https:\\\/\\\/www.hybriden.se\\\/#website\",\"url\":\"https:\\\/\\\/www.hybriden.se\\\/\",\"name\":\"HYBRIDEN - Comics, Prints and Exhibitions\",\"description\":\"Comics, Prints and Exhibitions\",\"publisher\":{\"@id\":\"https:\\\/\\\/www.hybriden.se\\\/#organization\"},\"potentialAction\":[{\"@type\":\"SearchAction\",\"target\":{\"@type\":\"EntryPoint\",\"urlTemplate\":\"https:\\\/\\\/www.hybriden.se\\\/?s={search_term_string}\"},\"query-input\":{\"@type\":\"PropertyValueSpecification\",\"valueRequired\":true,\"valueName\":\"search_term_string\"}}],\"inLanguage\":\"en-US\"},{\"@type\":\"Organization\",\"@id\":\"https:\\\/\\\/www.hybriden.se\\\/#organization\",\"name\":\"HYBRIDEN\",\"url\":\"https:\\\/\\\/www.hybriden.se\\\/\",\"logo\":{\"@type\":\"ImageObject\",\"inLanguage\":\"en-US\",\"@id\":\"https:\\\/\\\/www.hybriden.se\\\/#\\\/schema\\\/logo\\\/image\\\/\",\"url\":\"https:\\\/\\\/www.hybriden.se\\\/wp-content\\\/uploads\\\/2022\\\/12\\\/309882173_562567562537341_815360613267169378_n.jpg\",\"contentUrl\":\"https:\\\/\\\/www.hybriden.se\\\/wp-content\\\/uploads\\\/2022\\\/12\\\/309882173_562567562537341_815360613267169378_n.jpg\",\"width\":800,\"height\":800,\"caption\":\"HYBRIDEN\"},\"image\":{\"@id\":\"https:\\\/\\\/www.hybriden.se\\\/#\\\/schema\\\/logo\\\/image\\\/\"}}]}<\/script>\n<!-- \/ Yoast SEO Premium plugin. -->","yoast_head_json":{"title":"CBA vol 4 - Hybriden","robots":{"index":"index","follow":"follow","max-snippet":"max-snippet:-1","max-image-preview":"max-image-preview:large","max-video-preview":"max-video-preview:-1"},"canonical":"https:\/\/www.hybriden.se\/product\/cba-vol-4-9789197652841\/","og_locale":"en_US","og_type":"article","og_title":"CBA vol 4 - Hybriden","og_url":"https:\/\/www.hybriden.se\/product\/cba-vol-4-9789197652841\/","og_site_name":"Hybriden","article_modified_time":"2026-04-13T17:36:09+00:00","og_image":[{"width":791,"height":1024,"url":"https:\/\/www.hybriden.se\/wp-content\/uploads\/2004\/11\/CBAvol4_791x1024.jpg","type":"image\/jpeg"}],"schema":{"@context":"https:\/\/schema.org","@graph":[{"@type":"WebPage","@id":"https:\/\/www.hybriden.se\/product\/cba-vol-4-9789197652841\/","url":"https:\/\/www.hybriden.se\/product\/cba-vol-4-9789197652841\/","name":"CBA vol 4 - Hybriden","isPartOf":{"@id":"https:\/\/www.hybriden.se\/#website"},"primaryImageOfPage":{"@id":"https:\/\/www.hybriden.se\/product\/cba-vol-4-9789197652841\/#primaryimage"},"image":{"@id":"https:\/\/www.hybriden.se\/product\/cba-vol-4-9789197652841\/#primaryimage"},"thumbnailUrl":"https:\/\/www.hybriden.se\/wp-content\/uploads\/2004\/11\/CBAvol4_791x1024.jpg","datePublished":"2007-12-04T22:18:20+00:00","dateModified":"2026-04-13T17:36:09+00:00","breadcrumb":{"@id":"https:\/\/www.hybriden.se\/product\/cba-vol-4-9789197652841\/#breadcrumb"},"inLanguage":"en-US","potentialAction":[{"@type":"ReadAction","target":["https:\/\/www.hybriden.se\/product\/cba-vol-4-9789197652841\/"]}]},{"@type":"ImageObject","inLanguage":"en-US","@id":"https:\/\/www.hybriden.se\/product\/cba-vol-4-9789197652841\/#primaryimage","url":"https:\/\/www.hybriden.se\/wp-content\/uploads\/2004\/11\/CBAvol4_791x1024.jpg","contentUrl":"https:\/\/www.hybriden.se\/wp-content\/uploads\/2004\/11\/CBAvol4_791x1024.jpg","width":791,"height":1024},{"@type":"BreadcrumbList","@id":"https:\/\/www.hybriden.se\/product\/cba-vol-4-9789197652841\/#breadcrumb","itemListElement":[{"@type":"ListItem","position":1,"name":"Hem","item":"https:\/\/www.hybriden.se\/"},{"@type":"ListItem","position":2,"name":"Shop","item":"https:\/\/www.hybriden.se\/en\/shop\/"},{"@type":"ListItem","position":3,"name":"CBA vol 4"}]},{"@type":"WebSite","@id":"https:\/\/www.hybriden.se\/#website","url":"https:\/\/www.hybriden.se\/","name":"HYBRIDEN - Comics, Prints and Exhibitions","description":"Comics, Prints and Exhibitions","publisher":{"@id":"https:\/\/www.hybriden.se\/#organization"},"potentialAction":[{"@type":"SearchAction","target":{"@type":"EntryPoint","urlTemplate":"https:\/\/www.hybriden.se\/?s={search_term_string}"},"query-input":{"@type":"PropertyValueSpecification","valueRequired":true,"valueName":"search_term_string"}}],"inLanguage":"en-US"},{"@type":"Organization","@id":"https:\/\/www.hybriden.se\/#organization","name":"HYBRIDEN","url":"https:\/\/www.hybriden.se\/","logo":{"@type":"ImageObject","inLanguage":"en-US","@id":"https:\/\/www.hybriden.se\/#\/schema\/logo\/image\/","url":"https:\/\/www.hybriden.se\/wp-content\/uploads\/2022\/12\/309882173_562567562537341_815360613267169378_n.jpg","contentUrl":"https:\/\/www.hybriden.se\/wp-content\/uploads\/2022\/12\/309882173_562567562537341_815360613267169378_n.jpg","width":800,"height":800,"caption":"HYBRIDEN"},"image":{"@id":"https:\/\/www.hybriden.se\/#\/schema\/logo\/image\/"}}]}},"_links":{"self":[{"href":"https:\/\/www.hybriden.se\/en\/wp-json\/wp\/v2\/product\/971","targetHints":{"allow":["GET"]}}],"collection":[{"href":"https:\/\/www.hybriden.se\/en\/wp-json\/wp\/v2\/product"}],"about":[{"href":"https:\/\/www.hybriden.se\/en\/wp-json\/wp\/v2\/types\/product"}],"replies":[{"embeddable":true,"href":"https:\/\/www.hybriden.se\/en\/wp-json\/wp\/v2\/comments?post=971"}],"wp:featuredmedia":[{"embeddable":true,"href":"https:\/\/www.hybriden.se\/en\/wp-json\/wp\/v2\/media\/5379"}],"wp:attachment":[{"href":"https:\/\/www.hybriden.se\/en\/wp-json\/wp\/v2\/media?parent=971"}],"wp:term":[{"taxonomy":"product_brand","embeddable":true,"href":"https:\/\/www.hybriden.se\/en\/wp-json\/wp\/v2\/product_brand?post=971"},{"taxonomy":"product_cat","embeddable":true,"href":"https:\/\/www.hybriden.se\/en\/wp-json\/wp\/v2\/product_cat?post=971"},{"taxonomy":"product_tag","embeddable":true,"href":"https:\/\/www.hybriden.se\/en\/wp-json\/wp\/v2\/product_tag?post=971"}],"curies":[{"name":"wp","href":"https:\/\/api.w.org\/{rel}","templated":true}]}}